{"id":116,"date":"2026-03-22T06:20:00","date_gmt":"2026-03-22T06:20:00","guid":{"rendered":"https:\/\/myphamphake.azdigi.shop\/index.php\/cart\/"},"modified":"2026-03-29T07:18:02","modified_gmt":"2026-03-29T07:18:02","slug":"cart","status":"publish","type":"page","link":"https:\/\/myphamphake.azdigi.shop\/index.php\/cart\/","title":{"rendered":"Cart"},"content":{"rendered":"\n<div data-block-name=\"woocommerce\/cart\" class=\"wp-block-woocommerce-cart alignwide is-loading\">\n<div data-block-name=\"woocommerce\/filled-cart-block\" class=\"wp-block-woocommerce-filled-cart-block\">\n<div data-block-name=\"woocommerce\/cart-items-block\" class=\"wp-block-woocommerce-cart-items-block\">\n<div data-block-name=\"woocommerce\/cart-line-items-block\" class=\"wp-block-woocommerce-cart-line-items-block\"><\/div>\n\n\n<\/div>\n\n\n\n\n<div data-block-name=\"woocommerce\/cart-totals-block\" class=\"wp-block-woocommerce-cart-totals-block\">\n<div data-block-name=\"woocommerce\/cart-order-summary-block\" class=\"wp-block-woocommerce-cart-order-summary-block\">\n<div data-block-name=\"woocommerce\/cart-order-summary-heading-block\" class=\"wp-block-woocommerce-cart-order-summary-heading-block\"><\/div><div data-block-name=\"woocommerce\/cart-order-summary-coupon-form-block\" class=\"wp-block-woocommerce-cart-order-summary-coupon-form-block\"><\/div><div data-block-name=\"woocommerce\/cart-order-summary-totals-block\" class=\"wp-block-woocommerce-cart-order-summary-totals-block\">\n<div data-block-name=\"woocommerce\/cart-order-summary-subtotal-block\" class=\"wp-block-woocommerce-cart-order-summary-subtotal-block\"><\/div>\n<div data-block-name=\"woocommerce\/cart-order-summary-discount-block\" class=\"wp-block-woocommerce-cart-order-summary-discount-block\"><\/div>\n<div data-block-name=\"woocommerce\/cart-order-summary-fee-block\" class=\"wp-block-woocommerce-cart-order-summary-fee-block\"><\/div>\n<div data-block-name=\"woocommerce\/cart-order-summary-shipping-block\" class=\"wp-block-woocommerce-cart-order-summary-shipping-block\"><\/div>\n<div data-block-name=\"woocommerce\/cart-order-summary-taxes-block\" class=\"wp-block-woocommerce-cart-order-summary-taxes-block\"><\/div><\/div>\n<\/div>\n\n\n\n<div data-block-name=\"woocommerce\/cart-express-payment-block\" class=\"wp-block-woocommerce-cart-express-payment-block\"><\/div>\n\n\n\n<div data-block-name=\"woocommerce\/proceed-to-checkout-block\" class=\"wp-block-woocommerce-proceed-to-checkout-block\"><\/div>\n\n\n\n<div data-block-name=\"woocommerce\/cart-accepted-payment-methods-block\" class=\"wp-block-woocommerce-cart-accepted-payment-methods-block\"><\/div>\n<\/div>\n<\/div>\n\n\n\n<div data-block-name=\"woocommerce\/empty-cart-block\" class=\"wp-block-woocommerce-empty-cart-block\">\n<h2 class=\"wp-block-heading has-text-align-center with-empty-cart-icon wc-block-cart__empty-cart__title\">Your cart is currently empty!<\/h2>\n\n\n\n<hr class=\"wp-block-separator has-alpha-channel-opacity is-style-dots\"\/>\n\n\n\n<h2 class=\"wp-block-heading has-text-align-center\">New in store<\/h2>\n\n\n<div data-block-name=\"woocommerce\/product-new\" data-columns=\"4\" data-rows=\"1\" class=\"wc-block-grid wp-block-product-new wp-block-woocommerce-product-new wc-block-product-new has-4-columns\"><ul class=\"wc-block-grid__products\"><li class=\"wc-block-grid__product\">\n\t\t\t\t<a href=\"https:\/\/myphamphake.azdigi.shop\/index.php\/product\/bang-phan-mat-colorkey-7-o-mau-da-nang-embrace-nature-seven-shade-makeup-palette\/\" class=\"wc-block-grid__product-link\">\n\t\t\t\t\t<div class=\"wc-block-grid__product-onsale\">\n\t\t\t<span aria-hidden=\"true\">Khuy\u1ebfn m\u1ea1i<\/span>\n\t\t\t<span class=\"screen-reader-text\">S\u1ea3n ph\u1ea9m \u0111ang gi\u1ea3m gi\u00e1<\/span>\n\t\t<\/div>\n\t\t\t\t\t<div class=\"wc-block-grid__product-image\"><img fetchpriority=\"high\" decoding=\"async\" width=\"300\" height=\"300\" src=\"https:\/\/myphamphake.azdigi.shop\/wp-content\/uploads\/2026\/04\/colobangmat-300x300.jpg\" class=\"attachment-woocommerce_thumbnail size-woocommerce_thumbnail\" alt=\"B\u1ea3ng Ph\u1ea5n M\u1eaft Colorkey 7 \u00d4 M\u00e0u \u0110a N\u0103ng Embrace Nature Seven-Shade Makeup Palette\" srcset=\"https:\/\/myphamphake.azdigi.shop\/wp-content\/uploads\/2026\/04\/colobangmat-300x300.jpg 300w, https:\/\/myphamphake.azdigi.shop\/wp-content\/uploads\/2026\/04\/colobangmat-150x150.jpg 150w, https:\/\/myphamphake.azdigi.shop\/wp-content\/uploads\/2026\/04\/colobangmat-768x768.jpg 768w, https:\/\/myphamphake.azdigi.shop\/wp-content\/uploads\/2026\/04\/colobangmat-600x600.jpg 600w, https:\/\/myphamphake.azdigi.shop\/wp-content\/uploads\/2026\/04\/colobangmat-100x100.jpg 100w, https:\/\/myphamphake.azdigi.shop\/wp-content\/uploads\/2026\/04\/colobangmat-50x50.jpg 50w, https:\/\/myphamphake.azdigi.shop\/wp-content\/uploads\/2026\/04\/colobangmat.jpg 800w\" sizes=\"(max-width: 300px) 100vw, 300px\" \/><\/div>\n\t\t\t\t\t<div class=\"wc-block-grid__product-title\">B\u1ea3ng Ph\u1ea5n M\u1eaft Colorkey 7 \u00d4 M\u00e0u \u0110a N\u0103ng Embrace Nature Seven-Shade Makeup Palette<\/div>\n\t\t\t\t<\/a>\n\t\t\t\t<div class=\"wc-block-grid__product-price price\"><span class=\"woocommerce-Price-amount amount\">279.000&nbsp;<span class=\"woocommerce-Price-currencySymbol\">&#8363;<\/span><\/span><\/div>\n\t\t\t\t\n\t\t\t\t<div class=\"wp-block-button wc-block-grid__product-add-to-cart\"><a href=\"https:\/\/myphamphake.azdigi.shop\/index.php\/product\/bang-phan-mat-colorkey-7-o-mau-da-nang-embrace-nature-seven-shade-makeup-palette\/\" aria-label=\"L\u1ef1a ch\u1ecdn cho &ldquo;B\u1ea3ng Ph\u1ea5n M\u1eaft Colorkey 7 \u00d4 M\u00e0u \u0110a N\u0103ng Embrace Nature Seven-Shade Makeup Palette&rdquo;\" data-quantity=\"1\" data-product_id=\"873\" data-product_sku=\"\" data-price=\"279000\" rel=\"nofollow\" class=\"wp-block-button__link  add_to_cart_button\">Ch\u1ecdn<\/a><\/div>\n\t\t\t<\/li><li class=\"wc-block-grid__product\">\n\t\t\t\t<a href=\"https:\/\/myphamphake.azdigi.shop\/index.php\/product\/new-son-kem-li-colorkey-sieu-min-moi-soft-matte-water-tint-2-5g\/\" class=\"wc-block-grid__product-link\">\n\t\t\t\t\t<div class=\"wc-block-grid__product-onsale\">\n\t\t\t<span aria-hidden=\"true\">Khuy\u1ebfn m\u1ea1i<\/span>\n\t\t\t<span class=\"screen-reader-text\">S\u1ea3n ph\u1ea9m \u0111ang gi\u1ea3m gi\u00e1<\/span>\n\t\t<\/div>\n\t\t\t\t\t<div class=\"wc-block-grid__product-image\"><img decoding=\"async\" width=\"300\" height=\"300\" src=\"https:\/\/myphamphake.azdigi.shop\/wp-content\/uploads\/2026\/04\/colosonli-300x300.jpg\" class=\"attachment-woocommerce_thumbnail size-woocommerce_thumbnail\" alt=\"[New] Son Kem L\u00ec Colorkey Si\u00eau M\u1ecbn M\u00f4i Soft Matte Water Tint 2.5g\" srcset=\"https:\/\/myphamphake.azdigi.shop\/wp-content\/uploads\/2026\/04\/colosonli-300x300.jpg 300w, https:\/\/myphamphake.azdigi.shop\/wp-content\/uploads\/2026\/04\/colosonli-150x150.jpg 150w, https:\/\/myphamphake.azdigi.shop\/wp-content\/uploads\/2026\/04\/colosonli-768x768.jpg 768w, https:\/\/myphamphake.azdigi.shop\/wp-content\/uploads\/2026\/04\/colosonli-600x600.jpg 600w, https:\/\/myphamphake.azdigi.shop\/wp-content\/uploads\/2026\/04\/colosonli-100x100.jpg 100w, https:\/\/myphamphake.azdigi.shop\/wp-content\/uploads\/2026\/04\/colosonli-50x50.jpg 50w, https:\/\/myphamphake.azdigi.shop\/wp-content\/uploads\/2026\/04\/colosonli.jpg 800w\" sizes=\"(max-width: 300px) 100vw, 300px\" \/><\/div>\n\t\t\t\t\t<div class=\"wc-block-grid__product-title\">[New] Son Kem L\u00ec Colorkey Si\u00eau M\u1ecbn M\u00f4i Soft Matte Water Tint 2.5g<\/div>\n\t\t\t\t<\/a>\n\t\t\t\t<div class=\"wc-block-grid__product-price price\"><span class=\"woocommerce-Price-amount amount\" aria-hidden=\"true\">99.000&nbsp;<span class=\"woocommerce-Price-currencySymbol\">&#8363;<\/span><\/span> <span aria-hidden=\"true\">&ndash;<\/span> <span class=\"woocommerce-Price-amount amount\" aria-hidden=\"true\">155.000&nbsp;<span class=\"woocommerce-Price-currencySymbol\">&#8363;<\/span><\/span><span class=\"screen-reader-text\">Kho\u1ea3ng gi\u00e1: t\u1eeb 99.000&nbsp;&#8363; \u0111\u1ebfn 155.000&nbsp;&#8363;<\/span><\/div>\n\t\t\t\t\n\t\t\t\t<div class=\"wp-block-button wc-block-grid__product-add-to-cart\"><a href=\"https:\/\/myphamphake.azdigi.shop\/index.php\/product\/new-son-kem-li-colorkey-sieu-min-moi-soft-matte-water-tint-2-5g\/\" aria-label=\"L\u1ef1a ch\u1ecdn cho &ldquo;[New] Son Kem L\u00ec Colorkey Si\u00eau M\u1ecbn M\u00f4i Soft Matte Water Tint 2.5g&rdquo;\" data-quantity=\"1\" data-product_id=\"841\" data-product_sku=\"\" data-price=\"99000\" rel=\"nofollow\" class=\"wp-block-button__link  add_to_cart_button\">Ch\u1ecdn<\/a><\/div>\n\t\t\t<\/li><li class=\"wc-block-grid__product\">\n\t\t\t\t<a href=\"https:\/\/myphamphake.azdigi.shop\/index.php\/product\/phan-phu-dang-nen-colorkey-lau-troi-kiem-dau-long-lasting-oil-control-airy-powder-12g\/\" class=\"wc-block-grid__product-link\">\n\t\t\t\t\t<div class=\"wc-block-grid__product-onsale\">\n\t\t\t<span aria-hidden=\"true\">Khuy\u1ebfn m\u1ea1i<\/span>\n\t\t\t<span class=\"screen-reader-text\">S\u1ea3n ph\u1ea9m \u0111ang gi\u1ea3m gi\u00e1<\/span>\n\t\t<\/div>\n\t\t\t\t\t<div class=\"wc-block-grid__product-image\"><img decoding=\"async\" width=\"300\" height=\"300\" src=\"https:\/\/myphamphake.azdigi.shop\/wp-content\/uploads\/2026\/04\/phanphucolo-300x300.jpg\" class=\"attachment-woocommerce_thumbnail size-woocommerce_thumbnail\" alt=\"Ph\u1ea5n Ph\u1ee7 D\u1ea1ng N\u00e9n Colorkey L\u00e2u Tr\u00f4i, Ki\u1ec1m D\u1ea7u Long Lasting Oil-Control Airy Powder 12g\" srcset=\"https:\/\/myphamphake.azdigi.shop\/wp-content\/uploads\/2026\/04\/phanphucolo-300x300.jpg 300w, https:\/\/myphamphake.azdigi.shop\/wp-content\/uploads\/2026\/04\/phanphucolo-150x150.jpg 150w, https:\/\/myphamphake.azdigi.shop\/wp-content\/uploads\/2026\/04\/phanphucolo-768x768.jpg 768w, https:\/\/myphamphake.azdigi.shop\/wp-content\/uploads\/2026\/04\/phanphucolo-600x600.jpg 600w, https:\/\/myphamphake.azdigi.shop\/wp-content\/uploads\/2026\/04\/phanphucolo-100x100.jpg 100w, https:\/\/myphamphake.azdigi.shop\/wp-content\/uploads\/2026\/04\/phanphucolo-50x50.jpg 50w, https:\/\/myphamphake.azdigi.shop\/wp-content\/uploads\/2026\/04\/phanphucolo.jpg 800w\" sizes=\"(max-width: 300px) 100vw, 300px\" \/><\/div>\n\t\t\t\t\t<div class=\"wc-block-grid__product-title\">Ph\u1ea5n Ph\u1ee7 D\u1ea1ng N\u00e9n Colorkey L\u00e2u Tr\u00f4i, Ki\u1ec1m D\u1ea7u Long Lasting Oil-Control Airy Powder 12g<\/div>\n\t\t\t\t<\/a>\n\t\t\t\t<div class=\"wc-block-grid__product-price price\"><del aria-hidden=\"true\"><span class=\"woocommerce-Price-amount amount\">369.000&nbsp;<span class=\"woocommerce-Price-currencySymbol\">&#8363;<\/span><\/span><\/del> <span class=\"screen-reader-text\">Gi\u00e1 g\u1ed1c l\u00e0: 369.000&nbsp;&#8363;.<\/span><ins aria-hidden=\"true\"><span class=\"woocommerce-Price-amount amount\">259.000&nbsp;<span class=\"woocommerce-Price-currencySymbol\">&#8363;<\/span><\/span><\/ins><span class=\"screen-reader-text\">Gi\u00e1 hi\u1ec7n t\u1ea1i l\u00e0: 259.000&nbsp;&#8363;.<\/span><\/div>\n\t\t\t\t\n\t\t\t\t<div class=\"wp-block-button wc-block-grid__product-add-to-cart\"><a href=\"\/index.php\/wp-json\/wp\/v2\/pages\/116?add-to-cart=838\" aria-label=\"Th\u00eam v\u00e0o gi\u1ecf h\u00e0ng: &ldquo;Ph\u1ea5n Ph\u1ee7 D\u1ea1ng N\u00e9n Colorkey L\u00e2u Tr\u00f4i, Ki\u1ec1m D\u1ea7u Long Lasting Oil-Control Airy Powder 12g&rdquo;\" data-quantity=\"1\" data-product_id=\"838\" data-product_sku=\"\" data-price=\"259000\" rel=\"nofollow\" class=\"wp-block-button__link  add_to_cart_button ajax_add_to_cart\">Th\u00eam v\u00e0o gi\u1ecf h\u00e0ng<\/a><\/div>\n\t\t\t<\/li><li class=\"wc-block-grid__product\">\n\t\t\t\t<a href=\"https:\/\/myphamphake.azdigi.shop\/index.php\/product\/son-tint-guong-bong-colorkey-ben-mau-cang-bong-airy-lip-mirror-series-2-5g\/\" class=\"wc-block-grid__product-link\">\n\t\t\t\t\t<div class=\"wc-block-grid__product-onsale\">\n\t\t\t<span aria-hidden=\"true\">Khuy\u1ebfn m\u1ea1i<\/span>\n\t\t\t<span class=\"screen-reader-text\">S\u1ea3n ph\u1ea9m \u0111ang gi\u1ea3m gi\u00e1<\/span>\n\t\t<\/div>\n\t\t\t\t\t<div class=\"wc-block-grid__product-image\"><img loading=\"lazy\" decoding=\"async\" width=\"300\" height=\"300\" src=\"https:\/\/myphamphake.azdigi.shop\/wp-content\/uploads\/2026\/04\/colorkey_78ec67e8ef2d4ddebde815145977f9e3_1024x1024-300x300.jpg\" class=\"attachment-woocommerce_thumbnail size-woocommerce_thumbnail\" alt=\"Son Tint G\u01b0\u01a1ng B\u00f3ng Colorkey B\u1ec1n M\u00e0u, C\u0103ng B\u00f3ng Airy Lip Mirror Series 2.5g\" srcset=\"https:\/\/myphamphake.azdigi.shop\/wp-content\/uploads\/2026\/04\/colorkey_78ec67e8ef2d4ddebde815145977f9e3_1024x1024-300x300.jpg 300w, https:\/\/myphamphake.azdigi.shop\/wp-content\/uploads\/2026\/04\/colorkey_78ec67e8ef2d4ddebde815145977f9e3_1024x1024-150x150.jpg 150w, https:\/\/myphamphake.azdigi.shop\/wp-content\/uploads\/2026\/04\/colorkey_78ec67e8ef2d4ddebde815145977f9e3_1024x1024-768x768.jpg 768w, https:\/\/myphamphake.azdigi.shop\/wp-content\/uploads\/2026\/04\/colorkey_78ec67e8ef2d4ddebde815145977f9e3_1024x1024-600x600.jpg 600w, https:\/\/myphamphake.azdigi.shop\/wp-content\/uploads\/2026\/04\/colorkey_78ec67e8ef2d4ddebde815145977f9e3_1024x1024-100x100.jpg 100w, https:\/\/myphamphake.azdigi.shop\/wp-content\/uploads\/2026\/04\/colorkey_78ec67e8ef2d4ddebde815145977f9e3_1024x1024-50x50.jpg 50w, https:\/\/myphamphake.azdigi.shop\/wp-content\/uploads\/2026\/04\/colorkey_78ec67e8ef2d4ddebde815145977f9e3_1024x1024.jpg 800w\" sizes=\"(max-width: 300px) 100vw, 300px\" \/><\/div>\n\t\t\t\t\t<div class=\"wc-block-grid__product-title\">Son Tint G\u01b0\u01a1ng B\u00f3ng Colorkey B\u1ec1n M\u00e0u, C\u0103ng B\u00f3ng Airy Lip Mirror Series 2.5g<\/div>\n\t\t\t\t<\/a>\n\t\t\t\t<div class=\"wc-block-grid__product-price price\"><del aria-hidden=\"true\"><span class=\"woocommerce-Price-amount amount\">194.000&nbsp;<span class=\"woocommerce-Price-currencySymbol\">&#8363;<\/span><\/span><\/del> <span class=\"screen-reader-text\">Gi\u00e1 g\u1ed1c l\u00e0: 194.000&nbsp;&#8363;.<\/span><ins aria-hidden=\"true\"><span class=\"woocommerce-Price-amount amount\">139.000&nbsp;<span class=\"woocommerce-Price-currencySymbol\">&#8363;<\/span><\/span><\/ins><span class=\"screen-reader-text\">Gi\u00e1 hi\u1ec7n t\u1ea1i l\u00e0: 139.000&nbsp;&#8363;.<\/span><\/div>\n\t\t\t\t\n\t\t\t\t<div class=\"wp-block-button wc-block-grid__product-add-to-cart\"><a href=\"https:\/\/myphamphake.azdigi.shop\/index.php\/product\/son-tint-guong-bong-colorkey-ben-mau-cang-bong-airy-lip-mirror-series-2-5g\/\" aria-label=\"L\u1ef1a ch\u1ecdn cho &ldquo;Son Tint G\u01b0\u01a1ng B\u00f3ng Colorkey B\u1ec1n M\u00e0u, C\u0103ng B\u00f3ng Airy Lip Mirror Series 2.5g&rdquo;\" data-quantity=\"1\" data-product_id=\"820\" data-product_sku=\"\" data-price=\"139000\" rel=\"nofollow\" class=\"wp-block-button__link  add_to_cart_button\">Ch\u1ecdn<\/a><\/div>\n\t\t\t<\/li><\/ul><\/div><\/div>\n<\/div>\n","protected":false},"excerpt":{"rendered":"","protected":false},"author":1,"featured_media":0,"parent":0,"menu_order":0,"comment_status":"closed","ping_status":"closed","template":"","meta":{"footnotes":""},"class_list":["post-116","page","type-page","status-publish","hentry"],"yoast_head":"<!-- This site is optimized with the Yoast SEO plugin v27.1.1 - https:\/\/yoast.com\/product\/yoast-seo-wordpress\/ -->\n<title>Cart - myphamphake<\/title>\n<meta name=\"robots\" content=\"index, follow, max-snippet:-1, max-image-preview:large, max-video-preview:-1\" \/>\n<link rel=\"canonical\" href=\"https:\/\/myphamphake.azdigi.shop\/index.php\/cart\/\" \/>\n<meta property=\"og:locale\" content=\"vi_VN\" \/>\n<meta property=\"og:type\" content=\"article\" \/>\n<meta property=\"og:title\" content=\"Cart - myphamphake\" \/>\n<meta property=\"og:url\" content=\"https:\/\/myphamphake.azdigi.shop\/index.php\/cart\/\" \/>\n<meta property=\"og:site_name\" content=\"myphamphake\" \/>\n<meta property=\"article:modified_time\" content=\"2026-03-29T07:18:02+00:00\" \/>\n<meta name=\"twitter:card\" content=\"summary_large_image\" \/>\n<script type=\"application\/ld+json\" class=\"yoast-schema-graph\">{\"@context\":\"https:\/\/schema.org\",\"@graph\":[{\"@type\":\"WebPage\",\"@id\":\"https:\/\/myphamphake.azdigi.shop\/index.php\/cart\/\",\"url\":\"https:\/\/myphamphake.azdigi.shop\/index.php\/cart\/\",\"name\":\"Cart - myphamphake\",\"isPartOf\":{\"@id\":\"https:\/\/myphamphake.azdigi.shop\/#website\"},\"datePublished\":\"2026-03-22T06:20:00+00:00\",\"dateModified\":\"2026-03-29T07:18:02+00:00\",\"breadcrumb\":{\"@id\":\"https:\/\/myphamphake.azdigi.shop\/index.php\/cart\/#breadcrumb\"},\"inLanguage\":\"vi\",\"potentialAction\":[{\"@type\":\"ReadAction\",\"target\":[\"https:\/\/myphamphake.azdigi.shop\/index.php\/cart\/\"]}]},{\"@type\":\"BreadcrumbList\",\"@id\":\"https:\/\/myphamphake.azdigi.shop\/index.php\/cart\/#breadcrumb\",\"itemListElement\":[{\"@type\":\"ListItem\",\"position\":1,\"name\":\"Home\",\"item\":\"https:\/\/myphamphake.azdigi.shop\/\"},{\"@type\":\"ListItem\",\"position\":2,\"name\":\"Cart\"}]},{\"@type\":\"WebSite\",\"@id\":\"https:\/\/myphamphake.azdigi.shop\/#website\",\"url\":\"https:\/\/myphamphake.azdigi.shop\/\",\"name\":\"myphamphake\",\"description\":\"\",\"potentialAction\":[{\"@type\":\"SearchAction\",\"target\":{\"@type\":\"EntryPoint\",\"urlTemplate\":\"https:\/\/myphamphake.azdigi.shop\/?s={search_term_string}\"},\"query-input\":{\"@type\":\"PropertyValueSpecification\",\"valueRequired\":true,\"valueName\":\"search_term_string\"}}],\"inLanguage\":\"vi\"}]}<\/script>\n<!-- \/ Yoast SEO plugin. -->","yoast_head_json":{"title":"Cart - myphamphake","robots":{"index":"index","follow":"follow","max-snippet":"max-snippet:-1","max-image-preview":"max-image-preview:large","max-video-preview":"max-video-preview:-1"},"canonical":"https:\/\/myphamphake.azdigi.shop\/index.php\/cart\/","og_locale":"vi_VN","og_type":"article","og_title":"Cart - myphamphake","og_url":"https:\/\/myphamphake.azdigi.shop\/index.php\/cart\/","og_site_name":"myphamphake","article_modified_time":"2026-03-29T07:18:02+00:00","twitter_card":"summary_large_image","schema":{"@context":"https:\/\/schema.org","@graph":[{"@type":"WebPage","@id":"https:\/\/myphamphake.azdigi.shop\/index.php\/cart\/","url":"https:\/\/myphamphake.azdigi.shop\/index.php\/cart\/","name":"Cart - myphamphake","isPartOf":{"@id":"https:\/\/myphamphake.azdigi.shop\/#website"},"datePublished":"2026-03-22T06:20:00+00:00","dateModified":"2026-03-29T07:18:02+00:00","breadcrumb":{"@id":"https:\/\/myphamphake.azdigi.shop\/index.php\/cart\/#breadcrumb"},"inLanguage":"vi","potentialAction":[{"@type":"ReadAction","target":["https:\/\/myphamphake.azdigi.shop\/index.php\/cart\/"]}]},{"@type":"BreadcrumbList","@id":"https:\/\/myphamphake.azdigi.shop\/index.php\/cart\/#breadcrumb","itemListElement":[{"@type":"ListItem","position":1,"name":"Home","item":"https:\/\/myphamphake.azdigi.shop\/"},{"@type":"ListItem","position":2,"name":"Cart"}]},{"@type":"WebSite","@id":"https:\/\/myphamphake.azdigi.shop\/#website","url":"https:\/\/myphamphake.azdigi.shop\/","name":"myphamphake","description":"","potentialAction":[{"@type":"SearchAction","target":{"@type":"EntryPoint","urlTemplate":"https:\/\/myphamphake.azdigi.shop\/?s={search_term_string}"},"query-input":{"@type":"PropertyValueSpecification","valueRequired":true,"valueName":"search_term_string"}}],"inLanguage":"vi"}]}},"_links":{"self":[{"href":"https:\/\/myphamphake.azdigi.shop\/index.php\/wp-json\/wp\/v2\/pages\/116","targetHints":{"allow":["GET"]}}],"collection":[{"href":"https:\/\/myphamphake.azdigi.shop\/index.php\/wp-json\/wp\/v2\/pages"}],"about":[{"href":"https:\/\/myphamphake.azdigi.shop\/index.php\/wp-json\/wp\/v2\/types\/page"}],"author":[{"embeddable":true,"href":"https:\/\/myphamphake.azdigi.shop\/index.php\/wp-json\/wp\/v2\/users\/1"}],"replies":[{"embeddable":true,"href":"https:\/\/myphamphake.azdigi.shop\/index.php\/wp-json\/wp\/v2\/comments?post=116"}],"version-history":[{"count":1,"href":"https:\/\/myphamphake.azdigi.shop\/index.php\/wp-json\/wp\/v2\/pages\/116\/revisions"}],"predecessor-version":[{"id":189,"href":"https:\/\/myphamphake.azdigi.shop\/index.php\/wp-json\/wp\/v2\/pages\/116\/revisions\/189"}],"wp:attachment":[{"href":"https:\/\/myphamphake.azdigi.shop\/index.php\/wp-json\/wp\/v2\/media?parent=116"}],"curies":[{"name":"wp","href":"https:\/\/api.w.org\/{rel}","templated":true}]}}