{"id":235,"date":"2026-04-01T13:32:43","date_gmt":"2026-04-01T13:32:43","guid":{"rendered":"https:\/\/myphamphake.azdigi.shop\/?post_type=product&#038;p=235"},"modified":"2026-04-01T14:39:35","modified_gmt":"2026-04-01T14:39:35","slug":"sua-rua-mat-cerave-ho-tro-giam-mun-blemish-control-cleanser","status":"publish","type":"product","link":"https:\/\/myphamphake.azdigi.shop\/index.php\/product\/sua-rua-mat-cerave-ho-tro-giam-mun-blemish-control-cleanser\/","title":{"rendered":"S\u1eefa R\u1eeda M\u1eb7t Cerave H\u1ed7 Tr\u1ee3 Gi\u1ea3m M\u1ee5n Blemish Control Cleanser"},"content":{"rendered":"<div class=\"product-section-title\">\n<h2>Chi ti\u1ebft s\u1ea3n ph\u1ea9m<\/h2>\n<\/div>\n<div class=\"page-product-description-detail-wrap expanded\">\n<div class=\"page-product-description-detail\">\n<ul>\n<li><strong>T\u00ean s\u1ea3n ph\u1ea9m:<\/strong>\u00a0S\u1eefa R\u1eeda M\u1eb7t H\u1ed7 Tr\u1ee3 Gi\u1ea3m M\u1ee5n Cerave Blemish Control Cleanser<\/li>\n<li><strong>Dung t\u00edch:<\/strong>\u00a088ml, 236ml, 473ml<\/li>\n<li><strong>Th\u01b0\u01a1ng hi\u1ec7u:<\/strong>\u00a0CeraVe (M\u1ef9)<\/li>\n<\/ul>\n<p>CeraVe l\u00e0 th\u01b0\u01a1ng hi\u1ec7u d\u01b0\u1ee3c m\u1ef9 ph\u1ea9m \u0111\u1ebfn t\u1eeb M\u1ef9, tr\u1ef1c thu\u1ed9c t\u1eadp \u0111o\u00e0n L&#8217;Or\u00e9al, \u0111\u01b0\u1ee3c s\u1ea3n xu\u1ea5t t\u1ea1i nhi\u1ec1u nh\u00e0 m\u00e1y nh\u01b0 Trung Qu\u1ed1c, M\u1ef9, Ph\u00e1p&#8230; D\u00f9 \u0111\u01b0\u1ee3c s\u1ea3n xu\u1ea5t \u1edf \u0111\u00e2u, t\u1ea5t c\u1ea3 s\u1ea3n ph\u1ea9m c\u1ee7a CeraVe \u0111\u1ec1u tu\u00e2n th\u1ee7 theo quy tr\u00ecnh ki\u1ec3m so\u00e1t ch\u1ea5t l\u01b0\u1ee3ng nghi\u00eam ng\u1eb7t v\u00e0 \u0111\u1ea3m b\u1ea3o \u0111\u1ed9 an to\u00e0n v\u00e0 hi\u1ec7u qu\u1ea3 \u0111\u1ed3ng \u0111\u1ec1u c\u1ee7a L&#8217;Or\u00e9al. C\u00e1c s\u1ea3n ph\u1ea9m ch\u00ednh h\u00e3ng \u0111\u1ec1u c\u00f3 tem nh\u00e3n ti\u1ebfng Vi\u1ec7t ph\u00eda sau v\u00e0 nh\u1eadp kh\u1ea9u tr\u1ef1c ti\u1ebfp t\u1eeb c\u00f4ng ty TNHH L\u2019Or\u00e9al Vi\u1ec7t Nam.<\/p>\n<ul>\n<li><strong>N\u01a1i s\u1ea3n xu\u1ea5t:<\/strong>\u00a0Trung Qu\u1ed1c<\/li>\n<li><strong>H\u1ea1n s\u1eed d\u1ee5ng:<\/strong>\u00a03 n\u0103m k\u1ec3 t\u1eeb ng\u00e0y s\u1ea3n xu\u1ea5t\/NSX xem tr\u00ean bao b\u00ec s\u1ea3n ph\u1ea9m<\/li>\n<\/ul>\n<h2><strong>1. Th\u00f4ng tin s\u1ea3n ph\u1ea9m<\/strong><\/h2>\n<p><strong>S\u1eefa R\u1eeda M\u1eb7t H\u1ed7 Tr\u1ee3 Gi\u1ea3m M\u1ee5n Cerave Blemish Control Cleanser<\/strong>\u00a0l\u00e0\u00a0<strong>s\u1eefa r\u1eeda m\u1eb7t<\/strong><strong>\u00a0<\/strong>thu\u1ed9c th\u01b0\u01a1ng\u00a0<strong>CeraVe.\u00a0<\/strong>S\u1eeda r\u1eeda m\u1eb7t d\u1ea1ng gel t\u1ea1o b\u1ecdt v\u1edbi\u00a02% axit salicylic, \u0111\u1ea5t s\u00e9t tinh khi\u1ebft, Niacinamide c\u00f9ng 3 ceramide thi\u1ebft y\u1ebfu gi\u00fap l\u00e0m s\u1ea1ch d\u1ecbu nh\u1eb9, lo\u1ea1i b\u1ecf b\u00e3 nh\u1eddn, d\u1ea7u th\u1eeba tr\u00ean da, gi\u00fap th\u00f4ng tho\u00e1ng l\u1ed7 ch\u00e2n l\u00f4ng, h\u1ed7 tr\u1ee3 gi\u1ea3m m\u1ee5n m\u00e0 kh\u00f4ng l\u00e0m t\u1ed5n th\u01b0\u01a1ng h\u00e0ng r\u00e0o b\u1ea3o v\u1ec7 da.<\/p>\n<p><img decoding=\"async\" src=\"https:\/\/file.hstatic.net\/1000006063\/file\/h1_72087d2dd47a42619399fdd4000aee36.jpg\" alt=\"S\u1eefa R\u1eeda M\u1eb7t Cerave H\u1ed7 Tr\u1ee3 Gi\u1ea3m M\u1ee5n Blemish Control Cleanser\" \/><\/p>\n<p><strong>2. \u01afu th\u1ebf n\u1ed5i b\u1eadt c\u1ee7a \u00a0S\u1eefa R\u1eeda M\u1eb7t H\u1ed7 Tr\u1ee3 Gi\u1ea3m M\u1ee5n Cerave Blemish Control Cleanser<\/strong><\/p>\n<p><strong>S\u1eefa R\u1eeda M\u1eb7t H\u1ed7 Tr\u1ee3 Gi\u1ea3m M\u1ee5n Cerave Blemish Control Cleanser\u00a0<\/strong>hi\u1ec7n<strong>\u00a0<\/strong>\u0111\u00e3 c\u00f3 m\u1eb7t t\u1ea1i <strong><a href=\"https:\/\/myphamphake.azdigi.shop\/\">MyPhamPhake<\/a>\u00a0v\u1edbi nh\u1eefng \u0111\u1eb7c tr\u01b0ng n\u1ed5i b\u1eadt sau:<\/strong><\/p>\n<ul>\n<li>3 Ceramides thi\u1ebft y\u1ebfu gi\u00fap c\u00e2n b\u1eb1ng \u0111\u1ed9 \u1ea9m, h\u1ed7 tr\u1ee3 ph\u1ee5c h\u1ed3i v\u00e0 duy tr\u00ec h\u00e0ng r\u00e0o b\u1ea3o v\u1ec7 da<\/li>\n<\/ul>\n<ul>\n<li>2% Salicylic Acid gi\u00fap t\u1ea9y t\u1ebf b\u00e0o ch\u1ebft, th\u00f4ng tho\u00e1ng l\u1ed7 ch\u00e2n l\u00f4ng, h\u1ed7 tr\u1ee3 gi\u1ea3m m\u1ee5n v\u00e0 th\u00fac \u0111\u1ea9y t\u00e1i t\u1ea1o t\u1ebf b\u00e0o<\/li>\n<li>\u0110\u1ea5t s\u00e9t tinh khi\u1ebft gi\u00fap l\u00e0m s\u1ea1ch b\u00e3 nh\u1eddn d\u01b0 th\u1eeba, gi\u00fap gi\u1ea3m m\u1ee5n, m\u00e0 kh\u00f4ng l\u00e0m t\u1ed5n th\u01b0\u01a1ng h\u00e0ng r\u00e0o b\u1ea3o v\u1ec7 da.<\/li>\n<li>Niacinamide gi\u00fap h\u1ed7 tr\u1ee3 l\u00e0m d\u1ecbu da, thu nh\u1ecf l\u1ed7 ch\u00e2n l\u00f4ng<\/li>\n<\/ul>\n<p><img decoding=\"async\" src=\"https:\/\/file.hstatic.net\/1000006063\/file\/1_ef1360df93ff480597de25edaea05ada.jpg\" alt=\"S\u1eefa R\u1eeda M\u1eb7t Cerave H\u1ed7 Tr\u1ee3 Gi\u1ea3m M\u1ee5n Blemish Control Cleanser\" \/><\/p>\n<p><img decoding=\"async\" src=\"https:\/\/file.hstatic.net\/1000006063\/file\/2_df6fda9966d54a54bbf6306b26035878.jpg\" alt=\"S\u1eefa R\u1eeda M\u1eb7t Cerave H\u1ed7 Tr\u1ee3 Gi\u1ea3m M\u1ee5n Blemish Control Cleanser\" \/><\/p>\n<p><img decoding=\"async\" src=\"https:\/\/file.hstatic.net\/1000006063\/file\/h2_ef8034bf20494ff9b8b48b47830fac68.jpg\" alt=\"S\u1eefa R\u1eeda M\u1eb7t Cerave H\u1ed7 Tr\u1ee3 Gi\u1ea3m M\u1ee5n Blemish Control Cleanser\" \/><\/p>\n<p><img decoding=\"async\" src=\"https:\/\/file.hstatic.net\/1000006063\/file\/h3_9f98b97dbf2c4901b6fd24048d47d6f8.jpg\" alt=\"S\u1eefa R\u1eeda M\u1eb7t Cerave H\u1ed7 Tr\u1ee3 Gi\u1ea3m M\u1ee5n Blemish Control Cleanser\" \/><\/p>\n<h2><strong>3. \u0110\u1ed1i t\u01b0\u1ee3ng khuy\u00ean d\u00f9ng\u00a0<\/strong><\/h2>\n<ul>\n<li>D\u00e0nh cho da d\u1ea7u, da m\u1ee5n<\/li>\n<\/ul>\n<h2><strong>4. C\u00e1ch b\u1ea3o qu\u1ea3n<\/strong><\/h2>\n<ul>\n<li>Tr\u00e1nh \u00e1nh n\u1eafng tr\u1ef1c ti\u1ebfp.<\/li>\n<li>\u0110\u1ec3 n\u01a1i kh\u00f4 r\u00e1o, tho\u00e1ng m\u00e1t.<\/li>\n<li>\u0110\u1eady n\u1eafp k\u00edn sau khi s\u1eed d\u1ee5ng.<\/li>\n<\/ul>\n<h2><strong>5. H\u01b0\u1edbng d\u1eabn s\u1eed d\u1ee5ng<\/strong><\/h2>\n<ul>\n<li>Cho m\u1ed9t l\u01b0\u1ee3ng nh\u1ecf s\u1eefa r\u1eeda m\u1eb7t ra l\u00f2ng b\u00e0n tay, t\u1ea1o b\u1ecdt sau \u0111\u00f3 xoa \u0111\u1ec1u l\u00ean da m\u1eb7t.<\/li>\n<li>Massage nh\u1eb9 nh\u00e0ng trong 1 ph\u00fat.<\/li>\n<li>R\u1eeda s\u1ea1ch l\u1ea1i v\u1edbi n\u01b0\u1edbc.<\/li>\n<li>C\u00f3 th\u1ec3 th\u1ef1c hi\u1ec7n t\u01b0\u01a1ng t\u1ef1 cho v\u00f9ng da c\u01a1 th\u1ec3.<\/li>\n<\/ul>\n<h2><strong>6. Nh\u1eefng l\u01b0u \u00fd khi s\u1eed d\u1ee5ng<\/strong><\/h2>\n<ul>\n<li>T\u00e1c d\u1ee5ng c\u1ee7a s\u1ea3n ph\u1ea9m s\u1ebd kh\u00e1c nhau t\u00f9y v\u00e0o c\u01a1 \u0111\u1ecba c\u1ee7a m\u1ed7i ng\u01b0\u1eddi. V\u1edbi l\u00e0n da nh\u1ea1y c\u1ea3m b\u1ea1n n\u00ean th\u1eed s\u1ea3n ph\u1ea9m \u1edf m\u1ed9t v\u00f9ng nh\u1ecf tr\u01b0\u1edbc khi s\u1eed d\u1ee5ng cho to\u00e0n khu\u00f4n m\u1eb7t.<img decoding=\"async\" src=\"https:\/\/file.hstatic.net\/1000006063\/file\/h_n_s__d_ng_2a58319e670b4567a6343cfd28c921c7.jpg\" alt=\"S\u1eefa R\u1eeda M\u1eb7t Cerave H\u1ed7 Tr\u1ee3 Gi\u1ea3m M\u1ee5n Blemish Control Cleanser\" \/><\/li>\n<\/ul>\n<\/div>\n<\/div>\n","protected":false},"excerpt":{"rendered":"<p>Chi ti\u1ebft s\u1ea3n ph\u1ea9m T\u00ean s\u1ea3n ph\u1ea9m:\u00a0S\u1eefa R\u1eeda M\u1eb7t H\u1ed7 Tr\u1ee3 Gi\u1ea3m M\u1ee5n Cerave Blemish Control Cleanser Dung t\u00edch:\u00a088ml, 236ml, 473ml Th\u01b0\u01a1ng hi\u1ec7u:\u00a0CeraVe (M\u1ef9) CeraVe l\u00e0 th\u01b0\u01a1ng hi\u1ec7u d\u01b0\u1ee3c m\u1ef9 ph\u1ea9m \u0111\u1ebfn t\u1eeb M\u1ef9, tr\u1ef1c thu\u1ed9c t\u1eadp \u0111o\u00e0n L&#8217;Or\u00e9al, \u0111\u01b0\u1ee3c s\u1ea3n xu\u1ea5t t\u1ea1i nhi\u1ec1u nh\u00e0 m\u00e1y nh\u01b0 Trung Qu\u1ed1c, M\u1ef9, Ph\u00e1p&#8230; D\u00f9 \u0111\u01b0\u1ee3c s\u1ea3n xu\u1ea5t [&#8230;]\n","protected":false},"featured_media":236,"comment_status":"open","ping_status":"closed","template":"","meta":[],"product_brand":[24],"product_cat":[23],"product_tag":[],"class_list":{"0":"post-235","1":"product","2":"type-product","3":"status-publish","4":"has-post-thumbnail","6":"product_brand-cerave","7":"product_cat-sua-rua-mat","9":"first","10":"instock","11":"sale","12":"shipping-taxable","13":"purchasable","14":"product-type-variable"},"yoast_head":"<!-- This site is optimized with the Yoast SEO plugin v27.1.1 - https:\/\/yoast.com\/product\/yoast-seo-wordpress\/ -->\n<title>S\u1eefa R\u1eeda M\u1eb7t Cerave H\u1ed7 Tr\u1ee3 Gi\u1ea3m M\u1ee5n Blemish Control Cleanser - myphamphake<\/title>\n<meta name=\"robots\" content=\"index, follow, max-snippet:-1, max-image-preview:large, max-video-preview:-1\" \/>\n<link rel=\"canonical\" href=\"https:\/\/myphamphake.azdigi.shop\/index.php\/product\/sua-rua-mat-cerave-ho-tro-giam-mun-blemish-control-cleanser\/\" \/>\n<meta property=\"og:locale\" content=\"vi_VN\" \/>\n<meta property=\"og:type\" content=\"article\" \/>\n<meta property=\"og:title\" content=\"S\u1eefa R\u1eeda M\u1eb7t Cerave H\u1ed7 Tr\u1ee3 Gi\u1ea3m M\u1ee5n Blemish Control Cleanser - myphamphake\" \/>\n<meta property=\"og:description\" content=\"Chi ti\u1ebft s\u1ea3n ph\u1ea9m T\u00ean s\u1ea3n ph\u1ea9m:\u00a0S\u1eefa R\u1eeda M\u1eb7t H\u1ed7 Tr\u1ee3 Gi\u1ea3m M\u1ee5n Cerave Blemish Control Cleanser Dung t\u00edch:\u00a088ml, 236ml, 473ml Th\u01b0\u01a1ng hi\u1ec7u:\u00a0CeraVe (M\u1ef9) CeraVe l\u00e0 th\u01b0\u01a1ng hi\u1ec7u d\u01b0\u1ee3c m\u1ef9 ph\u1ea9m \u0111\u1ebfn t\u1eeb M\u1ef9, tr\u1ef1c thu\u1ed9c t\u1eadp \u0111o\u00e0n L&#8217;Or\u00e9al, \u0111\u01b0\u1ee3c s\u1ea3n xu\u1ea5t t\u1ea1i nhi\u1ec1u nh\u00e0 m\u00e1y nh\u01b0 Trung Qu\u1ed1c, M\u1ef9, Ph\u00e1p&#8230; D\u00f9 \u0111\u01b0\u1ee3c s\u1ea3n xu\u1ea5t [...]\" \/>\n<meta property=\"og:url\" content=\"https:\/\/myphamphake.azdigi.shop\/index.php\/product\/sua-rua-mat-cerave-ho-tro-giam-mun-blemish-control-cleanser\/\" \/>\n<meta property=\"og:site_name\" content=\"myphamphake\" \/>\n<meta property=\"article:modified_time\" content=\"2026-04-01T14:39:35+00:00\" \/>\n<meta property=\"og:image\" content=\"https:\/\/myphamphake.azdigi.shop\/wp-content\/uploads\/2026\/04\/ceraveblue.jpg\" \/>\n\t<meta property=\"og:image:width\" content=\"800\" \/>\n\t<meta property=\"og:image:height\" content=\"800\" \/>\n\t<meta property=\"og:image:type\" content=\"image\/jpeg\" \/>\n<meta name=\"twitter:card\" content=\"summary_large_image\" \/>\n<meta name=\"twitter:label1\" content=\"\u01af\u1edbc t\u00ednh th\u1eddi gian \u0111\u1ecdc\" \/>\n\t<meta name=\"twitter:data1\" content=\"4 ph\u00fat\" \/>\n<script type=\"application\/ld+json\" class=\"yoast-schema-graph\">{\"@context\":\"https:\/\/schema.org\",\"@graph\":[{\"@type\":\"WebPage\",\"@id\":\"https:\/\/myphamphake.azdigi.shop\/index.php\/product\/sua-rua-mat-cerave-ho-tro-giam-mun-blemish-control-cleanser\/\",\"url\":\"https:\/\/myphamphake.azdigi.shop\/index.php\/product\/sua-rua-mat-cerave-ho-tro-giam-mun-blemish-control-cleanser\/\",\"name\":\"S\u1eefa R\u1eeda M\u1eb7t Cerave H\u1ed7 Tr\u1ee3 Gi\u1ea3m M\u1ee5n Blemish Control Cleanser - myphamphake\",\"isPartOf\":{\"@id\":\"https:\/\/myphamphake.azdigi.shop\/#website\"},\"primaryImageOfPage\":{\"@id\":\"https:\/\/myphamphake.azdigi.shop\/index.php\/product\/sua-rua-mat-cerave-ho-tro-giam-mun-blemish-control-cleanser\/#primaryimage\"},\"image\":{\"@id\":\"https:\/\/myphamphake.azdigi.shop\/index.php\/product\/sua-rua-mat-cerave-ho-tro-giam-mun-blemish-control-cleanser\/#primaryimage\"},\"thumbnailUrl\":\"https:\/\/myphamphake.azdigi.shop\/wp-content\/uploads\/2026\/04\/ceraveblue.jpg\",\"datePublished\":\"2026-04-01T13:32:43+00:00\",\"dateModified\":\"2026-04-01T14:39:35+00:00\",\"breadcrumb\":{\"@id\":\"https:\/\/myphamphake.azdigi.shop\/index.php\/product\/sua-rua-mat-cerave-ho-tro-giam-mun-blemish-control-cleanser\/#breadcrumb\"},\"inLanguage\":\"vi\",\"potentialAction\":[{\"@type\":\"ReadAction\",\"target\":[\"https:\/\/myphamphake.azdigi.shop\/index.php\/product\/sua-rua-mat-cerave-ho-tro-giam-mun-blemish-control-cleanser\/\"]}]},{\"@type\":\"ImageObject\",\"inLanguage\":\"vi\",\"@id\":\"https:\/\/myphamphake.azdigi.shop\/index.php\/product\/sua-rua-mat-cerave-ho-tro-giam-mun-blemish-control-cleanser\/#primaryimage\",\"url\":\"https:\/\/myphamphake.azdigi.shop\/wp-content\/uploads\/2026\/04\/ceraveblue.jpg\",\"contentUrl\":\"https:\/\/myphamphake.azdigi.shop\/wp-content\/uploads\/2026\/04\/ceraveblue.jpg\",\"width\":800,\"height\":800},{\"@type\":\"BreadcrumbList\",\"@id\":\"https:\/\/myphamphake.azdigi.shop\/index.php\/product\/sua-rua-mat-cerave-ho-tro-giam-mun-blemish-control-cleanser\/#breadcrumb\",\"itemListElement\":[{\"@type\":\"ListItem\",\"position\":1,\"name\":\"Home\",\"item\":\"https:\/\/myphamphake.azdigi.shop\/\"},{\"@type\":\"ListItem\",\"position\":2,\"name\":\"Shop\",\"item\":\"https:\/\/myphamphake.azdigi.shop\/index.php\/shop\/\"},{\"@type\":\"ListItem\",\"position\":3,\"name\":\"S\u1eefa R\u1eeda M\u1eb7t Cerave H\u1ed7 Tr\u1ee3 Gi\u1ea3m M\u1ee5n Blemish Control Cleanser\"}]},{\"@type\":\"WebSite\",\"@id\":\"https:\/\/myphamphake.azdigi.shop\/#website\",\"url\":\"https:\/\/myphamphake.azdigi.shop\/\",\"name\":\"myphamphake\",\"description\":\"\",\"potentialAction\":[{\"@type\":\"SearchAction\",\"target\":{\"@type\":\"EntryPoint\",\"urlTemplate\":\"https:\/\/myphamphake.azdigi.shop\/?s={search_term_string}\"},\"query-input\":{\"@type\":\"PropertyValueSpecification\",\"valueRequired\":true,\"valueName\":\"search_term_string\"}}],\"inLanguage\":\"vi\"}]}<\/script>\n<!-- \/ Yoast SEO plugin. -->","yoast_head_json":{"title":"S\u1eefa R\u1eeda M\u1eb7t Cerave H\u1ed7 Tr\u1ee3 Gi\u1ea3m M\u1ee5n Blemish Control Cleanser - myphamphake","robots":{"index":"index","follow":"follow","max-snippet":"max-snippet:-1","max-image-preview":"max-image-preview:large","max-video-preview":"max-video-preview:-1"},"canonical":"https:\/\/myphamphake.azdigi.shop\/index.php\/product\/sua-rua-mat-cerave-ho-tro-giam-mun-blemish-control-cleanser\/","og_locale":"vi_VN","og_type":"article","og_title":"S\u1eefa R\u1eeda M\u1eb7t Cerave H\u1ed7 Tr\u1ee3 Gi\u1ea3m M\u1ee5n Blemish Control Cleanser - myphamphake","og_description":"Chi ti\u1ebft s\u1ea3n ph\u1ea9m T\u00ean s\u1ea3n ph\u1ea9m:\u00a0S\u1eefa R\u1eeda M\u1eb7t H\u1ed7 Tr\u1ee3 Gi\u1ea3m M\u1ee5n Cerave Blemish Control Cleanser Dung t\u00edch:\u00a088ml, 236ml, 473ml Th\u01b0\u01a1ng hi\u1ec7u:\u00a0CeraVe (M\u1ef9) CeraVe l\u00e0 th\u01b0\u01a1ng hi\u1ec7u d\u01b0\u1ee3c m\u1ef9 ph\u1ea9m \u0111\u1ebfn t\u1eeb M\u1ef9, tr\u1ef1c thu\u1ed9c t\u1eadp \u0111o\u00e0n L&#8217;Or\u00e9al, \u0111\u01b0\u1ee3c s\u1ea3n xu\u1ea5t t\u1ea1i nhi\u1ec1u nh\u00e0 m\u00e1y nh\u01b0 Trung Qu\u1ed1c, M\u1ef9, Ph\u00e1p&#8230; D\u00f9 \u0111\u01b0\u1ee3c s\u1ea3n xu\u1ea5t [...]","og_url":"https:\/\/myphamphake.azdigi.shop\/index.php\/product\/sua-rua-mat-cerave-ho-tro-giam-mun-blemish-control-cleanser\/","og_site_name":"myphamphake","article_modified_time":"2026-04-01T14:39:35+00:00","og_image":[{"width":800,"height":800,"url":"https:\/\/myphamphake.azdigi.shop\/wp-content\/uploads\/2026\/04\/ceraveblue.jpg","type":"image\/jpeg"}],"twitter_card":"summary_large_image","twitter_misc":{"\u01af\u1edbc t\u00ednh th\u1eddi gian \u0111\u1ecdc":"4 ph\u00fat"},"schema":{"@context":"https:\/\/schema.org","@graph":[{"@type":"WebPage","@id":"https:\/\/myphamphake.azdigi.shop\/index.php\/product\/sua-rua-mat-cerave-ho-tro-giam-mun-blemish-control-cleanser\/","url":"https:\/\/myphamphake.azdigi.shop\/index.php\/product\/sua-rua-mat-cerave-ho-tro-giam-mun-blemish-control-cleanser\/","name":"S\u1eefa R\u1eeda M\u1eb7t Cerave H\u1ed7 Tr\u1ee3 Gi\u1ea3m M\u1ee5n Blemish Control Cleanser - myphamphake","isPartOf":{"@id":"https:\/\/myphamphake.azdigi.shop\/#website"},"primaryImageOfPage":{"@id":"https:\/\/myphamphake.azdigi.shop\/index.php\/product\/sua-rua-mat-cerave-ho-tro-giam-mun-blemish-control-cleanser\/#primaryimage"},"image":{"@id":"https:\/\/myphamphake.azdigi.shop\/index.php\/product\/sua-rua-mat-cerave-ho-tro-giam-mun-blemish-control-cleanser\/#primaryimage"},"thumbnailUrl":"https:\/\/myphamphake.azdigi.shop\/wp-content\/uploads\/2026\/04\/ceraveblue.jpg","datePublished":"2026-04-01T13:32:43+00:00","dateModified":"2026-04-01T14:39:35+00:00","breadcrumb":{"@id":"https:\/\/myphamphake.azdigi.shop\/index.php\/product\/sua-rua-mat-cerave-ho-tro-giam-mun-blemish-control-cleanser\/#breadcrumb"},"inLanguage":"vi","potentialAction":[{"@type":"ReadAction","target":["https:\/\/myphamphake.azdigi.shop\/index.php\/product\/sua-rua-mat-cerave-ho-tro-giam-mun-blemish-control-cleanser\/"]}]},{"@type":"ImageObject","inLanguage":"vi","@id":"https:\/\/myphamphake.azdigi.shop\/index.php\/product\/sua-rua-mat-cerave-ho-tro-giam-mun-blemish-control-cleanser\/#primaryimage","url":"https:\/\/myphamphake.azdigi.shop\/wp-content\/uploads\/2026\/04\/ceraveblue.jpg","contentUrl":"https:\/\/myphamphake.azdigi.shop\/wp-content\/uploads\/2026\/04\/ceraveblue.jpg","width":800,"height":800},{"@type":"BreadcrumbList","@id":"https:\/\/myphamphake.azdigi.shop\/index.php\/product\/sua-rua-mat-cerave-ho-tro-giam-mun-blemish-control-cleanser\/#breadcrumb","itemListElement":[{"@type":"ListItem","position":1,"name":"Home","item":"https:\/\/myphamphake.azdigi.shop\/"},{"@type":"ListItem","position":2,"name":"Shop","item":"https:\/\/myphamphake.azdigi.shop\/index.php\/shop\/"},{"@type":"ListItem","position":3,"name":"S\u1eefa R\u1eeda M\u1eb7t Cerave H\u1ed7 Tr\u1ee3 Gi\u1ea3m M\u1ee5n Blemish Control Cleanser"}]},{"@type":"WebSite","@id":"https:\/\/myphamphake.azdigi.shop\/#website","url":"https:\/\/myphamphake.azdigi.shop\/","name":"myphamphake","description":"","potentialAction":[{"@type":"SearchAction","target":{"@type":"EntryPoint","urlTemplate":"https:\/\/myphamphake.azdigi.shop\/?s={search_term_string}"},"query-input":{"@type":"PropertyValueSpecification","valueRequired":true,"valueName":"search_term_string"}}],"inLanguage":"vi"}]}},"_links":{"self":[{"href":"https:\/\/myphamphake.azdigi.shop\/index.php\/wp-json\/wp\/v2\/product\/235","targetHints":{"allow":["GET"]}}],"collection":[{"href":"https:\/\/myphamphake.azdigi.shop\/index.php\/wp-json\/wp\/v2\/product"}],"about":[{"href":"https:\/\/myphamphake.azdigi.shop\/index.php\/wp-json\/wp\/v2\/types\/product"}],"replies":[{"embeddable":true,"href":"https:\/\/myphamphake.azdigi.shop\/index.php\/wp-json\/wp\/v2\/comments?post=235"}],"wp:featuredmedia":[{"embeddable":true,"href":"https:\/\/myphamphake.azdigi.shop\/index.php\/wp-json\/wp\/v2\/media\/236"}],"wp:attachment":[{"href":"https:\/\/myphamphake.azdigi.shop\/index.php\/wp-json\/wp\/v2\/media?parent=235"}],"wp:term":[{"taxonomy":"product_brand","embeddable":true,"href":"https:\/\/myphamphake.azdigi.shop\/index.php\/wp-json\/wp\/v2\/product_brand?post=235"},{"taxonomy":"product_cat","embeddable":true,"href":"https:\/\/myphamphake.azdigi.shop\/index.php\/wp-json\/wp\/v2\/product_cat?post=235"},{"taxonomy":"product_tag","embeddable":true,"href":"https:\/\/myphamphake.azdigi.shop\/index.php\/wp-json\/wp\/v2\/product_tag?post=235"}],"curies":[{"name":"wp","href":"https:\/\/api.w.org\/{rel}","templated":true}]}}