{"id":255,"date":"2026-04-01T13:58:51","date_gmt":"2026-04-01T13:58:51","guid":{"rendered":"https:\/\/myphamphake.azdigi.shop\/?post_type=product&#038;p=255"},"modified":"2026-04-01T14:42:10","modified_gmt":"2026-04-01T14:42:10","slug":"kem-duong-skin1004-lam-diu-da-chiet-xuat-rau-ma-madagascar-centella-soothing-cream","status":"publish","type":"product","link":"https:\/\/myphamphake.azdigi.shop\/index.php\/product\/kem-duong-skin1004-lam-diu-da-chiet-xuat-rau-ma-madagascar-centella-soothing-cream\/","title":{"rendered":"Kem D\u01b0\u1ee1ng Skin1004 L\u00e0m D\u1ecbu Da Chi\u1ebft Xu\u1ea5t Rau M\u00e1 Madagascar Centella Soothing Cream"},"content":{"rendered":"<div class=\"product-section-title\">\n<h2>Chi ti\u1ebft s\u1ea3n ph\u1ea9m<\/h2>\n<\/div>\n<div class=\"page-product-description-detail-wrap expanded\">\n<div class=\"page-product-description-detail\">\n<ul>\n<li><strong>T\u00ean s\u1ea3n ph\u1ea9m:\u00a0<\/strong>Kem<strong>\u00a0<\/strong>D\u01b0\u1ee1ng L\u00e0m D\u1ecbu Da Chi\u1ebft Xu\u1ea5t Rau M\u00e1 Skin1004 Madagascar Centella Soothing Cream<\/li>\n<li><strong>K\u1ebft c\u1ea5u:<\/strong>\u00a0D\u1ea1ng kem<\/li>\n<li><strong>Dung t\u00edch:\u00a0<\/strong>75ml<\/li>\n<li><strong>Th\u01b0\u01a1ng hi\u1ec7u:\u00a0<\/strong>Skin1004 (H\u00e0n Qu\u1ed1c)<\/li>\n<li><strong>N\u01a1i s\u1ea3n xu\u1ea5t:<\/strong>\u00a0H\u00e0n Qu\u1ed1c<\/li>\n<li><strong>H\u1ea1n s\u1eed d\u1ee5ng:\u00a0<\/strong>36 th\u00e1ng k\u1ec3 t\u1eeb ng\u00e0y s\u1ea3n xu\u1ea5t in tr\u00ean bao b\u00ec &#8211; 12 th\u00e1ng k\u1ec3 t\u1eeb khi m\u1edf n\u1eafp<\/li>\n<\/ul>\n<h2><strong>1. Th\u00f4ng tin s\u1ea3n ph\u1ea9m<\/strong><\/h2>\n<p><strong>Kem D\u01b0\u1ee1ng L\u00e0m D\u1ecbu Da Chi\u1ebft Xu\u1ea5t Rau M\u00e1\u00a0<a href=\"https:\/\/thegioiskinfood.com\/products\/skin1004-madagascar-centella-soothing-cream\/\" target=\"_self\">Skin1004 Madagascar Centella Soothing Cream<\/a><\/strong>\u00a0l\u00e0\u00a0<a href=\"https:\/\/thegioiskinfood.com\/collections\/cream-kem-duong\" target=\"_blank\" rel=\"noopener\">kem d\u01b0\u1ee1ng \u1ea9m<\/a>\u00a0ch\u1ee9a 72% chi\u1ebft xu\u1ea5t rau m\u00e1 c\u00f9ng v\u1edbi 4 lo\u1ea1i Ceramide c\u00f3 ngu\u1ed3n g\u1ed1c t\u1eeb th\u1ef1c v\u1eadt gi\u00fap c\u1ee7ng c\u1ed1 h\u00e0ng r\u00e0o b\u1ea3o v\u1ec7 da, nu\u00f4i d\u01b0\u1ee1ng l\u00e0n da kh\u1ecfe m\u1ea1nh\u00a0thu\u1ed9c th\u01b0\u01a1ng hi\u1ec7u\u00a0<a href=\"https:\/\/thegioiskinfood.com\/collections\/skin1004\" target=\"_blank\" rel=\"noopener\">Skin1004<\/a>\u00a0\u0111\u1ebfn t\u1eeb H\u00e0n Qu\u1ed1c.<\/p>\n<p><img decoding=\"async\" src=\"https:\/\/file.hstatic.net\/1000006063\/file\/452_f5239a2605824acfb4533bab9bff904a_master.jpg\" alt=\"Kem D\u01b0\u1ee1ng Skin1004 L\u00e0m D\u1ecbu Da Chi\u1ebft Xu\u1ea5t Rau M\u00e1 Madagascar Centella Soothing Cream 75ml\" \/><\/p>\n<h2><strong>2. \u01afu \u0111i\u1ec3m c\u1ee7a Skin1004 Madagascar Centella Soothing Cream<\/strong><\/h2>\n<p><strong>Kem D\u01b0\u1ee1ng L\u00e0m D\u1ecbu Da Chi\u1ebft Xu\u1ea5t Rau M\u00e1 Skin1004 Madagascar Centella Soothing Cream<\/strong>\u00a0hi\u1ec7n \u0111\u00e3 c\u00f3 m\u1eb7t t\u1ea1i <b><a href=\"https:\/\/myphamphake.azdigi.shop\/\">MyPhamPhake<\/a> <\/b>c\u00f3 nh\u1eefng \u0111\u1eb7c tr\u01b0ng n\u1ed5i b\u1eadt nh\u01b0 sau:<\/p>\n<ul>\n<li><strong>Chi\u1ebft xu\u1ea5t rau m\u00e1:\u00a0<\/strong>Ch\u1ee9a chi\u1ebft xu\u1ea5t rau m\u00e1 (72%) n\u1ed5i ti\u1ebfng v\u1edbi kh\u1ea3 n\u0103ng l\u00e0m d\u1ecbu, h\u1ea1n ch\u1ebf k\u00edch \u1ee9ng v\u00e0 c\u1ee7ng c\u1ed1 c\u1ea5u tr\u00fac da, b\u1ea3o v\u1ec7 l\u00e0n da, c\u1ea3i thi\u1ec7n \u0111\u1ed9 \u1ea9m, h\u1ed7 tr\u1ee3 l\u00e0m s\u00e1ng da.<\/li>\n<li><strong>Ph\u1ee9c h\u1ee3p Ceramide:<\/strong>\u00a0Ch\u1ee9a ph\u1ee9c h\u1ee3p Ceramide th\u00e0nh ph\u1ea7n thi\u1ebft y\u1ebfu cho da bao g\u1ed3m Ceramide (NP), Ceramide (EOP), Ceramide (NS), Ceramide (AP) c\u00f3 kh\u1ea3 n\u0103ng b\u1ea3o v\u1ec7 \u0111\u1ed9 \u1ea9m, h\u1ea1n ch\u1ebf t\u00ecnh tr\u1ea1ng g\u00e2y kh\u00f4 da. \u0110\u1ed3ng th\u1eddi gi\u00fap h\u00ecnh th\u00e0nh l\u1edbp m\u00e0ng h\u00e0ng r\u00e0o b\u1ea3o v\u1ec7 l\u00e0n da.<\/li>\n<li><strong>Th\u00e0nh ph\u1ea7n h\u1ea1 nhi\u1ec7t v\u00e0 d\u01b0\u1ee1ng \u1ea9m:\u00a0<\/strong>Ngo\u00e0i ra c\u00f2n c\u00f3 ch\u1ee9c n\u0103ng h\u1ea1 nhi\u1ec7t nhanh cho da nh\u1edd b\u1ed5 sung th\u00e0nh ph\u1ea7n Sodium Hyaluronic Chi\u1ebft xu\u1ea5t r\u1ec5 c\u00e2y Coptis Chinensis Root Extract v\u00e0 chi\u1ebft xu\u1ea5t Cacao nh\u00e2n \u0111\u00f4i kh\u1ea3 n\u0103ng d\u01b0\u1ee1ng \u1ea9m cho da, gi\u1ea3i quy\u1ebft c\u00e1c v\u1ea5n \u0111\u1ec1 g\u00e2y kh\u00f4 da.<\/li>\n<li><strong>An to\u00e0n v\u00e0 d\u1ecbu nh\u1eb9 cho da:\u00a0<\/strong>Ho\u00e0n th\u00e0nh ki\u1ec3m tra da li\u1ec5u, b\u1ea3ng th\u00e0nh ph\u1ea7n thu\u1ed9c c\u1ea5p green class EWG c\u00f9ng v\u1edbi \u0111\u1ed9 pH l\u00fd t\u01b0\u1edfng 6.0 c\u00f3 th\u1ec3 s\u1eed d\u1ee5ng cho c\u1ea3 l\u00e0n da nh\u1ea1y c\u1ea3m. Kh\u00f4ng ch\u1ee9a h\u01b0\u01a1ng li\u1ec7u, m\u00e0u t\u1ed5ng h\u1ee3p gi\u00fap h\u1ea1n ch\u1ebf kh\u1ea3 n\u0103ng g\u00e2y k\u00edch \u1ee9ng da. K\u1ebft c\u1ea5u kem c\u00f3 m\u00e0u n\u00e2u t\u1ef1 nhi\u00ean t\u1eeb c\u00e1c th\u00e0nh ph\u1ea7n t\u1ef1 nhi\u00ean, m\u1ecfng nh\u1eb9, th\u1ea9m th\u1ea5u nhanh ch\u00f3ng, kh\u00f4ng g\u00e2y c\u1ea3m gi\u00e1c nh\u1eddn d\u00ednh kh\u00f3 ch\u1ecbu sau khi s\u1eed d\u1ee5ng.<\/li>\n<\/ul>\n<p><img decoding=\"async\" src=\"https:\/\/file.hstatic.net\/1000006063\/file\/2_bb459641b28745f9888c50edc07f4499.jpg\" alt=\"Kem D\u01b0\u1ee1ng Skin1004 L\u00e0m D\u1ecbu Da Chi\u1ebft Xu\u1ea5t Rau M\u00e1 Madagascar Centella Soothing Cream 75ml\" \/><\/p>\n<p><img decoding=\"async\" src=\"https:\/\/file.hstatic.net\/1000006063\/file\/1-05__2__0c6539e7fe53405685f5f382132deb0b_088de27e5ae148eababa840af5e8ae54.jpg\" alt=\"Kem D\u01b0\u1ee1ng Skin1004 L\u00e0m D\u1ecbu Da Chi\u1ebft Xu\u1ea5t Rau M\u00e1 Madagascar Centella Soothing Cream 75ml\" \/><\/p>\n<p><img decoding=\"async\" src=\"https:\/\/file.hstatic.net\/1000006063\/file\/kem-duong-skin1004-madagascar-centella-soothing-cream-75ml-2_a438a70bf908488094bcca811666086f.jpg\" alt=\"Kem D\u01b0\u1ee1ng Skin1004 L\u00e0m D\u1ecbu Da Chi\u1ebft Xu\u1ea5t Rau M\u00e1 Madagascar Centella Soothing Cream 75ml\" \/><\/p>\n<h2><strong>3. \u0110\u1ed1i t\u01b0\u1ee3ng khuy\u00ean d\u00f9ng<\/strong><\/h2>\n<ul>\n<li>D\u00e0nh cho da d\u1ea7u v\u00e0 h\u1ed7n h\u1ee3p da thi\u00ean d\u1ea7u, da nh\u1ea1y c\u1ea3m<\/li>\n<li>D\u00e0nh cho nh\u1eefng l\u00e0n da \u0111ang b\u1ecb m\u1ee5n,\u00a0da th\u01b0\u1eddng b\u1ecb k\u00edch \u1ee9ng, da c\u00f3 tuy\u1ebfn b\u00e3 nh\u1eddn ho\u1ea1t \u0111\u1ed9ng qu\u00e1 \u0111\u1ed9<\/li>\n<li>D\u00e0nh cho nh\u1eefng l\u00e0n da nh\u1ea1y c\u1ea3m v\u1edbi h\u01b0\u01a1ng li\u1ec7u v\u00e0 m\u00e0u t\u1ed5ng h\u1ee3p nh\u00e2n t\u1ea1o<\/li>\n<\/ul>\n<h2><strong>4. C\u00e1ch b\u1ea3o qu\u1ea3n<\/strong><\/h2>\n<ul>\n<li>Tr\u00e1nh \u00e1nh n\u1eafng tr\u1ef1c ti\u1ebfp<\/li>\n<li>\u0110\u1ec3 n\u01a1i kh\u00f4 r\u00e1o, tho\u00e1ng m\u00e1t<\/li>\n<li>\u0110\u1eady n\u1eafp k\u00edn sau khi s\u1eed d\u1ee5ng<\/li>\n<\/ul>\n<h2><strong>5. H\u01b0\u1edbng d\u1eabn s\u1eed d\u1ee5ng<\/strong><\/h2>\n<ul>\n<li>S\u1eed d\u1ee5ng \u1edf b\u01b0\u1edbc cu\u1ed1i c\u00f9ng trong chu tr\u00ecnh ch\u0103m s\u00f3c da, l\u1ea5y m\u1ed9t l\u01b0\u1ee3ng v\u1eeba \u0111\u1ee7 thoa \u0111\u1ec1u l\u00ean da v\u00e0 v\u1ed7 nh\u1eb9 \u0111\u1ec3 d\u01b0\u1ee1ng ch\u1ea5t \u0111\u01b0\u1ee3c h\u1ea5p th\u1ee5 t\u1ed1t.<\/li>\n<\/ul>\n<h2><strong>6. Nh\u1eefng l\u01b0u \u00fd khi s\u1eed d\u1ee5ng<\/strong><\/h2>\n<ul>\n<li>T\u00e1c d\u1ee5ng c\u1ee7a s\u1ea3n ph\u1ea9m s\u1ebd kh\u00e1c nhau t\u00f9y v\u00e0o c\u01a1 \u0111\u1ecba c\u1ee7a m\u1ed7i ng\u01b0\u1eddi. V\u1edbi l\u00e0n da nh\u1ea1y c\u1ea3m b\u1ea1n n\u00ean th\u1eed s\u1ea3n ph\u1ea9m \u1edf m\u1ed9t v\u00f9ng nh\u1ecf tr\u01b0\u1edbc khi s\u1eed d\u1ee5ng cho to\u00e0n khu\u00f4n m\u1eb7t.<\/li>\n<\/ul>\n<p><strong>7. Nh\u1eefng l\u01b0u \u00fd khi mua h\u00e0ng<\/strong><\/p>\n<ul>\n<li><strong>Bao b\u00ec thay \u0111\u1ed5i t\u00f9y t\u1eebng \u0111\u1ee3t nh\u1eadp h\u00e0ng.<\/strong><\/li>\n<\/ul>\n<p><img decoding=\"async\" src=\"https:\/\/file.hstatic.net\/1000006063\/file\/untitled-1_d0f42a91f862487c9230964cf051ecb6.jpg\" alt=\"Kem D\u01b0\u1ee1ng Skin1004 L\u00e0m D\u1ecbu Da Chi\u1ebft Xu\u1ea5t Rau M\u00e1 Madagascar Centella Soothing Cream 75ml\" \/><\/p>\n<p>&nbsp;<\/p>\n<p><img decoding=\"async\" src=\"https:\/\/file.hstatic.net\/1000006063\/file\/han_su_dung_4b02a0220d574dcb914d9ac39548a034.jpg\" alt=\"Kem D\u01b0\u1ee1ng Skin1004 L\u00e0m D\u1ecbu Da Chi\u1ebft Xu\u1ea5t Rau M\u00e1 Madagascar Centella Soothing Cream 75ml\" \/><\/p>\n<\/div>\n<\/div>\n","protected":false},"excerpt":{"rendered":"<p>Chi ti\u1ebft s\u1ea3n ph\u1ea9m T\u00ean s\u1ea3n ph\u1ea9m:\u00a0Kem\u00a0D\u01b0\u1ee1ng L\u00e0m D\u1ecbu Da Chi\u1ebft Xu\u1ea5t Rau M\u00e1 Skin1004 Madagascar Centella Soothing Cream K\u1ebft c\u1ea5u:\u00a0D\u1ea1ng kem Dung t\u00edch:\u00a075ml Th\u01b0\u01a1ng hi\u1ec7u:\u00a0Skin1004 (H\u00e0n Qu\u1ed1c) N\u01a1i s\u1ea3n xu\u1ea5t:\u00a0H\u00e0n Qu\u1ed1c H\u1ea1n s\u1eed d\u1ee5ng:\u00a036 th\u00e1ng k\u1ec3 t\u1eeb ng\u00e0y s\u1ea3n xu\u1ea5t in tr\u00ean bao b\u00ec &#8211; 12 th\u00e1ng k\u1ec3 t\u1eeb khi m\u1edf n\u1eafp 1. Th\u00f4ng [&#8230;]\n","protected":false},"featured_media":258,"comment_status":"open","ping_status":"closed","template":"","meta":[],"product_brand":[26],"product_cat":[25],"product_tag":[],"class_list":{"0":"post-255","1":"product","2":"type-product","3":"status-publish","4":"has-post-thumbnail","6":"product_brand-skin1004","7":"product_cat-gel-kem-duong","9":"first","10":"instock","11":"sale","12":"shipping-taxable","13":"purchasable","14":"product-type-variable"},"yoast_head":"<!-- This site is optimized with the Yoast SEO plugin v27.1.1 - https:\/\/yoast.com\/product\/yoast-seo-wordpress\/ -->\n<title>Kem D\u01b0\u1ee1ng Skin1004 L\u00e0m D\u1ecbu Da Chi\u1ebft Xu\u1ea5t Rau M\u00e1 Madagascar Centella Soothing Cream - myphamphake<\/title>\n<meta name=\"robots\" content=\"index, follow, max-snippet:-1, max-image-preview:large, max-video-preview:-1\" \/>\n<link rel=\"canonical\" href=\"https:\/\/myphamphake.azdigi.shop\/index.php\/product\/kem-duong-skin1004-lam-diu-da-chiet-xuat-rau-ma-madagascar-centella-soothing-cream\/\" \/>\n<meta property=\"og:locale\" content=\"vi_VN\" \/>\n<meta property=\"og:type\" content=\"article\" \/>\n<meta property=\"og:title\" content=\"Kem D\u01b0\u1ee1ng Skin1004 L\u00e0m D\u1ecbu Da Chi\u1ebft Xu\u1ea5t Rau M\u00e1 Madagascar Centella Soothing Cream - myphamphake\" \/>\n<meta property=\"og:description\" content=\"Chi ti\u1ebft s\u1ea3n ph\u1ea9m T\u00ean s\u1ea3n ph\u1ea9m:\u00a0Kem\u00a0D\u01b0\u1ee1ng L\u00e0m D\u1ecbu Da Chi\u1ebft Xu\u1ea5t Rau M\u00e1 Skin1004 Madagascar Centella Soothing Cream K\u1ebft c\u1ea5u:\u00a0D\u1ea1ng kem Dung t\u00edch:\u00a075ml Th\u01b0\u01a1ng hi\u1ec7u:\u00a0Skin1004 (H\u00e0n Qu\u1ed1c) N\u01a1i s\u1ea3n xu\u1ea5t:\u00a0H\u00e0n Qu\u1ed1c H\u1ea1n s\u1eed d\u1ee5ng:\u00a036 th\u00e1ng k\u1ec3 t\u1eeb ng\u00e0y s\u1ea3n xu\u1ea5t in tr\u00ean bao b\u00ec &#8211; 12 th\u00e1ng k\u1ec3 t\u1eeb khi m\u1edf n\u1eafp 1. Th\u00f4ng [...]\" \/>\n<meta property=\"og:url\" content=\"https:\/\/myphamphake.azdigi.shop\/index.php\/product\/kem-duong-skin1004-lam-diu-da-chiet-xuat-rau-ma-madagascar-centella-soothing-cream\/\" \/>\n<meta property=\"og:site_name\" content=\"myphamphake\" \/>\n<meta property=\"article:modified_time\" content=\"2026-04-01T14:42:10+00:00\" \/>\n<meta property=\"og:image\" content=\"https:\/\/myphamphake.azdigi.shop\/wp-content\/uploads\/2026\/04\/duongam1004.jpg\" \/>\n\t<meta property=\"og:image:width\" content=\"800\" \/>\n\t<meta property=\"og:image:height\" content=\"800\" \/>\n\t<meta property=\"og:image:type\" content=\"image\/jpeg\" \/>\n<meta name=\"twitter:card\" content=\"summary_large_image\" \/>\n<meta name=\"twitter:label1\" content=\"\u01af\u1edbc t\u00ednh th\u1eddi gian \u0111\u1ecdc\" \/>\n\t<meta name=\"twitter:data1\" content=\"5 ph\u00fat\" \/>\n<script type=\"application\/ld+json\" class=\"yoast-schema-graph\">{\"@context\":\"https:\/\/schema.org\",\"@graph\":[{\"@type\":\"WebPage\",\"@id\":\"https:\/\/myphamphake.azdigi.shop\/index.php\/product\/kem-duong-skin1004-lam-diu-da-chiet-xuat-rau-ma-madagascar-centella-soothing-cream\/\",\"url\":\"https:\/\/myphamphake.azdigi.shop\/index.php\/product\/kem-duong-skin1004-lam-diu-da-chiet-xuat-rau-ma-madagascar-centella-soothing-cream\/\",\"name\":\"Kem D\u01b0\u1ee1ng Skin1004 L\u00e0m D\u1ecbu Da Chi\u1ebft Xu\u1ea5t Rau M\u00e1 Madagascar Centella Soothing Cream - myphamphake\",\"isPartOf\":{\"@id\":\"https:\/\/myphamphake.azdigi.shop\/#website\"},\"primaryImageOfPage\":{\"@id\":\"https:\/\/myphamphake.azdigi.shop\/index.php\/product\/kem-duong-skin1004-lam-diu-da-chiet-xuat-rau-ma-madagascar-centella-soothing-cream\/#primaryimage\"},\"image\":{\"@id\":\"https:\/\/myphamphake.azdigi.shop\/index.php\/product\/kem-duong-skin1004-lam-diu-da-chiet-xuat-rau-ma-madagascar-centella-soothing-cream\/#primaryimage\"},\"thumbnailUrl\":\"https:\/\/myphamphake.azdigi.shop\/wp-content\/uploads\/2026\/04\/duongam1004.jpg\",\"datePublished\":\"2026-04-01T13:58:51+00:00\",\"dateModified\":\"2026-04-01T14:42:10+00:00\",\"breadcrumb\":{\"@id\":\"https:\/\/myphamphake.azdigi.shop\/index.php\/product\/kem-duong-skin1004-lam-diu-da-chiet-xuat-rau-ma-madagascar-centella-soothing-cream\/#breadcrumb\"},\"inLanguage\":\"vi\",\"potentialAction\":[{\"@type\":\"ReadAction\",\"target\":[\"https:\/\/myphamphake.azdigi.shop\/index.php\/product\/kem-duong-skin1004-lam-diu-da-chiet-xuat-rau-ma-madagascar-centella-soothing-cream\/\"]}]},{\"@type\":\"ImageObject\",\"inLanguage\":\"vi\",\"@id\":\"https:\/\/myphamphake.azdigi.shop\/index.php\/product\/kem-duong-skin1004-lam-diu-da-chiet-xuat-rau-ma-madagascar-centella-soothing-cream\/#primaryimage\",\"url\":\"https:\/\/myphamphake.azdigi.shop\/wp-content\/uploads\/2026\/04\/duongam1004.jpg\",\"contentUrl\":\"https:\/\/myphamphake.azdigi.shop\/wp-content\/uploads\/2026\/04\/duongam1004.jpg\",\"width\":800,\"height\":800},{\"@type\":\"BreadcrumbList\",\"@id\":\"https:\/\/myphamphake.azdigi.shop\/index.php\/product\/kem-duong-skin1004-lam-diu-da-chiet-xuat-rau-ma-madagascar-centella-soothing-cream\/#breadcrumb\",\"itemListElement\":[{\"@type\":\"ListItem\",\"position\":1,\"name\":\"Home\",\"item\":\"https:\/\/myphamphake.azdigi.shop\/\"},{\"@type\":\"ListItem\",\"position\":2,\"name\":\"Shop\",\"item\":\"https:\/\/myphamphake.azdigi.shop\/index.php\/shop\/\"},{\"@type\":\"ListItem\",\"position\":3,\"name\":\"Kem D\u01b0\u1ee1ng Skin1004 L\u00e0m D\u1ecbu Da Chi\u1ebft Xu\u1ea5t Rau M\u00e1 Madagascar Centella Soothing Cream\"}]},{\"@type\":\"WebSite\",\"@id\":\"https:\/\/myphamphake.azdigi.shop\/#website\",\"url\":\"https:\/\/myphamphake.azdigi.shop\/\",\"name\":\"myphamphake\",\"description\":\"\",\"potentialAction\":[{\"@type\":\"SearchAction\",\"target\":{\"@type\":\"EntryPoint\",\"urlTemplate\":\"https:\/\/myphamphake.azdigi.shop\/?s={search_term_string}\"},\"query-input\":{\"@type\":\"PropertyValueSpecification\",\"valueRequired\":true,\"valueName\":\"search_term_string\"}}],\"inLanguage\":\"vi\"}]}<\/script>\n<!-- \/ Yoast SEO plugin. -->","yoast_head_json":{"title":"Kem D\u01b0\u1ee1ng Skin1004 L\u00e0m D\u1ecbu Da Chi\u1ebft Xu\u1ea5t Rau M\u00e1 Madagascar Centella Soothing Cream - myphamphake","robots":{"index":"index","follow":"follow","max-snippet":"max-snippet:-1","max-image-preview":"max-image-preview:large","max-video-preview":"max-video-preview:-1"},"canonical":"https:\/\/myphamphake.azdigi.shop\/index.php\/product\/kem-duong-skin1004-lam-diu-da-chiet-xuat-rau-ma-madagascar-centella-soothing-cream\/","og_locale":"vi_VN","og_type":"article","og_title":"Kem D\u01b0\u1ee1ng Skin1004 L\u00e0m D\u1ecbu Da Chi\u1ebft Xu\u1ea5t Rau M\u00e1 Madagascar Centella Soothing Cream - myphamphake","og_description":"Chi ti\u1ebft s\u1ea3n ph\u1ea9m T\u00ean s\u1ea3n ph\u1ea9m:\u00a0Kem\u00a0D\u01b0\u1ee1ng L\u00e0m D\u1ecbu Da Chi\u1ebft Xu\u1ea5t Rau M\u00e1 Skin1004 Madagascar Centella Soothing Cream K\u1ebft c\u1ea5u:\u00a0D\u1ea1ng kem Dung t\u00edch:\u00a075ml Th\u01b0\u01a1ng hi\u1ec7u:\u00a0Skin1004 (H\u00e0n Qu\u1ed1c) N\u01a1i s\u1ea3n xu\u1ea5t:\u00a0H\u00e0n Qu\u1ed1c H\u1ea1n s\u1eed d\u1ee5ng:\u00a036 th\u00e1ng k\u1ec3 t\u1eeb ng\u00e0y s\u1ea3n xu\u1ea5t in tr\u00ean bao b\u00ec &#8211; 12 th\u00e1ng k\u1ec3 t\u1eeb khi m\u1edf n\u1eafp 1. Th\u00f4ng [...]","og_url":"https:\/\/myphamphake.azdigi.shop\/index.php\/product\/kem-duong-skin1004-lam-diu-da-chiet-xuat-rau-ma-madagascar-centella-soothing-cream\/","og_site_name":"myphamphake","article_modified_time":"2026-04-01T14:42:10+00:00","og_image":[{"width":800,"height":800,"url":"https:\/\/myphamphake.azdigi.shop\/wp-content\/uploads\/2026\/04\/duongam1004.jpg","type":"image\/jpeg"}],"twitter_card":"summary_large_image","twitter_misc":{"\u01af\u1edbc t\u00ednh th\u1eddi gian \u0111\u1ecdc":"5 ph\u00fat"},"schema":{"@context":"https:\/\/schema.org","@graph":[{"@type":"WebPage","@id":"https:\/\/myphamphake.azdigi.shop\/index.php\/product\/kem-duong-skin1004-lam-diu-da-chiet-xuat-rau-ma-madagascar-centella-soothing-cream\/","url":"https:\/\/myphamphake.azdigi.shop\/index.php\/product\/kem-duong-skin1004-lam-diu-da-chiet-xuat-rau-ma-madagascar-centella-soothing-cream\/","name":"Kem D\u01b0\u1ee1ng Skin1004 L\u00e0m D\u1ecbu Da Chi\u1ebft Xu\u1ea5t Rau M\u00e1 Madagascar Centella Soothing Cream - myphamphake","isPartOf":{"@id":"https:\/\/myphamphake.azdigi.shop\/#website"},"primaryImageOfPage":{"@id":"https:\/\/myphamphake.azdigi.shop\/index.php\/product\/kem-duong-skin1004-lam-diu-da-chiet-xuat-rau-ma-madagascar-centella-soothing-cream\/#primaryimage"},"image":{"@id":"https:\/\/myphamphake.azdigi.shop\/index.php\/product\/kem-duong-skin1004-lam-diu-da-chiet-xuat-rau-ma-madagascar-centella-soothing-cream\/#primaryimage"},"thumbnailUrl":"https:\/\/myphamphake.azdigi.shop\/wp-content\/uploads\/2026\/04\/duongam1004.jpg","datePublished":"2026-04-01T13:58:51+00:00","dateModified":"2026-04-01T14:42:10+00:00","breadcrumb":{"@id":"https:\/\/myphamphake.azdigi.shop\/index.php\/product\/kem-duong-skin1004-lam-diu-da-chiet-xuat-rau-ma-madagascar-centella-soothing-cream\/#breadcrumb"},"inLanguage":"vi","potentialAction":[{"@type":"ReadAction","target":["https:\/\/myphamphake.azdigi.shop\/index.php\/product\/kem-duong-skin1004-lam-diu-da-chiet-xuat-rau-ma-madagascar-centella-soothing-cream\/"]}]},{"@type":"ImageObject","inLanguage":"vi","@id":"https:\/\/myphamphake.azdigi.shop\/index.php\/product\/kem-duong-skin1004-lam-diu-da-chiet-xuat-rau-ma-madagascar-centella-soothing-cream\/#primaryimage","url":"https:\/\/myphamphake.azdigi.shop\/wp-content\/uploads\/2026\/04\/duongam1004.jpg","contentUrl":"https:\/\/myphamphake.azdigi.shop\/wp-content\/uploads\/2026\/04\/duongam1004.jpg","width":800,"height":800},{"@type":"BreadcrumbList","@id":"https:\/\/myphamphake.azdigi.shop\/index.php\/product\/kem-duong-skin1004-lam-diu-da-chiet-xuat-rau-ma-madagascar-centella-soothing-cream\/#breadcrumb","itemListElement":[{"@type":"ListItem","position":1,"name":"Home","item":"https:\/\/myphamphake.azdigi.shop\/"},{"@type":"ListItem","position":2,"name":"Shop","item":"https:\/\/myphamphake.azdigi.shop\/index.php\/shop\/"},{"@type":"ListItem","position":3,"name":"Kem D\u01b0\u1ee1ng Skin1004 L\u00e0m D\u1ecbu Da Chi\u1ebft Xu\u1ea5t Rau M\u00e1 Madagascar Centella Soothing Cream"}]},{"@type":"WebSite","@id":"https:\/\/myphamphake.azdigi.shop\/#website","url":"https:\/\/myphamphake.azdigi.shop\/","name":"myphamphake","description":"","potentialAction":[{"@type":"SearchAction","target":{"@type":"EntryPoint","urlTemplate":"https:\/\/myphamphake.azdigi.shop\/?s={search_term_string}"},"query-input":{"@type":"PropertyValueSpecification","valueRequired":true,"valueName":"search_term_string"}}],"inLanguage":"vi"}]}},"_links":{"self":[{"href":"https:\/\/myphamphake.azdigi.shop\/index.php\/wp-json\/wp\/v2\/product\/255","targetHints":{"allow":["GET"]}}],"collection":[{"href":"https:\/\/myphamphake.azdigi.shop\/index.php\/wp-json\/wp\/v2\/product"}],"about":[{"href":"https:\/\/myphamphake.azdigi.shop\/index.php\/wp-json\/wp\/v2\/types\/product"}],"replies":[{"embeddable":true,"href":"https:\/\/myphamphake.azdigi.shop\/index.php\/wp-json\/wp\/v2\/comments?post=255"}],"wp:featuredmedia":[{"embeddable":true,"href":"https:\/\/myphamphake.azdigi.shop\/index.php\/wp-json\/wp\/v2\/media\/258"}],"wp:attachment":[{"href":"https:\/\/myphamphake.azdigi.shop\/index.php\/wp-json\/wp\/v2\/media?parent=255"}],"wp:term":[{"taxonomy":"product_brand","embeddable":true,"href":"https:\/\/myphamphake.azdigi.shop\/index.php\/wp-json\/wp\/v2\/product_brand?post=255"},{"taxonomy":"product_cat","embeddable":true,"href":"https:\/\/myphamphake.azdigi.shop\/index.php\/wp-json\/wp\/v2\/product_cat?post=255"},{"taxonomy":"product_tag","embeddable":true,"href":"https:\/\/myphamphake.azdigi.shop\/index.php\/wp-json\/wp\/v2\/product_tag?post=255"}],"curies":[{"name":"wp","href":"https:\/\/api.w.org\/{rel}","templated":true}]}}