{"id":298,"date":"2026-04-03T06:17:38","date_gmt":"2026-04-03T06:17:38","guid":{"rendered":"https:\/\/myphamphake.azdigi.shop\/?post_type=product&#038;p=298"},"modified":"2026-04-03T06:18:04","modified_gmt":"2026-04-03T06:18:04","slug":"kem-tay-da-chet-cocoon-chiet-xuat-ca-phe-dak-lak-dak-lak-coffee-face-polish-150ml","status":"publish","type":"product","link":"https:\/\/myphamphake.azdigi.shop\/index.php\/product\/kem-tay-da-chet-cocoon-chiet-xuat-ca-phe-dak-lak-dak-lak-coffee-face-polish-150ml\/","title":{"rendered":"Kem T\u1ea9y Da Ch\u1ebft Cocoon Chi\u1ebft Xu\u1ea5t C\u00e0 Ph\u00ea \u0110\u1eafk L\u1eafk Dak Lak Coffee Face Polish 150ml"},"content":{"rendered":"<div class=\"product-section-title\">\n<h2>Chi ti\u1ebft s\u1ea3n ph\u1ea9m<\/h2>\n<\/div>\n<div class=\"page-product-description-detail-wrap expanded\">\n<div class=\"page-product-description-detail\">\n<ul>\n<li><strong>T\u00ean s\u1ea3n ph\u1ea9m:<\/strong>\u00a0Cocoon Dak Lak Coffee Face Polish<\/li>\n<li><strong>C\u00f4ng d\u1ee5ng ch\u00ednh:\u00a0<\/strong>T\u1ea9y da ch\u1ebft m\u1eb7t<\/li>\n<li><strong>Dung t\u00edch:\u00a0<\/strong>150ml<\/li>\n<li><strong>Th\u01b0\u01a1ng hi\u1ec7u:\u00a0<\/strong>Cocoon (Vi\u1ec7t Nam)<\/li>\n<li><strong>H\u1ea1n s\u1eed d\u1ee5ng:<\/strong>\u00a03 n\u0103m k\u1ec3 t\u1eeb ng\u00e0y s\u1ea3n xu\u1ea5t\/NSX xem tr\u00ean bao b\u00ec (12 th\u00e1ng k\u1ec3 t\u1eeb ng\u00e0y m\u1edf n\u1eafp).<\/li>\n<\/ul>\n<h2><strong>1. Th\u00f4ng tin s\u1ea3n ph\u1ea9m<\/strong><\/h2>\n<p>Kem T\u1ea9y Da Ch\u1ebft Chi\u1ebft Xu\u1ea5t C\u00e0 Ph\u00ea \u0110\u1eafk L\u1eafk\u00a0<strong>Cocoon Dak Lak Coffee Face Polish<\/strong>\u00a0l\u00e0 kem\u00a0<strong>t\u1ea9y da ch\u1ebft<\/strong>\u00a0v\u1edbi\u00a0c\u00e1c th\u00e0nh ph\u1ea7n t\u1eeb t\u1ef1 nhi\u00ean ch\u1ee9a nhi\u1ec1u d\u01b0\u1ee1ng ch\u1ea5t, gi\u00fap l\u00e0m s\u1ea1ch l\u1edbp t\u1ebf b\u00e0o ch\u1ebft tr\u00ean da, c\u1ea3i thi\u1ec7n \u0111\u1ed9 \u0111\u00e0n h\u1ed3i mang \u0111\u1ebfn\u00a0l\u00e0n\u00a0da t\u01b0\u01a1i s\u00e1ng, m\u1ecbn m\u00e0ng\u00a0thu\u1ed9c th\u01b0\u01a1ng hi\u1ec7u\u00a0m\u1ef9 ph\u1ea9m thu\u1ea7n chay\u00a0<strong>Cocoon<\/strong><strong>\u00a0<\/strong>\u0111\u1ebfn<strong>\u00a0<\/strong>t\u1eeb Vi\u1ec7t Nam.<\/p>\n<p><em><strong>**L\u01b0u \u00fd:\u00a0Hi\u1ec7n t\u1ea1i TGSF\u00a0b\u00e1n m\u1eabu\u00a0m\u1edbi v\u00e0 m\u1eabu\u00a0th\u01b0\u1eddng, s\u1ea3n ph\u1ea9m\u00a0s\u1ebd \u0111\u01b0\u1ee3c giao ng\u1eabu nhi\u00ean.<\/strong><\/em><br \/>\n<img decoding=\"async\" src=\"https:\/\/file.hstatic.net\/1000006063\/file\/1_255cbeaac46b4f80917842dbea69910c_master.jpg\" alt=\"Kem T\u1ea9y Da Ch\u1ebft Cocoon Chi\u1ebft Xu\u1ea5t C\u00e0 Ph\u00ea \u0110\u1eafk L\u1eafk Dak Lak Coffee Face Polish 150ml\" \/><\/p>\n<h2><strong>2. \u0110\u1eb7c tr\u01b0ng c\u1ee7a kem t\u1ea9y da ch\u1ebft Cocoon Dak Lak Coffee Face Polish<\/strong><\/h2>\n<p><strong>Kem T\u1ea9y Da Ch\u1ebft Chi\u1ebft Xu\u1ea5t C\u00e0 Ph\u00ea \u0110\u1eafk L\u1eafk Cocoon Dak Lak Coffee Face Polish\u00a0<\/strong>hi\u1ec7n nay \u0111\u00e3 c\u00f3 m\u1eb7t t\u1ea1i\u00a0<a href=\"https:\/\/myphamphake.azdigi.shop\/\"><strong>MyPhamPhake\u00a0<\/strong><\/a>v\u1edbi nh\u1eefng \u0111\u1eb7c tr\u01b0ng n\u1ed5i b\u1eadt sau:<\/p>\n<ul>\n<li>Chi\u1ebft xu\u1ea5t h\u1ea1t c\u00e0 ph\u00ea \u0110\u1eafk L\u1eafk xay nhuy\u1ec5n, nh\u1eb9 nh\u00e0ng l\u1ea5y \u0111i s\u1ea1ch l\u1edbp da ch\u1ebft c\u00f9ng b\u00e3 nh\u1eddn, trong c\u00e0 ph\u00ea ch\u1ee9a nhi\u1ec1u caffeine c\u00f3 kh\u1ea3 n\u0103ng c\u1ea3i thi\u1ec7n \u0111\u1ed9 \u0111\u00e0n h\u1ed3i cho da, mang \u0111\u1ebfn l\u00e0n da m\u1ec1m m\u1ea1i, \u0111\u1ec1u m\u00e0u.<\/li>\n<li>Chi\u1ebft xu\u1ea5t b\u01a1 ca cao ch\u1ee9a h\u00e0m l\u01b0\u1ee3ng ch\u1ea5t b\u00e9o c\u00f3 l\u1ee3i d\u1ed3i d\u00e0o, gi\u00fap d\u01b0\u1ee1ng \u1ea9m, l\u00e0m m\u1ec1m m\u1ecbn da, c\u1ea3i thi\u1ec7n t\u00ecnh tr\u1ea1ng da b\u1ecb kh\u00f4 s\u1ea1m, mang \u0111\u1ebfn l\u00e0n da \u1ea9m m\u01b0\u1ee3t. C\u00f9ng tinh ch\u1ea5t d\u1ea7u hoa rum gi\u00e0u h\u00e0m l\u01b0\u1ee3ng\u00a0<strong>acid linoleic<\/strong>\u00a0v\u00e0\u00a0<strong>vitamin C, vitamin E<\/strong>, gi\u00fap l\u1ed7 ch\u00e2n l\u00f4ng \u0111\u01b0\u1ee3c th\u00f4ng tho\u00e1ng, h\u1ed7 tr\u1ee3 gi\u1ea3m m\u1ee5n \u0111\u1ea7u \u0111en, m\u1ee5n tr\u1ee9ng c\u00e1, h\u1ea1n ch\u1ebf t\u00ecnh tr\u1ea1ng da kh\u00f4, h\u1ed7 tr\u1ee3 l\u00e0m m\u1edd c\u00e1c v\u1ebft nh\u0103n n\u00f4ng, c\u1ee7ng c\u1ed1 h\u00e0ng r\u00e0o b\u1ea3o v\u1ec7 da, nu\u00f4i d\u01b0\u1ee1ng l\u00e0n da s\u00e1ng m\u1ecbn.<\/li>\n<li><strong>Vitamin E<\/strong>\u00a0\u0111\u01b0\u1ee3c chi\u1ebft xu\u1ea5t t\u1eeb d\u1ea7u \u0111\u1eadu n\u00e0nh kh\u00f4ng bi\u1ebfn \u0111\u1ed5i gen\u00a0<strong>(Non-GMO)<\/strong>, c\u00f3 kh\u1ea3 n\u0103ng d\u01b0\u1ee1ng \u1ea9m cao, th\u00fac \u0111\u1ea9y qu\u00e1 tr\u00ecnh h\u1ed7 tr\u1ee3 ph\u1ee5c h\u1ed3i v\u00e0 l\u00e0m m\u1edbi l\u00e0n da, h\u1ea1n ch\u1ebf tr\u00ecnh h\u00ecnh th\u00e0nh n\u1ebfp nh\u0103n v\u00e0 b\u1ea3o v\u1ec7 da tr\u00e1nh c\u00e1c t\u00e1c h\u1ea1i b\u00ean ngo\u00e0i.<\/li>\n<li>S\u1ea3n ph\u1ea9m cam k\u1ebft kh\u00f4ng ch\u1ee9a c\u1ed3n, kh\u00f4ng sulfate, kh\u00f4ng d\u1ea7u kho\u00e1ng, kh\u00f4ng paraben, kh\u00f4ng vi h\u1ea1t nh\u1ef1a, kh\u00f4ng th\u1eed nghi\u1ec7m tr\u00ean \u0111\u1ed9ng v\u1eadt.<\/li>\n<li>K\u1ebft c\u1ea5u d\u1ea1ng kem \u0111\u1eb7c, c\u00f3 m\u00e0u n\u00e2u t\u1ef1 nhi\u00ean, c\u00f9ng h\u01b0\u01a1ng th\u01a1m c\u00e0 ph\u00ea nh\u1eb9 nh\u00e0ng, mang l\u1ea1i c\u1ea3m gi\u00e1c th\u01b0 gi\u00e3n, tho\u1ea3i m\u00e1i khi s\u1eed d\u1ee5ng.<\/li>\n<\/ul>\n<p><img decoding=\"async\" src=\"https:\/\/file.hstatic.net\/1000006063\/file\/thay_doi_bao_bi_copy_2_667de68320ac428cbfeddfd59bece52e.jpg\" alt=\"Kem T\u1ea9y Da Ch\u1ebft Cocoon Chi\u1ebft Xu\u1ea5t C\u00e0 Ph\u00ea \u0110\u1eafk L\u1eafk Dak Lak Coffee Face Polish 150ml\" \/><\/p>\n<p><img decoding=\"async\" src=\"https:\/\/file.hstatic.net\/1000006063\/file\/4_a72e82fa3952434b8a883625e5ce7ae5_master.jpg\" alt=\"Kem T\u1ea9y Da Ch\u1ebft Cocoon Chi\u1ebft Xu\u1ea5t C\u00e0 Ph\u00ea \u0110\u1eafk L\u1eafk Dak Lak Coffee Face Polish 150ml\" \/><\/p>\n<p><img decoding=\"async\" src=\"https:\/\/file.hstatic.net\/1000006063\/file\/3_2e12aed63ef2407b81dba52f8c6da2af_master.jpg\" alt=\"Kem T\u1ea9y Da Ch\u1ebft Cocoon Chi\u1ebft Xu\u1ea5t C\u00e0 Ph\u00ea \u0110\u1eafk L\u1eafk Dak Lak Coffee Face Polish 150ml\" \/><\/p>\n<h2><strong>3. \u0110\u1ed1i t\u01b0\u1ee3ng khuy\u00ean d\u00f9ng<\/strong><\/h2>\n<ul>\n<li>D\u00e0nh cho m\u1ecdi l\u00e0n da, k\u1ec3 c\u1ea3 da nh\u1ea1y c\u1ea3m<\/li>\n<li>D\u00e0nh cho l\u00e0n da th\u00e2m s\u1ea1m, kh\u00f4ng \u0111\u1ec1u m\u00e0u, da m\u1ea5t s\u1ee9c s\u1ed1ng<\/li>\n<\/ul>\n<h2><strong>4. C\u00e1ch b\u1ea3o qu\u1ea3n<\/strong><\/h2>\n<ul>\n<li>Tr\u00e1nh \u00e1nh n\u1eafng tr\u1ef1c ti\u1ebfp.<\/li>\n<li>\u0110\u1ec3 n\u01a1i kh\u00f4 r\u00e1o, tho\u00e1ng m\u00e1t.<\/li>\n<li>\u0110\u1eady n\u1eafp k\u00edn sau khi s\u1eed d\u1ee5ng.<\/li>\n<\/ul>\n<h2><strong>5. H\u01b0\u1edbng d\u1eabn s\u1eed d\u1ee5ng<\/strong><\/h2>\n<p>Sau khi l\u00e0m s\u1ea1ch da, l\u1ea5y m\u1ed9t l\u01b0\u1ee3ng s\u1ea3n ph\u1ea9m v\u1eeba \u0111\u1ee7 thoa \u0111\u1ec1u v\u00e0 massage nh\u1eb9 nh\u00e0ng theo chi\u1ec1u k\u1ebft c\u1ea5u da kho\u1ea3ng 2 &#8211; 3 ph\u00fat, sau \u0111\u00f3\u00a0r\u1eeda s\u1ea1ch\u00a0l\u1ea1i v\u1edbi n\u01b0\u1edbc. N\u00ean s\u1eed d\u1ee5ng s\u1ea3n ph\u1ea9m 2 &#8211; 3 l\u1ea7n\/tu\u1ea7n \u0111\u1ec3 \u0111\u1ea1t hi\u1ec7u qu\u1ea3 t\u1ed1i \u01b0u.<\/p>\n<p><img decoding=\"async\" src=\"https:\/\/file.hstatic.net\/1000006063\/file\/2_aa379f463ab04f5994a3ca342080a703_master.jpg\" alt=\"Kem T\u1ea9y Da Ch\u1ebft Cocoon Chi\u1ebft Xu\u1ea5t C\u00e0 Ph\u00ea \u0110\u1eafk L\u1eafk Dak Lak Coffee Face Polish 150ml\" \/><\/p>\n<h2><strong>6. L\u01b0u \u00fd khi s\u1eed d\u1ee5ng\u00a0<\/strong><\/h2>\n<ul>\n<li>M\u1ed7i tu\u1ea7n b\u1ea1n ch\u1ec9 n\u00ean t\u1ea9y t\u1ebf b\u00e0o ch\u1ebft m\u1ed9t l\u1ea7n l\u00e0 \u0111\u1ee7. Tr\u00e1nh th\u1ef1c hi\u1ec7n qu\u00e1 th\u01b0\u1eddng xuy\u00ean, b\u1edfi \u0111i\u1ec1u n\u00e0y s\u1ebd g\u00e2y t\u1ed5n h\u1ea1i nghi\u00eam tr\u1ecdng \u0111\u1ebfn l\u00e0n da.<\/li>\n<li>Ch\u1ecdn lo\u1ea1i t\u1ea9y da ch\u1ebft ph\u00f9 h\u1ee3p v\u1edbi l\u00e0n da c\u1ee7a b\u1ea1n.<\/li>\n<li>Nh\u1eb9 nh\u00e0ng khi t\u1ea9y da ch\u1ebft, \u0111\u1eebng ch\u00e0 m\u1eb7t qu\u00e1 m\u1ea1nh v\u00e0 qu\u00e1 th\u01b0\u1eddng xuy\u00ean, c\u00f3 th\u1ec3 g\u00e2y h\u1ea1i cho l\u00e0n da c\u1ee7a b\u1ea1n<\/li>\n<li>T\u00e1c d\u1ee5ng c\u1ee7a s\u1ea3n ph\u1ea9m s\u1ebd kh\u00e1c nhau t\u00f9y v\u00e0o c\u01a1 \u0111\u1ecba c\u1ee7a m\u1ed7i ng\u01b0\u1eddi. V\u1edbi l\u00e0n da nh\u1ea1y c\u1ea3m b\u1ea1n n\u00ean th\u1eed s\u1ea3n ph\u1ea9m \u1edf m\u1ed9t v\u00f9ng nh\u1ecf tr\u01b0\u1edbc khi s\u1eed d\u1ee5ng cho to\u00e0n khu\u00f4n m\u1eb7t.<\/li>\n<\/ul>\n<p><img decoding=\"async\" src=\"https:\/\/file.hstatic.net\/1000006063\/file\/han_su_dung_0b49485c3530413a8fbc6d3c07d74b30.jpg\" alt=\"Kem T\u1ea9y Da Ch\u1ebft Cocoon Chi\u1ebft Xu\u1ea5t C\u00e0 Ph\u00ea \u0110\u1eafk L\u1eafk Dak Lak Coffee Face Polish 150ml\" \/><\/p>\n<\/div>\n<\/div>\n","protected":false},"excerpt":{"rendered":"<p>Chi ti\u1ebft s\u1ea3n ph\u1ea9m T\u00ean s\u1ea3n ph\u1ea9m:\u00a0Cocoon Dak Lak Coffee Face Polish C\u00f4ng d\u1ee5ng ch\u00ednh:\u00a0T\u1ea9y da ch\u1ebft m\u1eb7t Dung t\u00edch:\u00a0150ml Th\u01b0\u01a1ng hi\u1ec7u:\u00a0Cocoon (Vi\u1ec7t Nam) H\u1ea1n s\u1eed d\u1ee5ng:\u00a03 n\u0103m k\u1ec3 t\u1eeb ng\u00e0y s\u1ea3n xu\u1ea5t\/NSX xem tr\u00ean bao b\u00ec (12 th\u00e1ng k\u1ec3 t\u1eeb ng\u00e0y m\u1edf n\u1eafp). 1. Th\u00f4ng tin s\u1ea3n ph\u1ea9m Kem T\u1ea9y Da Ch\u1ebft Chi\u1ebft Xu\u1ea5t [&#8230;]\n","protected":false},"featured_media":299,"comment_status":"open","ping_status":"closed","template":"","meta":[],"product_brand":[29],"product_cat":[28],"product_tag":[],"class_list":{"0":"post-298","1":"product","2":"type-product","3":"status-publish","4":"has-post-thumbnail","6":"product_brand-cocoon","7":"product_cat-tay-te-bao-chet","9":"first","10":"instock","11":"sale","12":"shipping-taxable","13":"purchasable","14":"product-type-variable"},"yoast_head":"<!-- This site is optimized with the Yoast SEO plugin v27.1.1 - https:\/\/yoast.com\/product\/yoast-seo-wordpress\/ -->\n<title>Kem T\u1ea9y Da Ch\u1ebft Cocoon Chi\u1ebft Xu\u1ea5t C\u00e0 Ph\u00ea \u0110\u1eafk L\u1eafk Dak Lak Coffee Face Polish 150ml - myphamphake<\/title>\n<meta name=\"robots\" content=\"index, follow, max-snippet:-1, max-image-preview:large, max-video-preview:-1\" \/>\n<link rel=\"canonical\" href=\"https:\/\/myphamphake.azdigi.shop\/index.php\/product\/kem-tay-da-chet-cocoon-chiet-xuat-ca-phe-dak-lak-dak-lak-coffee-face-polish-150ml\/\" \/>\n<meta property=\"og:locale\" content=\"vi_VN\" \/>\n<meta property=\"og:type\" content=\"article\" \/>\n<meta property=\"og:title\" content=\"Kem T\u1ea9y Da Ch\u1ebft Cocoon Chi\u1ebft Xu\u1ea5t C\u00e0 Ph\u00ea \u0110\u1eafk L\u1eafk Dak Lak Coffee Face Polish 150ml - myphamphake\" \/>\n<meta property=\"og:description\" content=\"Chi ti\u1ebft s\u1ea3n ph\u1ea9m T\u00ean s\u1ea3n ph\u1ea9m:\u00a0Cocoon Dak Lak Coffee Face Polish C\u00f4ng d\u1ee5ng ch\u00ednh:\u00a0T\u1ea9y da ch\u1ebft m\u1eb7t Dung t\u00edch:\u00a0150ml Th\u01b0\u01a1ng hi\u1ec7u:\u00a0Cocoon (Vi\u1ec7t Nam) H\u1ea1n s\u1eed d\u1ee5ng:\u00a03 n\u0103m k\u1ec3 t\u1eeb ng\u00e0y s\u1ea3n xu\u1ea5t\/NSX xem tr\u00ean bao b\u00ec (12 th\u00e1ng k\u1ec3 t\u1eeb ng\u00e0y m\u1edf n\u1eafp). 1. Th\u00f4ng tin s\u1ea3n ph\u1ea9m Kem T\u1ea9y Da Ch\u1ebft Chi\u1ebft Xu\u1ea5t [...]\" \/>\n<meta property=\"og:url\" content=\"https:\/\/myphamphake.azdigi.shop\/index.php\/product\/kem-tay-da-chet-cocoon-chiet-xuat-ca-phe-dak-lak-dak-lak-coffee-face-polish-150ml\/\" \/>\n<meta property=\"og:site_name\" content=\"myphamphake\" \/>\n<meta property=\"article:modified_time\" content=\"2026-04-03T06:18:04+00:00\" \/>\n<meta property=\"og:image\" content=\"https:\/\/myphamphake.azdigi.shop\/wp-content\/uploads\/2026\/04\/download_bb85eb720a36441bb68729dc941bfd35_1024x1024.jpeg\" \/>\n\t<meta property=\"og:image:width\" content=\"800\" \/>\n\t<meta property=\"og:image:height\" content=\"800\" \/>\n\t<meta property=\"og:image:type\" content=\"image\/jpeg\" \/>\n<meta name=\"twitter:card\" content=\"summary_large_image\" \/>\n<meta name=\"twitter:label1\" content=\"\u01af\u1edbc t\u00ednh th\u1eddi gian \u0111\u1ecdc\" \/>\n\t<meta name=\"twitter:data1\" content=\"5 ph\u00fat\" \/>\n<script type=\"application\/ld+json\" class=\"yoast-schema-graph\">{\"@context\":\"https:\/\/schema.org\",\"@graph\":[{\"@type\":\"WebPage\",\"@id\":\"https:\/\/myphamphake.azdigi.shop\/index.php\/product\/kem-tay-da-chet-cocoon-chiet-xuat-ca-phe-dak-lak-dak-lak-coffee-face-polish-150ml\/\",\"url\":\"https:\/\/myphamphake.azdigi.shop\/index.php\/product\/kem-tay-da-chet-cocoon-chiet-xuat-ca-phe-dak-lak-dak-lak-coffee-face-polish-150ml\/\",\"name\":\"Kem T\u1ea9y Da Ch\u1ebft Cocoon Chi\u1ebft Xu\u1ea5t C\u00e0 Ph\u00ea \u0110\u1eafk L\u1eafk Dak Lak Coffee Face Polish 150ml - myphamphake\",\"isPartOf\":{\"@id\":\"https:\/\/myphamphake.azdigi.shop\/#website\"},\"primaryImageOfPage\":{\"@id\":\"https:\/\/myphamphake.azdigi.shop\/index.php\/product\/kem-tay-da-chet-cocoon-chiet-xuat-ca-phe-dak-lak-dak-lak-coffee-face-polish-150ml\/#primaryimage\"},\"image\":{\"@id\":\"https:\/\/myphamphake.azdigi.shop\/index.php\/product\/kem-tay-da-chet-cocoon-chiet-xuat-ca-phe-dak-lak-dak-lak-coffee-face-polish-150ml\/#primaryimage\"},\"thumbnailUrl\":\"https:\/\/myphamphake.azdigi.shop\/wp-content\/uploads\/2026\/04\/download_bb85eb720a36441bb68729dc941bfd35_1024x1024.jpeg\",\"datePublished\":\"2026-04-03T06:17:38+00:00\",\"dateModified\":\"2026-04-03T06:18:04+00:00\",\"breadcrumb\":{\"@id\":\"https:\/\/myphamphake.azdigi.shop\/index.php\/product\/kem-tay-da-chet-cocoon-chiet-xuat-ca-phe-dak-lak-dak-lak-coffee-face-polish-150ml\/#breadcrumb\"},\"inLanguage\":\"vi\",\"potentialAction\":[{\"@type\":\"ReadAction\",\"target\":[\"https:\/\/myphamphake.azdigi.shop\/index.php\/product\/kem-tay-da-chet-cocoon-chiet-xuat-ca-phe-dak-lak-dak-lak-coffee-face-polish-150ml\/\"]}]},{\"@type\":\"ImageObject\",\"inLanguage\":\"vi\",\"@id\":\"https:\/\/myphamphake.azdigi.shop\/index.php\/product\/kem-tay-da-chet-cocoon-chiet-xuat-ca-phe-dak-lak-dak-lak-coffee-face-polish-150ml\/#primaryimage\",\"url\":\"https:\/\/myphamphake.azdigi.shop\/wp-content\/uploads\/2026\/04\/download_bb85eb720a36441bb68729dc941bfd35_1024x1024.jpeg\",\"contentUrl\":\"https:\/\/myphamphake.azdigi.shop\/wp-content\/uploads\/2026\/04\/download_bb85eb720a36441bb68729dc941bfd35_1024x1024.jpeg\",\"width\":800,\"height\":800},{\"@type\":\"BreadcrumbList\",\"@id\":\"https:\/\/myphamphake.azdigi.shop\/index.php\/product\/kem-tay-da-chet-cocoon-chiet-xuat-ca-phe-dak-lak-dak-lak-coffee-face-polish-150ml\/#breadcrumb\",\"itemListElement\":[{\"@type\":\"ListItem\",\"position\":1,\"name\":\"Home\",\"item\":\"https:\/\/myphamphake.azdigi.shop\/\"},{\"@type\":\"ListItem\",\"position\":2,\"name\":\"Shop\",\"item\":\"https:\/\/myphamphake.azdigi.shop\/index.php\/shop\/\"},{\"@type\":\"ListItem\",\"position\":3,\"name\":\"Kem T\u1ea9y Da Ch\u1ebft Cocoon Chi\u1ebft Xu\u1ea5t C\u00e0 Ph\u00ea \u0110\u1eafk L\u1eafk Dak Lak Coffee Face Polish 150ml\"}]},{\"@type\":\"WebSite\",\"@id\":\"https:\/\/myphamphake.azdigi.shop\/#website\",\"url\":\"https:\/\/myphamphake.azdigi.shop\/\",\"name\":\"myphamphake\",\"description\":\"\",\"potentialAction\":[{\"@type\":\"SearchAction\",\"target\":{\"@type\":\"EntryPoint\",\"urlTemplate\":\"https:\/\/myphamphake.azdigi.shop\/?s={search_term_string}\"},\"query-input\":{\"@type\":\"PropertyValueSpecification\",\"valueRequired\":true,\"valueName\":\"search_term_string\"}}],\"inLanguage\":\"vi\"}]}<\/script>\n<!-- \/ Yoast SEO plugin. -->","yoast_head_json":{"title":"Kem T\u1ea9y Da Ch\u1ebft Cocoon Chi\u1ebft Xu\u1ea5t C\u00e0 Ph\u00ea \u0110\u1eafk L\u1eafk Dak Lak Coffee Face Polish 150ml - myphamphake","robots":{"index":"index","follow":"follow","max-snippet":"max-snippet:-1","max-image-preview":"max-image-preview:large","max-video-preview":"max-video-preview:-1"},"canonical":"https:\/\/myphamphake.azdigi.shop\/index.php\/product\/kem-tay-da-chet-cocoon-chiet-xuat-ca-phe-dak-lak-dak-lak-coffee-face-polish-150ml\/","og_locale":"vi_VN","og_type":"article","og_title":"Kem T\u1ea9y Da Ch\u1ebft Cocoon Chi\u1ebft Xu\u1ea5t C\u00e0 Ph\u00ea \u0110\u1eafk L\u1eafk Dak Lak Coffee Face Polish 150ml - myphamphake","og_description":"Chi ti\u1ebft s\u1ea3n ph\u1ea9m T\u00ean s\u1ea3n ph\u1ea9m:\u00a0Cocoon Dak Lak Coffee Face Polish C\u00f4ng d\u1ee5ng ch\u00ednh:\u00a0T\u1ea9y da ch\u1ebft m\u1eb7t Dung t\u00edch:\u00a0150ml Th\u01b0\u01a1ng hi\u1ec7u:\u00a0Cocoon (Vi\u1ec7t Nam) H\u1ea1n s\u1eed d\u1ee5ng:\u00a03 n\u0103m k\u1ec3 t\u1eeb ng\u00e0y s\u1ea3n xu\u1ea5t\/NSX xem tr\u00ean bao b\u00ec (12 th\u00e1ng k\u1ec3 t\u1eeb ng\u00e0y m\u1edf n\u1eafp). 1. Th\u00f4ng tin s\u1ea3n ph\u1ea9m Kem T\u1ea9y Da Ch\u1ebft Chi\u1ebft Xu\u1ea5t [...]","og_url":"https:\/\/myphamphake.azdigi.shop\/index.php\/product\/kem-tay-da-chet-cocoon-chiet-xuat-ca-phe-dak-lak-dak-lak-coffee-face-polish-150ml\/","og_site_name":"myphamphake","article_modified_time":"2026-04-03T06:18:04+00:00","og_image":[{"width":800,"height":800,"url":"https:\/\/myphamphake.azdigi.shop\/wp-content\/uploads\/2026\/04\/download_bb85eb720a36441bb68729dc941bfd35_1024x1024.jpeg","type":"image\/jpeg"}],"twitter_card":"summary_large_image","twitter_misc":{"\u01af\u1edbc t\u00ednh th\u1eddi gian \u0111\u1ecdc":"5 ph\u00fat"},"schema":{"@context":"https:\/\/schema.org","@graph":[{"@type":"WebPage","@id":"https:\/\/myphamphake.azdigi.shop\/index.php\/product\/kem-tay-da-chet-cocoon-chiet-xuat-ca-phe-dak-lak-dak-lak-coffee-face-polish-150ml\/","url":"https:\/\/myphamphake.azdigi.shop\/index.php\/product\/kem-tay-da-chet-cocoon-chiet-xuat-ca-phe-dak-lak-dak-lak-coffee-face-polish-150ml\/","name":"Kem T\u1ea9y Da Ch\u1ebft Cocoon Chi\u1ebft Xu\u1ea5t C\u00e0 Ph\u00ea \u0110\u1eafk L\u1eafk Dak Lak Coffee Face Polish 150ml - myphamphake","isPartOf":{"@id":"https:\/\/myphamphake.azdigi.shop\/#website"},"primaryImageOfPage":{"@id":"https:\/\/myphamphake.azdigi.shop\/index.php\/product\/kem-tay-da-chet-cocoon-chiet-xuat-ca-phe-dak-lak-dak-lak-coffee-face-polish-150ml\/#primaryimage"},"image":{"@id":"https:\/\/myphamphake.azdigi.shop\/index.php\/product\/kem-tay-da-chet-cocoon-chiet-xuat-ca-phe-dak-lak-dak-lak-coffee-face-polish-150ml\/#primaryimage"},"thumbnailUrl":"https:\/\/myphamphake.azdigi.shop\/wp-content\/uploads\/2026\/04\/download_bb85eb720a36441bb68729dc941bfd35_1024x1024.jpeg","datePublished":"2026-04-03T06:17:38+00:00","dateModified":"2026-04-03T06:18:04+00:00","breadcrumb":{"@id":"https:\/\/myphamphake.azdigi.shop\/index.php\/product\/kem-tay-da-chet-cocoon-chiet-xuat-ca-phe-dak-lak-dak-lak-coffee-face-polish-150ml\/#breadcrumb"},"inLanguage":"vi","potentialAction":[{"@type":"ReadAction","target":["https:\/\/myphamphake.azdigi.shop\/index.php\/product\/kem-tay-da-chet-cocoon-chiet-xuat-ca-phe-dak-lak-dak-lak-coffee-face-polish-150ml\/"]}]},{"@type":"ImageObject","inLanguage":"vi","@id":"https:\/\/myphamphake.azdigi.shop\/index.php\/product\/kem-tay-da-chet-cocoon-chiet-xuat-ca-phe-dak-lak-dak-lak-coffee-face-polish-150ml\/#primaryimage","url":"https:\/\/myphamphake.azdigi.shop\/wp-content\/uploads\/2026\/04\/download_bb85eb720a36441bb68729dc941bfd35_1024x1024.jpeg","contentUrl":"https:\/\/myphamphake.azdigi.shop\/wp-content\/uploads\/2026\/04\/download_bb85eb720a36441bb68729dc941bfd35_1024x1024.jpeg","width":800,"height":800},{"@type":"BreadcrumbList","@id":"https:\/\/myphamphake.azdigi.shop\/index.php\/product\/kem-tay-da-chet-cocoon-chiet-xuat-ca-phe-dak-lak-dak-lak-coffee-face-polish-150ml\/#breadcrumb","itemListElement":[{"@type":"ListItem","position":1,"name":"Home","item":"https:\/\/myphamphake.azdigi.shop\/"},{"@type":"ListItem","position":2,"name":"Shop","item":"https:\/\/myphamphake.azdigi.shop\/index.php\/shop\/"},{"@type":"ListItem","position":3,"name":"Kem T\u1ea9y Da Ch\u1ebft Cocoon Chi\u1ebft Xu\u1ea5t C\u00e0 Ph\u00ea \u0110\u1eafk L\u1eafk Dak Lak Coffee Face Polish 150ml"}]},{"@type":"WebSite","@id":"https:\/\/myphamphake.azdigi.shop\/#website","url":"https:\/\/myphamphake.azdigi.shop\/","name":"myphamphake","description":"","potentialAction":[{"@type":"SearchAction","target":{"@type":"EntryPoint","urlTemplate":"https:\/\/myphamphake.azdigi.shop\/?s={search_term_string}"},"query-input":{"@type":"PropertyValueSpecification","valueRequired":true,"valueName":"search_term_string"}}],"inLanguage":"vi"}]}},"_links":{"self":[{"href":"https:\/\/myphamphake.azdigi.shop\/index.php\/wp-json\/wp\/v2\/product\/298","targetHints":{"allow":["GET"]}}],"collection":[{"href":"https:\/\/myphamphake.azdigi.shop\/index.php\/wp-json\/wp\/v2\/product"}],"about":[{"href":"https:\/\/myphamphake.azdigi.shop\/index.php\/wp-json\/wp\/v2\/types\/product"}],"replies":[{"embeddable":true,"href":"https:\/\/myphamphake.azdigi.shop\/index.php\/wp-json\/wp\/v2\/comments?post=298"}],"wp:featuredmedia":[{"embeddable":true,"href":"https:\/\/myphamphake.azdigi.shop\/index.php\/wp-json\/wp\/v2\/media\/299"}],"wp:attachment":[{"href":"https:\/\/myphamphake.azdigi.shop\/index.php\/wp-json\/wp\/v2\/media?parent=298"}],"wp:term":[{"taxonomy":"product_brand","embeddable":true,"href":"https:\/\/myphamphake.azdigi.shop\/index.php\/wp-json\/wp\/v2\/product_brand?post=298"},{"taxonomy":"product_cat","embeddable":true,"href":"https:\/\/myphamphake.azdigi.shop\/index.php\/wp-json\/wp\/v2\/product_cat?post=298"},{"taxonomy":"product_tag","embeddable":true,"href":"https:\/\/myphamphake.azdigi.shop\/index.php\/wp-json\/wp\/v2\/product_tag?post=298"}],"curies":[{"name":"wp","href":"https:\/\/api.w.org\/{rel}","templated":true}]}}