{"id":305,"date":"2026-04-03T06:38:26","date_gmt":"2026-04-03T06:38:26","guid":{"rendered":"https:\/\/myphamphake.azdigi.shop\/?post_type=product&#038;p=305"},"modified":"2026-04-03T06:38:56","modified_gmt":"2026-04-03T06:38:56","slug":"mat-na-colorkey-duong-da-pdrn-ho-tro-duong-am-cang-bong-da-luminous-facial-mask-25ml","status":"publish","type":"product","link":"https:\/\/myphamphake.azdigi.shop\/index.php\/product\/mat-na-colorkey-duong-da-pdrn-ho-tro-duong-am-cang-bong-da-luminous-facial-mask-25ml\/","title":{"rendered":"M\u1eb7t N\u1ea1 Colorkey D\u01b0\u1ee1ng Da PDRN H\u1ed7 Tr\u1ee3 D\u01b0\u1ee1ng \u1ea8m, C\u0103ng B\u00f3ng Da Luminous Facial Mask 25ml"},"content":{"rendered":"<div class=\"product-section-title\">\n<h2>Chi ti\u1ebft s\u1ea3n ph\u1ea9m<\/h2>\n<\/div>\n<div class=\"page-product-description-detail-wrap expanded\">\n<div class=\"page-product-description-detail\">\n<ul>\n<li><strong>T\u00ean s\u1ea3n ph\u1ea9m:<\/strong>\u00a0M\u1eb7t N\u1ea1 D\u01b0\u1ee1ng Da PDRN H\u1ed7 Tr\u1ee3 D\u01b0\u1ee1ng \u1ea8m, C\u0103ng B\u00f3ng Da Colorkey Luminous Facial Mask 25ml<\/li>\n<li><strong>Dung t\u00edch:<\/strong>\u00a025ml\/1 mi\u1ebfng<\/li>\n<li><strong>Th\u01b0\u01a1ng hi\u1ec7u:\u00a0<\/strong>Colorkey\u00a0(Trung Qu\u1ed1c)<\/li>\n<li><strong>H\u1ea1n s\u1eed d\u1ee5ng:<\/strong>\u00a03 n\u0103m k\u1ec3 t\u1eeb ng\u00e0y s\u1ea3n xu\u1ea5t\/NSX xem tr\u00ean bao b\u00ec s\u1ea3n ph\u1ea9m<\/li>\n<\/ul>\n<h2><strong>1. Th\u00f4ng tin s\u1ea3n ph\u1ea9m<\/strong><\/h2>\n<p><strong>M\u1eb7t N\u1ea1 D\u01b0\u1ee1ng Da PDRN H\u1ed7 Tr\u1ee3 D\u01b0\u1ee1ng \u1ea8m, C\u0103ng B\u00f3ng Da Colorkey Luminous Facial Mask<\/strong>\u00a0l\u00e0 d\u00f2ng\u00a0<strong>m\u1eb7t n\u1ea1<\/strong>\u00a0thu\u1ed9c th\u01b0\u01a1ng hi\u1ec7u\u00a0<strong>Colorkey<\/strong>. S\u1ea3n ph\u1ea9m v\u1edbi c\u00e1c th\u00e0nh ph\u1ea7n chi\u1ebft xu\u1ea5t t\u1eeb th\u1ef1c v\u1eadt thu\u1ea7n chay ch\u1ee9a nhi\u1ec1u d\u01b0\u1ee1ng ch\u1ea5t gi\u00fap nu\u00f4i d\u01b0\u1ee1ng da, d\u01b0\u1ee1ng \u1ea9m v\u00e0 h\u1ed7 tr\u1ee3 d\u01b0\u1ee1ng s\u00e1ng cho da c\u0103ng b\u00f3ng. M\u1eb7t n\u1ea1 m\u1ecfng nh\u1eb9, \u00f4m kh\u00edt m\u1eb7t gi\u00fap da h\u1ea5p th\u1ee5 t\u1ed1t c\u00e1c d\u01b0\u1ee1ng ch\u1ea5t cho da c\u0103ng m\u01b0\u1edbt, \u1ea9m m\u1ecbn.<\/p>\n<p><img decoding=\"async\" src=\"https:\/\/cdn.hstatic.net\/files\/1000006063\/file\/1_e7cb15ccc021429db96aef9a9d8d8e8a.jpg\" alt=\"M\u1eb7t N\u1ea1 Colorkey D\u01b0\u1ee1ng Da PDRN H\u1ed7 Tr\u1ee3 D\u01b0\u1ee1ng \u1ea8m, C\u0103ng B\u00f3ng Da Luminous Facial Mask 25ml\" \/><\/p>\n<p><strong>2. C\u00e1c ph\u00e2n lo\u1ea1i c\u1ee7a\u00a0M\u1eb7t N\u1ea1 D\u01b0\u1ee1ng Da PDRN\u00a0Colorkey Luminous Facial Mask<\/strong><\/p>\n<p><strong>M\u1eb7t N\u1ea1 D\u01b0\u1ee1ng Da PDRN\u00a0Colorkey Luminous Facial Mask\u00a0<\/strong>hi\u1ec7n \u0111\u00e3 c\u00f3 m\u1eb7t t\u1ea1i<a href=\"https:\/\/myphamphake.azdigi.shop\/\">\u00a0<strong>MyPhamPhake<\/strong><\/a>\u00a0v\u1edbi c\u00e1c\u00a0lo\u1ea1i\u00a0sau:<\/p>\n<ul>\n<li><strong>Algae PDRN\u00a0&#8211; Chi\u1ebft xu\u1ea5t T\u1ea3o Bi\u1ec3n (M\u00e0u Xanh L\u00e1):\u00a0<\/strong>H\u1ed7 tr\u1ee3 c\u1ea5p \u1ea9m, s\u0103n ch\u1eafc da, ph\u1ee5c h\u1ed3i da<\/li>\n<li><strong>Pomegranate PDRN &#8211; Chi\u1ebft xu\u1ea5t L\u1ef1u \u0110\u1ecf (M\u00e0u \u0110\u1ecf):\u00a0<\/strong>H\u1ed7 tr\u1ee3 d\u01b0\u1ee1ng s\u00e1ng, h\u1ed7 tr\u1ee3 ch\u1ed1ng oxy h\u00f3a<\/li>\n<li><strong>Rice PDRN &#8211; Chi\u1ebft xu\u1ea5t G\u1ea1o (M\u00e0u V\u00e0ng):<\/strong>\u00a0H\u1ed7 tr\u1ee3 c\u1ea5p \u1ea9m, c\u1ea3i thi\u1ec7n m\u00e0u da, h\u1ed7 tr\u1ee3 da s\u00e1ng r\u1ea1ng r\u1ee1<\/li>\n<li><strong>Blueberry PDRN &#8211; Chi\u1ebft xu\u1ea5t Vi\u1ec7t Qu\u1ea5t (M\u00e0u xanh d\u01b0\u01a1ng):\u00a0<\/strong>H\u1ed7 tr\u1ee3 d\u01b0\u1ee1ng \u1ea9m, l\u00e0m d\u1ecbu, h\u1ed7 tr\u1ee3 ph\u1ee5c h\u1ed3i da<\/li>\n<\/ul>\n<p><img decoding=\"async\" src=\"https:\/\/cdn.hstatic.net\/files\/1000006063\/file\/download_67ab983a0d01429bb4acaf2a8e136a6e.jpg\" alt=\"M\u1eb7t N\u1ea1 Colorkey D\u01b0\u1ee1ng Da PDRN H\u1ed7 Tr\u1ee3 D\u01b0\u1ee1ng \u1ea8m, C\u0103ng B\u00f3ng Da Luminous Facial Mask 25ml\" \/><\/p>\n<h2><strong>3. \u01afu \u0111i\u1ec3m c\u1ee7a\u00a0M\u1eb7t N\u1ea1 D\u01b0\u1ee1ng Da PDRN\u00a0Colorkey Luminous Facial Mask<\/strong><\/h2>\n<ul>\n<li>Tr\u00e0n \u0111\u1ea7y d\u01b0\u1ee1ng ch\u1ea5t: S\u1eed d\u1ee5ng ch\u1ea5t li\u1ec7u v\u1ea3i tencel \u0111\u1ed3ng \u0111\u1ec1u, gi\u00fap h\u1ea5p th\u1ee5 d\u01b0\u1ee1ng ch\u1ea5t t\u1ed1t h\u01a1n.<\/li>\n<li>Th\u00e2n thi\u1ec7n v\u1edbi da &amp; tho\u00e1ng kh\u00ed: M\u1eb7t n\u1ea1 \u00f4m s\u00e1t da, gi\u00fap da h\u1ea5p th\u1ee5 \u0111\u1ea7y \u0111\u1ee7 \u0111\u1ed9 \u1ea9m.<\/li>\n<li>Thi\u1ebft k\u1ebf c\u1eaft 3D: M\u1eb7t n\u1ea1 \u00f4m v\u1eeba kh\u00edt khu\u00f4n m\u1eb7t, ph\u00f9 h\u1ee3p v\u1edbi h\u1ea7u h\u1ebft d\u00e1ng m\u1eb7t.<\/li>\n<\/ul>\n<div>\n<p><strong>3.1\u00a0M\u1eb7t N\u1ea1 H\u1ed7 Tr\u1ee3 C\u1ea5p \u1ea8m, S\u0103n Ch\u1eafc Da, Ph\u1ee5c H\u1ed3i Da Colorkey Luminous Algae PDRN Youth-Boosting Facial Mask#\u00a0Chi\u1ebft Xu\u1ea5t T\u1ea3o Bi\u1ec3n\u00a0(M\u00e0u Xanh L\u00e1)<\/strong><\/p>\n<ul>\n<li>Chi\u1ebft xu\u1ea5t t\u1ea3o bi\u1ec3n PDRN gi\u00fap h\u1ed7 tr\u1ee3 ph\u1ee5c h\u1ed3i da<\/li>\n<li>4X Chi\u1ebft xu\u1ea5t rau m\u00e1 gi\u00fap h\u1ed7 tr\u1ee3 l\u00e0m d\u1ecbu l\u00e0n da<\/li>\n<li>Colllagen thu\u1ea7n chay gi\u00fap h\u1ed7 tr\u1ee3 c\u1ea3i thi\u1ec7n n\u1ebfp nh\u0103n, c\u1ea3i thi\u1ec7n \u0111\u1ed9 \u0111\u00e0n h\u1ed3i c\u1ee7a da<\/li>\n<\/ul>\n<p><img decoding=\"async\" src=\"https:\/\/cdn.hstatic.net\/files\/1000006063\/file\/h4_ab66d7fa083640559966e403dcdca6ef.jpg\" alt=\"M\u1eb7t N\u1ea1 Colorkey D\u01b0\u1ee1ng Da PDRN H\u1ed7 Tr\u1ee3 D\u01b0\u1ee1ng \u1ea8m, C\u0103ng B\u00f3ng Da Luminous Facial Mask 25ml\" \/><\/p>\n<p><strong>3.2 M\u1eb7t N\u1ea1 H\u1ed7 Tr\u1ee3 D\u01b0\u1ee1ng S\u00e1ng Da, Ng\u0103n Ng\u1eeba Oxy H\u00f3a\u00a0Colorkey Luminous Pomegranate PDRN Glow-Boosting Facial Mask #Chi\u1ebft xu\u1ea5t L\u1ef1u \u0110\u1ecf (M\u00e0u \u0110\u1ecf)<\/strong><\/p>\n<ul>\n<li>Chi\u1ebft xu\u1ea5t L\u1ef1u \u0110\u1ecf PDRN gi\u00fap h\u1ed7 tr\u1ee3 t\u0103ng c\u01b0\u1eddng v\u1ebb r\u1ea1ng r\u1ee1, t\u01b0\u01a1i t\u1eafn c\u1ee7a l\u00e0n da<\/li>\n<li>Arbuin gi\u00fap da s\u00e1ng v\u00e0 \u0111\u1ec1u m\u00e0u h\u01a1n, h\u1ed7 tr\u1ee3 \u1ee9c ch\u1ebf qu\u00e1 tr\u00ecnh s\u1ea3n sinh melanin<\/li>\n<li>Vitamin B12 (VB12): H\u1ed7 tr\u1ee3 ph\u1ee5c h\u1ed3i v\u00e0 l\u00e0m m\u1edd v\u1ebft th\u00e2m<\/li>\n<\/ul>\n<p><img decoding=\"async\" src=\"https:\/\/cdn.hstatic.net\/files\/1000006063\/file\/h2_1b5d9478e77549c5af92dbe0ff1b36e3.jpg\" alt=\"M\u1eb7t N\u1ea1 Colorkey D\u01b0\u1ee1ng Da PDRN H\u1ed7 Tr\u1ee3 D\u01b0\u1ee1ng \u1ea8m, C\u0103ng B\u00f3ng Da Luminous Facial Mask 25ml\" \/><\/p>\n<p><strong>3.3\u00a0M\u1eb7t N\u1ea1 H\u1ed7 Tr\u1ee3 C\u1ea5p \u1ea8m, D\u01b0\u1ee1ng S\u00e1ng \u00a0Colorkey Luminous Rice PDRN Tone Up Facial Mask #Chi\u1ebft xu\u1ea5t G\u1ea1o (M\u00e0u V\u00e0ng)<\/strong><\/p>\n<ul>\n<li>Chi\u1ebft xu\u1ea5t G\u1ea1o\u00a0PDRN gi\u00fap h\u1ed7 tr\u1ee3 t\u0103ng sinh collagen t\u1ef1 nhi\u00ean cho da c\u0103ng m\u01b0\u1edbt, \u0111\u00e0n h\u1ed3i<\/li>\n<li>Tinh ch\u1ea5t 377 gi\u00fap c\u1ea3i thi\u1ec7n v\u00e0 l\u00e0m \u0111\u1ec1u m\u00e0u da nh\u1edd kh\u1ea3 n\u0103ng \u1ee9c ch\u1ebf qu\u00e1 tr\u00ecnh h\u00ecnh th\u00e0nh melanin<\/li>\n<li>Vitamin C gi\u00fap h\u1ed7 tr\u1ee3 l\u00e0m m\u1edd c\u00e1c v\u1ebft th\u00e2m, h\u1ed7 tr\u1ee3 d\u01b0\u1ee1ng s\u00e1ng da.<\/li>\n<\/ul>\n<p><img decoding=\"async\" src=\"https:\/\/cdn.hstatic.net\/files\/1000006063\/file\/h3_52d61240fc2745b9836d38f9a3ee91f0.jpg\" alt=\"M\u1eb7t N\u1ea1 Colorkey D\u01b0\u1ee1ng Da PDRN H\u1ed7 Tr\u1ee3 D\u01b0\u1ee1ng \u1ea8m, C\u0103ng B\u00f3ng Da Luminous Facial Mask 25ml\" \/><\/p>\n<p><strong>3.4\u00a0M\u1eb7t N\u1ea1 H\u1ed7 Tr\u1ee3 D\u01b0\u1ee1ng \u1ea8m, L\u00e0m D\u1ecbu, H\u1ed7 Tr\u1ee3 Ph\u1ee5c H\u1ed3i Da\u00a0Colorkey Luminous Blueberry PDRN Drink Up Facial Mask #Chi\u1ebft xu\u1ea5t Vi\u1ec7t Qu\u1ea5t (M\u00e0u xanh d\u01b0\u01a1ng)<\/strong><\/p>\n<ul>\n<li>Chi\u1ebft xu\u1ea5t Vi\u1ebft Qu\u1ea5t\u00a0\u00a0PDRN gi\u00fap h\u1ed7 tr\u1ee3 th\u00fac \u0111\u1ea9y qu\u00e1 tr\u00ecnh c\u1ea5p \u1ea9m t\u1eeb b\u00ean trong<\/li>\n<li>8D HA: V\u1edbi c\u00f4ng ngh\u1ec7 th\u1ea9m th\u1ea5u 8 t\u1ea7ng h\u1ed7 tr\u1ee3 c\u1ea5p \u1ea9m v\u00e0 kh\u00f3a \u1ea9m l\u00e2u d\u00e0i<\/li>\n<li>5X Ceramide v\u1edbi 5 t\u1ea7ng ph\u1ee5c h\u1ed3i h\u1ed7 tr\u1ee3 t\u0103ng c\u01b0\u1eddng h\u00e0ng r\u00e0o b\u1ea3o v\u1ec7 da<\/li>\n<\/ul>\n<p><img decoding=\"async\" src=\"https:\/\/cdn.hstatic.net\/files\/1000006063\/file\/h5_ff55ed56402a495b9941a2071746d6fd.jpg\" alt=\"M\u1eb7t N\u1ea1 Colorkey D\u01b0\u1ee1ng Da PDRN H\u1ed7 Tr\u1ee3 D\u01b0\u1ee1ng \u1ea8m, C\u0103ng B\u00f3ng Da Luminous Facial Mask 25ml\" \/><\/p>\n<p>4. \u0110\u1ed1i t\u01b0\u1ee3ng khuy\u00ean d\u00f9ng:<\/p>\n<ul>\n<li>D\u00e0nh cho m\u1ecdi lo\u1ea1i da, k\u1ec3 c\u1ea3 da nh\u1ea1y c\u1ea3m<\/li>\n<\/ul>\n<\/div>\n<h2><strong>4. C\u00e1ch b\u1ea3o qu\u1ea3n<\/strong><\/h2>\n<ul>\n<li>Tr\u00e1nh \u00e1nh n\u1eafng tr\u1ef1c ti\u1ebfp.<\/li>\n<li>\u0110\u1ec3 n\u01a1i kh\u00f4 r\u00e1o, tho\u00e1ng m\u00e1t.<\/li>\n<li>\u0110\u1eady n\u1eafp k\u00edn sau khi s\u1eed d\u1ee5ng.<\/li>\n<\/ul>\n<h2><strong>5. H\u01b0\u1edbng d\u1eabn s\u1eed d\u1ee5ng<\/strong><\/h2>\n<ul>\n<li>L\u00e0m s\u1ea1ch da m\u1eb7t: Sau khi r\u1eeda m\u1eb7t, m\u1edf bao b\u00ec, l\u1ea5y v\u00e0 m\u1edf m\u1eb7t n\u1ea1 ra;<\/li>\n<li>\u0110\u1eafp l\u00ean da: Tr\u00e1nh v\u00f9ng m\u1eaft, \u0111\u1eafp m\u1eb7t n\u1ea1 l\u00ean to\u00e0n b\u1ed9 khu\u00f4n m\u1eb7t;<\/li>\n<li>\u0110i\u1ec1u ch\u1ec9nh v\u1ecb tr\u00ed c\u1ee7a m\u1eb7t n\u1ea1: \u0110i\u1ec1u ch\u1ec9nh m\u1eb7t n\u1ea1 \u1edf khu v\u1ef1c m\u00f4i v\u00e0 m\u0169i \u0111\u1ec3 \u00f4m s\u00e1t h\u01a1n;<\/li>\n<li>Th\u00e1o m\u1eb7t n\u1ea1: \u0110\u1eafp m\u1eb7t n\u1ea1 15 &#8211; 20 ph\u00fat, sau \u0111\u00f3 th\u00e1o m\u1eb7t n\u1ea1 ra. C\u00f3 th\u1ec3 r\u1eeda l\u1ea1i v\u1edbi n\u01b0\u1edbc ho\u1eb7c kh\u00f4ng, t\u00f9y theo nhu c\u1ea7u c\u00e1 nh\u00e2n.<\/li>\n<\/ul>\n<p><img decoding=\"async\" src=\"https:\/\/cdn.hstatic.net\/files\/1000006063\/file\/h6_4458eb2826f44e1b84d2ee2b2df805f7.jpg\" alt=\"M\u1eb7t N\u1ea1 Colorkey D\u01b0\u1ee1ng Da PDRN H\u1ed7 Tr\u1ee3 D\u01b0\u1ee1ng \u1ea8m, C\u0103ng B\u00f3ng Da Luminous Facial Mask 25ml\" \/><\/p>\n<h2><strong>6. Nh\u1eefng l\u01b0u \u00fd khi d\u00f9ng m\u1eb7t n\u1ea1<\/strong><\/h2>\n<ul>\n<li>T\u00e1c d\u1ee5ng c\u1ee7a s\u1ea3n ph\u1ea9m s\u1ebd kh\u00e1c nhau t\u00f9y v\u00e0o c\u01a1 \u0111\u1ecba c\u1ee7a m\u1ed7i ng\u01b0\u1eddi. V\u1edbi l\u00e0n da nh\u1ea1y c\u1ea3m b\u1ea1n n\u00ean th\u1eed s\u1ea3n ph\u1ea9m \u1edf m\u1ed9t v\u00f9ng nh\u1ecf tr\u01b0\u1edbc khi s\u1eed d\u1ee5ng cho to\u00e0n khu\u00f4n m\u1eb7t.<\/li>\n<\/ul>\n<p><img decoding=\"async\" src=\"https:\/\/cdn.hstatic.net\/files\/1000006063\/file\/h_n_s__d_ng_7f2f689c47704a23820aa21a647af2b2.jpg\" alt=\"M\u1eb7t N\u1ea1 Colorkey D\u01b0\u1ee1ng Da PDRN H\u1ed7 Tr\u1ee3 D\u01b0\u1ee1ng \u1ea8m, C\u0103ng B\u00f3ng Da Luminous Facial Mask 25ml\" \/><\/p>\n<\/div>\n<\/div>\n","protected":false},"excerpt":{"rendered":"<p>Chi ti\u1ebft s\u1ea3n ph\u1ea9m T\u00ean s\u1ea3n ph\u1ea9m:\u00a0M\u1eb7t N\u1ea1 D\u01b0\u1ee1ng Da PDRN H\u1ed7 Tr\u1ee3 D\u01b0\u1ee1ng \u1ea8m, C\u0103ng B\u00f3ng Da Colorkey Luminous Facial Mask 25ml Dung t\u00edch:\u00a025ml\/1 mi\u1ebfng Th\u01b0\u01a1ng hi\u1ec7u:\u00a0Colorkey\u00a0(Trung Qu\u1ed1c) H\u1ea1n s\u1eed d\u1ee5ng:\u00a03 n\u0103m k\u1ec3 t\u1eeb ng\u00e0y s\u1ea3n xu\u1ea5t\/NSX xem tr\u00ean bao b\u00ec s\u1ea3n ph\u1ea9m 1. Th\u00f4ng tin s\u1ea3n ph\u1ea9m M\u1eb7t N\u1ea1 D\u01b0\u1ee1ng Da PDRN H\u1ed7 [&#8230;]\n","protected":false},"featured_media":306,"comment_status":"open","ping_status":"closed","template":"","meta":[],"product_brand":[32],"product_cat":[31],"product_tag":[],"class_list":{"0":"post-305","1":"product","2":"type-product","3":"status-publish","4":"has-post-thumbnail","6":"product_brand-colorkey","7":"product_cat-mat-na-mieng","9":"first","10":"instock","11":"sale","12":"shipping-taxable","13":"purchasable","14":"product-type-variable"},"yoast_head":"<!-- This site is optimized with the Yoast SEO plugin v27.1.1 - https:\/\/yoast.com\/product\/yoast-seo-wordpress\/ -->\n<title>M\u1eb7t N\u1ea1 Colorkey D\u01b0\u1ee1ng Da PDRN H\u1ed7 Tr\u1ee3 D\u01b0\u1ee1ng \u1ea8m, C\u0103ng B\u00f3ng Da Luminous Facial Mask 25ml - myphamphake<\/title>\n<meta name=\"robots\" content=\"index, follow, max-snippet:-1, max-image-preview:large, max-video-preview:-1\" \/>\n<link rel=\"canonical\" href=\"https:\/\/myphamphake.azdigi.shop\/index.php\/product\/mat-na-colorkey-duong-da-pdrn-ho-tro-duong-am-cang-bong-da-luminous-facial-mask-25ml\/\" \/>\n<meta property=\"og:locale\" content=\"vi_VN\" \/>\n<meta property=\"og:type\" content=\"article\" \/>\n<meta property=\"og:title\" content=\"M\u1eb7t N\u1ea1 Colorkey D\u01b0\u1ee1ng Da PDRN H\u1ed7 Tr\u1ee3 D\u01b0\u1ee1ng \u1ea8m, C\u0103ng B\u00f3ng Da Luminous Facial Mask 25ml - myphamphake\" \/>\n<meta property=\"og:description\" content=\"Chi ti\u1ebft s\u1ea3n ph\u1ea9m T\u00ean s\u1ea3n ph\u1ea9m:\u00a0M\u1eb7t N\u1ea1 D\u01b0\u1ee1ng Da PDRN H\u1ed7 Tr\u1ee3 D\u01b0\u1ee1ng \u1ea8m, C\u0103ng B\u00f3ng Da Colorkey Luminous Facial Mask 25ml Dung t\u00edch:\u00a025ml\/1 mi\u1ebfng Th\u01b0\u01a1ng hi\u1ec7u:\u00a0Colorkey\u00a0(Trung Qu\u1ed1c) H\u1ea1n s\u1eed d\u1ee5ng:\u00a03 n\u0103m k\u1ec3 t\u1eeb ng\u00e0y s\u1ea3n xu\u1ea5t\/NSX xem tr\u00ean bao b\u00ec s\u1ea3n ph\u1ea9m 1. Th\u00f4ng tin s\u1ea3n ph\u1ea9m M\u1eb7t N\u1ea1 D\u01b0\u1ee1ng Da PDRN H\u1ed7 [...]\" \/>\n<meta property=\"og:url\" content=\"https:\/\/myphamphake.azdigi.shop\/index.php\/product\/mat-na-colorkey-duong-da-pdrn-ho-tro-duong-am-cang-bong-da-luminous-facial-mask-25ml\/\" \/>\n<meta property=\"og:site_name\" content=\"myphamphake\" \/>\n<meta property=\"article:modified_time\" content=\"2026-04-03T06:38:56+00:00\" \/>\n<meta property=\"og:image\" content=\"https:\/\/myphamphake.azdigi.shop\/wp-content\/uploads\/2026\/04\/colorkey_mask_bac8e66bc71046a1a00eabee06e8cec8_1024x1024.jpg\" \/>\n\t<meta property=\"og:image:width\" content=\"800\" \/>\n\t<meta property=\"og:image:height\" content=\"800\" \/>\n\t<meta property=\"og:image:type\" content=\"image\/jpeg\" \/>\n<meta name=\"twitter:card\" content=\"summary_large_image\" \/>\n<meta name=\"twitter:label1\" content=\"\u01af\u1edbc t\u00ednh th\u1eddi gian \u0111\u1ecdc\" \/>\n\t<meta name=\"twitter:data1\" content=\"7 ph\u00fat\" \/>\n<script type=\"application\/ld+json\" class=\"yoast-schema-graph\">{\"@context\":\"https:\/\/schema.org\",\"@graph\":[{\"@type\":\"WebPage\",\"@id\":\"https:\/\/myphamphake.azdigi.shop\/index.php\/product\/mat-na-colorkey-duong-da-pdrn-ho-tro-duong-am-cang-bong-da-luminous-facial-mask-25ml\/\",\"url\":\"https:\/\/myphamphake.azdigi.shop\/index.php\/product\/mat-na-colorkey-duong-da-pdrn-ho-tro-duong-am-cang-bong-da-luminous-facial-mask-25ml\/\",\"name\":\"M\u1eb7t N\u1ea1 Colorkey D\u01b0\u1ee1ng Da PDRN H\u1ed7 Tr\u1ee3 D\u01b0\u1ee1ng \u1ea8m, C\u0103ng B\u00f3ng Da Luminous Facial Mask 25ml - myphamphake\",\"isPartOf\":{\"@id\":\"https:\/\/myphamphake.azdigi.shop\/#website\"},\"primaryImageOfPage\":{\"@id\":\"https:\/\/myphamphake.azdigi.shop\/index.php\/product\/mat-na-colorkey-duong-da-pdrn-ho-tro-duong-am-cang-bong-da-luminous-facial-mask-25ml\/#primaryimage\"},\"image\":{\"@id\":\"https:\/\/myphamphake.azdigi.shop\/index.php\/product\/mat-na-colorkey-duong-da-pdrn-ho-tro-duong-am-cang-bong-da-luminous-facial-mask-25ml\/#primaryimage\"},\"thumbnailUrl\":\"https:\/\/myphamphake.azdigi.shop\/wp-content\/uploads\/2026\/04\/colorkey_mask_bac8e66bc71046a1a00eabee06e8cec8_1024x1024.jpg\",\"datePublished\":\"2026-04-03T06:38:26+00:00\",\"dateModified\":\"2026-04-03T06:38:56+00:00\",\"breadcrumb\":{\"@id\":\"https:\/\/myphamphake.azdigi.shop\/index.php\/product\/mat-na-colorkey-duong-da-pdrn-ho-tro-duong-am-cang-bong-da-luminous-facial-mask-25ml\/#breadcrumb\"},\"inLanguage\":\"vi\",\"potentialAction\":[{\"@type\":\"ReadAction\",\"target\":[\"https:\/\/myphamphake.azdigi.shop\/index.php\/product\/mat-na-colorkey-duong-da-pdrn-ho-tro-duong-am-cang-bong-da-luminous-facial-mask-25ml\/\"]}]},{\"@type\":\"ImageObject\",\"inLanguage\":\"vi\",\"@id\":\"https:\/\/myphamphake.azdigi.shop\/index.php\/product\/mat-na-colorkey-duong-da-pdrn-ho-tro-duong-am-cang-bong-da-luminous-facial-mask-25ml\/#primaryimage\",\"url\":\"https:\/\/myphamphake.azdigi.shop\/wp-content\/uploads\/2026\/04\/colorkey_mask_bac8e66bc71046a1a00eabee06e8cec8_1024x1024.jpg\",\"contentUrl\":\"https:\/\/myphamphake.azdigi.shop\/wp-content\/uploads\/2026\/04\/colorkey_mask_bac8e66bc71046a1a00eabee06e8cec8_1024x1024.jpg\",\"width\":800,\"height\":800},{\"@type\":\"BreadcrumbList\",\"@id\":\"https:\/\/myphamphake.azdigi.shop\/index.php\/product\/mat-na-colorkey-duong-da-pdrn-ho-tro-duong-am-cang-bong-da-luminous-facial-mask-25ml\/#breadcrumb\",\"itemListElement\":[{\"@type\":\"ListItem\",\"position\":1,\"name\":\"Home\",\"item\":\"https:\/\/myphamphake.azdigi.shop\/\"},{\"@type\":\"ListItem\",\"position\":2,\"name\":\"Shop\",\"item\":\"https:\/\/myphamphake.azdigi.shop\/index.php\/shop\/\"},{\"@type\":\"ListItem\",\"position\":3,\"name\":\"M\u1eb7t N\u1ea1 Colorkey D\u01b0\u1ee1ng Da PDRN H\u1ed7 Tr\u1ee3 D\u01b0\u1ee1ng \u1ea8m, C\u0103ng B\u00f3ng Da Luminous Facial Mask 25ml\"}]},{\"@type\":\"WebSite\",\"@id\":\"https:\/\/myphamphake.azdigi.shop\/#website\",\"url\":\"https:\/\/myphamphake.azdigi.shop\/\",\"name\":\"myphamphake\",\"description\":\"\",\"potentialAction\":[{\"@type\":\"SearchAction\",\"target\":{\"@type\":\"EntryPoint\",\"urlTemplate\":\"https:\/\/myphamphake.azdigi.shop\/?s={search_term_string}\"},\"query-input\":{\"@type\":\"PropertyValueSpecification\",\"valueRequired\":true,\"valueName\":\"search_term_string\"}}],\"inLanguage\":\"vi\"}]}<\/script>\n<!-- \/ Yoast SEO plugin. -->","yoast_head_json":{"title":"M\u1eb7t N\u1ea1 Colorkey D\u01b0\u1ee1ng Da PDRN H\u1ed7 Tr\u1ee3 D\u01b0\u1ee1ng \u1ea8m, C\u0103ng B\u00f3ng Da Luminous Facial Mask 25ml - myphamphake","robots":{"index":"index","follow":"follow","max-snippet":"max-snippet:-1","max-image-preview":"max-image-preview:large","max-video-preview":"max-video-preview:-1"},"canonical":"https:\/\/myphamphake.azdigi.shop\/index.php\/product\/mat-na-colorkey-duong-da-pdrn-ho-tro-duong-am-cang-bong-da-luminous-facial-mask-25ml\/","og_locale":"vi_VN","og_type":"article","og_title":"M\u1eb7t N\u1ea1 Colorkey D\u01b0\u1ee1ng Da PDRN H\u1ed7 Tr\u1ee3 D\u01b0\u1ee1ng \u1ea8m, C\u0103ng B\u00f3ng Da Luminous Facial Mask 25ml - myphamphake","og_description":"Chi ti\u1ebft s\u1ea3n ph\u1ea9m T\u00ean s\u1ea3n ph\u1ea9m:\u00a0M\u1eb7t N\u1ea1 D\u01b0\u1ee1ng Da PDRN H\u1ed7 Tr\u1ee3 D\u01b0\u1ee1ng \u1ea8m, C\u0103ng B\u00f3ng Da Colorkey Luminous Facial Mask 25ml Dung t\u00edch:\u00a025ml\/1 mi\u1ebfng Th\u01b0\u01a1ng hi\u1ec7u:\u00a0Colorkey\u00a0(Trung Qu\u1ed1c) H\u1ea1n s\u1eed d\u1ee5ng:\u00a03 n\u0103m k\u1ec3 t\u1eeb ng\u00e0y s\u1ea3n xu\u1ea5t\/NSX xem tr\u00ean bao b\u00ec s\u1ea3n ph\u1ea9m 1. Th\u00f4ng tin s\u1ea3n ph\u1ea9m M\u1eb7t N\u1ea1 D\u01b0\u1ee1ng Da PDRN H\u1ed7 [...]","og_url":"https:\/\/myphamphake.azdigi.shop\/index.php\/product\/mat-na-colorkey-duong-da-pdrn-ho-tro-duong-am-cang-bong-da-luminous-facial-mask-25ml\/","og_site_name":"myphamphake","article_modified_time":"2026-04-03T06:38:56+00:00","og_image":[{"width":800,"height":800,"url":"https:\/\/myphamphake.azdigi.shop\/wp-content\/uploads\/2026\/04\/colorkey_mask_bac8e66bc71046a1a00eabee06e8cec8_1024x1024.jpg","type":"image\/jpeg"}],"twitter_card":"summary_large_image","twitter_misc":{"\u01af\u1edbc t\u00ednh th\u1eddi gian \u0111\u1ecdc":"7 ph\u00fat"},"schema":{"@context":"https:\/\/schema.org","@graph":[{"@type":"WebPage","@id":"https:\/\/myphamphake.azdigi.shop\/index.php\/product\/mat-na-colorkey-duong-da-pdrn-ho-tro-duong-am-cang-bong-da-luminous-facial-mask-25ml\/","url":"https:\/\/myphamphake.azdigi.shop\/index.php\/product\/mat-na-colorkey-duong-da-pdrn-ho-tro-duong-am-cang-bong-da-luminous-facial-mask-25ml\/","name":"M\u1eb7t N\u1ea1 Colorkey D\u01b0\u1ee1ng Da PDRN H\u1ed7 Tr\u1ee3 D\u01b0\u1ee1ng \u1ea8m, C\u0103ng B\u00f3ng Da Luminous Facial Mask 25ml - myphamphake","isPartOf":{"@id":"https:\/\/myphamphake.azdigi.shop\/#website"},"primaryImageOfPage":{"@id":"https:\/\/myphamphake.azdigi.shop\/index.php\/product\/mat-na-colorkey-duong-da-pdrn-ho-tro-duong-am-cang-bong-da-luminous-facial-mask-25ml\/#primaryimage"},"image":{"@id":"https:\/\/myphamphake.azdigi.shop\/index.php\/product\/mat-na-colorkey-duong-da-pdrn-ho-tro-duong-am-cang-bong-da-luminous-facial-mask-25ml\/#primaryimage"},"thumbnailUrl":"https:\/\/myphamphake.azdigi.shop\/wp-content\/uploads\/2026\/04\/colorkey_mask_bac8e66bc71046a1a00eabee06e8cec8_1024x1024.jpg","datePublished":"2026-04-03T06:38:26+00:00","dateModified":"2026-04-03T06:38:56+00:00","breadcrumb":{"@id":"https:\/\/myphamphake.azdigi.shop\/index.php\/product\/mat-na-colorkey-duong-da-pdrn-ho-tro-duong-am-cang-bong-da-luminous-facial-mask-25ml\/#breadcrumb"},"inLanguage":"vi","potentialAction":[{"@type":"ReadAction","target":["https:\/\/myphamphake.azdigi.shop\/index.php\/product\/mat-na-colorkey-duong-da-pdrn-ho-tro-duong-am-cang-bong-da-luminous-facial-mask-25ml\/"]}]},{"@type":"ImageObject","inLanguage":"vi","@id":"https:\/\/myphamphake.azdigi.shop\/index.php\/product\/mat-na-colorkey-duong-da-pdrn-ho-tro-duong-am-cang-bong-da-luminous-facial-mask-25ml\/#primaryimage","url":"https:\/\/myphamphake.azdigi.shop\/wp-content\/uploads\/2026\/04\/colorkey_mask_bac8e66bc71046a1a00eabee06e8cec8_1024x1024.jpg","contentUrl":"https:\/\/myphamphake.azdigi.shop\/wp-content\/uploads\/2026\/04\/colorkey_mask_bac8e66bc71046a1a00eabee06e8cec8_1024x1024.jpg","width":800,"height":800},{"@type":"BreadcrumbList","@id":"https:\/\/myphamphake.azdigi.shop\/index.php\/product\/mat-na-colorkey-duong-da-pdrn-ho-tro-duong-am-cang-bong-da-luminous-facial-mask-25ml\/#breadcrumb","itemListElement":[{"@type":"ListItem","position":1,"name":"Home","item":"https:\/\/myphamphake.azdigi.shop\/"},{"@type":"ListItem","position":2,"name":"Shop","item":"https:\/\/myphamphake.azdigi.shop\/index.php\/shop\/"},{"@type":"ListItem","position":3,"name":"M\u1eb7t N\u1ea1 Colorkey D\u01b0\u1ee1ng Da PDRN H\u1ed7 Tr\u1ee3 D\u01b0\u1ee1ng \u1ea8m, C\u0103ng B\u00f3ng Da Luminous Facial Mask 25ml"}]},{"@type":"WebSite","@id":"https:\/\/myphamphake.azdigi.shop\/#website","url":"https:\/\/myphamphake.azdigi.shop\/","name":"myphamphake","description":"","potentialAction":[{"@type":"SearchAction","target":{"@type":"EntryPoint","urlTemplate":"https:\/\/myphamphake.azdigi.shop\/?s={search_term_string}"},"query-input":{"@type":"PropertyValueSpecification","valueRequired":true,"valueName":"search_term_string"}}],"inLanguage":"vi"}]}},"_links":{"self":[{"href":"https:\/\/myphamphake.azdigi.shop\/index.php\/wp-json\/wp\/v2\/product\/305","targetHints":{"allow":["GET"]}}],"collection":[{"href":"https:\/\/myphamphake.azdigi.shop\/index.php\/wp-json\/wp\/v2\/product"}],"about":[{"href":"https:\/\/myphamphake.azdigi.shop\/index.php\/wp-json\/wp\/v2\/types\/product"}],"replies":[{"embeddable":true,"href":"https:\/\/myphamphake.azdigi.shop\/index.php\/wp-json\/wp\/v2\/comments?post=305"}],"wp:featuredmedia":[{"embeddable":true,"href":"https:\/\/myphamphake.azdigi.shop\/index.php\/wp-json\/wp\/v2\/media\/306"}],"wp:attachment":[{"href":"https:\/\/myphamphake.azdigi.shop\/index.php\/wp-json\/wp\/v2\/media?parent=305"}],"wp:term":[{"taxonomy":"product_brand","embeddable":true,"href":"https:\/\/myphamphake.azdigi.shop\/index.php\/wp-json\/wp\/v2\/product_brand?post=305"},{"taxonomy":"product_cat","embeddable":true,"href":"https:\/\/myphamphake.azdigi.shop\/index.php\/wp-json\/wp\/v2\/product_cat?post=305"},{"taxonomy":"product_tag","embeddable":true,"href":"https:\/\/myphamphake.azdigi.shop\/index.php\/wp-json\/wp\/v2\/product_tag?post=305"}],"curies":[{"name":"wp","href":"https:\/\/api.w.org\/{rel}","templated":true}]}}