{"id":362,"date":"2026-04-04T13:07:52","date_gmt":"2026-04-04T13:07:52","guid":{"rendered":"https:\/\/myphamphake.azdigi.shop\/?post_type=product&#038;p=362"},"modified":"2026-04-11T15:04:07","modified_gmt":"2026-04-11T15:04:07","slug":"kem-chong-nang-the-saem-kiem-dau-nang-tone-cho-da-sang-hong-pink-sun-cream-ex-spf50-pa","status":"publish","type":"product","link":"https:\/\/myphamphake.azdigi.shop\/index.php\/product\/kem-chong-nang-the-saem-kiem-dau-nang-tone-cho-da-sang-hong-pink-sun-cream-ex-spf50-pa\/","title":{"rendered":"[50g] Kem Ch\u1ed1ng N\u1eafng The Saem Ki\u1ec1m D\u1ea7u, N\u00e2ng Tone Cho Da S\u00e1ng H\u1ed3ng Pink Sun Cream EX SPF50+\/PA++++"},"content":{"rendered":"<div class=\"product-section-title\">\n<h2>Chi ti\u1ebft s\u1ea3n ph\u1ea9m<\/h2>\n<\/div>\n<div class=\"page-product-description-detail-wrap expanded\">\n<div class=\"page-product-description-detail\">\n<ul>\n<li><strong>T\u00ean s\u1ea3n ph\u1ea9m:<\/strong>\u00a0The Saem Pink Sun Cream EX SPF50+\/PA++++<\/li>\n<li><strong>C\u00f4ng d\u1ee5ng ch\u00ednh:<\/strong>\u00a0Ch\u1ed1ng n\u1eafng<\/li>\n<li><strong>Dung t\u00edch:<\/strong>\u00a050g<\/li>\n<li><strong>Th\u01b0\u01a1ng hi\u1ec7u:<\/strong>\u00a0The Saem (H\u00e0n Qu\u1ed1c)<\/li>\n<li><strong>N\u01a1i s\u1ea3n xu\u1ea5t:<\/strong>\u00a0H\u00e0n Qu\u1ed1c<\/li>\n<li><strong>H\u1ea1n s\u1eed d\u1ee5ng:<\/strong>\u00a03 n\u0103m k\u1ec3 t\u1eeb ng\u00e0y s\u1ea3n xu\u1ea5t in tr\u00ean bao b\u00ec &#8211; 12 th\u00e1ng sau khi m\u1edf n\u1eafp<\/li>\n<\/ul>\n<h2><strong>1. Th\u00f4ng tin s\u1ea3n ph\u1ea9m<\/strong><\/h2>\n<p><strong>Kem Ch\u1ed1ng N\u1eafng Ki\u1ec1m D\u1ea7u, N\u00e2ng Tone Cho Da S\u00e1ng H\u1ed3ng\u00a0<\/strong><strong>The Saem Pink Sun Cream\u00a0EX\u00a0SPF50+\/PA++++<\/strong>\u00a0v\u1edbi c\u00f4ng th\u1ee9c\u00a0<strong>kem ch\u1ed1ng n\u1eafng<\/strong>\u00a0thu\u1ed9c th\u01b0\u01a1ng hi\u1ec7u\u00a0<strong>The Saem<\/strong>.\u00a0Th\u00e0nh ph\u1ea7n b\u1ed9t\u00a0Calamine m\u00e0u h\u1ed3ng c\u00f3 kh\u1ea3 n\u0103ng l\u00e0m d\u1ecbu nh\u1ea1y c\u1ea3m, n\u00e2ng tone,\u00a0ki\u1ec1m d\u1ea7u, b\u1ea3o v\u1ec7 da tho\u1ea3i m\u00e1i tr\u00e1nh tia UV, tia c\u1ef1c t\u00edm.<\/p>\n<p><img decoding=\"async\" src=\"https:\/\/file.hstatic.net\/1000006063\/file\/thesaem_pink_sun_cream_02_027319f008554198a45294cc1872bb41.jpg\" alt=\"[50g] Kem Ch\u1ed1ng N\u1eafng The Saem Ki\u1ec1m D\u1ea7u, N\u00e2ng Tone Cho Da S\u00e1ng H\u1ed3ng Pink Sun Cream EX SPF50+\/PA++++\" \/><\/p>\n<h2><strong>2.\u00a0 \u0110\u1eb7c tr\u01b0ng c\u1ee7a Kem ch\u1ed1ng n\u1eafng The Saem Pink Sun Cream EX SPF50+\/PA++++\u00a0<\/strong><\/h2>\n<p><strong>Kem Ch\u1ed1ng N\u1eafng Ki\u1ec1m D\u1ea7u, N\u00e2ng Tone Cho Da S\u00e1ng H\u1ed3ng The Saem Pink Sun Cream EX SPF50+\/PA++++ (b\u1ea3n th\u01b0\u1eddng)<\/strong>\u00a0hi\u1ec7n nay \u0111\u00e3 c\u00f3 m\u1eb7t t\u1ea1i<strong><a href=\"https:\/\/myphamphake.azdigi.shop\/\"> MyPhamPhake<\/a>\u00a0<\/strong>v\u1edbi nh\u1eefng \u0111\u1eb7c tr\u01b0ng n\u1ed5i b\u1eadt sau:<\/p>\n<ul>\n<li>V\u1edbi c\u00f4ng th\u1ee9c ch\u1ee9a \u0111\u1ea5t s\u00e9t h\u1ed3ng (Calamine Powder) l\u00e0m d\u1ecbu da r\u1ea5t hi\u1ec7u qu\u1ea3, \u0111\u1ed3ng th\u1eddi c\u00f2n gi\u00fap \u0111i\u1ec1u ti\u1ebft d\u1ea7u nh\u1eddn tr\u00ean da gi\u00fap da s\u00e1ng v\u00e0 kh\u1ecfe h\u01a1n, l\u00e0 th\u00e0nh ph\u1ea7n th\u00edch h\u1ee3p s\u1eed d\u1ee5ng cho da m\u1ee5n<\/li>\n<li>Chi\u1ebft xu\u1ea5t c\u00e2y Moringa c\u00f3 t\u00ednh l\u00e0m s\u1ea1ch cao gi\u00fap b\u1ea3o v\u1ec7 da kh\u1ecfi t\u00e1c h\u1ea1i b\u00ean ngo\u00e0i v\u00e0 duy tr\u00ec t\u00ecnh tr\u1ea1ng da kh\u1ecfe m\u1ea1nh, t\u01b0\u01a1i m\u1edbi<\/li>\n<li>Chi\u1ebft xu\u1ea5t t\u1eeb c\u00e2y Maca ch\u1ee9a r\u1ea5t nhi\u1ec1u vitamin C, D v\u00e0 E gi\u00fap t\u0103ng l\u01b0\u1ee3ng collagen v\u00e0 ch\u1ed1ng l\u1ea1i c\u00e1c g\u1ed1c t\u1ef1 do c\u00f3 th\u1ec3 g\u00e2y ra m\u1ecdi t\u1ed5n th\u01b0\u01a1ng da, nh\u1ea5t l\u00e0 t\u00e1c h\u1ea1i t\u1eeb \u00e1nh n\u1eafng m\u1eb7t tr\u1eddi<\/li>\n<li>Chi\u1ebft xu\u1ea5t Li\u1ec5u Th\u1ea3o M\u1ed9c gi\u00fap l\u00e0m d\u1ecbu da hi\u1ec7u qu\u1ea3 khi da ti\u1ebfp x\u00fac v\u1edbi tia c\u1ef1c t\u00edm<\/li>\n<li>Chi\u1ebft xu\u1ea5t t\u1eeb hoa h\u1ed3ng Rosa Damascena Flower gi\u00fap c\u1ea5p \u1ea9m cho da.<\/li>\n<li>Chi\u1ebft xu\u1ea5t C\u00fac La M\u00e3 gi\u00fap l\u00e0m d\u1ecbu, d\u01b0\u1ee1ng \u1ea9m cho l\u00e0n da \u0111ang ch\u1ecbu k\u00edch \u1ee9ng c\u00f3 t\u00ecnh tr\u1ea1ng vi\u00eam \u0111\u1ecf ho\u1eb7c l\u00e0n da b\u1ecfng n\u1eafng do ti\u1ebfp x\u00fac l\u00e2u d\u01b0\u1edbi \u00e1nh n\u1eafng m\u1eb7t tr\u1eddi.<\/li>\n<li>K\u1ebft c\u1ea5u kem ch\u1ed1ng n\u1eafng \u1ea9m m\u1ecbn, c\u00f3 m\u00e0u \u00e1nh h\u1ed3ng, kem \u1ea9m m\u1ecbn v\u00e0 d\u1ec5 t\u00e1n \u0111\u1ec1u tr\u00ean b\u1ec1 m\u1eb7t da, n\u00e2ng t\u00f4ng da tr\u1eafng h\u1ed3ng t\u1ef1 nhi\u00ean.<\/li>\n<\/ul>\n<div><strong>Kem Ch\u1ed1ng N\u1eafng Ki\u1ec1m D\u1ea7u, N\u00e2ng Tone Cho Da S\u00e1ng H\u1ed3ng The Saem Pink Sun Cream EX SPF50+\/PA++++ (b\u1ea3n m\u1edbi)<\/strong><\/div>\n<ul>\n<li>C\u00f4ng th\u1ee9c Ex c\u00f3 th\u00eam th\u00e0nh ph\u1ea7n l\u00e0m d\u1ecbu da v\u00e0 t\u0103ng c\u01b0\u1eddng kh\u1ea3 n\u0103ng ch\u1ed1ng n\u1eafng.<\/li>\n<li>K\u1ebft c\u1ea5u kem m\u00e0u h\u1ed3ng cam s\u1eefa nh\u1ea1t, c\u00f3 kh\u1ea3 n\u0103ng n\u00e2ng t\u00f4ng d\u1ecbu nh\u1eb9, t\u1ef1 nhi\u00ean h\u01a1n b\u1ea3n c\u0169.<\/li>\n<li>L\u1edbp finish v\u1eabn ki\u1ec1m d\u1ea7u, nh\u01b0ng c\u00f3 \u0111\u1ed9 \u1ea9m nh\u1ea5t \u0111\u1ecbnh, \u0111\u1ec3 l\u1ea1i l\u1edbp finish \u0111\u1eb9p h\u01a1n, khi t\u00e1n kh\u00f4ng b\u1ecb b\u1ec7t tr\u1eafng<\/li>\n<\/ul>\n<p><img decoding=\"async\" src=\"https:\/\/file.hstatic.net\/1000006063\/file\/thay_doi_bao_bi_163ac68f007249e992f6d38f92147450.jpg\" alt=\"[50g] Kem Ch\u1ed1ng N\u1eafng The Saem Ki\u1ec1m D\u1ea7u, N\u00e2ng Tone Cho Da S\u00e1ng H\u1ed3ng Pink Sun Cream EX SPF50+\/PA++++\" \/><\/p>\n<p><img decoding=\"async\" src=\"https:\/\/file.hstatic.net\/1000006063\/file\/download__4__46df13a02641490d838ef2caccff0e3e.jpg\" alt=\"[50g] Kem Ch\u1ed1ng N\u1eafng The Saem Ki\u1ec1m D\u1ea7u, N\u00e2ng Tone Cho Da S\u00e1ng H\u1ed3ng Pink Sun Cream EX SPF50+\/PA++++\" \/><\/p>\n<p><img decoding=\"async\" src=\"https:\/\/file.hstatic.net\/1000006063\/file\/thay_doi_thong_tin_kcn_the_saem_e61edec71344488ab3a41582c2ba062f.jpg\" alt=\"[50g] Kem Ch\u1ed1ng N\u1eafng The Saem Ki\u1ec1m D\u1ea7u, N\u00e2ng Tone Cho Da S\u00e1ng H\u1ed3ng Pink Sun Cream EX SPF50+\/PA++++\" \/><\/p>\n<p><img decoding=\"async\" src=\"https:\/\/file.hstatic.net\/1000006063\/file\/thesaem_pink_sun_cream_03_b2cbf687a9294125807a2e6a8b92e541.jpg\" alt=\"[50g] Kem Ch\u1ed1ng N\u1eafng The Saem Ki\u1ec1m D\u1ea7u, N\u00e2ng Tone Cho Da S\u00e1ng H\u1ed3ng Pink Sun Cream EX SPF50+\/PA++++\" \/><\/p>\n<p><img decoding=\"async\" src=\"https:\/\/file.hstatic.net\/1000006063\/file\/thesaem_pink_sun_cream_06_3c468d0ad9ff4f819c2b8664a6e3f797.jpg\" alt=\"[50g] Kem Ch\u1ed1ng N\u1eafng The Saem Ki\u1ec1m D\u1ea7u, N\u00e2ng Tone Cho Da S\u00e1ng H\u1ed3ng Pink Sun Cream EX SPF50+\/PA++++\" \/><\/p>\n<p><img decoding=\"async\" src=\"https:\/\/file.hstatic.net\/1000006063\/file\/thesaem_pink_sun_cream_05_c01cdbb46bdc4845ab8f7b0c356fcd05.jpg\" alt=\"[50g] Kem Ch\u1ed1ng N\u1eafng The Saem Ki\u1ec1m D\u1ea7u, N\u00e2ng Tone Cho Da S\u00e1ng H\u1ed3ng Pink Sun Cream EX SPF50+\/PA++++\" \/><\/p>\n<p><img decoding=\"async\" src=\"https:\/\/file.hstatic.net\/1000006063\/file\/thesaem_pink_sun_cream_07_9af85c3ac9e14e7eabc466ea4e40a088.jpg\" alt=\"[50g] Kem Ch\u1ed1ng N\u1eafng The Saem Ki\u1ec1m D\u1ea7u, N\u00e2ng Tone Cho Da S\u00e1ng H\u1ed3ng Pink Sun Cream EX SPF50+\/PA++++\" \/><\/p>\n<p><img decoding=\"async\" src=\"https:\/\/file.hstatic.net\/1000006063\/file\/thesaem_pink_sun_cream_04_680f4f0851a341819f6d9adcf33648ea.jpg\" alt=\"[50g] Kem Ch\u1ed1ng N\u1eafng The Saem Ki\u1ec1m D\u1ea7u, N\u00e2ng Tone Cho Da S\u00e1ng H\u1ed3ng Pink Sun Cream EX SPF50+\/PA++++\" \/><\/p>\n<h2><strong>3. \u0110\u1ed1i t\u01b0\u1ee3ng khuy\u00ean d\u00f9ng<\/strong><\/h2>\n<ul>\n<li>D\u00e0nh cho m\u1ecdi lo\u1ea1i da<\/li>\n<li>D\u00e0nh cho l\u00e0n da x\u1ec9n m\u00e0u, kh\u00f4ng \u0111\u1ec1u m\u00e0u<\/li>\n<li>D\u00e0nh cho l\u00e0n da c\u00f3 t\u00ecnh tr\u1ea1ng ti\u1ebft nhi\u1ec1u d\u1ea7u nh\u1eddn<\/li>\n<\/ul>\n<h2><strong>4. C\u00e1ch b\u1ea3o qu\u1ea3n<\/strong><\/h2>\n<ul>\n<li>Tr\u00e1nh \u00e1nh n\u1eafng tr\u1ef1c ti\u1ebfp.<\/li>\n<li>\u0110\u1ec3 n\u01a1i kh\u00f4 r\u00e1o, tho\u00e1ng m\u00e1t.<\/li>\n<li>\u0110\u1eady n\u1eafp k\u00edn sau khi s\u1eed d\u1ee5ng.<\/li>\n<\/ul>\n<h2><strong>5. H\u01b0\u1edbng d\u1eabn s\u1eed d\u1ee5ng<\/strong><\/h2>\n<ul>\n<li>S\u1eed d\u1ee5ng \u1edf b\u01b0\u1edbc cu\u1ed1i c\u00f9ng trong chu tr\u00ecnh ch\u0103m s\u00f3c da, l\u1ea5y m\u1ed9t l\u01b0\u1ee3ng v\u1eeba \u0111\u1ee7 thoa \u0111\u1ec1u l\u00ean da. N\u00ean b\u00f4i t\u1ed1i thi\u1ec3u tr\u01b0\u1edbc 15p khi ra ngo\u00e0i \u0111\u1ec3 kem ch\u1ed1ng n\u1eafng \u1ed5n \u0111\u1ecbnh tr\u00ean da.<\/li>\n<\/ul>\n<p><img decoding=\"async\" src=\"https:\/\/file.hstatic.net\/1000006063\/file\/thesaem_pink_sun_cream_08_214f99e3297745f2821e1d3015ddaf80.jpg\" alt=\"[50g] Kem Ch\u1ed1ng N\u1eafng The Saem Ki\u1ec1m D\u1ea7u, N\u00e2ng Tone Cho Da S\u00e1ng H\u1ed3ng Pink Sun Cream EX SPF50+\/PA++++\" \/><\/p>\n<p><img decoding=\"async\" src=\"https:\/\/file.hstatic.net\/1000006063\/file\/n1_94b3a6349de5431596e21beaf20c91f6_master_06dcb2d9b047426bb5c9668fdecad1fb.jpg\" alt=\"[50g] Kem Ch\u1ed1ng N\u1eafng The Saem Ki\u1ec1m D\u1ea7u, N\u00e2ng Tone Cho Da S\u00e1ng H\u1ed3ng Pink Sun Cream EX SPF50+\/PA++++\" \/><\/p>\n<p><img decoding=\"async\" src=\"https:\/\/file.hstatic.net\/1000006063\/file\/1_de083829f6e84912ac1cc3b483345b3f.jpg\" alt=\"[50g] Kem Ch\u1ed1ng N\u1eafng The Saem Ki\u1ec1m D\u1ea7u, N\u00e2ng Tone Cho Da S\u00e1ng H\u1ed3ng Pink Sun Cream EX SPF50+\/PA++++\" \/><\/p>\n<h2><strong>6. L\u01b0u \u00fd khi s\u1eed d\u1ee5ng<\/strong><\/h2>\n<ul>\n<li>T\u00e1c d\u1ee5ng c\u1ee7a s\u1ea3n ph\u1ea9m s\u1ebd kh\u00e1c nhau t\u00f9y v\u00e0o c\u01a1 \u0111\u1ecba c\u1ee7a m\u1ed7i ng\u01b0\u1eddi. V\u1edbi l\u00e0n da nh\u1ea1y c\u1ea3m b\u1ea1n n\u00ean th\u1eed s\u1ea3n ph\u1ea9m \u1edf m\u1ed9t v\u00f9ng nh\u1ecf tr\u01b0\u1edbc khi s\u1eed d\u1ee5ng cho to\u00e0n khu\u00f4n m\u1eb7t.<\/li>\n<li>Tr\u00e1nh ti\u1ebfp x\u00fac v\u1edbi \u00e1nh n\u1eafng m\u1ea1nh v\u00e0o gi\u1eefa tr\u01b0a, t\u1eeb 10 gi\u1edd s\u00e1ng \u0111\u1ebfn 4 gi\u1edd chi\u1ec1u.<\/li>\n<li>Tr\u00e1nh ti\u1ebfp x\u00fac v\u1edbi m\u1eaft, n\u1ebfu s\u1ea3n ph\u1ea9m d\u00ednh v\u00e0o m\u1eaft, r\u1eeda k\u1ef9 b\u1eb1ng n\u01b0\u1edbc.<\/li>\n<\/ul>\n<h2><strong>7. L\u01b0u \u00fd khi mua h\u00e0ng<\/strong><\/h2>\n<ul>\n<li>\n<h2>Bao b\u00ec thay \u0111\u1ed5i t\u00f9y theo \u0111\u1ee3t nh\u1eadp h\u00e0ng.<\/h2>\n<\/li>\n<\/ul>\n<div>\n<p><img decoding=\"async\" src=\"https:\/\/file.hstatic.net\/1000006063\/file\/han_su_dung_4ce190d33c114a9da185a937291611d5.jpg\" alt=\"[50g] Kem Ch\u1ed1ng N\u1eafng The Saem Ki\u1ec1m D\u1ea7u, N\u00e2ng Tone Cho Da S\u00e1ng H\u1ed3ng Pink Sun Cream EX SPF50+\/PA++++\" \/><\/p>\n<\/div>\n<\/div>\n<\/div>\n","protected":false},"excerpt":{"rendered":"<p>Chi ti\u1ebft s\u1ea3n ph\u1ea9m T\u00ean s\u1ea3n ph\u1ea9m:\u00a0The Saem Pink Sun Cream EX SPF50+\/PA++++ C\u00f4ng d\u1ee5ng ch\u00ednh:\u00a0Ch\u1ed1ng n\u1eafng Dung t\u00edch:\u00a050g Th\u01b0\u01a1ng hi\u1ec7u:\u00a0The Saem (H\u00e0n Qu\u1ed1c) N\u01a1i s\u1ea3n xu\u1ea5t:\u00a0H\u00e0n Qu\u1ed1c H\u1ea1n s\u1eed d\u1ee5ng:\u00a03 n\u0103m k\u1ec3 t\u1eeb ng\u00e0y s\u1ea3n xu\u1ea5t in tr\u00ean bao b\u00ec &#8211; 12 th\u00e1ng sau khi m\u1edf n\u1eafp 1. Th\u00f4ng tin s\u1ea3n ph\u1ea9m Kem Ch\u1ed1ng [&#8230;]\n","protected":false},"featured_media":363,"comment_status":"open","ping_status":"closed","template":"","meta":[],"product_brand":[37],"product_cat":[35,16],"product_tag":[],"class_list":{"0":"post-362","1":"product","2":"type-product","3":"status-publish","4":"has-post-thumbnail","6":"product_brand-the-saem","7":"product_cat-cham-soc-da-mat","8":"product_cat-kem-chong-nang","10":"first","11":"instock","12":"sale","13":"shipping-taxable","14":"purchasable","15":"product-type-variable"},"yoast_head":"<!-- This site is optimized with the Yoast SEO plugin v27.1.1 - https:\/\/yoast.com\/product\/yoast-seo-wordpress\/ -->\n<title>[50g] Kem Ch\u1ed1ng N\u1eafng The Saem Ki\u1ec1m D\u1ea7u, N\u00e2ng Tone Cho Da S\u00e1ng H\u1ed3ng Pink Sun Cream EX SPF50+\/PA++++ - myphamphake<\/title>\n<meta name=\"description\" content=\"Kem Ch\u1ed1ng N\u1eafng Ki\u1ec1m D\u1ea7u, N\u00e2ng Tone Cho Da S\u00e1ng H\u1ed3ng The Saem Pink Sun Cream EX SPF50+\/PA++++ v\u1edbi c\u00f4ng th\u1ee9c kem ch\u1ed1ng n\u1eafng thu\u1ed9c th\u01b0\u01a1ng hi\u1ec7u The Saem\" \/>\n<meta name=\"robots\" content=\"index, follow, max-snippet:-1, max-image-preview:large, max-video-preview:-1\" \/>\n<link rel=\"canonical\" href=\"https:\/\/myphamphake.azdigi.shop\/index.php\/product\/kem-chong-nang-the-saem-kiem-dau-nang-tone-cho-da-sang-hong-pink-sun-cream-ex-spf50-pa\/\" \/>\n<meta property=\"og:locale\" content=\"vi_VN\" \/>\n<meta property=\"og:type\" content=\"article\" \/>\n<meta property=\"og:title\" content=\"[50g] Kem Ch\u1ed1ng N\u1eafng The Saem Ki\u1ec1m D\u1ea7u, N\u00e2ng Tone Cho Da S\u00e1ng H\u1ed3ng Pink Sun Cream EX SPF50+\/PA++++ - myphamphake\" \/>\n<meta property=\"og:description\" content=\"Kem Ch\u1ed1ng N\u1eafng Ki\u1ec1m D\u1ea7u, N\u00e2ng Tone Cho Da S\u00e1ng H\u1ed3ng The Saem Pink Sun Cream EX SPF50+\/PA++++ v\u1edbi c\u00f4ng th\u1ee9c kem ch\u1ed1ng n\u1eafng thu\u1ed9c th\u01b0\u01a1ng hi\u1ec7u The Saem\" \/>\n<meta property=\"og:url\" content=\"https:\/\/myphamphake.azdigi.shop\/index.php\/product\/kem-chong-nang-the-saem-kiem-dau-nang-tone-cho-da-sang-hong-pink-sun-cream-ex-spf50-pa\/\" \/>\n<meta property=\"og:site_name\" content=\"myphamphake\" \/>\n<meta property=\"article:modified_time\" content=\"2026-04-11T15:04:07+00:00\" \/>\n<meta property=\"og:image\" content=\"https:\/\/myphamphake.azdigi.shop\/wp-content\/uploads\/2026\/04\/add_c35f5591278c464ead551b6f160b25d9_1024x1024.jpg\" \/>\n\t<meta property=\"og:image:width\" content=\"800\" \/>\n\t<meta property=\"og:image:height\" content=\"800\" \/>\n\t<meta property=\"og:image:type\" content=\"image\/jpeg\" \/>\n<meta name=\"twitter:card\" content=\"summary_large_image\" \/>\n<meta name=\"twitter:label1\" content=\"\u01af\u1edbc t\u00ednh th\u1eddi gian \u0111\u1ecdc\" \/>\n\t<meta name=\"twitter:data1\" content=\"7 ph\u00fat\" \/>\n<script type=\"application\/ld+json\" class=\"yoast-schema-graph\">{\"@context\":\"https:\/\/schema.org\",\"@graph\":[{\"@type\":\"WebPage\",\"@id\":\"https:\/\/myphamphake.azdigi.shop\/index.php\/product\/kem-chong-nang-the-saem-kiem-dau-nang-tone-cho-da-sang-hong-pink-sun-cream-ex-spf50-pa\/\",\"url\":\"https:\/\/myphamphake.azdigi.shop\/index.php\/product\/kem-chong-nang-the-saem-kiem-dau-nang-tone-cho-da-sang-hong-pink-sun-cream-ex-spf50-pa\/\",\"name\":\"[50g] Kem Ch\u1ed1ng N\u1eafng The Saem Ki\u1ec1m D\u1ea7u, N\u00e2ng Tone Cho Da S\u00e1ng H\u1ed3ng Pink Sun Cream EX SPF50+\/PA++++ - myphamphake\",\"isPartOf\":{\"@id\":\"https:\/\/myphamphake.azdigi.shop\/#website\"},\"primaryImageOfPage\":{\"@id\":\"https:\/\/myphamphake.azdigi.shop\/index.php\/product\/kem-chong-nang-the-saem-kiem-dau-nang-tone-cho-da-sang-hong-pink-sun-cream-ex-spf50-pa\/#primaryimage\"},\"image\":{\"@id\":\"https:\/\/myphamphake.azdigi.shop\/index.php\/product\/kem-chong-nang-the-saem-kiem-dau-nang-tone-cho-da-sang-hong-pink-sun-cream-ex-spf50-pa\/#primaryimage\"},\"thumbnailUrl\":\"https:\/\/myphamphake.azdigi.shop\/wp-content\/uploads\/2026\/04\/add_c35f5591278c464ead551b6f160b25d9_1024x1024.jpg\",\"datePublished\":\"2026-04-04T13:07:52+00:00\",\"dateModified\":\"2026-04-11T15:04:07+00:00\",\"description\":\"Kem Ch\u1ed1ng N\u1eafng Ki\u1ec1m D\u1ea7u, N\u00e2ng Tone Cho Da S\u00e1ng H\u1ed3ng The Saem Pink Sun Cream EX SPF50+\/PA++++ v\u1edbi c\u00f4ng th\u1ee9c kem ch\u1ed1ng n\u1eafng thu\u1ed9c th\u01b0\u01a1ng hi\u1ec7u The Saem\",\"breadcrumb\":{\"@id\":\"https:\/\/myphamphake.azdigi.shop\/index.php\/product\/kem-chong-nang-the-saem-kiem-dau-nang-tone-cho-da-sang-hong-pink-sun-cream-ex-spf50-pa\/#breadcrumb\"},\"inLanguage\":\"vi\",\"potentialAction\":[{\"@type\":\"ReadAction\",\"target\":[\"https:\/\/myphamphake.azdigi.shop\/index.php\/product\/kem-chong-nang-the-saem-kiem-dau-nang-tone-cho-da-sang-hong-pink-sun-cream-ex-spf50-pa\/\"]}]},{\"@type\":\"ImageObject\",\"inLanguage\":\"vi\",\"@id\":\"https:\/\/myphamphake.azdigi.shop\/index.php\/product\/kem-chong-nang-the-saem-kiem-dau-nang-tone-cho-da-sang-hong-pink-sun-cream-ex-spf50-pa\/#primaryimage\",\"url\":\"https:\/\/myphamphake.azdigi.shop\/wp-content\/uploads\/2026\/04\/add_c35f5591278c464ead551b6f160b25d9_1024x1024.jpg\",\"contentUrl\":\"https:\/\/myphamphake.azdigi.shop\/wp-content\/uploads\/2026\/04\/add_c35f5591278c464ead551b6f160b25d9_1024x1024.jpg\",\"width\":800,\"height\":800},{\"@type\":\"BreadcrumbList\",\"@id\":\"https:\/\/myphamphake.azdigi.shop\/index.php\/product\/kem-chong-nang-the-saem-kiem-dau-nang-tone-cho-da-sang-hong-pink-sun-cream-ex-spf50-pa\/#breadcrumb\",\"itemListElement\":[{\"@type\":\"ListItem\",\"position\":1,\"name\":\"Home\",\"item\":\"https:\/\/myphamphake.azdigi.shop\/\"},{\"@type\":\"ListItem\",\"position\":2,\"name\":\"Shop\",\"item\":\"https:\/\/myphamphake.azdigi.shop\/index.php\/shop\/\"},{\"@type\":\"ListItem\",\"position\":3,\"name\":\"[50g] Kem Ch\u1ed1ng N\u1eafng The Saem Ki\u1ec1m D\u1ea7u, N\u00e2ng Tone Cho Da S\u00e1ng H\u1ed3ng Pink Sun Cream EX SPF50+\/PA++++\"}]},{\"@type\":\"WebSite\",\"@id\":\"https:\/\/myphamphake.azdigi.shop\/#website\",\"url\":\"https:\/\/myphamphake.azdigi.shop\/\",\"name\":\"myphamphake\",\"description\":\"\",\"potentialAction\":[{\"@type\":\"SearchAction\",\"target\":{\"@type\":\"EntryPoint\",\"urlTemplate\":\"https:\/\/myphamphake.azdigi.shop\/?s={search_term_string}\"},\"query-input\":{\"@type\":\"PropertyValueSpecification\",\"valueRequired\":true,\"valueName\":\"search_term_string\"}}],\"inLanguage\":\"vi\"}]}<\/script>\n<!-- \/ Yoast SEO plugin. -->","yoast_head_json":{"title":"[50g] Kem Ch\u1ed1ng N\u1eafng The Saem Ki\u1ec1m D\u1ea7u, N\u00e2ng Tone Cho Da S\u00e1ng H\u1ed3ng Pink Sun Cream EX SPF50+\/PA++++ - myphamphake","description":"Kem Ch\u1ed1ng N\u1eafng Ki\u1ec1m D\u1ea7u, N\u00e2ng Tone Cho Da S\u00e1ng H\u1ed3ng The Saem Pink Sun Cream EX SPF50+\/PA++++ v\u1edbi c\u00f4ng th\u1ee9c kem ch\u1ed1ng n\u1eafng thu\u1ed9c th\u01b0\u01a1ng hi\u1ec7u The Saem","robots":{"index":"index","follow":"follow","max-snippet":"max-snippet:-1","max-image-preview":"max-image-preview:large","max-video-preview":"max-video-preview:-1"},"canonical":"https:\/\/myphamphake.azdigi.shop\/index.php\/product\/kem-chong-nang-the-saem-kiem-dau-nang-tone-cho-da-sang-hong-pink-sun-cream-ex-spf50-pa\/","og_locale":"vi_VN","og_type":"article","og_title":"[50g] Kem Ch\u1ed1ng N\u1eafng The Saem Ki\u1ec1m D\u1ea7u, N\u00e2ng Tone Cho Da S\u00e1ng H\u1ed3ng Pink Sun Cream EX SPF50+\/PA++++ - myphamphake","og_description":"Kem Ch\u1ed1ng N\u1eafng Ki\u1ec1m D\u1ea7u, N\u00e2ng Tone Cho Da S\u00e1ng H\u1ed3ng The Saem Pink Sun Cream EX SPF50+\/PA++++ v\u1edbi c\u00f4ng th\u1ee9c kem ch\u1ed1ng n\u1eafng thu\u1ed9c th\u01b0\u01a1ng hi\u1ec7u The Saem","og_url":"https:\/\/myphamphake.azdigi.shop\/index.php\/product\/kem-chong-nang-the-saem-kiem-dau-nang-tone-cho-da-sang-hong-pink-sun-cream-ex-spf50-pa\/","og_site_name":"myphamphake","article_modified_time":"2026-04-11T15:04:07+00:00","og_image":[{"width":800,"height":800,"url":"https:\/\/myphamphake.azdigi.shop\/wp-content\/uploads\/2026\/04\/add_c35f5591278c464ead551b6f160b25d9_1024x1024.jpg","type":"image\/jpeg"}],"twitter_card":"summary_large_image","twitter_misc":{"\u01af\u1edbc t\u00ednh th\u1eddi gian \u0111\u1ecdc":"7 ph\u00fat"},"schema":{"@context":"https:\/\/schema.org","@graph":[{"@type":"WebPage","@id":"https:\/\/myphamphake.azdigi.shop\/index.php\/product\/kem-chong-nang-the-saem-kiem-dau-nang-tone-cho-da-sang-hong-pink-sun-cream-ex-spf50-pa\/","url":"https:\/\/myphamphake.azdigi.shop\/index.php\/product\/kem-chong-nang-the-saem-kiem-dau-nang-tone-cho-da-sang-hong-pink-sun-cream-ex-spf50-pa\/","name":"[50g] Kem Ch\u1ed1ng N\u1eafng The Saem Ki\u1ec1m D\u1ea7u, N\u00e2ng Tone Cho Da S\u00e1ng H\u1ed3ng Pink Sun Cream EX SPF50+\/PA++++ - myphamphake","isPartOf":{"@id":"https:\/\/myphamphake.azdigi.shop\/#website"},"primaryImageOfPage":{"@id":"https:\/\/myphamphake.azdigi.shop\/index.php\/product\/kem-chong-nang-the-saem-kiem-dau-nang-tone-cho-da-sang-hong-pink-sun-cream-ex-spf50-pa\/#primaryimage"},"image":{"@id":"https:\/\/myphamphake.azdigi.shop\/index.php\/product\/kem-chong-nang-the-saem-kiem-dau-nang-tone-cho-da-sang-hong-pink-sun-cream-ex-spf50-pa\/#primaryimage"},"thumbnailUrl":"https:\/\/myphamphake.azdigi.shop\/wp-content\/uploads\/2026\/04\/add_c35f5591278c464ead551b6f160b25d9_1024x1024.jpg","datePublished":"2026-04-04T13:07:52+00:00","dateModified":"2026-04-11T15:04:07+00:00","description":"Kem Ch\u1ed1ng N\u1eafng Ki\u1ec1m D\u1ea7u, N\u00e2ng Tone Cho Da S\u00e1ng H\u1ed3ng The Saem Pink Sun Cream EX SPF50+\/PA++++ v\u1edbi c\u00f4ng th\u1ee9c kem ch\u1ed1ng n\u1eafng thu\u1ed9c th\u01b0\u01a1ng hi\u1ec7u The Saem","breadcrumb":{"@id":"https:\/\/myphamphake.azdigi.shop\/index.php\/product\/kem-chong-nang-the-saem-kiem-dau-nang-tone-cho-da-sang-hong-pink-sun-cream-ex-spf50-pa\/#breadcrumb"},"inLanguage":"vi","potentialAction":[{"@type":"ReadAction","target":["https:\/\/myphamphake.azdigi.shop\/index.php\/product\/kem-chong-nang-the-saem-kiem-dau-nang-tone-cho-da-sang-hong-pink-sun-cream-ex-spf50-pa\/"]}]},{"@type":"ImageObject","inLanguage":"vi","@id":"https:\/\/myphamphake.azdigi.shop\/index.php\/product\/kem-chong-nang-the-saem-kiem-dau-nang-tone-cho-da-sang-hong-pink-sun-cream-ex-spf50-pa\/#primaryimage","url":"https:\/\/myphamphake.azdigi.shop\/wp-content\/uploads\/2026\/04\/add_c35f5591278c464ead551b6f160b25d9_1024x1024.jpg","contentUrl":"https:\/\/myphamphake.azdigi.shop\/wp-content\/uploads\/2026\/04\/add_c35f5591278c464ead551b6f160b25d9_1024x1024.jpg","width":800,"height":800},{"@type":"BreadcrumbList","@id":"https:\/\/myphamphake.azdigi.shop\/index.php\/product\/kem-chong-nang-the-saem-kiem-dau-nang-tone-cho-da-sang-hong-pink-sun-cream-ex-spf50-pa\/#breadcrumb","itemListElement":[{"@type":"ListItem","position":1,"name":"Home","item":"https:\/\/myphamphake.azdigi.shop\/"},{"@type":"ListItem","position":2,"name":"Shop","item":"https:\/\/myphamphake.azdigi.shop\/index.php\/shop\/"},{"@type":"ListItem","position":3,"name":"[50g] Kem Ch\u1ed1ng N\u1eafng The Saem Ki\u1ec1m D\u1ea7u, N\u00e2ng Tone Cho Da S\u00e1ng H\u1ed3ng Pink Sun Cream EX SPF50+\/PA++++"}]},{"@type":"WebSite","@id":"https:\/\/myphamphake.azdigi.shop\/#website","url":"https:\/\/myphamphake.azdigi.shop\/","name":"myphamphake","description":"","potentialAction":[{"@type":"SearchAction","target":{"@type":"EntryPoint","urlTemplate":"https:\/\/myphamphake.azdigi.shop\/?s={search_term_string}"},"query-input":{"@type":"PropertyValueSpecification","valueRequired":true,"valueName":"search_term_string"}}],"inLanguage":"vi"}]}},"_links":{"self":[{"href":"https:\/\/myphamphake.azdigi.shop\/index.php\/wp-json\/wp\/v2\/product\/362","targetHints":{"allow":["GET"]}}],"collection":[{"href":"https:\/\/myphamphake.azdigi.shop\/index.php\/wp-json\/wp\/v2\/product"}],"about":[{"href":"https:\/\/myphamphake.azdigi.shop\/index.php\/wp-json\/wp\/v2\/types\/product"}],"replies":[{"embeddable":true,"href":"https:\/\/myphamphake.azdigi.shop\/index.php\/wp-json\/wp\/v2\/comments?post=362"}],"wp:featuredmedia":[{"embeddable":true,"href":"https:\/\/myphamphake.azdigi.shop\/index.php\/wp-json\/wp\/v2\/media\/363"}],"wp:attachment":[{"href":"https:\/\/myphamphake.azdigi.shop\/index.php\/wp-json\/wp\/v2\/media?parent=362"}],"wp:term":[{"taxonomy":"product_brand","embeddable":true,"href":"https:\/\/myphamphake.azdigi.shop\/index.php\/wp-json\/wp\/v2\/product_brand?post=362"},{"taxonomy":"product_cat","embeddable":true,"href":"https:\/\/myphamphake.azdigi.shop\/index.php\/wp-json\/wp\/v2\/product_cat?post=362"},{"taxonomy":"product_tag","embeddable":true,"href":"https:\/\/myphamphake.azdigi.shop\/index.php\/wp-json\/wp\/v2\/product_tag?post=362"}],"curies":[{"name":"wp","href":"https:\/\/api.w.org\/{rel}","templated":true}]}}