{"id":386,"date":"2026-04-05T02:56:23","date_gmt":"2026-04-05T02:56:23","guid":{"rendered":"https:\/\/myphamphake.azdigi.shop\/?post_type=product&#038;p=386"},"modified":"2026-04-05T03:04:21","modified_gmt":"2026-04-05T03:04:21","slug":"mat-na-mieng-caryophy-lam-diu-ho-tro-phuc-hoi-danh-cho-da-dau-mun-portulaca-mask-sheet","status":"publish","type":"product","link":"https:\/\/myphamphake.azdigi.shop\/index.php\/product\/mat-na-mieng-caryophy-lam-diu-ho-tro-phuc-hoi-danh-cho-da-dau-mun-portulaca-mask-sheet\/","title":{"rendered":"M\u1eb7t N\u1ea1 Mi\u1ebfng Caryophy L\u00e0m D\u1ecbu, H\u1ed7 Tr\u1ee3 Ph\u1ee5c H\u1ed3i D\u00e0nh Cho Da D\u1ea7u M\u1ee5n Portulaca Mask Sheet"},"content":{"rendered":"<div class=\"product-section-title\">\n<h2>Chi ti\u1ebft s\u1ea3n ph\u1ea9m<\/h2>\n<\/div>\n<div class=\"page-product-description-detail-wrap expanded\">\n<div class=\"page-product-description-detail\">\n<ul>\n<li><strong>T\u00ean s\u1ea3n ph\u1ea9m:<\/strong>\u00a0M\u1eb7t N\u1ea1 Mi\u1ebfng C\u1ea5p \u1ea8m, H\u1ed7 Tr\u1ee3 Ph\u1ee5c H\u1ed3i Da\u00a0Caryophy Mask Sheet<\/li>\n<li><strong>K\u1ebft c\u1ea5u:\u00a0<\/strong>M\u1eb7t n\u1ea1 mi\u1ebfng, tinh ch\u1ea5t d\u01b0\u1ee1ng<\/li>\n<li><strong>Dung t\u00edch: Portulaca (Xanh l\u00e1):\u00a0<\/strong>22g ;\u00a0<strong>Skin Repair: 25g<\/strong><\/li>\n<li><strong>Th\u01b0\u01a1ng hi\u1ec7u:\u00a0<\/strong>CARYOPHY (H\u00e0n Qu\u1ed1c)<\/li>\n<li><strong>N\u01a1i s\u1ea3n xu\u1ea5t:<\/strong>\u00a0H\u00e0n Qu\u1ed1c<\/li>\n<li><strong>H\u1ea1n s\u1eed d\u1ee5ng:\u00a0<\/strong>3 n\u0103m k\u1ec3 t\u1eeb ng\u00e0y s\u1ea3n xu\u1ea5t in tr\u00ean bao b\u00ec<\/li>\n<\/ul>\n<h2><strong>1. Th\u00f4ng tin s\u1ea3n ph\u1ea9m<\/strong><\/h2>\n<p><strong>M\u1eb7t N\u1ea1 Mi\u1ebfng C\u1ea5p \u1ea8m, H\u1ed7 Tr\u1ee3 Ph\u1ee5c H\u1ed3i Da\u00a0Caryophy Mask Sheet<\/strong>\u00a0l\u00e0\u00a0<strong>m\u1eb7t n\u1ea1 mi\u1ebfng<\/strong>\u00a0thu\u1ed9c th\u01b0\u01a1ng hi\u1ec7u\u00a0<strong>Caryophy<\/strong><strong>\u00a0<\/strong>\u0111\u1ebfn t\u1eeb H\u00e0n Qu\u1ed1c. M\u1eb7t n\u1ea1 mang \u0111\u1ebfn gi\u1ea3i ph\u1ea3i ch\u0103m s\u00f3c da to\u00e0n di\u1ec7n gi\u00fap c\u1ea5p \u1ea9m, l\u00e0m d\u1ecbu, h\u1ed7 tr\u1ee3 ph\u1ee5c h\u1ed3i da,nu\u00f4i d\u01b0\u1ee1ng l\u00e0n da kh\u1ecfe m\u1ea1nh.<\/p>\n<p><img decoding=\"async\" src=\"https:\/\/cdn.hstatic.net\/files\/1000006063\/file\/5_80303c9137f84d4fa2c450b6362251cd.jpeg\" alt=\"M\u1eb7t N\u1ea1 Mi\u1ebfng Caryophy L\u00e0m D\u1ecbu, H\u1ed7 Tr\u1ee3 Ph\u1ee5c H\u1ed3i D\u00e0nh Cho Da D\u1ea7u M\u1ee5n Portulaca Mask Sheet\" \/><\/p>\n<p>&nbsp;<\/p>\n<p><strong>2.<\/strong>\u00a0<strong>Ph\u00e2n lo\u1ea1i c\u1ee7a<\/strong>\u00a0<strong>M\u1eb7t N\u1ea1 Mi\u1ebfng C\u1ea5p \u1ea8m, H\u1ed7 Tr\u1ee3 Ph\u1ee5c H\u1ed3i Da\u00a0Caryophy Mask Sheet\u00a0<\/strong><\/p>\n<ul>\n<li><strong>Portulaca (Xanh l\u00e1):\u00a0<\/strong>L\u00e0m d\u1ecbu, c\u1ea5p \u1ea9m, h\u1ed7 tr\u1ee3 gi\u1ea3m th\u00e2m m\u1ee5n<\/li>\n<li><strong>Skin Repair (Xanh d\u01b0\u01a1ng):\u00a0<\/strong>L\u00e0m d\u1ecbu, h\u1ed7 tr\u1ee3 ph\u1ee5c h\u1ed3i da, gi\u1ea3m k\u00edch \u1ee9ng<\/li>\n<\/ul>\n<h2><strong>3. \u01afu \u0111i\u1ec3m c\u1ee7a\u00a0M\u1eb7t N\u1ea1 Mi\u1ebfng C\u1ea5p \u1ea8m, H\u1ed7 Tr\u1ee3 Ph\u1ee5c H\u1ed3i Da\u00a0Caryophy Mask Sheet<\/strong><\/h2>\n<p><strong>3.1\u00a0M\u1eb7t N\u1ea1 Mi\u1ebfng L\u00e0m D\u1ecbu, Ph\u1ee5c H\u1ed3i D\u00e0nh Cho Da D\u1ea7u M\u1ee5n Caryophy Portulaca Mask Sheet<\/strong><\/p>\n<p><strong>M\u1eb7t N\u1ea1 Mi\u1ebfng L\u00e0m D\u1ecbu, Ph\u1ee5c H\u1ed3i D\u00e0nh Cho Da D\u1ea7u M\u1ee5n Caryophy Portulaca Mask Sheet<\/strong> hi\u1ec7n nay \u0111\u00e3 c\u00f3 m\u1eb7t t\u1ea1i <a href=\"https:\/\/myphamphake.azdigi.shop\/\">MyPhamPhake<\/a>\u00a0c\u00f3 nh\u1eefng \u0111\u1eb7c tr\u01b0ng n\u1ed5i b\u1eadt nh\u01b0 sau:<\/p>\n<ul>\n<li><strong>Ng\u0103n ng\u1eeba l\u00e3o h\u00f3a v\u00e0 ph\u1ee5c h\u1ed3i da t\u1ed5n th\u01b0\u01a1ng:\u00a0<\/strong>Ch\u1ee9a 1000ppm h\u00e0m l\u01b0\u1ee3ng\u00a0<strong>chi\u1ebft xu\u1ea5t rau Sam<\/strong>\u00a0ch\u1ee9a c\u00e1c\u00a0h\u1ee3p ch\u1ea5t ng\u1eeba l\u00e3o h\u00f3a gi\u00fap h\u1ed7 tr\u1ee3 ph\u1ee5c h\u1ed3i l\u00e0n da b\u1ecb t\u1ed5n th\u01b0\u01a1ng m\u1ed9t c\u00e1ch hi\u1ec7u qu\u1ea3<\/li>\n<li><strong>L\u00e0m d\u1ecbu da v\u00e0 t\u0103ng c\u01b0\u1eddng s\u1ea3n xu\u1ea5t collagen:\u00a0Chi\u1ebft xu\u1ea5t rau m\u00e1<\/strong>\u00a0g\u1ed3m\u00a0v\u1edbi c\u00e1c\u00a0ho\u1ea1t ch\u1ea5t nh\u01b0\u00a0<strong>Madecassoside<\/strong>\u00a0gi\u00fap l\u00e0m d\u1ecbu, l\u00e0m m\u00e1t da, h\u1ed7 tr\u1ee3 th\u00fac \u0111\u1ea9y s\u1ea3n xu\u1ea5t collagen l\u00e0m s\u0103n ch\u1eafc\u00a0v\u00e0 h\u1ed7 tr\u1ee3 c\u1ea3i thi\u1ec7n\u00a0c\u00e1c n\u1ebfp nh\u0103n.\u00a0<strong>Asiaticoside<\/strong>\u00a0h\u1ed7 tr\u1ee3 t\u1ed1t\u00a0\u0111\u1ed1i v\u1edbi s\u1eb9o th\u00e2m do m\u1ee5n \u0111\u1ec3 l\u1ea1i v\u00ec c\u00f3 kh\u1ea3 n\u0103ng\u00a0l\u00e0m t\u0103ng t\u1ed1c \u0111\u1ed9 t\u00e1i t\u1ea1o\u00a0c\u1ee7a t\u1ebf b\u00e0o da.\u00a0<strong>Asiatic Acid<\/strong>\u00a0l\u00e0 m\u1ed9t ho\u1ea1t ch\u1ea5t ng\u0103n ng\u1eeba oxy h\u00f3a gi\u00fap l\u00e0m d\u1ecbu da<\/li>\n<li><strong>Cung c\u1ea5p \u0111\u1ed9 \u1ea9m s\u00e2u v\u00e0 ph\u1ee5c h\u1ed3i n\u1ebfp nh\u0103n:\u00a0Sodium Hyaluronate<\/strong>\u00a0gi\u00fap\u00a0hydrat h\u00f3a ngay c\u1ea3 c\u00e1c l\u1edbp s\u00e2u h\u01a1n c\u1ee7a da, gi\u00fap l\u00e0m \u0111\u1ea7y n\u1ebfp nh\u0103n,\u00a0ph\u1ee5c h\u1ed3i hi\u1ec7u qu\u1ea3 \u0111\u1ed9 \u1ea9m c\u1ee7a da v\u1edbi qu\u00e1 tr\u00ecnh hydrat h\u00f3a t\u1ef1 nhi\u00ean gi\u00fap l\u00e0n da \u1ea9m m\u1ecbn t\u1ef1 nhi\u00ean<\/li>\n<li><strong>L\u00e0m d\u1ecbu v\u00e0 kh\u00f3a \u1ea9m hi\u1ec7u qu\u1ea3:\u00a0Beta-glucan<\/strong>\u00a0gi\u00fap l\u00e0m d\u1ecbu. \u0110\u1eb7c bi\u1ec7t, c\u00f3 kh\u1ea3 n\u0103ng ng\u1eadm n\u01b0\u1edbc nhi\u1ec1u h\u01a1n\u00a0<strong>20%<\/strong>\u00a0so v\u1edbi HA gi\u00fap kh\u00f3a \u1ea9m v\u00e0 ng\u0103n ng\u1eeba m\u1ea5t \u0111\u1ed9 \u1ea9m tr\u00ean da<\/li>\n<li><strong>Ng\u0103n ng\u1eeba l\u00e3o h\u00f3a s\u1edbm:\u00a0<\/strong>Ngo\u00e0i ra c\u00f2n ch\u1ee9a<strong>\u00a0Adenosine<\/strong>\u00a0gi\u00fap\u00a0c\u1ea3i thi\u1ec7n v\u1ec1 \u0111\u1ed9 m\u1ecbn m\u00e0ng cho l\u00e0n da<\/li>\n<li><strong>Ch\u1ea5t li\u1ec7u tencel m\u1ec1m m\u1ea1i v\u00e0 t\u1ef1 nhi\u00ean:\u00a0<\/strong>M\u1eb7t n\u1ea1 c\u00f3 ch\u1ea5t li\u1ec7u\u00a0<strong>tencel<\/strong>\u00a0\u0111\u01b0\u1ee3c s\u1ea3n xu\u1ea5t t\u1eeb nh\u1eefng s\u1ee3i b\u00f4ng l\u1ea5y t\u1eeb nh\u1eefng lo\u00e0i c\u00e2y h\u1ecd Kim, th\u00e2n c\u00e2y x\u1ed1p, nhi\u1ec1u s\u1ee3i cenllulose nh\u01b0 tre, b\u1ea1ch \u0111\u00e0n, khuynh di\u1ec7p,\u2026 \u0111\u01b0\u1ee3c ch\u1ebf t\u00e1c\u00a0t\u1eeb t\u1ef1 nhi\u00ean v\u00e0 t\u1ea1o c\u1ea3m gi\u00e1c\u00a0m\u1ec1m m\u1ea1i, \u00eam \u00e1i v\u1edbi l\u00e0n da<\/li>\n<li><strong>\u0110\u1ed1i t\u01b0\u1ee3ng khuy\u00ean d\u00f9ng<\/strong>\n<ul>\n<li>D\u00e0nh cho l\u00e0n da m\u1ee5n<\/li>\n<li>D\u00e0nh cho\u00a0da c\u00f3 t\u00ecnh tr\u1ea1ng tuy\u1ebfn nh\u1eddn ho\u1ea1t \u0111\u1ed9ng qu\u00e1 \u0111\u1ed9,l\u00e0m d\u1ecbu v\u00e0\u00a0ph\u1ee5c h\u1ed3i sau t\u1ed5n th\u01b0\u01a1ng do m\u1ee5n<\/li>\n<\/ul>\n<\/li>\n<\/ul>\n<p><img decoding=\"async\" src=\"https:\/\/cdn.hstatic.net\/files\/1000006063\/file\/1_96c122a8f65e49f6ad4827ca1bb5c697.jpeg\" alt=\"M\u1eb7t N\u1ea1 Mi\u1ebfng Caryophy L\u00e0m D\u1ecbu, H\u1ed7 Tr\u1ee3 Ph\u1ee5c H\u1ed3i D\u00e0nh Cho Da D\u1ea7u M\u1ee5n Portulaca Mask Sheet\" \/><\/p>\n<p><img decoding=\"async\" src=\"https:\/\/cdn.hstatic.net\/files\/1000006063\/file\/2_53d2f845f1a34528aaa127c04a878bc3.jpeg\" alt=\"M\u1eb7t N\u1ea1 Mi\u1ebfng Caryophy L\u00e0m D\u1ecbu, H\u1ed7 Tr\u1ee3 Ph\u1ee5c H\u1ed3i D\u00e0nh Cho Da D\u1ea7u M\u1ee5n Portulaca Mask Sheet\" \/><\/p>\n<p><img decoding=\"async\" src=\"https:\/\/cdn.hstatic.net\/files\/1000006063\/file\/3_57490074396743938620c333053336fd.jpeg\" alt=\"M\u1eb7t N\u1ea1 Mi\u1ebfng Caryophy L\u00e0m D\u1ecbu, H\u1ed7 Tr\u1ee3 Ph\u1ee5c H\u1ed3i D\u00e0nh Cho Da D\u1ea7u M\u1ee5n Portulaca Mask Sheet\" \/><\/p>\n<h2><strong>3.2 M\u1eb7t N\u1ea1 Mi\u1ebfng C\u1ea5p \u1ea8m, H\u1ed7 Tr\u1ee3 Ph\u1ee5c H\u1ed3i Da\u00a0Caryophy Skin Repair Mask Sheet<\/strong><\/h2>\n<p><strong>M\u1eb7t N\u1ea1 Mi\u1ebfng C\u1ea5p \u1ea8m, H\u1ed7 Tr\u1ee3 Ph\u1ee5c H\u1ed3i Da\u00a0Caryophy Skin Repair Mask Sheet\u00a0<\/strong>hi\u1ec7n nay \u0111\u00e3 c\u00f3 m\u1eb7t t\u1ea1i <a href=\"https:\/\/myphamphake.azdigi.shop\/\">MyPhamPhake<\/a>\u00a0c\u00f3 nh\u1eefng \u0111\u1eb7c tr\u01b0ng n\u1ed5i b\u1eadt nh\u01b0 sau:<\/p>\n<ul>\n<li><strong>T\u0103ng c\u01b0\u1eddng kh\u1ea3 n\u0103ng d\u01b0\u1ee1ng \u1ea9m, l\u00e0m d\u1ecbu v\u00e0 h\u1ed7 tr\u1ee3 ph\u1ee5c h\u1ed3i da:\u00a0<\/strong>S\u1ef1 k\u1ebft h\u1ee3p gi\u1eefa Panthenol (Vitamin B5) v\u00e0 Guaiazulene (chi\u1ebft xu\u1ea5t t\u1eeb hoa c\u00fac) mang \u0111\u1ebfn kh\u1ea3 n\u0103ng l\u00e0m d\u1ecbu t\u1ee9c th\u00ec, h\u1ed7 tr\u1ee3 ph\u1ee5c h\u1ed3i c\u00e1c v\u00f9ng da t\u1ed5n th\u01b0\u01a1ng, gi\u1ea3m k\u00edch \u1ee9ng v\u00e0 vi\u00eam \u0111\u1ecf. \u0110\u1ed3ng th\u1eddi, b\u1ed9 \u0111\u00f4i n\u00e0y gi\u00fap c\u1ee7ng c\u1ed1 h\u00e0ng r\u00e0o b\u1ea3o v\u1ec7 t\u1ef1 nhi\u00ean, t\u0103ng kh\u1ea3 n\u0103ng gi\u1eef \u1ea9m v\u00e0 duy tr\u00ec l\u00e0n da kh\u1ecfe m\u1ea1nh, m\u1ec1m m\u1ecbn l\u00e2u d\u00e0i<\/li>\n<li><strong>H\u1ed7 tr\u1ee3 gi\u1ea3m vi\u00eam v\u00e0 l\u00e0m \u0111\u1ec1u m\u00e0u da:\u00a0<\/strong>Chi\u1ebft xu\u1ea5t rau sam, rau m\u00e1 v\u00e0 c\u00e2y ph\u1ec9\u00a0gi\u00fap h\u1ed7 tr\u1ee3 gi\u1ea3m s\u01b0ng vi\u00eam, m\u1edd th\u00e2m \u0111\u1ecf, l\u00e0m d\u1ecbu v\u00f9ng da nh\u1ea1y c\u1ea3m, \u0111\u1eb7c bi\u1ec7t hi\u1ec7u qu\u1ea3 trong vi\u1ec7c ph\u1ee5c h\u1ed3i sau m\u1ee5n<\/li>\n<li><strong>Ph\u1ee9c h\u1ee3p th\u00e0nh ph\u1ea7n thi\u00ean nhi\u00ean gi\u00fap\u00a0c\u1ee7ng c\u1ed1 h\u00e0ng r\u00e0o b\u1ea3o v\u1ec7 da:\u00a0<\/strong>Ph\u1ee9c h\u1ee3p 10 chi\u1ebft xu\u1ea5t th\u1ef1c v\u1eadt (Qu\u1ea3 Nho, \u0110\u1eadu B\u1eafp, R\u1ec5 Sen, L\u00f4 H\u1ed9i, N\u1ea5m M\u1ee1, N\u1ea5m Grifola Frondosa, N\u1ea5m H\u01b0\u01a1ng, Khoai Lang n\u00fai Nh\u1eadt B\u1ea3n, Hoa C\u00fac, Natto Gum) gi\u00fap c\u1ee7ng c\u1ed1 h\u00e0ng r\u00e0o \u1ea9m t\u1ef1 nhi\u00ean, h\u1ea1n ch\u1ebf oxy h\u00f3a v\u00e0 b\u1ea3o v\u1ec7 da kh\u1ecfi t\u00e1c \u0111\u1ed9ng c\u1ee7a c\u00e1c g\u1ed1c t\u1ef1 do<\/li>\n<\/ul>\n<ul>\n<li><strong>Tinh ch\u1ea5t c\u00f4 \u0111\u1eb7c \u0111\u1ed9c quy\u1ec1n<\/strong>\u00a0gi\u00fap mang \u0111\u1ebfn hi\u1ec7u qu\u1ea3 nhanh ch\u00f3ng v\u00e0 t\u00e1c \u0111\u1ed9ng m\u1ea1nh m\u1ebd l\u00ean da h\u01a1n c\u00e1c tinh ch\u1ea5t th\u00f4ng th\u01b0\u1eddng kh\u00e1c<\/li>\n<li><strong>S\u1ee3i tencel n\u00e2ng c\u1ea5p<\/strong>\u00a0gi\u00fap h\u1ed7 tr\u1ee3 th\u1ea9m th\u1ea5u t\u1ed1i \u01b0u, h\u1ea1n ch\u1ebf t\u00ecnh tr\u1ea1ng h\u00fat \u1ea9m ng\u01b0\u1ee3c<\/li>\n<li><strong>\u0110\u1ed1i t\u01b0\u1ee3ng khuy\u00ean d\u00f9ng<\/strong>\n<ul>\n<li>D\u00e0nh cho m\u1ecdi lo\u1ea1i da, k\u1ec3 c\u1ea3 da nh\u1ea1y c\u1ea3m<\/li>\n<li>D\u00e0nh cho da h\u01b0 t\u1ed5n, kh\u00f4 r\u00e1p<\/li>\n<\/ul>\n<\/li>\n<\/ul>\n<p><img decoding=\"async\" src=\"https:\/\/cdn.hstatic.net\/files\/1000006063\/file\/1_8222ea43b9ba4d018e6075cf77bee365.jpeg\" alt=\"M\u1eb7t N\u1ea1 Mi\u1ebfng Caryophy L\u00e0m D\u1ecbu, H\u1ed7 Tr\u1ee3 Ph\u1ee5c H\u1ed3i D\u00e0nh Cho Da D\u1ea7u M\u1ee5n Portulaca Mask Sheet\" \/><\/p>\n<p><img decoding=\"async\" src=\"https:\/\/cdn.hstatic.net\/files\/1000006063\/file\/3_4b3ef47fd47b4c319b8a1edf286540aa.jpeg\" alt=\"M\u1eb7t N\u1ea1 Mi\u1ebfng Caryophy L\u00e0m D\u1ecbu, H\u1ed7 Tr\u1ee3 Ph\u1ee5c H\u1ed3i D\u00e0nh Cho Da D\u1ea7u M\u1ee5n Portulaca Mask Sheet\" \/><\/p>\n<p><img decoding=\"async\" src=\"https:\/\/cdn.hstatic.net\/files\/1000006063\/file\/6_71d3fc9848314e67ab1148efab8a0d5d.jpeg\" alt=\"M\u1eb7t N\u1ea1 Mi\u1ebfng Caryophy L\u00e0m D\u1ecbu, H\u1ed7 Tr\u1ee3 Ph\u1ee5c H\u1ed3i D\u00e0nh Cho Da D\u1ea7u M\u1ee5n Portulaca Mask Sheet\" \/><\/p>\n<p><img decoding=\"async\" src=\"https:\/\/cdn.hstatic.net\/files\/1000006063\/file\/4_52e94eb3d3fe4f909cd4ca7b310f975d.jpeg\" alt=\"M\u1eb7t N\u1ea1 Mi\u1ebfng Caryophy L\u00e0m D\u1ecbu, H\u1ed7 Tr\u1ee3 Ph\u1ee5c H\u1ed3i D\u00e0nh Cho Da D\u1ea7u M\u1ee5n Portulaca Mask Sheet\" \/><\/p>\n<p><img decoding=\"async\" src=\"https:\/\/cdn.hstatic.net\/files\/1000006063\/file\/2_e23155b09ec94e349f1884cdbf42542b.jpeg\" alt=\"M\u1eb7t N\u1ea1 Mi\u1ebfng Caryophy L\u00e0m D\u1ecbu, H\u1ed7 Tr\u1ee3 Ph\u1ee5c H\u1ed3i D\u00e0nh Cho Da D\u1ea7u M\u1ee5n Portulaca Mask Sheet\" \/><\/p>\n<h2><strong>4. C\u00e1ch b\u1ea3o qu\u1ea3n<\/strong><\/h2>\n<ul>\n<li>Tr\u00e1nh \u00e1nh n\u1eafng tr\u1ef1c ti\u1ebfp<\/li>\n<li>\u0110\u1ec3 n\u01a1i kh\u00f4 r\u00e1o, tho\u00e1ng m\u00e1t<\/li>\n<li>\u0110\u1eady n\u1eafp k\u00edn sau khi s\u1eed d\u1ee5ng<\/li>\n<\/ul>\n<h2><strong>5. H\u01b0\u1edbng d\u1eabn s\u1eed d\u1ee5ng<\/strong><\/h2>\n<ul>\n<li>Sau khi l\u00e0m s\u1ea1ch da, s\u1eed d\u1ee5ng n\u01b0\u1edbc hoa h\u1ed3ng c\u00e2n\u00a0b\u1eb1ng da, l\u1ea5y mi\u1ebfng m\u1eb7t n\u1ea1 ra \u0111\u1eafp l\u00ean m\u1eb7t canh \u0111\u1ec1u c\u00e1c g\u00f3c m\u1eaft, m\u0169i, mi\u1ec7ng, th\u01b0 gi\u00e3n 10 &#8211; 20 ph\u00fat, th\u00e1o m\u1eb7t n\u1ea1 v\u00e0 ti\u1ebfp t\u1ee5c v\u1ed7 nh\u1eb9 \u0111\u1ec3 c\u00e1c d\u01b0\u1ee1ng ch\u1ea5t \u0111\u01b0\u1ee3c h\u1ea5p th\u1ee5 t\u1ed1i \u0111a.<\/li>\n<\/ul>\n<h2><strong>6. Nh\u1eefng l\u01b0u \u00fd khi s\u1eed d\u1ee5ng<\/strong><\/h2>\n<ul>\n<li>T\u00e1c d\u1ee5ng c\u1ee7a s\u1ea3n ph\u1ea9m s\u1ebd kh\u00e1c nhau t\u00f9y v\u00e0o c\u01a1 \u0111\u1ecba c\u1ee7a m\u1ed7i ng\u01b0\u1eddi. V\u1edbi l\u00e0n da nh\u1ea1y c\u1ea3m b\u1ea1n n\u00ean th\u1eed s\u1ea3n ph\u1ea9m \u1edf m\u1ed9t v\u00f9ng nh\u1ecf tr\u01b0\u1edbc khi s\u1eed d\u1ee5ng cho to\u00e0n khu\u00f4n m\u1eb7t.<\/li>\n<\/ul>\n<p><strong>7. Nh\u1eefng l\u01b0u \u00fd khi s\u1eed d\u1ee5ng<\/strong><\/p>\n<ul>\n<li>Bao b\u00ec s\u1ea3n ph\u1ea9m thay \u0111\u1ed5i theo t\u1eebng \u0111\u1ee3t nh\u1eadp h\u00e0ng<\/li>\n<\/ul>\n<p><img decoding=\"async\" src=\"https:\/\/cdn.hstatic.net\/files\/1000006063\/file\/h_n_s__d_ng_0b24394e4ae14087be90405238076f73.jpg\" alt=\"M\u1eb7t N\u1ea1 Mi\u1ebfng Caryophy L\u00e0m D\u1ecbu, H\u1ed7 Tr\u1ee3 Ph\u1ee5c H\u1ed3i D\u00e0nh Cho Da D\u1ea7u M\u1ee5n Portulaca Mask Sheet\" \/><\/p>\n<\/div>\n<\/div>\n","protected":false},"excerpt":{"rendered":"<p>Chi ti\u1ebft s\u1ea3n ph\u1ea9m T\u00ean s\u1ea3n ph\u1ea9m:\u00a0M\u1eb7t N\u1ea1 Mi\u1ebfng C\u1ea5p \u1ea8m, H\u1ed7 Tr\u1ee3 Ph\u1ee5c H\u1ed3i Da\u00a0Caryophy Mask Sheet K\u1ebft c\u1ea5u:\u00a0M\u1eb7t n\u1ea1 mi\u1ebfng, tinh ch\u1ea5t d\u01b0\u1ee1ng Dung t\u00edch: Portulaca (Xanh l\u00e1):\u00a022g ;\u00a0Skin Repair: 25g Th\u01b0\u01a1ng hi\u1ec7u:\u00a0CARYOPHY (H\u00e0n Qu\u1ed1c) N\u01a1i s\u1ea3n xu\u1ea5t:\u00a0H\u00e0n Qu\u1ed1c H\u1ea1n s\u1eed d\u1ee5ng:\u00a03 n\u0103m k\u1ec3 t\u1eeb ng\u00e0y s\u1ea3n xu\u1ea5t in tr\u00ean bao b\u00ec 1. [&#8230;]\n","protected":false},"featured_media":387,"comment_status":"open","ping_status":"closed","template":"","meta":[],"product_brand":[38],"product_cat":[40,36,31],"product_tag":[],"class_list":{"0":"post-386","1":"product","2":"type-product","3":"status-publish","4":"has-post-thumbnail","6":"product_brand-caryophy","7":"product_cat-duong-da","8":"product_cat-mat-na","9":"product_cat-mat-na-mieng","11":"first","12":"instock","13":"sale","14":"shipping-taxable","15":"purchasable","16":"product-type-variable"},"yoast_head":"<!-- This site is optimized with the Yoast SEO plugin v27.1.1 - https:\/\/yoast.com\/product\/yoast-seo-wordpress\/ -->\n<title>M\u1eb7t N\u1ea1 Mi\u1ebfng Caryophy L\u00e0m D\u1ecbu, H\u1ed7 Tr\u1ee3 Ph\u1ee5c H\u1ed3i D\u00e0nh Cho Da D\u1ea7u M\u1ee5n Portulaca Mask Sheet - myphamphake<\/title>\n<meta name=\"robots\" content=\"index, follow, max-snippet:-1, max-image-preview:large, max-video-preview:-1\" \/>\n<link rel=\"canonical\" href=\"https:\/\/myphamphake.azdigi.shop\/index.php\/product\/mat-na-mieng-caryophy-lam-diu-ho-tro-phuc-hoi-danh-cho-da-dau-mun-portulaca-mask-sheet\/\" \/>\n<meta property=\"og:locale\" content=\"vi_VN\" \/>\n<meta property=\"og:type\" content=\"article\" \/>\n<meta property=\"og:title\" content=\"M\u1eb7t N\u1ea1 Mi\u1ebfng Caryophy L\u00e0m D\u1ecbu, H\u1ed7 Tr\u1ee3 Ph\u1ee5c H\u1ed3i D\u00e0nh Cho Da D\u1ea7u M\u1ee5n Portulaca Mask Sheet - myphamphake\" \/>\n<meta property=\"og:description\" content=\"Chi ti\u1ebft s\u1ea3n ph\u1ea9m T\u00ean s\u1ea3n ph\u1ea9m:\u00a0M\u1eb7t N\u1ea1 Mi\u1ebfng C\u1ea5p \u1ea8m, H\u1ed7 Tr\u1ee3 Ph\u1ee5c H\u1ed3i Da\u00a0Caryophy Mask Sheet K\u1ebft c\u1ea5u:\u00a0M\u1eb7t n\u1ea1 mi\u1ebfng, tinh ch\u1ea5t d\u01b0\u1ee1ng Dung t\u00edch: Portulaca (Xanh l\u00e1):\u00a022g ;\u00a0Skin Repair: 25g Th\u01b0\u01a1ng hi\u1ec7u:\u00a0CARYOPHY (H\u00e0n Qu\u1ed1c) N\u01a1i s\u1ea3n xu\u1ea5t:\u00a0H\u00e0n Qu\u1ed1c H\u1ea1n s\u1eed d\u1ee5ng:\u00a03 n\u0103m k\u1ec3 t\u1eeb ng\u00e0y s\u1ea3n xu\u1ea5t in tr\u00ean bao b\u00ec 1. [...]\" \/>\n<meta property=\"og:url\" content=\"https:\/\/myphamphake.azdigi.shop\/index.php\/product\/mat-na-mieng-caryophy-lam-diu-ho-tro-phuc-hoi-danh-cho-da-dau-mun-portulaca-mask-sheet\/\" \/>\n<meta property=\"og:site_name\" content=\"myphamphake\" \/>\n<meta property=\"article:modified_time\" content=\"2026-04-05T03:04:21+00:00\" \/>\n<meta property=\"og:image\" content=\"https:\/\/myphamphake.azdigi.shop\/wp-content\/uploads\/2026\/04\/caryophy.jpg\" \/>\n\t<meta property=\"og:image:width\" content=\"800\" \/>\n\t<meta property=\"og:image:height\" content=\"800\" \/>\n\t<meta property=\"og:image:type\" content=\"image\/jpeg\" \/>\n<meta name=\"twitter:card\" content=\"summary_large_image\" \/>\n<meta name=\"twitter:label1\" content=\"\u01af\u1edbc t\u00ednh th\u1eddi gian \u0111\u1ecdc\" \/>\n\t<meta name=\"twitter:data1\" content=\"8 ph\u00fat\" \/>\n<script type=\"application\/ld+json\" class=\"yoast-schema-graph\">{\"@context\":\"https:\/\/schema.org\",\"@graph\":[{\"@type\":\"WebPage\",\"@id\":\"https:\/\/myphamphake.azdigi.shop\/index.php\/product\/mat-na-mieng-caryophy-lam-diu-ho-tro-phuc-hoi-danh-cho-da-dau-mun-portulaca-mask-sheet\/\",\"url\":\"https:\/\/myphamphake.azdigi.shop\/index.php\/product\/mat-na-mieng-caryophy-lam-diu-ho-tro-phuc-hoi-danh-cho-da-dau-mun-portulaca-mask-sheet\/\",\"name\":\"M\u1eb7t N\u1ea1 Mi\u1ebfng Caryophy L\u00e0m D\u1ecbu, H\u1ed7 Tr\u1ee3 Ph\u1ee5c H\u1ed3i D\u00e0nh Cho Da D\u1ea7u M\u1ee5n Portulaca Mask Sheet - myphamphake\",\"isPartOf\":{\"@id\":\"https:\/\/myphamphake.azdigi.shop\/#website\"},\"primaryImageOfPage\":{\"@id\":\"https:\/\/myphamphake.azdigi.shop\/index.php\/product\/mat-na-mieng-caryophy-lam-diu-ho-tro-phuc-hoi-danh-cho-da-dau-mun-portulaca-mask-sheet\/#primaryimage\"},\"image\":{\"@id\":\"https:\/\/myphamphake.azdigi.shop\/index.php\/product\/mat-na-mieng-caryophy-lam-diu-ho-tro-phuc-hoi-danh-cho-da-dau-mun-portulaca-mask-sheet\/#primaryimage\"},\"thumbnailUrl\":\"https:\/\/myphamphake.azdigi.shop\/wp-content\/uploads\/2026\/04\/caryophy.jpg\",\"datePublished\":\"2026-04-05T02:56:23+00:00\",\"dateModified\":\"2026-04-05T03:04:21+00:00\",\"breadcrumb\":{\"@id\":\"https:\/\/myphamphake.azdigi.shop\/index.php\/product\/mat-na-mieng-caryophy-lam-diu-ho-tro-phuc-hoi-danh-cho-da-dau-mun-portulaca-mask-sheet\/#breadcrumb\"},\"inLanguage\":\"vi\",\"potentialAction\":[{\"@type\":\"ReadAction\",\"target\":[\"https:\/\/myphamphake.azdigi.shop\/index.php\/product\/mat-na-mieng-caryophy-lam-diu-ho-tro-phuc-hoi-danh-cho-da-dau-mun-portulaca-mask-sheet\/\"]}]},{\"@type\":\"ImageObject\",\"inLanguage\":\"vi\",\"@id\":\"https:\/\/myphamphake.azdigi.shop\/index.php\/product\/mat-na-mieng-caryophy-lam-diu-ho-tro-phuc-hoi-danh-cho-da-dau-mun-portulaca-mask-sheet\/#primaryimage\",\"url\":\"https:\/\/myphamphake.azdigi.shop\/wp-content\/uploads\/2026\/04\/caryophy.jpg\",\"contentUrl\":\"https:\/\/myphamphake.azdigi.shop\/wp-content\/uploads\/2026\/04\/caryophy.jpg\",\"width\":800,\"height\":800},{\"@type\":\"BreadcrumbList\",\"@id\":\"https:\/\/myphamphake.azdigi.shop\/index.php\/product\/mat-na-mieng-caryophy-lam-diu-ho-tro-phuc-hoi-danh-cho-da-dau-mun-portulaca-mask-sheet\/#breadcrumb\",\"itemListElement\":[{\"@type\":\"ListItem\",\"position\":1,\"name\":\"Home\",\"item\":\"https:\/\/myphamphake.azdigi.shop\/\"},{\"@type\":\"ListItem\",\"position\":2,\"name\":\"Shop\",\"item\":\"https:\/\/myphamphake.azdigi.shop\/index.php\/shop\/\"},{\"@type\":\"ListItem\",\"position\":3,\"name\":\"M\u1eb7t N\u1ea1 Mi\u1ebfng Caryophy L\u00e0m D\u1ecbu, H\u1ed7 Tr\u1ee3 Ph\u1ee5c H\u1ed3i D\u00e0nh Cho Da D\u1ea7u M\u1ee5n Portulaca Mask Sheet\"}]},{\"@type\":\"WebSite\",\"@id\":\"https:\/\/myphamphake.azdigi.shop\/#website\",\"url\":\"https:\/\/myphamphake.azdigi.shop\/\",\"name\":\"myphamphake\",\"description\":\"\",\"potentialAction\":[{\"@type\":\"SearchAction\",\"target\":{\"@type\":\"EntryPoint\",\"urlTemplate\":\"https:\/\/myphamphake.azdigi.shop\/?s={search_term_string}\"},\"query-input\":{\"@type\":\"PropertyValueSpecification\",\"valueRequired\":true,\"valueName\":\"search_term_string\"}}],\"inLanguage\":\"vi\"}]}<\/script>\n<!-- \/ Yoast SEO plugin. -->","yoast_head_json":{"title":"M\u1eb7t N\u1ea1 Mi\u1ebfng Caryophy L\u00e0m D\u1ecbu, H\u1ed7 Tr\u1ee3 Ph\u1ee5c H\u1ed3i D\u00e0nh Cho Da D\u1ea7u M\u1ee5n Portulaca Mask Sheet - myphamphake","robots":{"index":"index","follow":"follow","max-snippet":"max-snippet:-1","max-image-preview":"max-image-preview:large","max-video-preview":"max-video-preview:-1"},"canonical":"https:\/\/myphamphake.azdigi.shop\/index.php\/product\/mat-na-mieng-caryophy-lam-diu-ho-tro-phuc-hoi-danh-cho-da-dau-mun-portulaca-mask-sheet\/","og_locale":"vi_VN","og_type":"article","og_title":"M\u1eb7t N\u1ea1 Mi\u1ebfng Caryophy L\u00e0m D\u1ecbu, H\u1ed7 Tr\u1ee3 Ph\u1ee5c H\u1ed3i D\u00e0nh Cho Da D\u1ea7u M\u1ee5n Portulaca Mask Sheet - myphamphake","og_description":"Chi ti\u1ebft s\u1ea3n ph\u1ea9m T\u00ean s\u1ea3n ph\u1ea9m:\u00a0M\u1eb7t N\u1ea1 Mi\u1ebfng C\u1ea5p \u1ea8m, H\u1ed7 Tr\u1ee3 Ph\u1ee5c H\u1ed3i Da\u00a0Caryophy Mask Sheet K\u1ebft c\u1ea5u:\u00a0M\u1eb7t n\u1ea1 mi\u1ebfng, tinh ch\u1ea5t d\u01b0\u1ee1ng Dung t\u00edch: Portulaca (Xanh l\u00e1):\u00a022g ;\u00a0Skin Repair: 25g Th\u01b0\u01a1ng hi\u1ec7u:\u00a0CARYOPHY (H\u00e0n Qu\u1ed1c) N\u01a1i s\u1ea3n xu\u1ea5t:\u00a0H\u00e0n Qu\u1ed1c H\u1ea1n s\u1eed d\u1ee5ng:\u00a03 n\u0103m k\u1ec3 t\u1eeb ng\u00e0y s\u1ea3n xu\u1ea5t in tr\u00ean bao b\u00ec 1. [...]","og_url":"https:\/\/myphamphake.azdigi.shop\/index.php\/product\/mat-na-mieng-caryophy-lam-diu-ho-tro-phuc-hoi-danh-cho-da-dau-mun-portulaca-mask-sheet\/","og_site_name":"myphamphake","article_modified_time":"2026-04-05T03:04:21+00:00","og_image":[{"width":800,"height":800,"url":"https:\/\/myphamphake.azdigi.shop\/wp-content\/uploads\/2026\/04\/caryophy.jpg","type":"image\/jpeg"}],"twitter_card":"summary_large_image","twitter_misc":{"\u01af\u1edbc t\u00ednh th\u1eddi gian \u0111\u1ecdc":"8 ph\u00fat"},"schema":{"@context":"https:\/\/schema.org","@graph":[{"@type":"WebPage","@id":"https:\/\/myphamphake.azdigi.shop\/index.php\/product\/mat-na-mieng-caryophy-lam-diu-ho-tro-phuc-hoi-danh-cho-da-dau-mun-portulaca-mask-sheet\/","url":"https:\/\/myphamphake.azdigi.shop\/index.php\/product\/mat-na-mieng-caryophy-lam-diu-ho-tro-phuc-hoi-danh-cho-da-dau-mun-portulaca-mask-sheet\/","name":"M\u1eb7t N\u1ea1 Mi\u1ebfng Caryophy L\u00e0m D\u1ecbu, H\u1ed7 Tr\u1ee3 Ph\u1ee5c H\u1ed3i D\u00e0nh Cho Da D\u1ea7u M\u1ee5n Portulaca Mask Sheet - myphamphake","isPartOf":{"@id":"https:\/\/myphamphake.azdigi.shop\/#website"},"primaryImageOfPage":{"@id":"https:\/\/myphamphake.azdigi.shop\/index.php\/product\/mat-na-mieng-caryophy-lam-diu-ho-tro-phuc-hoi-danh-cho-da-dau-mun-portulaca-mask-sheet\/#primaryimage"},"image":{"@id":"https:\/\/myphamphake.azdigi.shop\/index.php\/product\/mat-na-mieng-caryophy-lam-diu-ho-tro-phuc-hoi-danh-cho-da-dau-mun-portulaca-mask-sheet\/#primaryimage"},"thumbnailUrl":"https:\/\/myphamphake.azdigi.shop\/wp-content\/uploads\/2026\/04\/caryophy.jpg","datePublished":"2026-04-05T02:56:23+00:00","dateModified":"2026-04-05T03:04:21+00:00","breadcrumb":{"@id":"https:\/\/myphamphake.azdigi.shop\/index.php\/product\/mat-na-mieng-caryophy-lam-diu-ho-tro-phuc-hoi-danh-cho-da-dau-mun-portulaca-mask-sheet\/#breadcrumb"},"inLanguage":"vi","potentialAction":[{"@type":"ReadAction","target":["https:\/\/myphamphake.azdigi.shop\/index.php\/product\/mat-na-mieng-caryophy-lam-diu-ho-tro-phuc-hoi-danh-cho-da-dau-mun-portulaca-mask-sheet\/"]}]},{"@type":"ImageObject","inLanguage":"vi","@id":"https:\/\/myphamphake.azdigi.shop\/index.php\/product\/mat-na-mieng-caryophy-lam-diu-ho-tro-phuc-hoi-danh-cho-da-dau-mun-portulaca-mask-sheet\/#primaryimage","url":"https:\/\/myphamphake.azdigi.shop\/wp-content\/uploads\/2026\/04\/caryophy.jpg","contentUrl":"https:\/\/myphamphake.azdigi.shop\/wp-content\/uploads\/2026\/04\/caryophy.jpg","width":800,"height":800},{"@type":"BreadcrumbList","@id":"https:\/\/myphamphake.azdigi.shop\/index.php\/product\/mat-na-mieng-caryophy-lam-diu-ho-tro-phuc-hoi-danh-cho-da-dau-mun-portulaca-mask-sheet\/#breadcrumb","itemListElement":[{"@type":"ListItem","position":1,"name":"Home","item":"https:\/\/myphamphake.azdigi.shop\/"},{"@type":"ListItem","position":2,"name":"Shop","item":"https:\/\/myphamphake.azdigi.shop\/index.php\/shop\/"},{"@type":"ListItem","position":3,"name":"M\u1eb7t N\u1ea1 Mi\u1ebfng Caryophy L\u00e0m D\u1ecbu, H\u1ed7 Tr\u1ee3 Ph\u1ee5c H\u1ed3i D\u00e0nh Cho Da D\u1ea7u M\u1ee5n Portulaca Mask Sheet"}]},{"@type":"WebSite","@id":"https:\/\/myphamphake.azdigi.shop\/#website","url":"https:\/\/myphamphake.azdigi.shop\/","name":"myphamphake","description":"","potentialAction":[{"@type":"SearchAction","target":{"@type":"EntryPoint","urlTemplate":"https:\/\/myphamphake.azdigi.shop\/?s={search_term_string}"},"query-input":{"@type":"PropertyValueSpecification","valueRequired":true,"valueName":"search_term_string"}}],"inLanguage":"vi"}]}},"_links":{"self":[{"href":"https:\/\/myphamphake.azdigi.shop\/index.php\/wp-json\/wp\/v2\/product\/386","targetHints":{"allow":["GET"]}}],"collection":[{"href":"https:\/\/myphamphake.azdigi.shop\/index.php\/wp-json\/wp\/v2\/product"}],"about":[{"href":"https:\/\/myphamphake.azdigi.shop\/index.php\/wp-json\/wp\/v2\/types\/product"}],"replies":[{"embeddable":true,"href":"https:\/\/myphamphake.azdigi.shop\/index.php\/wp-json\/wp\/v2\/comments?post=386"}],"wp:featuredmedia":[{"embeddable":true,"href":"https:\/\/myphamphake.azdigi.shop\/index.php\/wp-json\/wp\/v2\/media\/387"}],"wp:attachment":[{"href":"https:\/\/myphamphake.azdigi.shop\/index.php\/wp-json\/wp\/v2\/media?parent=386"}],"wp:term":[{"taxonomy":"product_brand","embeddable":true,"href":"https:\/\/myphamphake.azdigi.shop\/index.php\/wp-json\/wp\/v2\/product_brand?post=386"},{"taxonomy":"product_cat","embeddable":true,"href":"https:\/\/myphamphake.azdigi.shop\/index.php\/wp-json\/wp\/v2\/product_cat?post=386"},{"taxonomy":"product_tag","embeddable":true,"href":"https:\/\/myphamphake.azdigi.shop\/index.php\/wp-json\/wp\/v2\/product_tag?post=386"}],"curies":[{"name":"wp","href":"https:\/\/api.w.org\/{rel}","templated":true}]}}