{"id":475,"date":"2026-04-05T07:44:23","date_gmt":"2026-04-05T07:44:23","guid":{"rendered":"https:\/\/myphamphake.azdigi.shop\/?post_type=product&#038;p=475"},"modified":"2026-04-05T07:45:05","modified_gmt":"2026-04-05T07:45:05","slug":"sua-duong-the-olay-sang-da-duong-am-huong-nuoc-hoa-body-cellscience-260g","status":"publish","type":"product","link":"https:\/\/myphamphake.azdigi.shop\/index.php\/product\/sua-duong-the-olay-sang-da-duong-am-huong-nuoc-hoa-body-cellscience-260g\/","title":{"rendered":"S\u1eefa D\u01b0\u1ee1ng Th\u1ec3 OLAY S\u00e1ng Da, D\u01b0\u1ee1ng \u1ea8m H\u01b0\u01a1ng N\u01b0\u1edbc Hoa Body Cellscience 260g"},"content":{"rendered":"<div class=\"product-section-title\">\n<h2>Chi ti\u1ebft s\u1ea3n ph\u1ea9m<\/h2>\n<\/div>\n<div class=\"page-product-description-detail-wrap expanded\">\n<div class=\"page-product-description-detail\">\n<ul>\n<li><strong>T\u00ean s\u1ea3n ph\u1ea9m:\u00a0<\/strong>S\u1eefa D\u01b0\u1ee1ng Th\u1ec3 S\u00e1ng Da H\u01b0\u01a1ng N\u01b0\u1edbc Hoa OLAY Body Cellscience 260g<\/li>\n<li><strong>K\u1ebft c\u1ea5u:\u00a0<\/strong>D\u1ea1ng s\u1eefa<\/li>\n<li><strong>Dung t\u00edch:\u00a0<\/strong>260g<\/li>\n<li><strong>Th\u01b0\u01a1ng hi\u1ec7u:<\/strong>\u00a0OLAY SKINCARE (M\u1ef9)<\/li>\n<li><strong>N\u01a1i s\u1ea3n xu\u1ea5t:\u00a0<\/strong>Trung Qu\u1ed1c<\/li>\n<li><strong>H\u1ea1n s\u1eed d\u1ee5ng:\u00a0<\/strong>30 th\u00e1ng\u00a0k\u1ec3 t\u1eeb ng\u00e0y s\u1ea3n xu\u1ea5t in tr\u00ean bao b\u00ec<\/li>\n<\/ul>\n<p><strong>1. Th\u00f4ng tin s\u1ea3n ph\u1ea9m<\/strong><\/p>\n<p><strong>S\u1eefa D\u01b0\u1ee1ng Th\u1ec3 OLAY Body Cellscience<\/strong>\u00a0l\u00e0<strong>d\u00f2ng d\u01b0\u1ee1ng th\u1ec3<\/strong>\u00a0\u0111\u1ebfn t\u1eeb th\u01b0\u01a1ng hi\u1ec7u\u00a0<strong>OLAY SKINCARE<\/strong>. V\u1edbi c\u00f4ng th\u1ee9c ch\u1ee9a Niacinamide c\u00f9ng c\u00e1c ho\u1ea1t ch\u1ea5t t\u1ed1i \u01b0u gi\u00fap h\u1ed7 tr\u1ee3 d\u01b0\u1ee1ng s\u00e1ng, d\u01b0\u1ee1ng \u1ea9m chuy\u00ean\u00a0s\u00e2u, gi\u00fap da s\u00e1ng r\u1ea1ng r\u1ee1, \u0111\u1ec1u m\u00e0u v\u00e0 \u1ea9m m\u01b0\u1ee3t h\u01a1n. \u0110\u1ed3ng th\u1eddi k\u1ebft c\u1ea5u m\u1ecfng nh\u1eb9, th\u1ea9m th\u1ea5u nhanh c\u00f9ng h\u01b0\u01a1ng n\u01b0\u1edbc hoa cao c\u1ea5p gi\u00fap nu\u00f4i d\u01b0\u1ee1ng l\u00e0n da m\u1ec1m m\u1ecbn, t\u01b0\u01a1i s\u00e1ng<\/p>\n<p><img decoding=\"async\" src=\"https:\/\/cdn.hstatic.net\/files\/1000006063\/file\/download_771b487698e34b65b25948b61d2461cf.jpg\" alt=\"S\u1eefa D\u01b0\u1ee1ng Th\u1ec3 OLAY S\u00e1ng Da, D\u01b0\u1ee1ng \u1ea8m H\u01b0\u01a1ng N\u01b0\u1edbc Hoa Body Cellscience 260g\" \/><\/p>\n<p><strong>2. C\u00e1c ph\u00e2n lo\u1ea1i c\u1ee7a<\/strong>\u00a0<strong>S\u1eefa D\u01b0\u1ee1ng Th\u1ec3 OLAY Body Cellscience\u00a0<\/strong><\/p>\n<p><strong>S\u1eefa D\u01b0\u1ee1ng Th\u1ec3 OLAY Body Cellscience\u00a0<\/strong>hi\u1ec7n t\u1ea1i\u00a0\u0111\u00e3 c\u00f3 m\u1eb7t t\u1ea1i\u00a0<a href=\"https:\/\/myphamphake.azdigi.shop\/\"><strong>MyPhamPhake<\/strong><\/a>\u00a0v\u1edbi c\u00e1c ph\u00e2n lo\u1ea1i\u00a0nh\u01b0 sau:<\/p>\n<ul>\n<li><strong>OLAY Body Cellscience S\u00e1ng Da\u00a0<\/strong><\/li>\n<li><strong>OLAY Body Cellscience Lily &#8211; Tinh Ch\u1ea5t D\u01b0\u1ee1ng \u1ea8m<\/strong><\/li>\n<li><strong>OLAY Body Cellscience ProB5+ &#8211; Berries &#8211; D\u01b0\u1ee1ng \u1ea8m Chuy\u00ean S\u00e2u<\/strong><\/li>\n<\/ul>\n<p><strong>3. \u01afu \u0111i\u1ec3m c\u1ee7a\u00a0S\u1eefa D\u01b0\u1ee1ng Th\u1ec3 OLAY Body Cellscience<\/strong><\/p>\n<p><strong>S\u1eefa D\u01b0\u1ee1ng Th\u1ec3 OLAY Body Cellscience\u00a0<\/strong>hi\u1ec7n t\u1ea1i \u0111\u00e3 c\u00f3 m\u1eb7t t\u1ea1i <a href=\"https:\/\/myphamphake.azdigi.shop\/\"><strong>MyPhamPhake<\/strong><\/a>\u00a0v\u1edbi nh\u1eefng c\u00f4ng d\u1ee5ng nh\u01b0 sau:<\/p>\n<p><strong>3.1 S\u1eefa D\u01b0\u1ee1ng Th\u1ec3\u00a0OLAY Body Cellscience S\u00e1ng Da 260g<\/strong><\/p>\n<ul>\n<li>C\u00f4ng th\u1ee9c b\u1ed5 sung\u00a05% Niacinamide\u00a0n\u1ed3ng \u0111\u1ed9 cao h\u1ed7 tr\u1ee3 l\u00e0m s\u00e1ng da, c\u1ea3i thi\u1ec7n da\u00a0x\u1ec9n m\u00e0u v\u00e0 t\u00ecnh tr\u1ea1ng h\u00ecnh th\u00e0nh h\u1eafc s\u1eafc t\u1ed1.\u00a0Vitamin C\u00a0\u1ed5n \u0111\u1ecbnh t\u0103ng c\u01b0\u1eddng \u0111\u1ed9 r\u1ea1ng r\u1ee1, gi\u00fap da s\u00e1ng m\u1ecbn \u0111\u1ec1u m\u00e0u h\u01a1n<\/li>\n<li>C\u00f4ng ngh\u1ec7 th\u1ea9m th\u1ea5u Niacinamide gi\u00fap t\u0103ng hi\u1ec7u th\u1ea9m th\u1ea5u gi\u00fap da tr\u1eafng s\u00e1ng h\u01a1n<\/li>\n<li>C\u00f4ng ngh\u1ec7 \u0111\u1ed9c quy\u1ec1n t\u1eeb 6 d\u01b0\u1ee1ng ch\u1ea5t gi\u00fap nu\u00f4i d\u01b0\u1ee1ng l\u00e0n da s\u00e1ng b\u1eebng, tr\u00e0n \u0111\u1ea7y s\u1ee9c s\u1ed1ng:\u00a05% Niacinamide, VC \u1ed5n \u0111\u1ecbnh, Tinh ch\u1ea5t vitamin E, Inositol, Ubiquinol, Carnosine<\/li>\n<li>K\u1ebft c\u1ea5u s\u1eefa d\u01b0\u1ee1ng th\u1ec3 th\u1ea9m th\u1ea5u nhanh, kh\u00f4ng b\u1ebft d\u00ednh.<\/li>\n<li>H\u01b0\u01a1ng n\u01b0\u1edbc hoa cao c\u1ea5p sang tr\u1ecdng, l\u01b0u h\u01b0\u01a1ng \u0111\u1ebfn 12 gi\u1edd:\n<ul>\n<li>H\u01b0\u01a1ng \u0111\u1ea7u: Cam Qu\u00fdt.<\/li>\n<li>H\u01b0\u01a1ng gi\u1eefa: Hoa H\u1ed3ng.<\/li>\n<li>H\u01b0\u01a1ng cu\u1ed1i: H\u1ed5 Ph\u00e1ch.<\/li>\n<\/ul>\n<\/li>\n<li>Ph\u00f9 h\u1ee3p cho da x\u1ec9n m\u00e0u, th\u00e2m s\u1ea1m<\/li>\n<\/ul>\n<p><img decoding=\"async\" src=\"https:\/\/cdn.hstatic.net\/files\/1000006063\/file\/1_3ca37878becb4762b1fe1e7375d80057.jpg\" alt=\"S\u1eefa D\u01b0\u1ee1ng Th\u1ec3 OLAY S\u00e1ng Da, D\u01b0\u1ee1ng \u1ea8m H\u01b0\u01a1ng N\u01b0\u1edbc Hoa Body Cellscience 260g\" \/><\/p>\n<p><img decoding=\"async\" src=\"https:\/\/cdn.hstatic.net\/files\/1000006063\/file\/2_30d71212581c44fb921ba8dfe326584c.jpg\" alt=\"S\u1eefa D\u01b0\u1ee1ng Th\u1ec3 OLAY S\u00e1ng Da, D\u01b0\u1ee1ng \u1ea8m H\u01b0\u01a1ng N\u01b0\u1edbc Hoa Body Cellscience 260g\" \/><\/p>\n<p><img decoding=\"async\" src=\"https:\/\/cdn.hstatic.net\/files\/1000006063\/file\/3_e283bc44a5104f9899ef9e5628e32b5e.jpg\" alt=\"S\u1eefa D\u01b0\u1ee1ng Th\u1ec3 OLAY S\u00e1ng Da, D\u01b0\u1ee1ng \u1ea8m H\u01b0\u01a1ng N\u01b0\u1edbc Hoa Body Cellscience 260g\" \/><\/p>\n<p><img decoding=\"async\" src=\"https:\/\/cdn.hstatic.net\/files\/1000006063\/file\/4_e3310fb57f3b41a6b5af84cf91e80963.jpg\" alt=\"S\u1eefa D\u01b0\u1ee1ng Th\u1ec3 OLAY S\u00e1ng Da, D\u01b0\u1ee1ng \u1ea8m H\u01b0\u01a1ng N\u01b0\u1edbc Hoa Body Cellscience 260g\" \/><\/p>\n<p><img decoding=\"async\" src=\"https:\/\/cdn.hstatic.net\/files\/1000006063\/file\/5_09fbf2a6d1c04d569300dd9ca174ad2c.jpg\" alt=\"S\u1eefa D\u01b0\u1ee1ng Th\u1ec3 OLAY S\u00e1ng Da, D\u01b0\u1ee1ng \u1ea8m H\u01b0\u01a1ng N\u01b0\u1edbc Hoa Body Cellscience 260g\" \/><\/p>\n<p><strong>3.2\u00a0S\u1eefa D\u01b0\u1ee1ng Th\u1ec3\u00a0Tinh Ch\u1ea5t D\u01b0\u1ee1ng \u1ea8m\u00a0OLAY Body Cellscience B5+ Lily 260g<\/strong><\/p>\n<ul>\n<li>C\u00f4ng th\u1ee9c d\u01b0\u1ee1ng \u1ea9m c\u1ea5p n\u01b0\u01a1c chuy\u00ean s\u00e2u v\u00f3i 3 th\u00e0nh ph\u1ea7n ch\u1ee7 ch\u1ed1t l\u00e0 Panthenol (B5), Vitamin E v\u00e0 Niacinamide tinh khi\u1ebft gi\u00fap nu\u00f4i d\u01b0\u1ee1ng l\u00e0n da m\u1ec1m m\u1ecbn, \u1ea9m m\u01b0\u1ee3t<\/li>\n<li>C\u00f4ng th\u1ee9c b\u1ed5 sung\u00a0Vitamin B5+ &amp; Niacinamide\u00a0tinh khi\u1ebft 99% h\u1ed7 tr\u1ee3 ph\u1ee5c h\u1ed3i, c\u1ee7ng c\u1ed1 h\u00e0ng r\u00e0o b\u1ea3o v\u1ec7 t\u1ef1 nhi\u00ean, gi\u00fap da kh\u1ecfe v\u00e0 m\u1ecbn m\u00e0ng h\u01a1n<\/li>\n<li>Vitamin E\u00a0gi\u00fap nu\u00f4i d\u01b0\u1ee1ng v\u00e0 b\u1ea3o v\u1ec7 l\u00e0n da tr\u01b0\u1edbc t\u00ecnh tr\u1ea1ng m\u1ea5t n\u01b0\u1edbc, gi\u00fap da lu\u00f4n m\u1ecbn m\u00e0ng<\/li>\n<li>K\u1ebft c\u1ea5u d\u1ea1ng s\u1eefa m\u1ecfng nh\u1eb9, th\u1ea5m nhanh, kh\u00f4ng b\u1ebft d\u00ednh<\/li>\n<li>H\u01b0\u01a1ng\u00a0D\u1ea1 Lan H\u01b0\u01a1ng<strong>\u00a0<\/strong>lan t\u1ecfa ng\u1ecdt ng\u00e0o, cu\u1ed1n h\u00fat:\n<ul>\n<li>H\u01b0\u01a1ng \u0111\u1ea7u: D\u1ea1 Lan H\u01b0\u01a1ng.<\/li>\n<li>H\u01b0\u01a1ng gi\u1eefa: D\u1eeba.<\/li>\n<li>H\u01b0\u01a1ng cu\u1ed1i: G\u1ed7 Tuy\u1ebft T\u00f9ng.<\/li>\n<\/ul>\n<\/li>\n<li>Ph\u00f9 h\u1ee3p cho da kh\u00f4, thi\u1ebfu \u1ea9m<\/li>\n<\/ul>\n<div>\n<p><img decoding=\"async\" src=\"https:\/\/cdn.hstatic.net\/files\/1000006063\/file\/7_fa6664b47d854bbcbbf6459b40e70c2f.jpg\" alt=\"S\u1eefa D\u01b0\u1ee1ng Th\u1ec3 OLAY S\u00e1ng Da, D\u01b0\u1ee1ng \u1ea8m H\u01b0\u01a1ng N\u01b0\u1edbc Hoa Body Cellscience 260g\" \/><\/p>\n<p><img decoding=\"async\" src=\"https:\/\/cdn.hstatic.net\/files\/1000006063\/file\/3_89a46890cb6842609050f83cee1cecca.jpg\" alt=\"S\u1eefa D\u01b0\u1ee1ng Th\u1ec3 OLAY S\u00e1ng Da, D\u01b0\u1ee1ng \u1ea8m H\u01b0\u01a1ng N\u01b0\u1edbc Hoa Body Cellscience 260g\" \/><\/p>\n<p><img decoding=\"async\" src=\"https:\/\/cdn.hstatic.net\/files\/1000006063\/file\/1_14046920a42448a89f04586fb66a1472.jpg\" alt=\"S\u1eefa D\u01b0\u1ee1ng Th\u1ec3 OLAY S\u00e1ng Da, D\u01b0\u1ee1ng \u1ea8m H\u01b0\u01a1ng N\u01b0\u1edbc Hoa Body Cellscience 260g\" \/><\/p>\n<p><img decoding=\"async\" src=\"https:\/\/cdn.hstatic.net\/files\/1000006063\/file\/4_366b32bc742c4889a599468b36e12f69.jpg\" alt=\"S\u1eefa D\u01b0\u1ee1ng Th\u1ec3 OLAY S\u00e1ng Da, D\u01b0\u1ee1ng \u1ea8m H\u01b0\u01a1ng N\u01b0\u1edbc Hoa Body Cellscience 260g\" \/><\/p>\n<\/div>\n<p><strong>3.3\u00a0S\u1eefa D\u01b0\u1ee1ng Th\u1ec3 D\u01b0\u1ee1ng \u1ea8m Chuy\u00ean S\u00e2u\u00a0Body Cellscience Pro B5+\u00a0260g<\/strong><\/p>\n<ul>\n<li>C\u00f4ng th\u1ee9c b\u1ed5 sung\u00a0<strong>Vitamin Pro B5+ &amp; Niacinamide<\/strong>\u00a0tinh khi\u1ebft 99% h\u1ed7 tr\u1ee3 ph\u1ee5c h\u1ed3i, c\u1ee7ng c\u1ed1 h\u00e0ng r\u00e0o b\u1ea3o v\u1ec7 t\u1ef1 nhi\u00ean, gi\u00fap da kh\u1ecfe v\u00e0 m\u1ecbn m\u00e0ng h\u01a1n<\/li>\n<li>\u0110\u01b0\u1eddng t\u1ea3o bi\u1ec3n:\u00a0B\u1ed5 sung \u0111\u1ed9 \u1ea9m, h\u1ed7 tr\u1ee3 kh\u00f3a n\u01b0\u1edbc cho da m\u1ec1m m\u1ecbn h\u01a1n<\/li>\n<li>S\u1ea3n ph\u1ea9m th\u1ea9m th\u1ea5u nhanh, kh\u00f4ng b\u1ebft d\u00ednh<\/li>\n<li>H\u01b0\u01a1ng n\u01b0\u1edbc hoa\u00a0Tr\u00e1i M\u1ecdng R\u1eebng S\u00e2u<strong>\u00a0<\/strong>t\u01b0\u01a1i m\u00e1t v\u00e0 quy\u1ebfn r\u0169:\n<ul>\n<li>H\u01b0\u01a1ng \u0111\u1ea7u: Tr\u00e1i M\u1ecdng<\/li>\n<li>H\u01b0\u01a1ng gi\u1eefa: Freesia<\/li>\n<li>H\u01b0\u01a1ng cu\u1ed1i: H\u1ed5 Ph\u00e1ch<\/li>\n<\/ul>\n<\/li>\n<li>Ph\u00f9 h\u1ee3p cho da kh\u00f4, thi\u1ebfu \u1ea9m<\/li>\n<\/ul>\n<p><img decoding=\"async\" src=\"https:\/\/cdn.hstatic.net\/files\/1000006063\/file\/7_e3857651081a4633b02c5e5519bc1f4c.jpg\" alt=\"S\u1eefa D\u01b0\u1ee1ng Th\u1ec3 OLAY S\u00e1ng Da, D\u01b0\u1ee1ng \u1ea8m H\u01b0\u01a1ng N\u01b0\u1edbc Hoa Body Cellscience 260g\" \/><\/p>\n<p><img decoding=\"async\" src=\"https:\/\/cdn.hstatic.net\/files\/1000006063\/file\/3_a44b24000e47479f8e5e4e525cc13b64.jpg\" alt=\"S\u1eefa D\u01b0\u1ee1ng Th\u1ec3 OLAY S\u00e1ng Da, D\u01b0\u1ee1ng \u1ea8m H\u01b0\u01a1ng N\u01b0\u1edbc Hoa Body Cellscience 260g\" \/><\/p>\n<p><img decoding=\"async\" src=\"https:\/\/cdn.hstatic.net\/files\/1000006063\/file\/1_9686490191c64bab937c3765f784617c.jpg\" alt=\"S\u1eefa D\u01b0\u1ee1ng Th\u1ec3 OLAY S\u00e1ng Da, D\u01b0\u1ee1ng \u1ea8m H\u01b0\u01a1ng N\u01b0\u1edbc Hoa Body Cellscience 260g\" \/><\/p>\n<p><img decoding=\"async\" src=\"https:\/\/cdn.hstatic.net\/files\/1000006063\/file\/4_622fee8c6e7c43c787f4fa8d55fbdc86.jpg\" alt=\"S\u1eefa D\u01b0\u1ee1ng Th\u1ec3 OLAY S\u00e1ng Da, D\u01b0\u1ee1ng \u1ea8m H\u01b0\u01a1ng N\u01b0\u1edbc Hoa Body Cellscience 260g\" \/><\/p>\n<p><strong>4. C\u00e1ch b\u1ea3o qu\u1ea3n<\/strong><\/p>\n<ul>\n<li>Tr\u00e1nh \u00e1nh n\u1eafng tr\u1ef1c ti\u1ebfp<\/li>\n<li>\u0110\u1ec3 n\u01a1i kh\u00f4 r\u00e1o, tho\u00e1ng m\u00e1t<\/li>\n<li>\u0110\u1eady n\u1eafp k\u00edn sau khi s\u1eed d\u1ee5ng<\/li>\n<\/ul>\n<p><strong>5. H\u01b0\u1edbng d\u1eabn s\u1eed d\u1ee5ng<\/strong><\/p>\n<ul>\n<li>Sau khi t\u1eafm, l\u1ea5y l\u01b0\u1ee3ng s\u1ea3n ph\u1ea9m v\u1eeba \u0111\u1ee7 v\u00e0o l\u00f2ng b\u00e0n tay, thoa \u0111\u1ec1u v\u00e0 m\u00e1t xa nh\u1eb9 nh\u00e0ng l\u00ean da c\u01a1 th\u1ec3. Tr\u00e1nh ti\u1ebfp x\u00fac v\u1edbi m\u1eaft. N\u1ebfu d\u00ednh v\u00e0o m\u1eaft, r\u1eeda ngay b\u1eb1ng n\u01b0\u1edbc s\u1ea1ch. S\u1eed d\u1ee5ng h\u1eb1ng ng\u00e0y<\/li>\n<li>Ch\u00fa \u00fd: Tr\u00e1nh \u0111\u1ec3 s\u1ea3n ph\u1ea9m d\u00ednh v\u00e0o m\u1eaft. Khi s\u1ea3n ph\u1ea9m d\u00ednh v\u00e0o m\u1eaft, r\u1eeda k\u1ef9 v\u1edbi n\u01b0\u1edbc.<\/li>\n<\/ul>\n<p><strong>6. Nh\u1eefng l\u01b0u \u00fd khi s\u1eed d\u1ee5ng<\/strong><\/p>\n<ul>\n<li>T\u00e1c d\u1ee5ng c\u1ee7a s\u1ea3n ph\u1ea9m s\u1ebd kh\u00e1c nhau t\u00f9y v\u00e0o c\u01a1 \u0111\u1ecba c\u1ee7a m\u1ed7i ng\u01b0\u1eddi. V\u1edbi l\u00e0n da nh\u1ea1y c\u1ea3m b\u1ea1n n\u00ean th\u1eed s\u1ea3n ph\u1ea9m \u1edf m\u1ed9t v\u00f9ng nh\u1ecf tr\u01b0\u1edbc khi s\u1eed d\u1ee5ng cho to\u00e0n khu\u00f4n m\u1eb7t.<\/li>\n<\/ul>\n<p><img decoding=\"async\" src=\"https:\/\/cdn.hstatic.net\/files\/1000006063\/file\/h_n_s__d_ng_f152e454a0294c70839dec916aab9648.jpg\" alt=\"S\u1eefa D\u01b0\u1ee1ng Th\u1ec3 OLAY S\u00e1ng Da, D\u01b0\u1ee1ng \u1ea8m H\u01b0\u01a1ng N\u01b0\u1edbc Hoa Body Cellscience 260g\" \/><\/p>\n<\/div>\n<\/div>\n","protected":false},"excerpt":{"rendered":"<p>Chi ti\u1ebft s\u1ea3n ph\u1ea9m T\u00ean s\u1ea3n ph\u1ea9m:\u00a0S\u1eefa D\u01b0\u1ee1ng Th\u1ec3 S\u00e1ng Da H\u01b0\u01a1ng N\u01b0\u1edbc Hoa OLAY Body Cellscience 260g K\u1ebft c\u1ea5u:\u00a0D\u1ea1ng s\u1eefa Dung t\u00edch:\u00a0260g Th\u01b0\u01a1ng hi\u1ec7u:\u00a0OLAY SKINCARE (M\u1ef9) N\u01a1i s\u1ea3n xu\u1ea5t:\u00a0Trung Qu\u1ed1c H\u1ea1n s\u1eed d\u1ee5ng:\u00a030 th\u00e1ng\u00a0k\u1ec3 t\u1eeb ng\u00e0y s\u1ea3n xu\u1ea5t in tr\u00ean bao b\u00ec 1. Th\u00f4ng tin s\u1ea3n ph\u1ea9m S\u1eefa D\u01b0\u1ee1ng Th\u1ec3 OLAY Body Cellscience\u00a0l\u00e0d\u00f2ng d\u01b0\u1ee1ng [&#8230;]\n","protected":false},"featured_media":477,"comment_status":"open","ping_status":"closed","template":"","meta":[],"product_brand":[47],"product_cat":[45,46],"product_tag":[],"class_list":{"0":"post-475","1":"product","2":"type-product","3":"status-publish","4":"has-post-thumbnail","6":"product_brand-olay","7":"product_cat-cham-soc-co-the","8":"product_cat-duong-the","10":"first","11":"instock","12":"sale","13":"shipping-taxable","14":"purchasable","15":"product-type-variable"},"yoast_head":"<!-- This site is optimized with the Yoast SEO plugin v27.1.1 - https:\/\/yoast.com\/product\/yoast-seo-wordpress\/ -->\n<title>S\u1eefa D\u01b0\u1ee1ng Th\u1ec3 OLAY S\u00e1ng Da, D\u01b0\u1ee1ng \u1ea8m H\u01b0\u01a1ng N\u01b0\u1edbc Hoa Body Cellscience 260g - myphamphake<\/title>\n<meta name=\"robots\" content=\"index, follow, max-snippet:-1, max-image-preview:large, max-video-preview:-1\" \/>\n<link rel=\"canonical\" href=\"https:\/\/myphamphake.azdigi.shop\/index.php\/product\/sua-duong-the-olay-sang-da-duong-am-huong-nuoc-hoa-body-cellscience-260g\/\" \/>\n<meta property=\"og:locale\" content=\"vi_VN\" \/>\n<meta property=\"og:type\" content=\"article\" \/>\n<meta property=\"og:title\" content=\"S\u1eefa D\u01b0\u1ee1ng Th\u1ec3 OLAY S\u00e1ng Da, D\u01b0\u1ee1ng \u1ea8m H\u01b0\u01a1ng N\u01b0\u1edbc Hoa Body Cellscience 260g - myphamphake\" \/>\n<meta property=\"og:description\" content=\"Chi ti\u1ebft s\u1ea3n ph\u1ea9m T\u00ean s\u1ea3n ph\u1ea9m:\u00a0S\u1eefa D\u01b0\u1ee1ng Th\u1ec3 S\u00e1ng Da H\u01b0\u01a1ng N\u01b0\u1edbc Hoa OLAY Body Cellscience 260g K\u1ebft c\u1ea5u:\u00a0D\u1ea1ng s\u1eefa Dung t\u00edch:\u00a0260g Th\u01b0\u01a1ng hi\u1ec7u:\u00a0OLAY SKINCARE (M\u1ef9) N\u01a1i s\u1ea3n xu\u1ea5t:\u00a0Trung Qu\u1ed1c H\u1ea1n s\u1eed d\u1ee5ng:\u00a030 th\u00e1ng\u00a0k\u1ec3 t\u1eeb ng\u00e0y s\u1ea3n xu\u1ea5t in tr\u00ean bao b\u00ec 1. Th\u00f4ng tin s\u1ea3n ph\u1ea9m S\u1eefa D\u01b0\u1ee1ng Th\u1ec3 OLAY Body Cellscience\u00a0l\u00e0d\u00f2ng d\u01b0\u1ee1ng [...]\" \/>\n<meta property=\"og:url\" content=\"https:\/\/myphamphake.azdigi.shop\/index.php\/product\/sua-duong-the-olay-sang-da-duong-am-huong-nuoc-hoa-body-cellscience-260g\/\" \/>\n<meta property=\"og:site_name\" content=\"myphamphake\" \/>\n<meta property=\"article:modified_time\" content=\"2026-04-05T07:45:05+00:00\" \/>\n<meta property=\"og:image\" content=\"https:\/\/myphamphake.azdigi.shop\/wp-content\/uploads\/2026\/04\/olay_a6cd68555dec44639f4795f55046ff84_1024x1024.jpg\" \/>\n\t<meta property=\"og:image:width\" content=\"800\" \/>\n\t<meta property=\"og:image:height\" content=\"800\" \/>\n\t<meta property=\"og:image:type\" content=\"image\/jpeg\" \/>\n<meta name=\"twitter:card\" content=\"summary_large_image\" \/>\n<meta name=\"twitter:label1\" content=\"\u01af\u1edbc t\u00ednh th\u1eddi gian \u0111\u1ecdc\" \/>\n\t<meta name=\"twitter:data1\" content=\"8 ph\u00fat\" \/>\n<script type=\"application\/ld+json\" class=\"yoast-schema-graph\">{\"@context\":\"https:\/\/schema.org\",\"@graph\":[{\"@type\":\"WebPage\",\"@id\":\"https:\/\/myphamphake.azdigi.shop\/index.php\/product\/sua-duong-the-olay-sang-da-duong-am-huong-nuoc-hoa-body-cellscience-260g\/\",\"url\":\"https:\/\/myphamphake.azdigi.shop\/index.php\/product\/sua-duong-the-olay-sang-da-duong-am-huong-nuoc-hoa-body-cellscience-260g\/\",\"name\":\"S\u1eefa D\u01b0\u1ee1ng Th\u1ec3 OLAY S\u00e1ng Da, D\u01b0\u1ee1ng \u1ea8m H\u01b0\u01a1ng N\u01b0\u1edbc Hoa Body Cellscience 260g - myphamphake\",\"isPartOf\":{\"@id\":\"https:\/\/myphamphake.azdigi.shop\/#website\"},\"primaryImageOfPage\":{\"@id\":\"https:\/\/myphamphake.azdigi.shop\/index.php\/product\/sua-duong-the-olay-sang-da-duong-am-huong-nuoc-hoa-body-cellscience-260g\/#primaryimage\"},\"image\":{\"@id\":\"https:\/\/myphamphake.azdigi.shop\/index.php\/product\/sua-duong-the-olay-sang-da-duong-am-huong-nuoc-hoa-body-cellscience-260g\/#primaryimage\"},\"thumbnailUrl\":\"https:\/\/myphamphake.azdigi.shop\/wp-content\/uploads\/2026\/04\/olay_a6cd68555dec44639f4795f55046ff84_1024x1024.jpg\",\"datePublished\":\"2026-04-05T07:44:23+00:00\",\"dateModified\":\"2026-04-05T07:45:05+00:00\",\"breadcrumb\":{\"@id\":\"https:\/\/myphamphake.azdigi.shop\/index.php\/product\/sua-duong-the-olay-sang-da-duong-am-huong-nuoc-hoa-body-cellscience-260g\/#breadcrumb\"},\"inLanguage\":\"vi\",\"potentialAction\":[{\"@type\":\"ReadAction\",\"target\":[\"https:\/\/myphamphake.azdigi.shop\/index.php\/product\/sua-duong-the-olay-sang-da-duong-am-huong-nuoc-hoa-body-cellscience-260g\/\"]}]},{\"@type\":\"ImageObject\",\"inLanguage\":\"vi\",\"@id\":\"https:\/\/myphamphake.azdigi.shop\/index.php\/product\/sua-duong-the-olay-sang-da-duong-am-huong-nuoc-hoa-body-cellscience-260g\/#primaryimage\",\"url\":\"https:\/\/myphamphake.azdigi.shop\/wp-content\/uploads\/2026\/04\/olay_a6cd68555dec44639f4795f55046ff84_1024x1024.jpg\",\"contentUrl\":\"https:\/\/myphamphake.azdigi.shop\/wp-content\/uploads\/2026\/04\/olay_a6cd68555dec44639f4795f55046ff84_1024x1024.jpg\",\"width\":800,\"height\":800},{\"@type\":\"BreadcrumbList\",\"@id\":\"https:\/\/myphamphake.azdigi.shop\/index.php\/product\/sua-duong-the-olay-sang-da-duong-am-huong-nuoc-hoa-body-cellscience-260g\/#breadcrumb\",\"itemListElement\":[{\"@type\":\"ListItem\",\"position\":1,\"name\":\"Home\",\"item\":\"https:\/\/myphamphake.azdigi.shop\/\"},{\"@type\":\"ListItem\",\"position\":2,\"name\":\"Shop\",\"item\":\"https:\/\/myphamphake.azdigi.shop\/index.php\/shop\/\"},{\"@type\":\"ListItem\",\"position\":3,\"name\":\"S\u1eefa D\u01b0\u1ee1ng Th\u1ec3 OLAY S\u00e1ng Da, D\u01b0\u1ee1ng \u1ea8m H\u01b0\u01a1ng N\u01b0\u1edbc Hoa Body Cellscience 260g\"}]},{\"@type\":\"WebSite\",\"@id\":\"https:\/\/myphamphake.azdigi.shop\/#website\",\"url\":\"https:\/\/myphamphake.azdigi.shop\/\",\"name\":\"myphamphake\",\"description\":\"\",\"potentialAction\":[{\"@type\":\"SearchAction\",\"target\":{\"@type\":\"EntryPoint\",\"urlTemplate\":\"https:\/\/myphamphake.azdigi.shop\/?s={search_term_string}\"},\"query-input\":{\"@type\":\"PropertyValueSpecification\",\"valueRequired\":true,\"valueName\":\"search_term_string\"}}],\"inLanguage\":\"vi\"}]}<\/script>\n<!-- \/ Yoast SEO plugin. -->","yoast_head_json":{"title":"S\u1eefa D\u01b0\u1ee1ng Th\u1ec3 OLAY S\u00e1ng Da, D\u01b0\u1ee1ng \u1ea8m H\u01b0\u01a1ng N\u01b0\u1edbc Hoa Body Cellscience 260g - myphamphake","robots":{"index":"index","follow":"follow","max-snippet":"max-snippet:-1","max-image-preview":"max-image-preview:large","max-video-preview":"max-video-preview:-1"},"canonical":"https:\/\/myphamphake.azdigi.shop\/index.php\/product\/sua-duong-the-olay-sang-da-duong-am-huong-nuoc-hoa-body-cellscience-260g\/","og_locale":"vi_VN","og_type":"article","og_title":"S\u1eefa D\u01b0\u1ee1ng Th\u1ec3 OLAY S\u00e1ng Da, D\u01b0\u1ee1ng \u1ea8m H\u01b0\u01a1ng N\u01b0\u1edbc Hoa Body Cellscience 260g - myphamphake","og_description":"Chi ti\u1ebft s\u1ea3n ph\u1ea9m T\u00ean s\u1ea3n ph\u1ea9m:\u00a0S\u1eefa D\u01b0\u1ee1ng Th\u1ec3 S\u00e1ng Da H\u01b0\u01a1ng N\u01b0\u1edbc Hoa OLAY Body Cellscience 260g K\u1ebft c\u1ea5u:\u00a0D\u1ea1ng s\u1eefa Dung t\u00edch:\u00a0260g Th\u01b0\u01a1ng hi\u1ec7u:\u00a0OLAY SKINCARE (M\u1ef9) N\u01a1i s\u1ea3n xu\u1ea5t:\u00a0Trung Qu\u1ed1c H\u1ea1n s\u1eed d\u1ee5ng:\u00a030 th\u00e1ng\u00a0k\u1ec3 t\u1eeb ng\u00e0y s\u1ea3n xu\u1ea5t in tr\u00ean bao b\u00ec 1. Th\u00f4ng tin s\u1ea3n ph\u1ea9m S\u1eefa D\u01b0\u1ee1ng Th\u1ec3 OLAY Body Cellscience\u00a0l\u00e0d\u00f2ng d\u01b0\u1ee1ng [...]","og_url":"https:\/\/myphamphake.azdigi.shop\/index.php\/product\/sua-duong-the-olay-sang-da-duong-am-huong-nuoc-hoa-body-cellscience-260g\/","og_site_name":"myphamphake","article_modified_time":"2026-04-05T07:45:05+00:00","og_image":[{"width":800,"height":800,"url":"https:\/\/myphamphake.azdigi.shop\/wp-content\/uploads\/2026\/04\/olay_a6cd68555dec44639f4795f55046ff84_1024x1024.jpg","type":"image\/jpeg"}],"twitter_card":"summary_large_image","twitter_misc":{"\u01af\u1edbc t\u00ednh th\u1eddi gian \u0111\u1ecdc":"8 ph\u00fat"},"schema":{"@context":"https:\/\/schema.org","@graph":[{"@type":"WebPage","@id":"https:\/\/myphamphake.azdigi.shop\/index.php\/product\/sua-duong-the-olay-sang-da-duong-am-huong-nuoc-hoa-body-cellscience-260g\/","url":"https:\/\/myphamphake.azdigi.shop\/index.php\/product\/sua-duong-the-olay-sang-da-duong-am-huong-nuoc-hoa-body-cellscience-260g\/","name":"S\u1eefa D\u01b0\u1ee1ng Th\u1ec3 OLAY S\u00e1ng Da, D\u01b0\u1ee1ng \u1ea8m H\u01b0\u01a1ng N\u01b0\u1edbc Hoa Body Cellscience 260g - myphamphake","isPartOf":{"@id":"https:\/\/myphamphake.azdigi.shop\/#website"},"primaryImageOfPage":{"@id":"https:\/\/myphamphake.azdigi.shop\/index.php\/product\/sua-duong-the-olay-sang-da-duong-am-huong-nuoc-hoa-body-cellscience-260g\/#primaryimage"},"image":{"@id":"https:\/\/myphamphake.azdigi.shop\/index.php\/product\/sua-duong-the-olay-sang-da-duong-am-huong-nuoc-hoa-body-cellscience-260g\/#primaryimage"},"thumbnailUrl":"https:\/\/myphamphake.azdigi.shop\/wp-content\/uploads\/2026\/04\/olay_a6cd68555dec44639f4795f55046ff84_1024x1024.jpg","datePublished":"2026-04-05T07:44:23+00:00","dateModified":"2026-04-05T07:45:05+00:00","breadcrumb":{"@id":"https:\/\/myphamphake.azdigi.shop\/index.php\/product\/sua-duong-the-olay-sang-da-duong-am-huong-nuoc-hoa-body-cellscience-260g\/#breadcrumb"},"inLanguage":"vi","potentialAction":[{"@type":"ReadAction","target":["https:\/\/myphamphake.azdigi.shop\/index.php\/product\/sua-duong-the-olay-sang-da-duong-am-huong-nuoc-hoa-body-cellscience-260g\/"]}]},{"@type":"ImageObject","inLanguage":"vi","@id":"https:\/\/myphamphake.azdigi.shop\/index.php\/product\/sua-duong-the-olay-sang-da-duong-am-huong-nuoc-hoa-body-cellscience-260g\/#primaryimage","url":"https:\/\/myphamphake.azdigi.shop\/wp-content\/uploads\/2026\/04\/olay_a6cd68555dec44639f4795f55046ff84_1024x1024.jpg","contentUrl":"https:\/\/myphamphake.azdigi.shop\/wp-content\/uploads\/2026\/04\/olay_a6cd68555dec44639f4795f55046ff84_1024x1024.jpg","width":800,"height":800},{"@type":"BreadcrumbList","@id":"https:\/\/myphamphake.azdigi.shop\/index.php\/product\/sua-duong-the-olay-sang-da-duong-am-huong-nuoc-hoa-body-cellscience-260g\/#breadcrumb","itemListElement":[{"@type":"ListItem","position":1,"name":"Home","item":"https:\/\/myphamphake.azdigi.shop\/"},{"@type":"ListItem","position":2,"name":"Shop","item":"https:\/\/myphamphake.azdigi.shop\/index.php\/shop\/"},{"@type":"ListItem","position":3,"name":"S\u1eefa D\u01b0\u1ee1ng Th\u1ec3 OLAY S\u00e1ng Da, D\u01b0\u1ee1ng \u1ea8m H\u01b0\u01a1ng N\u01b0\u1edbc Hoa Body Cellscience 260g"}]},{"@type":"WebSite","@id":"https:\/\/myphamphake.azdigi.shop\/#website","url":"https:\/\/myphamphake.azdigi.shop\/","name":"myphamphake","description":"","potentialAction":[{"@type":"SearchAction","target":{"@type":"EntryPoint","urlTemplate":"https:\/\/myphamphake.azdigi.shop\/?s={search_term_string}"},"query-input":{"@type":"PropertyValueSpecification","valueRequired":true,"valueName":"search_term_string"}}],"inLanguage":"vi"}]}},"_links":{"self":[{"href":"https:\/\/myphamphake.azdigi.shop\/index.php\/wp-json\/wp\/v2\/product\/475","targetHints":{"allow":["GET"]}}],"collection":[{"href":"https:\/\/myphamphake.azdigi.shop\/index.php\/wp-json\/wp\/v2\/product"}],"about":[{"href":"https:\/\/myphamphake.azdigi.shop\/index.php\/wp-json\/wp\/v2\/types\/product"}],"replies":[{"embeddable":true,"href":"https:\/\/myphamphake.azdigi.shop\/index.php\/wp-json\/wp\/v2\/comments?post=475"}],"wp:featuredmedia":[{"embeddable":true,"href":"https:\/\/myphamphake.azdigi.shop\/index.php\/wp-json\/wp\/v2\/media\/477"}],"wp:attachment":[{"href":"https:\/\/myphamphake.azdigi.shop\/index.php\/wp-json\/wp\/v2\/media?parent=475"}],"wp:term":[{"taxonomy":"product_brand","embeddable":true,"href":"https:\/\/myphamphake.azdigi.shop\/index.php\/wp-json\/wp\/v2\/product_brand?post=475"},{"taxonomy":"product_cat","embeddable":true,"href":"https:\/\/myphamphake.azdigi.shop\/index.php\/wp-json\/wp\/v2\/product_cat?post=475"},{"taxonomy":"product_tag","embeddable":true,"href":"https:\/\/myphamphake.azdigi.shop\/index.php\/wp-json\/wp\/v2\/product_tag?post=475"}],"curies":[{"name":"wp","href":"https:\/\/api.w.org\/{rel}","templated":true}]}}