{"id":507,"date":"2026-04-09T07:52:38","date_gmt":"2026-04-09T07:52:38","guid":{"rendered":"https:\/\/myphamphake.azdigi.shop\/?post_type=product&#038;p=507"},"modified":"2026-04-09T07:52:38","modified_gmt":"2026-04-09T07:52:38","slug":"gel-tam-duong-thot-not-cocoon-an-giang-palmyra-sugar-shower-gel-500ml","status":"publish","type":"product","link":"https:\/\/myphamphake.azdigi.shop\/index.php\/product\/gel-tam-duong-thot-not-cocoon-an-giang-palmyra-sugar-shower-gel-500ml\/","title":{"rendered":"Gel T\u1eafm \u0110\u01b0\u1eddng Th\u1ed1t N\u1ed1t Cocoon An Giang Palmyra Sugar Shower Gel 500ml"},"content":{"rendered":"<div class=\"product-section-title\">\n<h2>Chi ti\u1ebft s\u1ea3n ph\u1ea9m<\/h2>\n<\/div>\n<div class=\"page-product-description-detail-wrap expanded\">\n<div class=\"page-product-description-detail\">\n<ul>\n<li><strong>T\u00ean s\u1ea3n ph\u1ea9m:\u00a0<\/strong>Gel T\u1eafm \u0110\u01b0\u1eddng Th\u1ed1t N\u1ed1t Cocoon An Giang Palmyra Sugar Shower Gel<\/li>\n<li><strong>K\u1ebft c\u1ea5u:\u00a0<\/strong>D\u1ea1ng gel<\/li>\n<li><strong>Dung t\u00edch:<\/strong>\u00a0500ml<\/li>\n<li><strong>Th\u01b0\u01a1ng hi\u1ec7u:<\/strong>\u00a0COCOON<\/li>\n<li><strong>N\u01a1i s\u1ea3n xu\u1ea5t:\u00a0<\/strong>Vi\u1ec7t Nam<\/li>\n<li><strong>H\u1ea1n s\u1eed d\u1ee5ng:<\/strong>\u00a03 n\u0103m k\u1ec3 t\u1eeb ng\u00e0y s\u1ea3n xu\u1ea5t in tr\u00ean bao b\u00ec<\/li>\n<\/ul>\n<h2><strong>1. Th\u00f4ng tin s\u1ea3n ph\u1ea9m<\/strong><\/h2>\n<p><strong>Gel T\u1eafm \u0110\u01b0\u1eddng Th\u1ed1t N\u1ed1t Cocoon An Giang Palmyra Sugar Shower Gel<\/strong>\u00a0l\u00e0\u00a0<strong>s\u1eefa t\u1eafm<\/strong>\u00a0c\u1ee7a th\u01b0\u01a1ng hi\u1ec7u\u00a0<strong>Cocoon.<\/strong>\u00a0\u0110\u01b0\u1ee3c chi\u1ebft xu\u1ea5t t\u1eeb\u00a0\u0111\u01b0\u1eddng th\u1ed1t n\u1ed1t An Giang nhuy\u1ec5n m\u1ecbn gi\u00e0u ch\u1ea5t ng\u0103n ng\u1eeba oxy h\u00f3a v\u00e0 kho\u00e1ng ch\u1ea5t, k\u1ebft h\u1ee3p c\u00f9ng vitamin B5 v\u00e0 B3 gi\u00fap h\u1ed7 tr\u1ee3 b\u1ea3o v\u1ec7 h\u00e0ng r\u00e0o \u0111\u1ed9 \u1ea9m, gi\u00fap l\u00e0n da lu\u00f4n m\u1ec1m m\u1ea1i v\u00e0 kh\u00f4ng b\u1ecb kh\u00f4 sau khi t\u1eafm.\u00a0C\u00f3 m\u00f9i\u00a0h\u01b0\u01a1ng th\u01a1m tr\u00e1i c\u00e2y\u00a0ng\u1ecdt d\u1ecbu v\u00e0 t\u01b0\u01a1i m\u00e1t, th\u01b0 gi\u00e3n mang l\u1ea1i c\u1ea3m gi\u00e1c b\u1eebng t\u1ec9nh.<\/p>\n<p><img decoding=\"async\" src=\"https:\/\/file.hstatic.net\/1000006063\/file\/download_cc7935909ce84609944593029382e902.jpeg\" alt=\"Gel T\u1eafm \u0110\u01b0\u1eddng Th\u1ed1t N\u1ed1t Cocoon An Giang Palmyra Sugar Shower Gel 500ml\" \/><\/p>\n<p><img decoding=\"async\" src=\"https:\/\/file.hstatic.net\/1000006063\/file\/download__2__efd2051ba4714c5aa072583390b96d5c.jpeg\" alt=\"Gel T\u1eafm \u0110\u01b0\u1eddng Th\u1ed1t N\u1ed1t Cocoon An Giang Palmyra Sugar Shower Gel 500ml\" \/><\/p>\n<h2><strong>2. \u01afu \u0111i\u1ec3m c\u1ee7a Gel T\u1eafm \u0110\u01b0\u1eddng Th\u1ed1t N\u1ed1t Cocoon An Giang Palmyra Sugar Shower Gel<\/strong><\/h2>\n<p><strong>Gel T\u1eafm \u0110\u01b0\u1eddng Th\u1ed1t N\u1ed1t Cocoon An Giang Palmyra Sugar Shower Gel\u00a0<\/strong>hi\u1ec7n nay \u0111\u00e3 c\u00f3 m\u1eb7t t\u1ea1i\u00a0<strong>MyPhamPhake<\/strong>\u00a0v\u1edbi nh\u1eefng \u0111\u1eb7c tr\u01b0ng n\u1ed5i b\u1eadt nh\u01b0 sau:<\/p>\n<div>\n<p>&#8211; \u0110\u01b0\u1eddng th\u1ed1t n\u1ed1t An Giang l\u00e0 m\u1ed9t \u0111\u1eb7c s\u1ea3n c\u1ee7a v\u00f9ng T\u00e2y Nam B\u1ed9\u00a0c\u00f3\u00a0nguy\u00ean li\u1ec7u l\u00e0m \u0111\u1eb9p t\u1ef1 nhi\u00ean ch\u1ee9a nhi\u1ec1u kho\u00e1ng ch\u1ea5t nh\u01b0 canxi, s\u1eaft, magie,&#8230; c\u1ed9ng th\u00eam c\u00e1c ch\u1ea5t ng\u0103n ng\u1eeba oxi h\u00f3a nh\u01b0 flavonoid gi\u00fap da tr\u1edf n\u00ean m\u1ec1m m\u1ea1i, s\u00e1ng m\u1ecbn v\u00e0 kh\u1ecfe kho\u1eafn.<\/p>\n<p>&#8211; Viatamin B5\u00a0c\u00f3\u00a0kh\u1ea3 n\u0103ng c\u1ea5p \u1ea9m, gi\u1eef \u1ea9m cho da,\u00a0l\u00e0m d\u1ecbu nh\u1eefng v\u00f9ng da nh\u1ea1y c\u1ea3m v\u00e0 c\u1ee7ng c\u1ed1 h\u00e0ng r\u00e0o \u0111\u1ed9 \u1ea9m cho da.<\/p>\n<p>&#8211; Vitamin B3 l\u00e0\u00a0ho\u1ea1t ch\u1ea5t h\u1ed7 tr\u1ee3 duy tr\u00ec ch\u1ee9c n\u0103ng c\u1ee7a l\u1edbp h\u00e0ng r\u00e0o lipid t\u1ef1 nhi\u00ean tr\u00ean da, h\u1ed7 tr\u1ee3 c\u1ea3i thi\u1ec7n t\u00ecnh tr\u1ea1ng x\u1ec9n m\u00e0u v\u00e0 l\u00e0m \u0111\u1ec1u m\u00e0u da, gi\u00fap l\u00e0n da th\u00eam t\u01b0\u01a1i s\u00e1ng, kh\u1ecfe m\u1ea1nh v\u00e0 m\u1ecbn m\u00e0ng.<\/p>\n<p>&#8211; Sodium PCA: L\u00e0 ch\u1ea5t h\u00fat \u1ea9m t\u1ef1 nhi\u00ean, gi\u00fap gi\u1eef l\u1ea1i \u0111\u1ed9 \u1ea9m tr\u00ean v\u00e0 d\u01b0\u1edbi b\u1ec1 m\u1eb7t da, gi\u1ea3m t\u00ecnh tr\u1ea1ng kh\u00f4 c\u0103ng sau khi l\u00e0m s\u1ea1ch.<\/p>\n<p>&#8211; K\u1ebft c\u1ea5u d\u1ea1ng gel, nh\u1eb9 nh\u00e0ng l\u00e0m s\u1ea1ch c\u01a1 th\u1ec3. C\u00f3\u00a0m\u00f9i h\u01b0\u01a1ng tr\u00e1i c\u00e2y ng\u1ecdt d\u1ecbu v\u00e0 t\u01b0\u01a1i m\u00e1t, th\u01b0 gi\u00e3n mang l\u1ea1i c\u1ea3m gi\u00e1c b\u1eebng t\u1ec9nh.<\/p>\n<\/div>\n<p><img decoding=\"async\" src=\"https:\/\/file.hstatic.net\/1000006063\/file\/download_cc7935909ce84609944593029382e902.jpeg\" alt=\"Gel T\u1eafm \u0110\u01b0\u1eddng Th\u1ed1t N\u1ed1t Cocoon An Giang Palmyra Sugar Shower Gel 500ml\" \/><\/p>\n<p><img decoding=\"async\" src=\"https:\/\/file.hstatic.net\/1000006063\/file\/download__3__120bed88856f46a1b3e7e7967f19d4c0.jpeg\" alt=\"Gel T\u1eafm \u0110\u01b0\u1eddng Th\u1ed1t N\u1ed1t Cocoon An Giang Palmyra Sugar Shower Gel 500ml\" \/><\/p>\n<h2><strong>3. \u0110\u1ed1i t\u01b0\u1ee3ng khuy\u00ean d\u00f9ng<\/strong><\/h2>\n<ul>\n<li>D\u00e0nh cho c\u01a1 th\u1ec3.<\/li>\n<li>D\u00e0nh cho l\u00e0n da c\u01a1 th\u1ec3 t\u1ed1i m\u00e0u, m\u1ee5n.<\/li>\n<li>Ph\u00f9 h\u1ee3p cho da m\u1ec7t m\u1ecfi, thi\u1ebfu s\u1ee9c s\u1ed1ng.<\/li>\n<\/ul>\n<h2><strong>4. C\u00e1ch b\u1ea3o qu\u1ea3n<\/strong><\/h2>\n<ul>\n<li>Tr\u00e1nh \u00e1nh n\u1eafng tr\u1ef1c ti\u1ebfp<\/li>\n<li>\u0110\u1ec3 n\u01a1i kh\u00f4 r\u00e1o, tho\u00e1ng m\u00e1t<\/li>\n<li>\u0110\u1eady n\u1eafp k\u00edn sau khi s\u1eed d\u1ee5ng<\/li>\n<\/ul>\n<h2><strong>5. H\u01b0\u1edbng d\u1eabn s\u1eed d\u1ee5ng<\/strong><\/h2>\n<ul>\n<li>L\u1ea5y m\u1ed9t l\u01b0\u1ee3ng s\u1eefa t\u1eafm v\u1eeba \u0111\u1ee7 v\u00e0o l\u00f2ng b\u00e0n tay ho\u1eb7c b\u00f4ng t\u1eafm \u01b0\u1edbt, t\u1ea1o b\u1ecdt v\u00e0 massage nh\u1eb9 nh\u00e0ng kh\u1eafp c\u01a1 th\u1ec3, tr\u00e1nh \u0111\u1ec3 s\u1eefa t\u1eafm v\u00e0o m\u1eaft. Sau \u0111\u00f3 x\u1ea3 l\u1ea1i th\u1eadt s\u1ea1ch v\u1edbi n\u01b0\u1edbc.<\/li>\n<\/ul>\n<\/div>\n<\/div>\n","protected":false},"excerpt":{"rendered":"<p>Chi ti\u1ebft s\u1ea3n ph\u1ea9m T\u00ean s\u1ea3n ph\u1ea9m:\u00a0Gel T\u1eafm \u0110\u01b0\u1eddng Th\u1ed1t N\u1ed1t Cocoon An Giang Palmyra Sugar Shower Gel K\u1ebft c\u1ea5u:\u00a0D\u1ea1ng gel Dung t\u00edch:\u00a0500ml Th\u01b0\u01a1ng hi\u1ec7u:\u00a0COCOON N\u01a1i s\u1ea3n xu\u1ea5t:\u00a0Vi\u1ec7t Nam H\u1ea1n s\u1eed d\u1ee5ng:\u00a03 n\u0103m k\u1ec3 t\u1eeb ng\u00e0y s\u1ea3n xu\u1ea5t in tr\u00ean bao b\u00ec 1. Th\u00f4ng tin s\u1ea3n ph\u1ea9m Gel T\u1eafm \u0110\u01b0\u1eddng Th\u1ed1t N\u1ed1t Cocoon An Giang [&#8230;]\n","protected":false},"featured_media":508,"comment_status":"open","ping_status":"closed","template":"","meta":[],"product_brand":[29],"product_cat":[45,50,51],"product_tag":[],"class_list":{"0":"post-507","1":"product","2":"type-product","3":"status-publish","4":"has-post-thumbnail","6":"product_brand-cocoon","7":"product_cat-cham-soc-co-the","8":"product_cat-lam-sach-co-the","9":"product_cat-sua-tam","11":"first","12":"instock","13":"sale","14":"shipping-taxable","15":"purchasable","16":"product-type-variable"},"yoast_head":"<!-- This site is optimized with the Yoast SEO plugin v27.1.1 - https:\/\/yoast.com\/product\/yoast-seo-wordpress\/ -->\n<title>Gel T\u1eafm \u0110\u01b0\u1eddng Th\u1ed1t N\u1ed1t Cocoon An Giang Palmyra Sugar Shower Gel 500ml - myphamphake<\/title>\n<meta name=\"robots\" content=\"index, follow, max-snippet:-1, max-image-preview:large, max-video-preview:-1\" \/>\n<link rel=\"canonical\" href=\"https:\/\/myphamphake.azdigi.shop\/index.php\/product\/gel-tam-duong-thot-not-cocoon-an-giang-palmyra-sugar-shower-gel-500ml\/\" \/>\n<meta property=\"og:locale\" content=\"vi_VN\" \/>\n<meta property=\"og:type\" content=\"article\" \/>\n<meta property=\"og:title\" content=\"Gel T\u1eafm \u0110\u01b0\u1eddng Th\u1ed1t N\u1ed1t Cocoon An Giang Palmyra Sugar Shower Gel 500ml - myphamphake\" \/>\n<meta property=\"og:description\" content=\"Chi ti\u1ebft s\u1ea3n ph\u1ea9m T\u00ean s\u1ea3n ph\u1ea9m:\u00a0Gel T\u1eafm \u0110\u01b0\u1eddng Th\u1ed1t N\u1ed1t Cocoon An Giang Palmyra Sugar Shower Gel K\u1ebft c\u1ea5u:\u00a0D\u1ea1ng gel Dung t\u00edch:\u00a0500ml Th\u01b0\u01a1ng hi\u1ec7u:\u00a0COCOON N\u01a1i s\u1ea3n xu\u1ea5t:\u00a0Vi\u1ec7t Nam H\u1ea1n s\u1eed d\u1ee5ng:\u00a03 n\u0103m k\u1ec3 t\u1eeb ng\u00e0y s\u1ea3n xu\u1ea5t in tr\u00ean bao b\u00ec 1. Th\u00f4ng tin s\u1ea3n ph\u1ea9m Gel T\u1eafm \u0110\u01b0\u1eddng Th\u1ed1t N\u1ed1t Cocoon An Giang [...]\" \/>\n<meta property=\"og:url\" content=\"https:\/\/myphamphake.azdigi.shop\/index.php\/product\/gel-tam-duong-thot-not-cocoon-an-giang-palmyra-sugar-shower-gel-500ml\/\" \/>\n<meta property=\"og:site_name\" content=\"myphamphake\" \/>\n<meta property=\"og:image\" content=\"https:\/\/myphamphake.azdigi.shop\/wp-content\/uploads\/2026\/04\/cocoon_e_copy_1cc44a6218154c758ba0aa02e5a16656_1024x1024.jpg\" \/>\n\t<meta property=\"og:image:width\" content=\"800\" \/>\n\t<meta property=\"og:image:height\" content=\"800\" \/>\n\t<meta property=\"og:image:type\" content=\"image\/jpeg\" \/>\n<meta name=\"twitter:card\" content=\"summary_large_image\" \/>\n<meta name=\"twitter:label1\" content=\"\u01af\u1edbc t\u00ednh th\u1eddi gian \u0111\u1ecdc\" \/>\n\t<meta name=\"twitter:data1\" content=\"4 ph\u00fat\" \/>\n<script type=\"application\/ld+json\" class=\"yoast-schema-graph\">{\"@context\":\"https:\/\/schema.org\",\"@graph\":[{\"@type\":\"WebPage\",\"@id\":\"https:\/\/myphamphake.azdigi.shop\/index.php\/product\/gel-tam-duong-thot-not-cocoon-an-giang-palmyra-sugar-shower-gel-500ml\/\",\"url\":\"https:\/\/myphamphake.azdigi.shop\/index.php\/product\/gel-tam-duong-thot-not-cocoon-an-giang-palmyra-sugar-shower-gel-500ml\/\",\"name\":\"Gel T\u1eafm \u0110\u01b0\u1eddng Th\u1ed1t N\u1ed1t Cocoon An Giang Palmyra Sugar Shower Gel 500ml - myphamphake\",\"isPartOf\":{\"@id\":\"https:\/\/myphamphake.azdigi.shop\/#website\"},\"primaryImageOfPage\":{\"@id\":\"https:\/\/myphamphake.azdigi.shop\/index.php\/product\/gel-tam-duong-thot-not-cocoon-an-giang-palmyra-sugar-shower-gel-500ml\/#primaryimage\"},\"image\":{\"@id\":\"https:\/\/myphamphake.azdigi.shop\/index.php\/product\/gel-tam-duong-thot-not-cocoon-an-giang-palmyra-sugar-shower-gel-500ml\/#primaryimage\"},\"thumbnailUrl\":\"https:\/\/myphamphake.azdigi.shop\/wp-content\/uploads\/2026\/04\/cocoon_e_copy_1cc44a6218154c758ba0aa02e5a16656_1024x1024.jpg\",\"datePublished\":\"2026-04-09T07:52:38+00:00\",\"breadcrumb\":{\"@id\":\"https:\/\/myphamphake.azdigi.shop\/index.php\/product\/gel-tam-duong-thot-not-cocoon-an-giang-palmyra-sugar-shower-gel-500ml\/#breadcrumb\"},\"inLanguage\":\"vi\",\"potentialAction\":[{\"@type\":\"ReadAction\",\"target\":[\"https:\/\/myphamphake.azdigi.shop\/index.php\/product\/gel-tam-duong-thot-not-cocoon-an-giang-palmyra-sugar-shower-gel-500ml\/\"]}]},{\"@type\":\"ImageObject\",\"inLanguage\":\"vi\",\"@id\":\"https:\/\/myphamphake.azdigi.shop\/index.php\/product\/gel-tam-duong-thot-not-cocoon-an-giang-palmyra-sugar-shower-gel-500ml\/#primaryimage\",\"url\":\"https:\/\/myphamphake.azdigi.shop\/wp-content\/uploads\/2026\/04\/cocoon_e_copy_1cc44a6218154c758ba0aa02e5a16656_1024x1024.jpg\",\"contentUrl\":\"https:\/\/myphamphake.azdigi.shop\/wp-content\/uploads\/2026\/04\/cocoon_e_copy_1cc44a6218154c758ba0aa02e5a16656_1024x1024.jpg\",\"width\":800,\"height\":800},{\"@type\":\"BreadcrumbList\",\"@id\":\"https:\/\/myphamphake.azdigi.shop\/index.php\/product\/gel-tam-duong-thot-not-cocoon-an-giang-palmyra-sugar-shower-gel-500ml\/#breadcrumb\",\"itemListElement\":[{\"@type\":\"ListItem\",\"position\":1,\"name\":\"Home\",\"item\":\"https:\/\/myphamphake.azdigi.shop\/\"},{\"@type\":\"ListItem\",\"position\":2,\"name\":\"Shop\",\"item\":\"https:\/\/myphamphake.azdigi.shop\/index.php\/shop\/\"},{\"@type\":\"ListItem\",\"position\":3,\"name\":\"Gel T\u1eafm \u0110\u01b0\u1eddng Th\u1ed1t N\u1ed1t Cocoon An Giang Palmyra Sugar Shower Gel 500ml\"}]},{\"@type\":\"WebSite\",\"@id\":\"https:\/\/myphamphake.azdigi.shop\/#website\",\"url\":\"https:\/\/myphamphake.azdigi.shop\/\",\"name\":\"myphamphake\",\"description\":\"\",\"potentialAction\":[{\"@type\":\"SearchAction\",\"target\":{\"@type\":\"EntryPoint\",\"urlTemplate\":\"https:\/\/myphamphake.azdigi.shop\/?s={search_term_string}\"},\"query-input\":{\"@type\":\"PropertyValueSpecification\",\"valueRequired\":true,\"valueName\":\"search_term_string\"}}],\"inLanguage\":\"vi\"}]}<\/script>\n<!-- \/ Yoast SEO plugin. -->","yoast_head_json":{"title":"Gel T\u1eafm \u0110\u01b0\u1eddng Th\u1ed1t N\u1ed1t Cocoon An Giang Palmyra Sugar Shower Gel 500ml - myphamphake","robots":{"index":"index","follow":"follow","max-snippet":"max-snippet:-1","max-image-preview":"max-image-preview:large","max-video-preview":"max-video-preview:-1"},"canonical":"https:\/\/myphamphake.azdigi.shop\/index.php\/product\/gel-tam-duong-thot-not-cocoon-an-giang-palmyra-sugar-shower-gel-500ml\/","og_locale":"vi_VN","og_type":"article","og_title":"Gel T\u1eafm \u0110\u01b0\u1eddng Th\u1ed1t N\u1ed1t Cocoon An Giang Palmyra Sugar Shower Gel 500ml - myphamphake","og_description":"Chi ti\u1ebft s\u1ea3n ph\u1ea9m T\u00ean s\u1ea3n ph\u1ea9m:\u00a0Gel T\u1eafm \u0110\u01b0\u1eddng Th\u1ed1t N\u1ed1t Cocoon An Giang Palmyra Sugar Shower Gel K\u1ebft c\u1ea5u:\u00a0D\u1ea1ng gel Dung t\u00edch:\u00a0500ml Th\u01b0\u01a1ng hi\u1ec7u:\u00a0COCOON N\u01a1i s\u1ea3n xu\u1ea5t:\u00a0Vi\u1ec7t Nam H\u1ea1n s\u1eed d\u1ee5ng:\u00a03 n\u0103m k\u1ec3 t\u1eeb ng\u00e0y s\u1ea3n xu\u1ea5t in tr\u00ean bao b\u00ec 1. Th\u00f4ng tin s\u1ea3n ph\u1ea9m Gel T\u1eafm \u0110\u01b0\u1eddng Th\u1ed1t N\u1ed1t Cocoon An Giang [...]","og_url":"https:\/\/myphamphake.azdigi.shop\/index.php\/product\/gel-tam-duong-thot-not-cocoon-an-giang-palmyra-sugar-shower-gel-500ml\/","og_site_name":"myphamphake","og_image":[{"width":800,"height":800,"url":"https:\/\/myphamphake.azdigi.shop\/wp-content\/uploads\/2026\/04\/cocoon_e_copy_1cc44a6218154c758ba0aa02e5a16656_1024x1024.jpg","type":"image\/jpeg"}],"twitter_card":"summary_large_image","twitter_misc":{"\u01af\u1edbc t\u00ednh th\u1eddi gian \u0111\u1ecdc":"4 ph\u00fat"},"schema":{"@context":"https:\/\/schema.org","@graph":[{"@type":"WebPage","@id":"https:\/\/myphamphake.azdigi.shop\/index.php\/product\/gel-tam-duong-thot-not-cocoon-an-giang-palmyra-sugar-shower-gel-500ml\/","url":"https:\/\/myphamphake.azdigi.shop\/index.php\/product\/gel-tam-duong-thot-not-cocoon-an-giang-palmyra-sugar-shower-gel-500ml\/","name":"Gel T\u1eafm \u0110\u01b0\u1eddng Th\u1ed1t N\u1ed1t Cocoon An Giang Palmyra Sugar Shower Gel 500ml - myphamphake","isPartOf":{"@id":"https:\/\/myphamphake.azdigi.shop\/#website"},"primaryImageOfPage":{"@id":"https:\/\/myphamphake.azdigi.shop\/index.php\/product\/gel-tam-duong-thot-not-cocoon-an-giang-palmyra-sugar-shower-gel-500ml\/#primaryimage"},"image":{"@id":"https:\/\/myphamphake.azdigi.shop\/index.php\/product\/gel-tam-duong-thot-not-cocoon-an-giang-palmyra-sugar-shower-gel-500ml\/#primaryimage"},"thumbnailUrl":"https:\/\/myphamphake.azdigi.shop\/wp-content\/uploads\/2026\/04\/cocoon_e_copy_1cc44a6218154c758ba0aa02e5a16656_1024x1024.jpg","datePublished":"2026-04-09T07:52:38+00:00","breadcrumb":{"@id":"https:\/\/myphamphake.azdigi.shop\/index.php\/product\/gel-tam-duong-thot-not-cocoon-an-giang-palmyra-sugar-shower-gel-500ml\/#breadcrumb"},"inLanguage":"vi","potentialAction":[{"@type":"ReadAction","target":["https:\/\/myphamphake.azdigi.shop\/index.php\/product\/gel-tam-duong-thot-not-cocoon-an-giang-palmyra-sugar-shower-gel-500ml\/"]}]},{"@type":"ImageObject","inLanguage":"vi","@id":"https:\/\/myphamphake.azdigi.shop\/index.php\/product\/gel-tam-duong-thot-not-cocoon-an-giang-palmyra-sugar-shower-gel-500ml\/#primaryimage","url":"https:\/\/myphamphake.azdigi.shop\/wp-content\/uploads\/2026\/04\/cocoon_e_copy_1cc44a6218154c758ba0aa02e5a16656_1024x1024.jpg","contentUrl":"https:\/\/myphamphake.azdigi.shop\/wp-content\/uploads\/2026\/04\/cocoon_e_copy_1cc44a6218154c758ba0aa02e5a16656_1024x1024.jpg","width":800,"height":800},{"@type":"BreadcrumbList","@id":"https:\/\/myphamphake.azdigi.shop\/index.php\/product\/gel-tam-duong-thot-not-cocoon-an-giang-palmyra-sugar-shower-gel-500ml\/#breadcrumb","itemListElement":[{"@type":"ListItem","position":1,"name":"Home","item":"https:\/\/myphamphake.azdigi.shop\/"},{"@type":"ListItem","position":2,"name":"Shop","item":"https:\/\/myphamphake.azdigi.shop\/index.php\/shop\/"},{"@type":"ListItem","position":3,"name":"Gel T\u1eafm \u0110\u01b0\u1eddng Th\u1ed1t N\u1ed1t Cocoon An Giang Palmyra Sugar Shower Gel 500ml"}]},{"@type":"WebSite","@id":"https:\/\/myphamphake.azdigi.shop\/#website","url":"https:\/\/myphamphake.azdigi.shop\/","name":"myphamphake","description":"","potentialAction":[{"@type":"SearchAction","target":{"@type":"EntryPoint","urlTemplate":"https:\/\/myphamphake.azdigi.shop\/?s={search_term_string}"},"query-input":{"@type":"PropertyValueSpecification","valueRequired":true,"valueName":"search_term_string"}}],"inLanguage":"vi"}]}},"_links":{"self":[{"href":"https:\/\/myphamphake.azdigi.shop\/index.php\/wp-json\/wp\/v2\/product\/507","targetHints":{"allow":["GET"]}}],"collection":[{"href":"https:\/\/myphamphake.azdigi.shop\/index.php\/wp-json\/wp\/v2\/product"}],"about":[{"href":"https:\/\/myphamphake.azdigi.shop\/index.php\/wp-json\/wp\/v2\/types\/product"}],"replies":[{"embeddable":true,"href":"https:\/\/myphamphake.azdigi.shop\/index.php\/wp-json\/wp\/v2\/comments?post=507"}],"wp:featuredmedia":[{"embeddable":true,"href":"https:\/\/myphamphake.azdigi.shop\/index.php\/wp-json\/wp\/v2\/media\/508"}],"wp:attachment":[{"href":"https:\/\/myphamphake.azdigi.shop\/index.php\/wp-json\/wp\/v2\/media?parent=507"}],"wp:term":[{"taxonomy":"product_brand","embeddable":true,"href":"https:\/\/myphamphake.azdigi.shop\/index.php\/wp-json\/wp\/v2\/product_brand?post=507"},{"taxonomy":"product_cat","embeddable":true,"href":"https:\/\/myphamphake.azdigi.shop\/index.php\/wp-json\/wp\/v2\/product_cat?post=507"},{"taxonomy":"product_tag","embeddable":true,"href":"https:\/\/myphamphake.azdigi.shop\/index.php\/wp-json\/wp\/v2\/product_tag?post=507"}],"curies":[{"name":"wp","href":"https:\/\/api.w.org\/{rel}","templated":true}]}}