{"id":519,"date":"2026-04-09T08:31:53","date_gmt":"2026-04-09T08:31:53","guid":{"rendered":"https:\/\/myphamphake.azdigi.shop\/?post_type=product&#038;p=519"},"modified":"2026-04-09T08:31:54","modified_gmt":"2026-04-09T08:31:54","slug":"tinh-chat-caryophy-cham-soc-cho-da-mun-portulaca-ampoule-30ml","status":"publish","type":"product","link":"https:\/\/myphamphake.azdigi.shop\/index.php\/product\/tinh-chat-caryophy-cham-soc-cho-da-mun-portulaca-ampoule-30ml\/","title":{"rendered":"Tinh Ch\u1ea5t Caryophy Ch\u0103m S\u00f3c Cho Da M\u1ee5n Portulaca Ampoule 30ml"},"content":{"rendered":"<div class=\"product-section-title\">\n<h2>Chi ti\u1ebft s\u1ea3n ph\u1ea9m<\/h2>\n<\/div>\n<div class=\"page-product-description-detail-wrap expanded\">\n<div class=\"page-product-description-detail\">\n<ul>\n<li><strong>T\u00ean s\u1ea3n ph\u1ea9m:\u00a0<\/strong>Caryophy Portulaca Ampoule<\/li>\n<li><strong>C\u00f4ng d\u1ee5ng ch\u00ednh:\u00a0<\/strong>Ch\u0103m s\u00f3c da m\u1ee5n<\/li>\n<li><strong>Dung t\u00edch:<\/strong>\u00a030ml<\/li>\n<li><strong>Th\u01b0\u01a1ng hi\u1ec7u:\u00a0<\/strong>Caryophy (H\u00e0n Qu\u1ed1c)<\/li>\n<li><strong>H\u1ea1n s\u1eed d\u1ee5ng:<\/strong>\u00a03 n\u0103m k\u1ec3 t\u1eeb ng\u00e0y s\u1ea3n xu\u1ea5t xem tr\u00ean bao b\u00ec s\u1ea3n ph\u1ea9m (12 th\u00e1ng k\u1ec3 t\u1eeb khi m\u1edf n\u1eafp).<\/li>\n<\/ul>\n<h2><strong>1. Th\u00f4ng tin s\u1ea3n ph\u1ea9m<\/strong><\/h2>\n<p><strong>Tinh Ch\u1ea5t Ch\u0103m S\u00f3c Cho Da M\u1ee5n Caryophy Portulaca Ampoule<\/strong>\u00a0l\u00e0\u00a0<strong>tinh ch\u1ea5t<\/strong>\u00a0gi\u00fap h\u1ed7 tr\u1ee3 ph\u1ee5c h\u1ed3i v\u00e0 nu\u00f4i d\u01b0\u1ee1ng l\u00e0n da b\u1ecb t\u1ed5n th\u01b0\u01a1ng v\u1edbi c\u00f4ng th\u1ee9c ch\u1ee9a c\u00e1c th\u00e0nh ph\u1ea7n chuy\u00ean bi\u1ec7t cho l\u00e0n da nh\u01b0 chi\u1ebft xu\u1ea5t rau m\u00e1, rau sam v\u00e0 ng\u1ea3i c\u1ee9u c\u00f3 hi\u1ec7u qu\u1ea3 cao trong vi\u1ec7c l\u00e0m d\u1ecbu, c\u00e2n b\u1eb1ng \u0111\u1ed9 \u1ea9m v\u00e0 d\u1ea7u cho da kh\u1ecfe m\u1ea1nh h\u01a1n thu\u1ed9c th\u01b0\u01a1ng hi\u1ec7u\u00a0<strong>Caryophy\u00a0<\/strong>\u0111\u1ebfn t\u1eeb H\u00e0n Qu\u1ed1c.<\/p>\n<p><img decoding=\"async\" src=\"https:\/\/file.hstatic.net\/1000006063\/file\/a_87120640d87841c0b447ac15f336ed31_master.jpg\" alt=\"Tinh Ch\u1ea5t Caryophy Ch\u0103m S\u00f3c Cho Da M\u1ee5n Portulaca Ampoule 30ml\" \/><\/p>\n<h2><strong>2. \u0110\u1eb7c tr\u01b0ng c\u1ee7a Caryophy Portulaca Ampoule\u00a0<\/strong><\/h2>\n<p><strong>Tinh Ch\u1ea5t Ch\u0103m S\u00f3c Cho Da M\u1ee5n Caryophy Portulaca Ampoule (Phi\u00ean b\u1ea3n th\u01b0\u1eddng)<\/strong>\u00a0hi\u1ec7n nay \u0111\u00e3 c\u00f3 m\u1eb7t t\u1ea1i\u00a0<strong><a href=\"https:\/\/myphamphake.azdigi.shop\/\">MyPhamPhake<\/a>\u00a0<\/strong>v\u1edbi th\u00e0nh ph\u1ea7n ch\u00ednh l\u00e0\u00a0<strong>chi\u1ebft xu\u1ea5t rau m\u00e1\u00a0<\/strong>ch\u1ee9a\u00a0<strong>Madecassoside<\/strong><strong>\u00a0<\/strong>c\u00f3 \u0111\u1eb7c t\u00ednh ng\u0103n ng\u1eeba c\u00e1c g\u1ed1c t\u1ef1 do g\u00e2y h\u1ea1i cho da, kh\u00e1ng khu\u1ea9n, kh\u00e1ng vi\u00eam, hydrat h\u00f3a l\u1edbp s\u1eebng v\u00e0 h\u00e0ng r\u00e0o bi\u1ec3u b\u00ec tr\u00ean b\u1ec1 m\u1eb7t da, \u0111\u1ed3ng th\u1eddi gi\u00fap\u00a0gi\u1ea3m m\u1ea5t n\u01b0\u1edbc, th\u00fac \u0111\u1ea9y s\u1ea3n xu\u1ea5t collagen l\u00e0m s\u0103n ch\u1eafc da v\u00e0 gi\u1ea3m s\u1ef1 xu\u1ea5t hi\u1ec7n c\u1ee7a c\u00e1c n\u1ebfp nh\u0103n.<\/p>\n<ul>\n<li><strong>Chi\u1ebft xu\u1ea5t rau sam 89.06%<\/strong><strong>:<\/strong>\u00a0Ch\u1ee9a gi\u00e0u c\u00e1c ch\u1ea5t dinh d\u01b0\u1ee1ng v\u00e0 h\u1ee3p ch\u1ea5t ng\u0103n ng\u1eeba l\u00e3o h\u00f3a, gi\u00fap \u0111\u1ea9y nhanh qu\u00e1 tr\u00ecnh ph\u1ee5c h\u1ed3i\u00a0da b\u1ecb t\u1ed5n th\u01b0\u01a1ng. Chi\u1ebft xu\u1ea5t ng\u1ea3i c\u1ee9u ch\u1ee9a gi\u00e0u c\u00e1c kho\u00e1ng ch\u1ea5t v\u00e0 vitamin gi\u00fap c\u00e2n b\u1eb1ng \u0111\u1ed9 \u1ea9m v\u00e0 d\u1ea7u tr\u00ean da kh\u00f4 s\u1ea7n.<\/li>\n<li><strong>Ngo\u00e0i ra c\u00f4ng th\u1ee9c c\u00f2n b\u1ed5 sung c\u00e1c chi\u1ebft xu\u1ea5t t\u1ef1 nhi\u00ean kh\u00e1c nh\u01b0 r\u00eau Iceland:<\/strong>\u00a0Gi\u00fap b\u1ea3o v\u1ec7 l\u1edbp m\u00e0ng b\u1ea3o v\u1ec7 t\u1ef1 nhi\u00ean c\u1ee7a da v\u00e0 h\u1ea1n ch\u1ebf kh\u00f4 da. \u0110\u1ed3ng th\u1eddi, c\u1ea3i thi\u1ec7n r\u00f5 r\u1ec7t cho l\u00e0n da x\u1ec9n m\u00e0u, th\u00e2m s\u1ea1m tr\u1edf n\u00ean tr\u1eafng t\u1ef1 nhi\u00ean<\/li>\n<li><strong>Chi\u1ebft xu\u1ea5t keo ong:\u00a0<\/strong>Gi\u00fap h\u1ed7 tr\u1ee3 kh\u00e1ng khu\u1ea9n v\u00e0 h\u1ed7 tr\u1ee3 c\u1ea3i thi\u1ec7n m\u1ee5n hi\u1ec7u qu\u1ea3, c\u0169ng \u0111\u01b0\u1ee3c bi\u1ebft \u0111\u1ebfn nh\u01b0 m\u1ed9t ch\u1ea5t ng\u0103n ng\u1eeba oxy h\u00f3a. Chi\u1ebft xu\u1ea5t s\u1ea3 gi\u00fap gi\u1ea3m thi\u1ec3u t\u1ea1p ch\u1ea5t, thanh l\u1ecdc da v\u00e0 l\u00e0m th\u00f4ng tho\u00e1ng l\u1ed7 ch\u00e2n l\u00f4ng.<\/li>\n<li><strong>K\u1ebft c\u1ea5u:\u00a0<\/strong>D\u1ea1ng n\u01b0\u1edbc trong su\u1ed1t, th\u1ea5m nhanh v\u00e0 kh\u00f4ng g\u00e2y nh\u1eddn d\u00ednh tr\u00ean da.<\/li>\n<\/ul>\n<div><strong>Tinh Ch\u1ea5t Ch\u0103m S\u00f3c Cho Da M\u1ee5n Caryophy Portulaca Ampoule (Phi\u00ean b\u1ea3n m\u1edbi)<\/strong>\u00a0c\u00f3 nh\u1eefng c\u00f4ng d\u1ee5ng c\u1ea3i ti\u1ebfn nh\u01b0 sau:<\/div>\n<p>&#8211;\u00a0<strong>Chi\u1ebft xu\u1ea5t rau sam 89,15%<\/strong>\u00a0ch\u1ee9a gi\u00e0u c\u00e1c ch\u1ea5t dinh d\u01b0\u1ee1ng v\u00e0 h\u1ee3p ch\u1ea5t c\u1ea3i thi\u1ec7n t\u00ecnh tr\u1ea1ng\u00a0l\u00e3o h\u00f3a, gi\u00fap \u0111\u1ea9y nhanh qu\u00e1 tr\u00ecnh ph\u1ee5c h\u1ed3i\u00a0da sau m\u1ee5n. Chi\u1ebft xu\u1ea5t ng\u1ea3i c\u1ee9u ch\u1ee9a gi\u00e0u c\u00e1c kho\u00e1ng ch\u1ea5t v\u00e0 vitamin gi\u00fap c\u00e2n b\u1eb1ng \u0111\u1ed9 \u1ea9m v\u00e0 d\u1ea7u tr\u00ean da kh\u00f4 s\u1ea7n.<\/p>\n<p>&#8211; Chi\u1ebft xu\u1ea5t 10 lo\u1ea1i th\u1ef1c v\u1eadt nh\u01b0: rau m\u00e1, qu\u1ea3 nho, \u0111\u1eadu b\u1eafp, r\u1ec5 sen, khoai lang n\u00fai, l\u00f4 h\u1ed9i, n\u1ea5m m\u1ee1, n\u1ea5m h\u01b0\u01a1ng, ng\u1ea3i c\u1ee9u&#8230; gi\u00fap c\u00e1c chi\u1ebft xu\u1ea5t\u00a0gi\u00fap h\u1ed7 tr\u1ee3\u00a0gi\u1ea3m vi\u00eam, h\u1ed7 tr\u1ee3 gi\u1ea3m s\u01b0ng m\u1ee5n.<\/p>\n<p>&#8211; L\u00f4 h\u1ed9i, rau m\u00e1, n\u1ea5m h\u01b0\u01a1ng: gi\u00fap c\u1ea5p \u1ea9m, l\u00e0m d\u1ecbu da, h\u1ed7 tr\u1ee3 ph\u1ee5c h\u1ed3i da b\u1ecb t\u1ed5n th\u01b0\u01a1ng.<\/p>\n<p>&#8211; N\u1ea5m Grifola Frondosa,\u00a0\u0111\u1eadu b\u1eafp, natto gum gi\u00fap c\u1ea3i thi\u1ec7n t\u00ecnh tr\u1ea1ng l\u00e3o h\u00f3a da.<\/p>\n<p>&#8211; Chi\u1ebft xu\u1ea5t \u0111\u00e1 phi\u1ebfn s\u00e9t (Ictasol) gi\u00fap h\u1ed7 tr\u1ee3 gi\u1ea3m vi\u00eam.<\/p>\n<p>&#8211; S\u1ea3n ph\u1ea9m c\u00f3 ch\u1ee9a n\u01b0\u1edbc, kh\u00f4ng c\u1ed3n kh\u00f4.<\/p>\n<p>&#8211; K\u1ebft c\u1ea5u d\u1ea1ng n\u01b0\u1edbc trong su\u1ed1t, th\u1ea5m nhanh v\u00e0 kh\u00f4ng g\u00e2y nh\u1eddn d\u00ednh tr\u00ean da.<br \/>\n<img decoding=\"async\" src=\"https:\/\/file.hstatic.net\/1000006063\/file\/b_9b7860866c88405492e97083337d368c_master.jpg\" alt=\"Tinh Ch\u1ea5t Caryophy Ch\u0103m S\u00f3c Cho Da M\u1ee5n Portulaca Ampoule 30ml\" \/><\/p>\n<p><img decoding=\"async\" src=\"https:\/\/file.hstatic.net\/1000006063\/file\/d_1473b6357b91401cad885e572f0f4b8c_master.jpg\" alt=\"Tinh Ch\u1ea5t Caryophy Ch\u0103m S\u00f3c Cho Da M\u1ee5n Portulaca Ampoule 30ml\" \/><\/p>\n<p><img decoding=\"async\" src=\"https:\/\/file.hstatic.net\/1000006063\/file\/e_cc81ded33fd143d1922ae8aff3d9a0aa_master.jpg\" alt=\"Tinh Ch\u1ea5t Caryophy Ch\u0103m S\u00f3c Cho Da M\u1ee5n Portulaca Ampoule 30ml\" \/><\/p>\n<h2><strong>3. \u0110\u1ed1i t\u01b0\u1ee3ng khuy\u00ean d\u00f9ng<\/strong><\/h2>\n<ul>\n<li>D\u00e0nh cho l\u00e0n da m\u1ee5n<\/li>\n<li>D\u00e0nh cho l\u00e0n da c\u00f3 t\u00ecnh tr\u1ea1ng tuy\u1ebfn nh\u1eddn ho\u1ea1t \u0111\u1ed9ng qu\u00e1 \u0111\u1ed9, da c\u1ea7n ph\u1ee5c h\u1ed3i sau t\u1ed5n th\u01b0\u01a1ng do m\u1ee5n.<\/li>\n<\/ul>\n<h2><strong>4. C\u00e1ch b\u1ea3o qu\u1ea3n<\/strong><\/h2>\n<ul>\n<li>Tr\u00e1nh \u00e1nh n\u1eafng tr\u1ef1c ti\u1ebfp.<\/li>\n<li>\u0110\u1ec3 n\u01a1i kh\u00f4 r\u00e1o, tho\u00e1ng m\u00e1t.<\/li>\n<li>\u0110\u1eady n\u1eafp k\u00edn sau khi s\u1eed d\u1ee5ng.<\/li>\n<\/ul>\n<h2><strong>5. H\u01b0\u1edbng d\u1eabn s\u1eed d\u1ee5ng<\/strong><\/h2>\n<p>Sau khi l\u00e0m s\u1ea1ch da, s\u1eed d\u1ee5ng n\u01b0\u1edbc hoa h\u1ed3ng \u0111\u1ec3 c\u00e2n b\u1eb1ng da. L\u1ea5y m\u1ed9t l\u01b0\u1ee3ng v\u1eeba \u0111\u1ee7 thoa \u0111\u1ec1u l\u00ean b\u1ec1 m\u1eb7t da, massage nh\u1eb9 nh\u00e0ng theo chi\u1ec1u k\u1ebft c\u1ea5u da. V\u1ed7 nh\u1eb9 \u0111\u1ec3 d\u01b0\u1ee1ng ch\u1ea5t \u0111\u01b0\u1ee3c h\u1ea5p th\u1ee5 t\u1ed1i \u0111a.<\/p>\n<p><img decoding=\"async\" src=\"https:\/\/file.hstatic.net\/1000006063\/file\/han_su_dung_c6d71a41f427493785ec6d9c6d9bf4f1.jpg\" alt=\"Tinh Ch\u1ea5t Caryophy Ch\u0103m S\u00f3c Cho Da M\u1ee5n Portulaca Ampoule 30ml\" \/><\/p>\n<\/div>\n<\/div>\n","protected":false},"excerpt":{"rendered":"<p>Chi ti\u1ebft s\u1ea3n ph\u1ea9m T\u00ean s\u1ea3n ph\u1ea9m:\u00a0Caryophy Portulaca Ampoule C\u00f4ng d\u1ee5ng ch\u00ednh:\u00a0Ch\u0103m s\u00f3c da m\u1ee5n Dung t\u00edch:\u00a030ml Th\u01b0\u01a1ng hi\u1ec7u:\u00a0Caryophy (H\u00e0n Qu\u1ed1c) H\u1ea1n s\u1eed d\u1ee5ng:\u00a03 n\u0103m k\u1ec3 t\u1eeb ng\u00e0y s\u1ea3n xu\u1ea5t xem tr\u00ean bao b\u00ec s\u1ea3n ph\u1ea9m (12 th\u00e1ng k\u1ec3 t\u1eeb khi m\u1edf n\u1eafp). 1. Th\u00f4ng tin s\u1ea3n ph\u1ea9m Tinh Ch\u1ea5t Ch\u0103m S\u00f3c Cho Da M\u1ee5n [&#8230;]\n","protected":false},"featured_media":523,"comment_status":"open","ping_status":"closed","template":"","meta":[],"product_brand":[38],"product_cat":[35,40,53],"product_tag":[],"class_list":{"0":"post-519","1":"product","2":"type-product","3":"status-publish","4":"has-post-thumbnail","6":"product_brand-caryophy","7":"product_cat-cham-soc-da-mat","8":"product_cat-duong-da","9":"product_cat-tinh-chat-duong","11":"first","12":"instock","13":"sale","14":"shipping-taxable","15":"purchasable","16":"product-type-variable"},"yoast_head":"<!-- This site is optimized with the Yoast SEO plugin v27.1.1 - https:\/\/yoast.com\/product\/yoast-seo-wordpress\/ -->\n<title>Tinh Ch\u1ea5t Caryophy Ch\u0103m S\u00f3c Cho Da M\u1ee5n Portulaca Ampoule 30ml - myphamphake<\/title>\n<meta name=\"robots\" content=\"index, follow, max-snippet:-1, max-image-preview:large, max-video-preview:-1\" \/>\n<link rel=\"canonical\" href=\"https:\/\/myphamphake.azdigi.shop\/index.php\/product\/tinh-chat-caryophy-cham-soc-cho-da-mun-portulaca-ampoule-30ml\/\" \/>\n<meta property=\"og:locale\" content=\"vi_VN\" \/>\n<meta property=\"og:type\" content=\"article\" \/>\n<meta property=\"og:title\" content=\"Tinh Ch\u1ea5t Caryophy Ch\u0103m S\u00f3c Cho Da M\u1ee5n Portulaca Ampoule 30ml - myphamphake\" \/>\n<meta property=\"og:description\" content=\"Chi ti\u1ebft s\u1ea3n ph\u1ea9m T\u00ean s\u1ea3n ph\u1ea9m:\u00a0Caryophy Portulaca Ampoule C\u00f4ng d\u1ee5ng ch\u00ednh:\u00a0Ch\u0103m s\u00f3c da m\u1ee5n Dung t\u00edch:\u00a030ml Th\u01b0\u01a1ng hi\u1ec7u:\u00a0Caryophy (H\u00e0n Qu\u1ed1c) H\u1ea1n s\u1eed d\u1ee5ng:\u00a03 n\u0103m k\u1ec3 t\u1eeb ng\u00e0y s\u1ea3n xu\u1ea5t xem tr\u00ean bao b\u00ec s\u1ea3n ph\u1ea9m (12 th\u00e1ng k\u1ec3 t\u1eeb khi m\u1edf n\u1eafp). 1. Th\u00f4ng tin s\u1ea3n ph\u1ea9m Tinh Ch\u1ea5t Ch\u0103m S\u00f3c Cho Da M\u1ee5n [...]\" \/>\n<meta property=\"og:url\" content=\"https:\/\/myphamphake.azdigi.shop\/index.php\/product\/tinh-chat-caryophy-cham-soc-cho-da-mun-portulaca-ampoule-30ml\/\" \/>\n<meta property=\"og:site_name\" content=\"myphamphake\" \/>\n<meta property=\"article:modified_time\" content=\"2026-04-09T08:31:54+00:00\" \/>\n<meta property=\"og:image\" content=\"https:\/\/myphamphake.azdigi.shop\/wp-content\/uploads\/2026\/04\/serumcaryophy.jpeg\" \/>\n\t<meta property=\"og:image:width\" content=\"800\" \/>\n\t<meta property=\"og:image:height\" content=\"800\" \/>\n\t<meta property=\"og:image:type\" content=\"image\/jpeg\" \/>\n<meta name=\"twitter:card\" content=\"summary_large_image\" \/>\n<meta name=\"twitter:label1\" content=\"\u01af\u1edbc t\u00ednh th\u1eddi gian \u0111\u1ecdc\" \/>\n\t<meta name=\"twitter:data1\" content=\"5 ph\u00fat\" \/>\n<script type=\"application\/ld+json\" class=\"yoast-schema-graph\">{\"@context\":\"https:\/\/schema.org\",\"@graph\":[{\"@type\":\"WebPage\",\"@id\":\"https:\/\/myphamphake.azdigi.shop\/index.php\/product\/tinh-chat-caryophy-cham-soc-cho-da-mun-portulaca-ampoule-30ml\/\",\"url\":\"https:\/\/myphamphake.azdigi.shop\/index.php\/product\/tinh-chat-caryophy-cham-soc-cho-da-mun-portulaca-ampoule-30ml\/\",\"name\":\"Tinh Ch\u1ea5t Caryophy Ch\u0103m S\u00f3c Cho Da M\u1ee5n Portulaca Ampoule 30ml - myphamphake\",\"isPartOf\":{\"@id\":\"https:\/\/myphamphake.azdigi.shop\/#website\"},\"primaryImageOfPage\":{\"@id\":\"https:\/\/myphamphake.azdigi.shop\/index.php\/product\/tinh-chat-caryophy-cham-soc-cho-da-mun-portulaca-ampoule-30ml\/#primaryimage\"},\"image\":{\"@id\":\"https:\/\/myphamphake.azdigi.shop\/index.php\/product\/tinh-chat-caryophy-cham-soc-cho-da-mun-portulaca-ampoule-30ml\/#primaryimage\"},\"thumbnailUrl\":\"https:\/\/myphamphake.azdigi.shop\/wp-content\/uploads\/2026\/04\/serumcaryophy.jpeg\",\"datePublished\":\"2026-04-09T08:31:53+00:00\",\"dateModified\":\"2026-04-09T08:31:54+00:00\",\"breadcrumb\":{\"@id\":\"https:\/\/myphamphake.azdigi.shop\/index.php\/product\/tinh-chat-caryophy-cham-soc-cho-da-mun-portulaca-ampoule-30ml\/#breadcrumb\"},\"inLanguage\":\"vi\",\"potentialAction\":[{\"@type\":\"ReadAction\",\"target\":[\"https:\/\/myphamphake.azdigi.shop\/index.php\/product\/tinh-chat-caryophy-cham-soc-cho-da-mun-portulaca-ampoule-30ml\/\"]}]},{\"@type\":\"ImageObject\",\"inLanguage\":\"vi\",\"@id\":\"https:\/\/myphamphake.azdigi.shop\/index.php\/product\/tinh-chat-caryophy-cham-soc-cho-da-mun-portulaca-ampoule-30ml\/#primaryimage\",\"url\":\"https:\/\/myphamphake.azdigi.shop\/wp-content\/uploads\/2026\/04\/serumcaryophy.jpeg\",\"contentUrl\":\"https:\/\/myphamphake.azdigi.shop\/wp-content\/uploads\/2026\/04\/serumcaryophy.jpeg\",\"width\":800,\"height\":800},{\"@type\":\"BreadcrumbList\",\"@id\":\"https:\/\/myphamphake.azdigi.shop\/index.php\/product\/tinh-chat-caryophy-cham-soc-cho-da-mun-portulaca-ampoule-30ml\/#breadcrumb\",\"itemListElement\":[{\"@type\":\"ListItem\",\"position\":1,\"name\":\"Home\",\"item\":\"https:\/\/myphamphake.azdigi.shop\/\"},{\"@type\":\"ListItem\",\"position\":2,\"name\":\"Shop\",\"item\":\"https:\/\/myphamphake.azdigi.shop\/index.php\/shop\/\"},{\"@type\":\"ListItem\",\"position\":3,\"name\":\"Tinh Ch\u1ea5t Caryophy Ch\u0103m S\u00f3c Cho Da M\u1ee5n Portulaca Ampoule 30ml\"}]},{\"@type\":\"WebSite\",\"@id\":\"https:\/\/myphamphake.azdigi.shop\/#website\",\"url\":\"https:\/\/myphamphake.azdigi.shop\/\",\"name\":\"myphamphake\",\"description\":\"\",\"potentialAction\":[{\"@type\":\"SearchAction\",\"target\":{\"@type\":\"EntryPoint\",\"urlTemplate\":\"https:\/\/myphamphake.azdigi.shop\/?s={search_term_string}\"},\"query-input\":{\"@type\":\"PropertyValueSpecification\",\"valueRequired\":true,\"valueName\":\"search_term_string\"}}],\"inLanguage\":\"vi\"}]}<\/script>\n<!-- \/ Yoast SEO plugin. -->","yoast_head_json":{"title":"Tinh Ch\u1ea5t Caryophy Ch\u0103m S\u00f3c Cho Da M\u1ee5n Portulaca Ampoule 30ml - myphamphake","robots":{"index":"index","follow":"follow","max-snippet":"max-snippet:-1","max-image-preview":"max-image-preview:large","max-video-preview":"max-video-preview:-1"},"canonical":"https:\/\/myphamphake.azdigi.shop\/index.php\/product\/tinh-chat-caryophy-cham-soc-cho-da-mun-portulaca-ampoule-30ml\/","og_locale":"vi_VN","og_type":"article","og_title":"Tinh Ch\u1ea5t Caryophy Ch\u0103m S\u00f3c Cho Da M\u1ee5n Portulaca Ampoule 30ml - myphamphake","og_description":"Chi ti\u1ebft s\u1ea3n ph\u1ea9m T\u00ean s\u1ea3n ph\u1ea9m:\u00a0Caryophy Portulaca Ampoule C\u00f4ng d\u1ee5ng ch\u00ednh:\u00a0Ch\u0103m s\u00f3c da m\u1ee5n Dung t\u00edch:\u00a030ml Th\u01b0\u01a1ng hi\u1ec7u:\u00a0Caryophy (H\u00e0n Qu\u1ed1c) H\u1ea1n s\u1eed d\u1ee5ng:\u00a03 n\u0103m k\u1ec3 t\u1eeb ng\u00e0y s\u1ea3n xu\u1ea5t xem tr\u00ean bao b\u00ec s\u1ea3n ph\u1ea9m (12 th\u00e1ng k\u1ec3 t\u1eeb khi m\u1edf n\u1eafp). 1. Th\u00f4ng tin s\u1ea3n ph\u1ea9m Tinh Ch\u1ea5t Ch\u0103m S\u00f3c Cho Da M\u1ee5n [...]","og_url":"https:\/\/myphamphake.azdigi.shop\/index.php\/product\/tinh-chat-caryophy-cham-soc-cho-da-mun-portulaca-ampoule-30ml\/","og_site_name":"myphamphake","article_modified_time":"2026-04-09T08:31:54+00:00","og_image":[{"width":800,"height":800,"url":"https:\/\/myphamphake.azdigi.shop\/wp-content\/uploads\/2026\/04\/serumcaryophy.jpeg","type":"image\/jpeg"}],"twitter_card":"summary_large_image","twitter_misc":{"\u01af\u1edbc t\u00ednh th\u1eddi gian \u0111\u1ecdc":"5 ph\u00fat"},"schema":{"@context":"https:\/\/schema.org","@graph":[{"@type":"WebPage","@id":"https:\/\/myphamphake.azdigi.shop\/index.php\/product\/tinh-chat-caryophy-cham-soc-cho-da-mun-portulaca-ampoule-30ml\/","url":"https:\/\/myphamphake.azdigi.shop\/index.php\/product\/tinh-chat-caryophy-cham-soc-cho-da-mun-portulaca-ampoule-30ml\/","name":"Tinh Ch\u1ea5t Caryophy Ch\u0103m S\u00f3c Cho Da M\u1ee5n Portulaca Ampoule 30ml - myphamphake","isPartOf":{"@id":"https:\/\/myphamphake.azdigi.shop\/#website"},"primaryImageOfPage":{"@id":"https:\/\/myphamphake.azdigi.shop\/index.php\/product\/tinh-chat-caryophy-cham-soc-cho-da-mun-portulaca-ampoule-30ml\/#primaryimage"},"image":{"@id":"https:\/\/myphamphake.azdigi.shop\/index.php\/product\/tinh-chat-caryophy-cham-soc-cho-da-mun-portulaca-ampoule-30ml\/#primaryimage"},"thumbnailUrl":"https:\/\/myphamphake.azdigi.shop\/wp-content\/uploads\/2026\/04\/serumcaryophy.jpeg","datePublished":"2026-04-09T08:31:53+00:00","dateModified":"2026-04-09T08:31:54+00:00","breadcrumb":{"@id":"https:\/\/myphamphake.azdigi.shop\/index.php\/product\/tinh-chat-caryophy-cham-soc-cho-da-mun-portulaca-ampoule-30ml\/#breadcrumb"},"inLanguage":"vi","potentialAction":[{"@type":"ReadAction","target":["https:\/\/myphamphake.azdigi.shop\/index.php\/product\/tinh-chat-caryophy-cham-soc-cho-da-mun-portulaca-ampoule-30ml\/"]}]},{"@type":"ImageObject","inLanguage":"vi","@id":"https:\/\/myphamphake.azdigi.shop\/index.php\/product\/tinh-chat-caryophy-cham-soc-cho-da-mun-portulaca-ampoule-30ml\/#primaryimage","url":"https:\/\/myphamphake.azdigi.shop\/wp-content\/uploads\/2026\/04\/serumcaryophy.jpeg","contentUrl":"https:\/\/myphamphake.azdigi.shop\/wp-content\/uploads\/2026\/04\/serumcaryophy.jpeg","width":800,"height":800},{"@type":"BreadcrumbList","@id":"https:\/\/myphamphake.azdigi.shop\/index.php\/product\/tinh-chat-caryophy-cham-soc-cho-da-mun-portulaca-ampoule-30ml\/#breadcrumb","itemListElement":[{"@type":"ListItem","position":1,"name":"Home","item":"https:\/\/myphamphake.azdigi.shop\/"},{"@type":"ListItem","position":2,"name":"Shop","item":"https:\/\/myphamphake.azdigi.shop\/index.php\/shop\/"},{"@type":"ListItem","position":3,"name":"Tinh Ch\u1ea5t Caryophy Ch\u0103m S\u00f3c Cho Da M\u1ee5n Portulaca Ampoule 30ml"}]},{"@type":"WebSite","@id":"https:\/\/myphamphake.azdigi.shop\/#website","url":"https:\/\/myphamphake.azdigi.shop\/","name":"myphamphake","description":"","potentialAction":[{"@type":"SearchAction","target":{"@type":"EntryPoint","urlTemplate":"https:\/\/myphamphake.azdigi.shop\/?s={search_term_string}"},"query-input":{"@type":"PropertyValueSpecification","valueRequired":true,"valueName":"search_term_string"}}],"inLanguage":"vi"}]}},"_links":{"self":[{"href":"https:\/\/myphamphake.azdigi.shop\/index.php\/wp-json\/wp\/v2\/product\/519","targetHints":{"allow":["GET"]}}],"collection":[{"href":"https:\/\/myphamphake.azdigi.shop\/index.php\/wp-json\/wp\/v2\/product"}],"about":[{"href":"https:\/\/myphamphake.azdigi.shop\/index.php\/wp-json\/wp\/v2\/types\/product"}],"replies":[{"embeddable":true,"href":"https:\/\/myphamphake.azdigi.shop\/index.php\/wp-json\/wp\/v2\/comments?post=519"}],"wp:featuredmedia":[{"embeddable":true,"href":"https:\/\/myphamphake.azdigi.shop\/index.php\/wp-json\/wp\/v2\/media\/523"}],"wp:attachment":[{"href":"https:\/\/myphamphake.azdigi.shop\/index.php\/wp-json\/wp\/v2\/media?parent=519"}],"wp:term":[{"taxonomy":"product_brand","embeddable":true,"href":"https:\/\/myphamphake.azdigi.shop\/index.php\/wp-json\/wp\/v2\/product_brand?post=519"},{"taxonomy":"product_cat","embeddable":true,"href":"https:\/\/myphamphake.azdigi.shop\/index.php\/wp-json\/wp\/v2\/product_cat?post=519"},{"taxonomy":"product_tag","embeddable":true,"href":"https:\/\/myphamphake.azdigi.shop\/index.php\/wp-json\/wp\/v2\/product_tag?post=519"}],"curies":[{"name":"wp","href":"https:\/\/api.w.org\/{rel}","templated":true}]}}