{"id":527,"date":"2026-04-09T08:43:28","date_gmt":"2026-04-09T08:43:28","guid":{"rendered":"https:\/\/myphamphake.azdigi.shop\/?post_type=product&#038;p=527"},"modified":"2026-04-09T08:43:28","modified_gmt":"2026-04-09T08:43:28","slug":"serum-olay-ho-tro-duong-sang-mo-tham-super-serum-30ml","status":"publish","type":"product","link":"https:\/\/myphamphake.azdigi.shop\/index.php\/product\/serum-olay-ho-tro-duong-sang-mo-tham-super-serum-30ml\/","title":{"rendered":"Serum Olay H\u1ed7 Tr\u1ee3 D\u01b0\u1ee1ng S\u00e1ng, M\u1edd Th\u00e2m Super Serum 30ml"},"content":{"rendered":"<div class=\"product-section-title\">\n<h2>Chi ti\u1ebft s\u1ea3n ph\u1ea9m<\/h2>\n<\/div>\n<div class=\"page-product-description-detail-wrap expanded\">\n<div class=\"page-product-description-detail\">\n<ul>\n<li><strong>T\u00ean s\u1ea3n ph\u1ea9m:<\/strong>\u00a0Serum Olay H\u1ed7 Tr\u1ee3 D\u01b0\u1ee1ng S\u00e1ng, M\u1edd Th\u00e2m Super Serum<\/li>\n<li><strong>C\u00f4ng d\u1ee5ng:<\/strong>\u00a0D\u01b0\u1ee1ng s\u00e1ng, m\u1edd th\u00e2m<\/li>\n<li><strong>Dung t\u00edch:\u00a0<\/strong>30ml<\/li>\n<li><strong>Th\u01b0\u01a1ng hi\u1ec7u:\u00a0<\/strong>Olay (M\u1ef9)<\/li>\n<li><strong>S\u1ea3n xu\u1ea5t:<\/strong>\u00a0Th\u00e1i Lan<\/li>\n<\/ul>\n<ul>\n<li><strong>H\u1ea1n s\u1eed d\u1ee5ng:\u00a0<\/strong>3 n\u0103m k\u1ec3 t\u1eeb ng\u00e0y s\u1ea3n xu\u1ea5t xem tr\u00ean bao b\u00ec.<\/li>\n<\/ul>\n<h2><strong>1. Th\u00f4ng tin s\u1ea3n ph\u1ea9m<\/strong><\/h2>\n<p><strong>Serum Olay H\u1ed7 Tr\u1ee3 D\u01b0\u1ee1ng S\u00e1ng, M\u1edd Th\u00e2m Super Serum<\/strong>\u00a0l\u00e0\u00a0<strong>tinh ch\u1ea5t d\u01b0\u1ee1ng<\/strong><strong>\u00a0<\/strong>thu\u1ed9c th\u01b0\u01a1ng hi\u1ec7u\u00a0<strong>OLAY.\u00a0<\/strong>C\u00f4ng th\u1ee9c\u00a05 trong 1 c\u00f3 nh\u1eefng t\u00e1c d\u1ee5ng sau: h\u1ed7 tr\u1ee3 d\u01b0\u1ee1ng s\u00e1ng da, l\u00e0m m\u1edd \u0111\u1ed1m th\u00e2m &amp; v\u1ebft th\u00e2m m\u1ee5n, da s\u0103n ch\u1eafc, h\u1ed7 tr\u1ee3 l\u00e0m m\u1edd n\u1ebfp nh\u0103n, c\u1ea5p \u1ea9m. C\u00f9ng v\u1edbi, c\u00f4ng ngh\u1ec7\u00a0gi\u00fap h\u1ec7 d\u01b0\u1ee1ng ch\u1ea5t c\u00f3 c\u1ea5u tr\u00fac ph\u00e2n t\u1eed nh\u1ecf, \u0111\u1ed9 \u1ed5n \u0111\u1ecbnh cao, m\u1ecfng nh\u1eb9, th\u1ea9m th\u1ea5u nhanh v\u00e0 s\u00e2u v\u00e0o da mang \u0111\u1ebfn l\u00e0n da c\u0103ng m\u1ecbn, r\u1ea1ng r\u1ee1<\/p>\n<p><img decoding=\"async\" src=\"https:\/\/cdn.hstatic.net\/files\/1000006063\/file\/1_58309b17c5774c6b9c2118426be7f942.jpg\" alt=\"Serum Olay H\u1ed7 Tr\u1ee3 D\u01b0\u1ee1ng S\u00e1ng, M\u1edd Th\u00e2m Super Serum 30ml\" \/><\/p>\n<h2><strong>2. \u0110\u1eb7c tr\u01b0ng c\u1ee7a Serum Olay H\u1ed7 Tr\u1ee3 D\u01b0\u1ee1ng S\u00e1ng, M\u1edd Th\u00e2m Super Serum<\/strong><\/h2>\n<p><strong>Serum Olay H\u1ed7 Tr\u1ee3 D\u01b0\u1ee1ng S\u00e1ng, M\u1edd Th\u00e2m Super Serum<\/strong> hi\u1ec7n nay \u0111\u00e3 c\u00f3 m\u1eb7t t\u1ea1i <a href=\"https:\/\/myphamphake.azdigi.shop\/\"><b>MyPhamPhake<\/b><\/a>\u00a0v\u1edbi c\u00f4ng d\u1ee5ng sau:<\/p>\n<ul>\n<li>C\u00f4ng th\u1ee9c v\u1edbi s\u1ef1 k\u1ebft h\u1ee3p s\u1ee9c m\u1ea1nh t\u1eeb 5 d\u01b0\u1ee1ng ch\u1ea5t v\u00e0ng Niacinamide, Vitamin C, Vitamin E, AHA &amp; Collagen Peptide gi\u00fap gi\u1ea3i quy\u1ebft 5 v\u1ea5n \u0111\u1ec1 ch\u00ednh c\u1ee7a l\u00e0n da nh\u01b0: h\u1ed7 tr\u1ee3 d\u01b0\u1ee1ng s\u00e1ng da, l\u00e0m m\u1edd \u0111\u1ed1m th\u00e2m &amp; v\u1ebft th\u00e2m m\u1ee5n, da s\u0103n ch\u1eafc, h\u1ed7 tr\u1ee3 l\u00e0m m\u1edd n\u1ebfp nh\u0103n, c\u1ea5p \u1ea9m<\/li>\n<li>C\u00f4ng ngh\u1ec7\u00a0gi\u00fap h\u1ec7 d\u01b0\u1ee1ng ch\u1ea5t c\u00f3 c\u1ea5u tr\u00fac ph\u00e2n t\u1eed nh\u1ecf, \u0111\u1ed9 \u1ed5n \u0111\u1ecbnh cao, m\u1ecfng nh\u1eb9, th\u1ea9m th\u1ea5u nhanh v\u00e0 s\u00e2u, gi\u00fap mang l\u1ea1i l\u00e0n da c\u0103ng m\u1ecbn, r\u1ea1ng r\u1ee1 sau khi d\u00f9ng.<\/li>\n<li>K\u1ebft c\u1ea5u m\u1ecfng nh\u1eb9, th\u1ea9m th\u1ea5u nhanh ch\u00f3ng, kh\u00f4ng g\u00e2y nh\u1eddn r\u00edt tr\u00ean da.<\/li>\n<\/ul>\n<p><img decoding=\"async\" src=\"https:\/\/cdn.hstatic.net\/files\/1000006063\/file\/2_646544d1888b4bd6aab6170daea94896.jpg\" alt=\"Serum Olay H\u1ed7 Tr\u1ee3 D\u01b0\u1ee1ng S\u00e1ng, M\u1edd Th\u00e2m Super Serum 30ml\" \/><\/p>\n<p><img decoding=\"async\" src=\"https:\/\/cdn.hstatic.net\/files\/1000006063\/file\/3_e89b43d06b6e4d2c842374f6c1ba7d6d.jpg\" alt=\"Serum Olay H\u1ed7 Tr\u1ee3 D\u01b0\u1ee1ng S\u00e1ng, M\u1edd Th\u00e2m Super Serum 30ml\" \/><\/p>\n<p><img decoding=\"async\" src=\"https:\/\/cdn.hstatic.net\/files\/1000006063\/file\/7_3ffa1c6e844843bb98e3f31e3f833138.jpg\" alt=\"Serum Olay H\u1ed7 Tr\u1ee3 D\u01b0\u1ee1ng S\u00e1ng, M\u1edd Th\u00e2m Super Serum 30ml\" \/><\/p>\n<h2><strong>3. \u0110\u1ed1i t\u01b0\u1ee3ng khuy\u00ean d\u00f9ng<\/strong><\/h2>\n<ul>\n<li>D\u00e0nh cho m\u1ecdi lo\u1ea1i da<\/li>\n<li>D\u00e0nh cho l\u00e0n da kh\u00f4, thi\u1ebfu \u1ea9m, m\u1ea5t s\u1ee9c s\u1ed1ng<\/li>\n<li>D\u00e0nh cho l\u00e0n da \u0111\u00e3 xu\u1ea5t hi\u1ec7n c\u00e1c n\u1ebfp nh\u0103n l\u00e3o h\u00f3a<\/li>\n<\/ul>\n<h2><strong>4. C\u00e1ch b\u1ea3o qu\u1ea3n<\/strong><\/h2>\n<ul>\n<li>Tr\u00e1nh \u00e1nh n\u1eafng tr\u1ef1c ti\u1ebfp.<\/li>\n<li>\u0110\u1ec3 n\u01a1i kh\u00f4 r\u00e1o, tho\u00e1ng m\u00e1t.<\/li>\n<li>\u0110\u1eady n\u1eafp k\u00edn sau khi s\u1eed d\u1ee5ng.<\/li>\n<\/ul>\n<h2><strong>5. H\u01b0\u1edbng d\u1eabn s\u1eed d\u1ee5ng<\/strong><\/h2>\n<p>Sau khi l\u00e0m s\u1ea1ch v\u00e0 s\u1eed d\u1ee5ng n\u01b0\u1edbc hoa h\u1ed3ng \u0111\u1ec3 c\u00e2n b\u1eb1ng da, l\u1ea5y m\u1ed9t l\u01b0\u1ee3ng tinh ch\u1ea5t v\u1eeba \u0111\u1ee7 thoa \u0111\u1ec1u l\u00ean da v\u00e0 massage nh\u1eb9 nh\u00e0ng theo k\u1ebft c\u1ea5u da \u0111\u1ec3 d\u01b0\u1ee1ng ch\u1ea5t \u0111\u01b0\u1ee3c th\u1ea9m th\u1ea5u t\u1ed1i \u0111a.\u00a0N\u00ean d\u00f9ng cho\u00a0bu\u1ed5i s\u00e1ng v\u00e0 bu\u1ed5i t\u1ed1i.<\/p>\n<p><img decoding=\"async\" src=\"https:\/\/cdn.hstatic.net\/files\/1000006063\/file\/6_0c77c962dec141aeab746bfbc1c3c425.jpg\" alt=\"Serum Olay H\u1ed7 Tr\u1ee3 D\u01b0\u1ee1ng S\u00e1ng, M\u1edd Th\u00e2m Super Serum 30ml\" \/><\/p>\n<p><img decoding=\"async\" src=\"https:\/\/cdn.hstatic.net\/files\/1000006063\/file\/5_14b653a11d1f4dcb9190a1796536af42.jpg\" alt=\"Serum Olay H\u1ed7 Tr\u1ee3 D\u01b0\u1ee1ng S\u00e1ng, M\u1edd Th\u00e2m Super Serum 30ml\" \/><\/p>\n<p><img decoding=\"async\" src=\"https:\/\/cdn.hstatic.net\/files\/1000006063\/file\/4_49683c3763804048be374905cd14d60b.jpg\" alt=\"Serum Olay H\u1ed7 Tr\u1ee3 D\u01b0\u1ee1ng S\u00e1ng, M\u1edd Th\u00e2m Super Serum 30ml\" \/><\/p>\n<h2><strong>6. L\u01b0u \u00fd khi s\u1eed d\u1ee5ng<\/strong><\/h2>\n<ul>\n<li>T\u00e1c d\u1ee5ng c\u1ee7a s\u1ea3n ph\u1ea9m s\u1ebd kh\u00e1c nhau t\u00f9y v\u00e0o c\u01a1 \u0111\u1ecba c\u1ee7a m\u1ed7i ng\u01b0\u1eddi. V\u1edbi l\u00e0n da nh\u1ea1y c\u1ea3m b\u1ea1n n\u00ean th\u1eed s\u1ea3n ph\u1ea9m \u1edf m\u1ed9t v\u00f9ng nh\u1ecf tr\u01b0\u1edbc khi s\u1eed d\u1ee5ng cho to\u00e0n khu\u00f4n m\u1eb7t.<\/li>\n<\/ul>\n<p><img decoding=\"async\" src=\"https:\/\/cdn.hstatic.net\/files\/1000006063\/file\/l_u___hsd_s_n_ph_m_6be00aea9fbf410eaccf4d9d988076e3.jpg\" alt=\"Serum Olay H\u1ed7 Tr\u1ee3 D\u01b0\u1ee1ng S\u00e1ng, M\u1edd Th\u00e2m Super Serum 30ml\" \/><\/p>\n<\/div>\n<\/div>\n","protected":false},"excerpt":{"rendered":"<p>Chi ti\u1ebft s\u1ea3n ph\u1ea9m T\u00ean s\u1ea3n ph\u1ea9m:\u00a0Serum Olay H\u1ed7 Tr\u1ee3 D\u01b0\u1ee1ng S\u00e1ng, M\u1edd Th\u00e2m Super Serum C\u00f4ng d\u1ee5ng:\u00a0D\u01b0\u1ee1ng s\u00e1ng, m\u1edd th\u00e2m Dung t\u00edch:\u00a030ml Th\u01b0\u01a1ng hi\u1ec7u:\u00a0Olay (M\u1ef9) S\u1ea3n xu\u1ea5t:\u00a0Th\u00e1i Lan H\u1ea1n s\u1eed d\u1ee5ng:\u00a03 n\u0103m k\u1ec3 t\u1eeb ng\u00e0y s\u1ea3n xu\u1ea5t xem tr\u00ean bao b\u00ec. 1. Th\u00f4ng tin s\u1ea3n ph\u1ea9m Serum Olay H\u1ed7 Tr\u1ee3 D\u01b0\u1ee1ng S\u00e1ng, M\u1edd Th\u00e2m [&#8230;]\n","protected":false},"featured_media":528,"comment_status":"open","ping_status":"closed","template":"","meta":[],"product_brand":[47],"product_cat":[35,40,53],"product_tag":[],"class_list":{"0":"post-527","1":"product","2":"type-product","3":"status-publish","4":"has-post-thumbnail","6":"product_brand-olay","7":"product_cat-cham-soc-da-mat","8":"product_cat-duong-da","9":"product_cat-tinh-chat-duong","11":"first","12":"instock","13":"sale","14":"shipping-taxable","15":"purchasable","16":"product-type-variable"},"yoast_head":"<!-- This site is optimized with the Yoast SEO plugin v27.1.1 - https:\/\/yoast.com\/product\/yoast-seo-wordpress\/ -->\n<title>Serum Olay H\u1ed7 Tr\u1ee3 D\u01b0\u1ee1ng S\u00e1ng, M\u1edd Th\u00e2m Super Serum 30ml - myphamphake<\/title>\n<meta name=\"robots\" content=\"index, follow, max-snippet:-1, max-image-preview:large, max-video-preview:-1\" \/>\n<link rel=\"canonical\" href=\"https:\/\/myphamphake.azdigi.shop\/index.php\/product\/serum-olay-ho-tro-duong-sang-mo-tham-super-serum-30ml\/\" \/>\n<meta property=\"og:locale\" content=\"vi_VN\" \/>\n<meta property=\"og:type\" content=\"article\" \/>\n<meta property=\"og:title\" content=\"Serum Olay H\u1ed7 Tr\u1ee3 D\u01b0\u1ee1ng S\u00e1ng, M\u1edd Th\u00e2m Super Serum 30ml - myphamphake\" \/>\n<meta property=\"og:description\" content=\"Chi ti\u1ebft s\u1ea3n ph\u1ea9m T\u00ean s\u1ea3n ph\u1ea9m:\u00a0Serum Olay H\u1ed7 Tr\u1ee3 D\u01b0\u1ee1ng S\u00e1ng, M\u1edd Th\u00e2m Super Serum C\u00f4ng d\u1ee5ng:\u00a0D\u01b0\u1ee1ng s\u00e1ng, m\u1edd th\u00e2m Dung t\u00edch:\u00a030ml Th\u01b0\u01a1ng hi\u1ec7u:\u00a0Olay (M\u1ef9) S\u1ea3n xu\u1ea5t:\u00a0Th\u00e1i Lan H\u1ea1n s\u1eed d\u1ee5ng:\u00a03 n\u0103m k\u1ec3 t\u1eeb ng\u00e0y s\u1ea3n xu\u1ea5t xem tr\u00ean bao b\u00ec. 1. Th\u00f4ng tin s\u1ea3n ph\u1ea9m Serum Olay H\u1ed7 Tr\u1ee3 D\u01b0\u1ee1ng S\u00e1ng, M\u1edd Th\u00e2m [...]\" \/>\n<meta property=\"og:url\" content=\"https:\/\/myphamphake.azdigi.shop\/index.php\/product\/serum-olay-ho-tro-duong-sang-mo-tham-super-serum-30ml\/\" \/>\n<meta property=\"og:site_name\" content=\"myphamphake\" \/>\n<meta property=\"og:image\" content=\"https:\/\/myphamphake.azdigi.shop\/wp-content\/uploads\/2026\/04\/olay_copy_136ee292f748470894dcc9d5402941fa_1024x1024.jpg\" \/>\n\t<meta property=\"og:image:width\" content=\"800\" \/>\n\t<meta property=\"og:image:height\" content=\"800\" \/>\n\t<meta property=\"og:image:type\" content=\"image\/jpeg\" \/>\n<meta name=\"twitter:card\" content=\"summary_large_image\" \/>\n<meta name=\"twitter:label1\" content=\"\u01af\u1edbc t\u00ednh th\u1eddi gian \u0111\u1ecdc\" \/>\n\t<meta name=\"twitter:data1\" content=\"5 ph\u00fat\" \/>\n<script type=\"application\/ld+json\" class=\"yoast-schema-graph\">{\"@context\":\"https:\/\/schema.org\",\"@graph\":[{\"@type\":\"WebPage\",\"@id\":\"https:\/\/myphamphake.azdigi.shop\/index.php\/product\/serum-olay-ho-tro-duong-sang-mo-tham-super-serum-30ml\/\",\"url\":\"https:\/\/myphamphake.azdigi.shop\/index.php\/product\/serum-olay-ho-tro-duong-sang-mo-tham-super-serum-30ml\/\",\"name\":\"Serum Olay H\u1ed7 Tr\u1ee3 D\u01b0\u1ee1ng S\u00e1ng, M\u1edd Th\u00e2m Super Serum 30ml - myphamphake\",\"isPartOf\":{\"@id\":\"https:\/\/myphamphake.azdigi.shop\/#website\"},\"primaryImageOfPage\":{\"@id\":\"https:\/\/myphamphake.azdigi.shop\/index.php\/product\/serum-olay-ho-tro-duong-sang-mo-tham-super-serum-30ml\/#primaryimage\"},\"image\":{\"@id\":\"https:\/\/myphamphake.azdigi.shop\/index.php\/product\/serum-olay-ho-tro-duong-sang-mo-tham-super-serum-30ml\/#primaryimage\"},\"thumbnailUrl\":\"https:\/\/myphamphake.azdigi.shop\/wp-content\/uploads\/2026\/04\/olay_copy_136ee292f748470894dcc9d5402941fa_1024x1024.jpg\",\"datePublished\":\"2026-04-09T08:43:28+00:00\",\"breadcrumb\":{\"@id\":\"https:\/\/myphamphake.azdigi.shop\/index.php\/product\/serum-olay-ho-tro-duong-sang-mo-tham-super-serum-30ml\/#breadcrumb\"},\"inLanguage\":\"vi\",\"potentialAction\":[{\"@type\":\"ReadAction\",\"target\":[\"https:\/\/myphamphake.azdigi.shop\/index.php\/product\/serum-olay-ho-tro-duong-sang-mo-tham-super-serum-30ml\/\"]}]},{\"@type\":\"ImageObject\",\"inLanguage\":\"vi\",\"@id\":\"https:\/\/myphamphake.azdigi.shop\/index.php\/product\/serum-olay-ho-tro-duong-sang-mo-tham-super-serum-30ml\/#primaryimage\",\"url\":\"https:\/\/myphamphake.azdigi.shop\/wp-content\/uploads\/2026\/04\/olay_copy_136ee292f748470894dcc9d5402941fa_1024x1024.jpg\",\"contentUrl\":\"https:\/\/myphamphake.azdigi.shop\/wp-content\/uploads\/2026\/04\/olay_copy_136ee292f748470894dcc9d5402941fa_1024x1024.jpg\",\"width\":800,\"height\":800},{\"@type\":\"BreadcrumbList\",\"@id\":\"https:\/\/myphamphake.azdigi.shop\/index.php\/product\/serum-olay-ho-tro-duong-sang-mo-tham-super-serum-30ml\/#breadcrumb\",\"itemListElement\":[{\"@type\":\"ListItem\",\"position\":1,\"name\":\"Home\",\"item\":\"https:\/\/myphamphake.azdigi.shop\/\"},{\"@type\":\"ListItem\",\"position\":2,\"name\":\"Shop\",\"item\":\"https:\/\/myphamphake.azdigi.shop\/index.php\/shop\/\"},{\"@type\":\"ListItem\",\"position\":3,\"name\":\"Serum Olay H\u1ed7 Tr\u1ee3 D\u01b0\u1ee1ng S\u00e1ng, M\u1edd Th\u00e2m Super Serum 30ml\"}]},{\"@type\":\"WebSite\",\"@id\":\"https:\/\/myphamphake.azdigi.shop\/#website\",\"url\":\"https:\/\/myphamphake.azdigi.shop\/\",\"name\":\"myphamphake\",\"description\":\"\",\"potentialAction\":[{\"@type\":\"SearchAction\",\"target\":{\"@type\":\"EntryPoint\",\"urlTemplate\":\"https:\/\/myphamphake.azdigi.shop\/?s={search_term_string}\"},\"query-input\":{\"@type\":\"PropertyValueSpecification\",\"valueRequired\":true,\"valueName\":\"search_term_string\"}}],\"inLanguage\":\"vi\"}]}<\/script>\n<!-- \/ Yoast SEO plugin. -->","yoast_head_json":{"title":"Serum Olay H\u1ed7 Tr\u1ee3 D\u01b0\u1ee1ng S\u00e1ng, M\u1edd Th\u00e2m Super Serum 30ml - myphamphake","robots":{"index":"index","follow":"follow","max-snippet":"max-snippet:-1","max-image-preview":"max-image-preview:large","max-video-preview":"max-video-preview:-1"},"canonical":"https:\/\/myphamphake.azdigi.shop\/index.php\/product\/serum-olay-ho-tro-duong-sang-mo-tham-super-serum-30ml\/","og_locale":"vi_VN","og_type":"article","og_title":"Serum Olay H\u1ed7 Tr\u1ee3 D\u01b0\u1ee1ng S\u00e1ng, M\u1edd Th\u00e2m Super Serum 30ml - myphamphake","og_description":"Chi ti\u1ebft s\u1ea3n ph\u1ea9m T\u00ean s\u1ea3n ph\u1ea9m:\u00a0Serum Olay H\u1ed7 Tr\u1ee3 D\u01b0\u1ee1ng S\u00e1ng, M\u1edd Th\u00e2m Super Serum C\u00f4ng d\u1ee5ng:\u00a0D\u01b0\u1ee1ng s\u00e1ng, m\u1edd th\u00e2m Dung t\u00edch:\u00a030ml Th\u01b0\u01a1ng hi\u1ec7u:\u00a0Olay (M\u1ef9) S\u1ea3n xu\u1ea5t:\u00a0Th\u00e1i Lan H\u1ea1n s\u1eed d\u1ee5ng:\u00a03 n\u0103m k\u1ec3 t\u1eeb ng\u00e0y s\u1ea3n xu\u1ea5t xem tr\u00ean bao b\u00ec. 1. Th\u00f4ng tin s\u1ea3n ph\u1ea9m Serum Olay H\u1ed7 Tr\u1ee3 D\u01b0\u1ee1ng S\u00e1ng, M\u1edd Th\u00e2m [...]","og_url":"https:\/\/myphamphake.azdigi.shop\/index.php\/product\/serum-olay-ho-tro-duong-sang-mo-tham-super-serum-30ml\/","og_site_name":"myphamphake","og_image":[{"width":800,"height":800,"url":"https:\/\/myphamphake.azdigi.shop\/wp-content\/uploads\/2026\/04\/olay_copy_136ee292f748470894dcc9d5402941fa_1024x1024.jpg","type":"image\/jpeg"}],"twitter_card":"summary_large_image","twitter_misc":{"\u01af\u1edbc t\u00ednh th\u1eddi gian \u0111\u1ecdc":"5 ph\u00fat"},"schema":{"@context":"https:\/\/schema.org","@graph":[{"@type":"WebPage","@id":"https:\/\/myphamphake.azdigi.shop\/index.php\/product\/serum-olay-ho-tro-duong-sang-mo-tham-super-serum-30ml\/","url":"https:\/\/myphamphake.azdigi.shop\/index.php\/product\/serum-olay-ho-tro-duong-sang-mo-tham-super-serum-30ml\/","name":"Serum Olay H\u1ed7 Tr\u1ee3 D\u01b0\u1ee1ng S\u00e1ng, M\u1edd Th\u00e2m Super Serum 30ml - myphamphake","isPartOf":{"@id":"https:\/\/myphamphake.azdigi.shop\/#website"},"primaryImageOfPage":{"@id":"https:\/\/myphamphake.azdigi.shop\/index.php\/product\/serum-olay-ho-tro-duong-sang-mo-tham-super-serum-30ml\/#primaryimage"},"image":{"@id":"https:\/\/myphamphake.azdigi.shop\/index.php\/product\/serum-olay-ho-tro-duong-sang-mo-tham-super-serum-30ml\/#primaryimage"},"thumbnailUrl":"https:\/\/myphamphake.azdigi.shop\/wp-content\/uploads\/2026\/04\/olay_copy_136ee292f748470894dcc9d5402941fa_1024x1024.jpg","datePublished":"2026-04-09T08:43:28+00:00","breadcrumb":{"@id":"https:\/\/myphamphake.azdigi.shop\/index.php\/product\/serum-olay-ho-tro-duong-sang-mo-tham-super-serum-30ml\/#breadcrumb"},"inLanguage":"vi","potentialAction":[{"@type":"ReadAction","target":["https:\/\/myphamphake.azdigi.shop\/index.php\/product\/serum-olay-ho-tro-duong-sang-mo-tham-super-serum-30ml\/"]}]},{"@type":"ImageObject","inLanguage":"vi","@id":"https:\/\/myphamphake.azdigi.shop\/index.php\/product\/serum-olay-ho-tro-duong-sang-mo-tham-super-serum-30ml\/#primaryimage","url":"https:\/\/myphamphake.azdigi.shop\/wp-content\/uploads\/2026\/04\/olay_copy_136ee292f748470894dcc9d5402941fa_1024x1024.jpg","contentUrl":"https:\/\/myphamphake.azdigi.shop\/wp-content\/uploads\/2026\/04\/olay_copy_136ee292f748470894dcc9d5402941fa_1024x1024.jpg","width":800,"height":800},{"@type":"BreadcrumbList","@id":"https:\/\/myphamphake.azdigi.shop\/index.php\/product\/serum-olay-ho-tro-duong-sang-mo-tham-super-serum-30ml\/#breadcrumb","itemListElement":[{"@type":"ListItem","position":1,"name":"Home","item":"https:\/\/myphamphake.azdigi.shop\/"},{"@type":"ListItem","position":2,"name":"Shop","item":"https:\/\/myphamphake.azdigi.shop\/index.php\/shop\/"},{"@type":"ListItem","position":3,"name":"Serum Olay H\u1ed7 Tr\u1ee3 D\u01b0\u1ee1ng S\u00e1ng, M\u1edd Th\u00e2m Super Serum 30ml"}]},{"@type":"WebSite","@id":"https:\/\/myphamphake.azdigi.shop\/#website","url":"https:\/\/myphamphake.azdigi.shop\/","name":"myphamphake","description":"","potentialAction":[{"@type":"SearchAction","target":{"@type":"EntryPoint","urlTemplate":"https:\/\/myphamphake.azdigi.shop\/?s={search_term_string}"},"query-input":{"@type":"PropertyValueSpecification","valueRequired":true,"valueName":"search_term_string"}}],"inLanguage":"vi"}]}},"_links":{"self":[{"href":"https:\/\/myphamphake.azdigi.shop\/index.php\/wp-json\/wp\/v2\/product\/527","targetHints":{"allow":["GET"]}}],"collection":[{"href":"https:\/\/myphamphake.azdigi.shop\/index.php\/wp-json\/wp\/v2\/product"}],"about":[{"href":"https:\/\/myphamphake.azdigi.shop\/index.php\/wp-json\/wp\/v2\/types\/product"}],"replies":[{"embeddable":true,"href":"https:\/\/myphamphake.azdigi.shop\/index.php\/wp-json\/wp\/v2\/comments?post=527"}],"wp:featuredmedia":[{"embeddable":true,"href":"https:\/\/myphamphake.azdigi.shop\/index.php\/wp-json\/wp\/v2\/media\/528"}],"wp:attachment":[{"href":"https:\/\/myphamphake.azdigi.shop\/index.php\/wp-json\/wp\/v2\/media?parent=527"}],"wp:term":[{"taxonomy":"product_brand","embeddable":true,"href":"https:\/\/myphamphake.azdigi.shop\/index.php\/wp-json\/wp\/v2\/product_brand?post=527"},{"taxonomy":"product_cat","embeddable":true,"href":"https:\/\/myphamphake.azdigi.shop\/index.php\/wp-json\/wp\/v2\/product_cat?post=527"},{"taxonomy":"product_tag","embeddable":true,"href":"https:\/\/myphamphake.azdigi.shop\/index.php\/wp-json\/wp\/v2\/product_tag?post=527"}],"curies":[{"name":"wp","href":"https:\/\/api.w.org\/{rel}","templated":true}]}}