{"id":537,"date":"2026-04-09T10:02:21","date_gmt":"2026-04-09T10:02:21","guid":{"rendered":"https:\/\/myphamphake.azdigi.shop\/?post_type=product&#038;p=537"},"modified":"2026-04-09T10:02:21","modified_gmt":"2026-04-09T10:02:21","slug":"serum-hada-labo-duong-am-cho-da-mun-nhay-cam-acne-care-calming-serum-30ml","status":"publish","type":"product","link":"https:\/\/myphamphake.azdigi.shop\/index.php\/product\/serum-hada-labo-duong-am-cho-da-mun-nhay-cam-acne-care-calming-serum-30ml\/","title":{"rendered":"Serum Hada Labo D\u01b0\u1ee1ng \u1ea8m Cho Da M\u1ee5n, Nh\u1ea1y C\u1ea3m Acne Care Calming Serum 30ml"},"content":{"rendered":"<div class=\"product-section-title\">\n<h2>Chi ti\u1ebft s\u1ea3n ph\u1ea9m<\/h2>\n<\/div>\n<div class=\"page-product-description-detail-wrap expanded\">\n<div class=\"page-product-description-detail\">\n<ul>\n<li><strong>T\u00ean s\u1ea3n ph\u1ea9m:<\/strong>\u00a0Serum D\u01b0\u1ee1ng \u1ea8m Cho Da M\u1ee5n, Nh\u1ea1y C\u1ea3m Hada Labo Acne Care Calming Serum 30ml<\/li>\n<li><strong>C\u00f4ng d\u1ee5ng:<\/strong>\u00a0D\u01b0\u1ee1ng \u1ea9m, h\u1ed7 tr\u1ee3 gi\u1ea3m m\u1ee5n<\/li>\n<li><strong>Dung t\u00edch:<\/strong>\u00a030ml<\/li>\n<li><strong>Th\u01b0\u01a1ng hi\u1ec7u: \u00a0<\/strong>Hada Labo (Nh\u1eadt B\u1ea3n)<\/li>\n<li><strong>H\u1ea1n s\u1eed d\u1ee5ng:\u00a0<\/strong>3 n\u0103m k\u1ec3 t\u1eeb ng\u00e0y s\u1ea3n xu\u1ea5t\/NSX xem tr\u00ean bao b\u00ec s\u1ea3n ph\u1ea9m<\/li>\n<\/ul>\n<h2><strong>1. Th\u00f4ng tin s\u1ea3n ph\u1ea9m<\/strong><\/h2>\n<p><strong>Serum D\u01b0\u1ee1ng \u1ea8m Cho Da M\u1ee5n, Nh\u1ea1y C\u1ea3m Hada Labo Acne Care Calming Serum\u00a0<\/strong>l\u00e0<strong>\u00a0tinh ch\u1ea5t d\u01b0\u1ee1ng<\/strong>\u00a0thu\u1ed9c th\u01b0\u01a1ng hi\u1ec7u\u00a0<strong>Hada Labo<\/strong>\u00a0\u0111\u1ebfn t\u1eeb Nh\u1eadt B\u1ea3n. N\u1ed5i b\u1eadt v\u1edbi c\u00f4ng ngh\u1ec7\u00a010X Microbiome gi\u00fap c\u1ea3i thi\u1ec7n h\u00e0ng r\u00e0o vi sinh c\u00f3 l\u1ee3i tr\u00ean b\u1ec1 m\u1eb7t da, b\u1ea3o v\u1ec7 da tr\u01b0\u1edbc c\u00e1c t\u00e1c nh\u00e2n g\u00e2y m\u1ee5n. \u0110\u1ed3ng th\u1eddi c\u00f4ng th\u1ee9c v\u1edbi 4% th\u00e0nh ph\u1ea7n ng\u1eeba m\u1ee5n (Tranexamic Acid, PHA, Allantoin) gi\u00fap l\u00e0m d\u1ecbu da, h\u1ed7 tr\u1ee3 gi\u1ea3m d\u1ea7u nh\u1eddn v\u00e0 c\u1ea3i thi\u1ec7n da m\u1ee5n.<\/p>\n<p><img decoding=\"async\" src=\"https:\/\/cdn.hstatic.net\/files\/1000006063\/file\/download__3__fef3cefe1f25443898f13290824b5bec.jpg\" alt=\"Serum Hada Labo D\u01b0\u1ee1ng \u1ea8m Cho Da M\u1ee5n, Nh\u1ea1y C\u1ea3m Acne Care Calming Serum 30ml\" \/><\/p>\n<p><strong>2. \u0110\u1eb7c tr\u01b0ng s\u1ea3n ph\u1ea9m Serum D\u01b0\u1ee1ng \u1ea8m Cho Da M\u1ee5n, Nh\u1ea1y C\u1ea3m Hada Labo Acne Care Calming Serum\u00a0<\/strong><\/p>\n<ul>\n<li>10X C\u00f4ng ngh\u1ec7 Microbiome gi\u00fap c\u1ea3i thi\u1ec7n h\u00e0ng r\u00e0o vi sinh c\u00f3 l\u1ee3i tr\u00ean b\u1ec1 m\u1eb7t da, b\u1ea3o v\u1ec7 da tr\u01b0\u1edbc c\u00e1c t\u00e1c nh\u00e2n g\u00e2y m\u1ee5n<\/li>\n<li>4% h\u1ec7 th\u00e0nh ph\u1ea7n ng\u1eeba m\u1ee5n hi\u1ec7u qu\u1ea3:\n<ul>\n<li>Tranexamic Acid gi\u00fap h\u1ed7 tr\u1ee3 gi\u1ea3m m\u1ee5n, l\u00e0m m\u1edd th\u00e2m m\u1ee5n, d\u01b0\u1ee1ng s\u00e1ng v\u00e0 \u0111\u1ec1u m\u00e0u da.<\/li>\n<li>Gluconolactone (PHA) t\u1ea9y t\u1ebf b\u00e0o ch\u1ebft h\u00f3a h\u1ecdc d\u1ecbu nh\u1eb9 gi\u00fap th\u00f4ng tho\u00e1ng l\u1ed7 ch\u00e2n l\u00f4ng, h\u1ed7 tr\u1ee3 ng\u0103n ng\u1eeba m\u1ee5n.<\/li>\n<li>Allantoin gi\u00fap l\u00e0m d\u1ecbu v\u00e0 ch\u0103m s\u00f3c l\u00e0n da<\/li>\n<\/ul>\n<\/li>\n<li>H\u1ec7 th\u1ef1c v\u1eadt g\u1ed3m chi\u1ebft xu\u1ea5t H\u1ea1t \u00dd D\u0129, Rau Di\u1ebfp C\u00e1 v\u00e0 C\u00fac La M\u00e3 gi\u00fap kh\u00e1ng khu\u1ea9n v\u00e0 h\u1ed7 tr\u1ee3 gi\u1ea3m m\u1ee5n.<\/li>\n<\/ul>\n<div>\n<ul>\n<li>Serum gi\u00fap l\u00e0m d\u1ecbu da, c\u1ea5p \u1ea9m s\u00e2u, c\u1ea3i thi\u1ec7n da m\u1ee5n, h\u1ed7 tr\u1ee3 gi\u1ea3m d\u1ea7u th\u1eeba<\/li>\n<li>D\u1ea1ng serum ch\u1ee9a h\u00e0m l\u01b0\u1ee3ng cao d\u01b0\u1ee1ng ch\u1ea5t, th\u1ea5m nhanh, kh\u00f4ng nh\u1eddn r\u00edt.<\/li>\n<\/ul>\n<p><strong>3. \u0110\u1ed1i t\u01b0\u1ee3ng khuy\u00ean d\u00f9ng<\/strong><\/p>\n<\/div>\n<ul>\n<li>D\u00e0nh cho m\u1ecdi lo\u1ea1i da, \u0111\u1eb7c bi\u1ec7t l\u00e0 da m\u1ee5n, nh\u1ea1y c\u1ea3m<\/li>\n<li>D\u00e0nh cho da nh\u1ea1y c\u1ea3m, k\u00edch \u1ee9ng<\/li>\n<li>D\u00e0nh cho da g\u1eb7p c\u00e1c v\u1ea5n \u0111\u1ec1 v\u1ec1 m\u1ee5n<\/li>\n<\/ul>\n<p><img decoding=\"async\" src=\"https:\/\/cdn.hstatic.net\/files\/1000006063\/file\/8935006547605-content.jpg\" alt=\"Serum Hada Labo D\u01b0\u1ee1ng \u1ea8m Cho Da M\u1ee5n, Nh\u1ea1y C\u1ea3m Acne Care Calming Serum 30ml\" \/><\/p>\n<p><img decoding=\"async\" src=\"https:\/\/cdn.hstatic.net\/files\/1000006063\/file\/8935006547605-content1.jpg\" alt=\"Serum Hada Labo D\u01b0\u1ee1ng \u1ea8m Cho Da M\u1ee5n, Nh\u1ea1y C\u1ea3m Acne Care Calming Serum 30ml\" \/><\/p>\n<p><img decoding=\"async\" src=\"https:\/\/cdn.hstatic.net\/files\/1000006063\/file\/8935006547605-content2.jpg\" alt=\"Serum Hada Labo D\u01b0\u1ee1ng \u1ea8m Cho Da M\u1ee5n, Nh\u1ea1y C\u1ea3m Acne Care Calming Serum 30ml\" \/><\/p>\n<p><img decoding=\"async\" src=\"https:\/\/cdn.hstatic.net\/files\/1000006063\/file\/8935006547605-content3.jpg\" alt=\"Serum Hada Labo D\u01b0\u1ee1ng \u1ea8m Cho Da M\u1ee5n, Nh\u1ea1y C\u1ea3m Acne Care Calming Serum 30ml\" \/><\/p>\n<p><img decoding=\"async\" src=\"https:\/\/cdn.hstatic.net\/files\/1000006063\/file\/8935006547605-extra.jpg\" alt=\"Serum Hada Labo D\u01b0\u1ee1ng \u1ea8m Cho Da M\u1ee5n, Nh\u1ea1y C\u1ea3m Acne Care Calming Serum 30ml\" \/><\/p>\n<p><img decoding=\"async\" src=\"https:\/\/cdn.hstatic.net\/files\/1000006063\/file\/8935006547605-extra1.jpg\" alt=\"Serum Hada Labo D\u01b0\u1ee1ng \u1ea8m Cho Da M\u1ee5n, Nh\u1ea1y C\u1ea3m Acne Care Calming Serum 30ml\" \/><\/p>\n<h2><strong>4. C\u00e1ch b\u1ea3o qu\u1ea3n<\/strong><\/h2>\n<ul>\n<li>Tr\u00e1nh \u00e1nh n\u1eafng tr\u1ef1c ti\u1ebfp.<\/li>\n<li>\u0110\u1ec3 n\u01a1i kh\u00f4 r\u00e1o, tho\u00e1ng m\u00e1t.<\/li>\n<li>\u0110\u1eady n\u1eafp k\u00edn sau khi s\u1eed d\u1ee5ng.<\/li>\n<\/ul>\n<h2><strong>5. H\u01b0\u1edbng d\u1eabn s\u1eed d\u1ee5ng<\/strong><\/h2>\n<div>\n<ul>\n<li>B\u01b0\u1edbc 1: Sau khi l\u00e0m s\u1ea1ch da v\u00e0 d\u01b0\u1ee1ng \u1ea9m, nh\u1ecf 2-3 gi\u1ecdt serum v\u00e0o l\u00f2ng b\u00e0n tay.<\/li>\n<li>B\u01b0\u1edbc 2: Thoa \u0111\u1ec1u kh\u1eafp m\u1eb7t v\u00e0 c\u1ed5.<\/li>\n<\/ul>\n<\/div>\n<h2><strong>6. L\u01b0u \u00fd khi s\u1eed d\u1ee5ng\u00a0<\/strong><\/h2>\n<ul>\n<li>\n<h2>T\u00e1c d\u1ee5ng c\u1ee7a s\u1ea3n ph\u1ea9m s\u1ebd kh\u00e1c nhau t\u00f9y v\u00e0o c\u01a1 \u0111\u1ecba c\u1ee7a m\u1ed7i ng\u01b0\u1eddi. V\u1edbi l\u00e0n da nh\u1ea1y c\u1ea3m b\u1ea1n n\u00ean th\u1eed s\u1ea3n ph\u1ea9m \u1edf m\u1ed9t v\u00f9ng nh\u1ecf tr\u01b0\u1edbc khi s\u1eed d\u1ee5ng cho to\u00e0n khu\u00f4n m\u1eb7t.<\/h2>\n<p><img decoding=\"async\" src=\"https:\/\/cdn.hstatic.net\/files\/1000006063\/file\/h_n_s__d_ng_5f5e81b6b77149dc94cf5504b14c7a3d.jpg\" alt=\"Serum Hada Labo D\u01b0\u1ee1ng \u1ea8m Cho Da M\u1ee5n, Nh\u1ea1y C\u1ea3m Acne Care Calming Serum 30ml\" \/><\/p>\n<h2><\/h2>\n<\/li>\n<\/ul>\n<\/div>\n<\/div>\n","protected":false},"excerpt":{"rendered":"<p>Chi ti\u1ebft s\u1ea3n ph\u1ea9m T\u00ean s\u1ea3n ph\u1ea9m:\u00a0Serum D\u01b0\u1ee1ng \u1ea8m Cho Da M\u1ee5n, Nh\u1ea1y C\u1ea3m Hada Labo Acne Care Calming Serum 30ml C\u00f4ng d\u1ee5ng:\u00a0D\u01b0\u1ee1ng \u1ea9m, h\u1ed7 tr\u1ee3 gi\u1ea3m m\u1ee5n Dung t\u00edch:\u00a030ml Th\u01b0\u01a1ng hi\u1ec7u: \u00a0Hada Labo (Nh\u1eadt B\u1ea3n) H\u1ea1n s\u1eed d\u1ee5ng:\u00a03 n\u0103m k\u1ec3 t\u1eeb ng\u00e0y s\u1ea3n xu\u1ea5t\/NSX xem tr\u00ean bao b\u00ec s\u1ea3n ph\u1ea9m 1. Th\u00f4ng tin s\u1ea3n [&#8230;]\n","protected":false},"featured_media":538,"comment_status":"open","ping_status":"closed","template":"","meta":[],"product_brand":[54],"product_cat":[35,40,53],"product_tag":[],"class_list":{"0":"post-537","1":"product","2":"type-product","3":"status-publish","4":"has-post-thumbnail","6":"product_brand-hada-labo","7":"product_cat-cham-soc-da-mat","8":"product_cat-duong-da","9":"product_cat-tinh-chat-duong","11":"first","12":"instock","13":"sale","14":"shipping-taxable","15":"purchasable","16":"product-type-variable"},"yoast_head":"<!-- This site is optimized with the Yoast SEO plugin v27.1.1 - https:\/\/yoast.com\/product\/yoast-seo-wordpress\/ -->\n<title>Serum Hada Labo D\u01b0\u1ee1ng \u1ea8m Cho Da M\u1ee5n, Nh\u1ea1y C\u1ea3m Acne Care Calming Serum 30ml - myphamphake<\/title>\n<meta name=\"robots\" content=\"index, follow, max-snippet:-1, max-image-preview:large, max-video-preview:-1\" \/>\n<link rel=\"canonical\" href=\"https:\/\/myphamphake.azdigi.shop\/index.php\/product\/serum-hada-labo-duong-am-cho-da-mun-nhay-cam-acne-care-calming-serum-30ml\/\" \/>\n<meta property=\"og:locale\" content=\"vi_VN\" \/>\n<meta property=\"og:type\" content=\"article\" \/>\n<meta property=\"og:title\" content=\"Serum Hada Labo D\u01b0\u1ee1ng \u1ea8m Cho Da M\u1ee5n, Nh\u1ea1y C\u1ea3m Acne Care Calming Serum 30ml - myphamphake\" \/>\n<meta property=\"og:description\" content=\"Chi ti\u1ebft s\u1ea3n ph\u1ea9m T\u00ean s\u1ea3n ph\u1ea9m:\u00a0Serum D\u01b0\u1ee1ng \u1ea8m Cho Da M\u1ee5n, Nh\u1ea1y C\u1ea3m Hada Labo Acne Care Calming Serum 30ml C\u00f4ng d\u1ee5ng:\u00a0D\u01b0\u1ee1ng \u1ea9m, h\u1ed7 tr\u1ee3 gi\u1ea3m m\u1ee5n Dung t\u00edch:\u00a030ml Th\u01b0\u01a1ng hi\u1ec7u: \u00a0Hada Labo (Nh\u1eadt B\u1ea3n) H\u1ea1n s\u1eed d\u1ee5ng:\u00a03 n\u0103m k\u1ec3 t\u1eeb ng\u00e0y s\u1ea3n xu\u1ea5t\/NSX xem tr\u00ean bao b\u00ec s\u1ea3n ph\u1ea9m 1. Th\u00f4ng tin s\u1ea3n [...]\" \/>\n<meta property=\"og:url\" content=\"https:\/\/myphamphake.azdigi.shop\/index.php\/product\/serum-hada-labo-duong-am-cho-da-mun-nhay-cam-acne-care-calming-serum-30ml\/\" \/>\n<meta property=\"og:site_name\" content=\"myphamphake\" \/>\n<meta property=\"og:image\" content=\"https:\/\/myphamphake.azdigi.shop\/wp-content\/uploads\/2026\/04\/hadalaboserum.jpg\" \/>\n\t<meta property=\"og:image:width\" content=\"800\" \/>\n\t<meta property=\"og:image:height\" content=\"800\" \/>\n\t<meta property=\"og:image:type\" content=\"image\/jpeg\" \/>\n<meta name=\"twitter:card\" content=\"summary_large_image\" \/>\n<meta name=\"twitter:label1\" content=\"\u01af\u1edbc t\u00ednh th\u1eddi gian \u0111\u1ecdc\" \/>\n\t<meta name=\"twitter:data1\" content=\"5 ph\u00fat\" \/>\n<script type=\"application\/ld+json\" class=\"yoast-schema-graph\">{\"@context\":\"https:\/\/schema.org\",\"@graph\":[{\"@type\":\"WebPage\",\"@id\":\"https:\/\/myphamphake.azdigi.shop\/index.php\/product\/serum-hada-labo-duong-am-cho-da-mun-nhay-cam-acne-care-calming-serum-30ml\/\",\"url\":\"https:\/\/myphamphake.azdigi.shop\/index.php\/product\/serum-hada-labo-duong-am-cho-da-mun-nhay-cam-acne-care-calming-serum-30ml\/\",\"name\":\"Serum Hada Labo D\u01b0\u1ee1ng \u1ea8m Cho Da M\u1ee5n, Nh\u1ea1y C\u1ea3m Acne Care Calming Serum 30ml - myphamphake\",\"isPartOf\":{\"@id\":\"https:\/\/myphamphake.azdigi.shop\/#website\"},\"primaryImageOfPage\":{\"@id\":\"https:\/\/myphamphake.azdigi.shop\/index.php\/product\/serum-hada-labo-duong-am-cho-da-mun-nhay-cam-acne-care-calming-serum-30ml\/#primaryimage\"},\"image\":{\"@id\":\"https:\/\/myphamphake.azdigi.shop\/index.php\/product\/serum-hada-labo-duong-am-cho-da-mun-nhay-cam-acne-care-calming-serum-30ml\/#primaryimage\"},\"thumbnailUrl\":\"https:\/\/myphamphake.azdigi.shop\/wp-content\/uploads\/2026\/04\/hadalaboserum.jpg\",\"datePublished\":\"2026-04-09T10:02:21+00:00\",\"breadcrumb\":{\"@id\":\"https:\/\/myphamphake.azdigi.shop\/index.php\/product\/serum-hada-labo-duong-am-cho-da-mun-nhay-cam-acne-care-calming-serum-30ml\/#breadcrumb\"},\"inLanguage\":\"vi\",\"potentialAction\":[{\"@type\":\"ReadAction\",\"target\":[\"https:\/\/myphamphake.azdigi.shop\/index.php\/product\/serum-hada-labo-duong-am-cho-da-mun-nhay-cam-acne-care-calming-serum-30ml\/\"]}]},{\"@type\":\"ImageObject\",\"inLanguage\":\"vi\",\"@id\":\"https:\/\/myphamphake.azdigi.shop\/index.php\/product\/serum-hada-labo-duong-am-cho-da-mun-nhay-cam-acne-care-calming-serum-30ml\/#primaryimage\",\"url\":\"https:\/\/myphamphake.azdigi.shop\/wp-content\/uploads\/2026\/04\/hadalaboserum.jpg\",\"contentUrl\":\"https:\/\/myphamphake.azdigi.shop\/wp-content\/uploads\/2026\/04\/hadalaboserum.jpg\",\"width\":800,\"height\":800},{\"@type\":\"BreadcrumbList\",\"@id\":\"https:\/\/myphamphake.azdigi.shop\/index.php\/product\/serum-hada-labo-duong-am-cho-da-mun-nhay-cam-acne-care-calming-serum-30ml\/#breadcrumb\",\"itemListElement\":[{\"@type\":\"ListItem\",\"position\":1,\"name\":\"Home\",\"item\":\"https:\/\/myphamphake.azdigi.shop\/\"},{\"@type\":\"ListItem\",\"position\":2,\"name\":\"Shop\",\"item\":\"https:\/\/myphamphake.azdigi.shop\/index.php\/shop\/\"},{\"@type\":\"ListItem\",\"position\":3,\"name\":\"Serum Hada Labo D\u01b0\u1ee1ng \u1ea8m Cho Da M\u1ee5n, Nh\u1ea1y C\u1ea3m Acne Care Calming Serum 30ml\"}]},{\"@type\":\"WebSite\",\"@id\":\"https:\/\/myphamphake.azdigi.shop\/#website\",\"url\":\"https:\/\/myphamphake.azdigi.shop\/\",\"name\":\"myphamphake\",\"description\":\"\",\"potentialAction\":[{\"@type\":\"SearchAction\",\"target\":{\"@type\":\"EntryPoint\",\"urlTemplate\":\"https:\/\/myphamphake.azdigi.shop\/?s={search_term_string}\"},\"query-input\":{\"@type\":\"PropertyValueSpecification\",\"valueRequired\":true,\"valueName\":\"search_term_string\"}}],\"inLanguage\":\"vi\"}]}<\/script>\n<!-- \/ Yoast SEO plugin. -->","yoast_head_json":{"title":"Serum Hada Labo D\u01b0\u1ee1ng \u1ea8m Cho Da M\u1ee5n, Nh\u1ea1y C\u1ea3m Acne Care Calming Serum 30ml - myphamphake","robots":{"index":"index","follow":"follow","max-snippet":"max-snippet:-1","max-image-preview":"max-image-preview:large","max-video-preview":"max-video-preview:-1"},"canonical":"https:\/\/myphamphake.azdigi.shop\/index.php\/product\/serum-hada-labo-duong-am-cho-da-mun-nhay-cam-acne-care-calming-serum-30ml\/","og_locale":"vi_VN","og_type":"article","og_title":"Serum Hada Labo D\u01b0\u1ee1ng \u1ea8m Cho Da M\u1ee5n, Nh\u1ea1y C\u1ea3m Acne Care Calming Serum 30ml - myphamphake","og_description":"Chi ti\u1ebft s\u1ea3n ph\u1ea9m T\u00ean s\u1ea3n ph\u1ea9m:\u00a0Serum D\u01b0\u1ee1ng \u1ea8m Cho Da M\u1ee5n, Nh\u1ea1y C\u1ea3m Hada Labo Acne Care Calming Serum 30ml C\u00f4ng d\u1ee5ng:\u00a0D\u01b0\u1ee1ng \u1ea9m, h\u1ed7 tr\u1ee3 gi\u1ea3m m\u1ee5n Dung t\u00edch:\u00a030ml Th\u01b0\u01a1ng hi\u1ec7u: \u00a0Hada Labo (Nh\u1eadt B\u1ea3n) H\u1ea1n s\u1eed d\u1ee5ng:\u00a03 n\u0103m k\u1ec3 t\u1eeb ng\u00e0y s\u1ea3n xu\u1ea5t\/NSX xem tr\u00ean bao b\u00ec s\u1ea3n ph\u1ea9m 1. Th\u00f4ng tin s\u1ea3n [...]","og_url":"https:\/\/myphamphake.azdigi.shop\/index.php\/product\/serum-hada-labo-duong-am-cho-da-mun-nhay-cam-acne-care-calming-serum-30ml\/","og_site_name":"myphamphake","og_image":[{"width":800,"height":800,"url":"https:\/\/myphamphake.azdigi.shop\/wp-content\/uploads\/2026\/04\/hadalaboserum.jpg","type":"image\/jpeg"}],"twitter_card":"summary_large_image","twitter_misc":{"\u01af\u1edbc t\u00ednh th\u1eddi gian \u0111\u1ecdc":"5 ph\u00fat"},"schema":{"@context":"https:\/\/schema.org","@graph":[{"@type":"WebPage","@id":"https:\/\/myphamphake.azdigi.shop\/index.php\/product\/serum-hada-labo-duong-am-cho-da-mun-nhay-cam-acne-care-calming-serum-30ml\/","url":"https:\/\/myphamphake.azdigi.shop\/index.php\/product\/serum-hada-labo-duong-am-cho-da-mun-nhay-cam-acne-care-calming-serum-30ml\/","name":"Serum Hada Labo D\u01b0\u1ee1ng \u1ea8m Cho Da M\u1ee5n, Nh\u1ea1y C\u1ea3m Acne Care Calming Serum 30ml - myphamphake","isPartOf":{"@id":"https:\/\/myphamphake.azdigi.shop\/#website"},"primaryImageOfPage":{"@id":"https:\/\/myphamphake.azdigi.shop\/index.php\/product\/serum-hada-labo-duong-am-cho-da-mun-nhay-cam-acne-care-calming-serum-30ml\/#primaryimage"},"image":{"@id":"https:\/\/myphamphake.azdigi.shop\/index.php\/product\/serum-hada-labo-duong-am-cho-da-mun-nhay-cam-acne-care-calming-serum-30ml\/#primaryimage"},"thumbnailUrl":"https:\/\/myphamphake.azdigi.shop\/wp-content\/uploads\/2026\/04\/hadalaboserum.jpg","datePublished":"2026-04-09T10:02:21+00:00","breadcrumb":{"@id":"https:\/\/myphamphake.azdigi.shop\/index.php\/product\/serum-hada-labo-duong-am-cho-da-mun-nhay-cam-acne-care-calming-serum-30ml\/#breadcrumb"},"inLanguage":"vi","potentialAction":[{"@type":"ReadAction","target":["https:\/\/myphamphake.azdigi.shop\/index.php\/product\/serum-hada-labo-duong-am-cho-da-mun-nhay-cam-acne-care-calming-serum-30ml\/"]}]},{"@type":"ImageObject","inLanguage":"vi","@id":"https:\/\/myphamphake.azdigi.shop\/index.php\/product\/serum-hada-labo-duong-am-cho-da-mun-nhay-cam-acne-care-calming-serum-30ml\/#primaryimage","url":"https:\/\/myphamphake.azdigi.shop\/wp-content\/uploads\/2026\/04\/hadalaboserum.jpg","contentUrl":"https:\/\/myphamphake.azdigi.shop\/wp-content\/uploads\/2026\/04\/hadalaboserum.jpg","width":800,"height":800},{"@type":"BreadcrumbList","@id":"https:\/\/myphamphake.azdigi.shop\/index.php\/product\/serum-hada-labo-duong-am-cho-da-mun-nhay-cam-acne-care-calming-serum-30ml\/#breadcrumb","itemListElement":[{"@type":"ListItem","position":1,"name":"Home","item":"https:\/\/myphamphake.azdigi.shop\/"},{"@type":"ListItem","position":2,"name":"Shop","item":"https:\/\/myphamphake.azdigi.shop\/index.php\/shop\/"},{"@type":"ListItem","position":3,"name":"Serum Hada Labo D\u01b0\u1ee1ng \u1ea8m Cho Da M\u1ee5n, Nh\u1ea1y C\u1ea3m Acne Care Calming Serum 30ml"}]},{"@type":"WebSite","@id":"https:\/\/myphamphake.azdigi.shop\/#website","url":"https:\/\/myphamphake.azdigi.shop\/","name":"myphamphake","description":"","potentialAction":[{"@type":"SearchAction","target":{"@type":"EntryPoint","urlTemplate":"https:\/\/myphamphake.azdigi.shop\/?s={search_term_string}"},"query-input":{"@type":"PropertyValueSpecification","valueRequired":true,"valueName":"search_term_string"}}],"inLanguage":"vi"}]}},"_links":{"self":[{"href":"https:\/\/myphamphake.azdigi.shop\/index.php\/wp-json\/wp\/v2\/product\/537","targetHints":{"allow":["GET"]}}],"collection":[{"href":"https:\/\/myphamphake.azdigi.shop\/index.php\/wp-json\/wp\/v2\/product"}],"about":[{"href":"https:\/\/myphamphake.azdigi.shop\/index.php\/wp-json\/wp\/v2\/types\/product"}],"replies":[{"embeddable":true,"href":"https:\/\/myphamphake.azdigi.shop\/index.php\/wp-json\/wp\/v2\/comments?post=537"}],"wp:featuredmedia":[{"embeddable":true,"href":"https:\/\/myphamphake.azdigi.shop\/index.php\/wp-json\/wp\/v2\/media\/538"}],"wp:attachment":[{"href":"https:\/\/myphamphake.azdigi.shop\/index.php\/wp-json\/wp\/v2\/media?parent=537"}],"wp:term":[{"taxonomy":"product_brand","embeddable":true,"href":"https:\/\/myphamphake.azdigi.shop\/index.php\/wp-json\/wp\/v2\/product_brand?post=537"},{"taxonomy":"product_cat","embeddable":true,"href":"https:\/\/myphamphake.azdigi.shop\/index.php\/wp-json\/wp\/v2\/product_cat?post=537"},{"taxonomy":"product_tag","embeddable":true,"href":"https:\/\/myphamphake.azdigi.shop\/index.php\/wp-json\/wp\/v2\/product_tag?post=537"}],"curies":[{"name":"wp","href":"https:\/\/api.w.org\/{rel}","templated":true}]}}