{"id":543,"date":"2026-04-09T10:05:43","date_gmt":"2026-04-09T10:05:43","guid":{"rendered":"https:\/\/myphamphake.azdigi.shop\/?post_type=product&#038;p=543"},"modified":"2026-04-09T10:08:59","modified_gmt":"2026-04-09T10:08:59","slug":"serum-klairs-duong-am-sau-klairs-rich-moist-soothing-serum-80ml","status":"publish","type":"product","link":"https:\/\/myphamphake.azdigi.shop\/index.php\/product\/serum-klairs-duong-am-sau-klairs-rich-moist-soothing-serum-80ml\/","title":{"rendered":"Serum Klairs D\u01b0\u1ee1ng \u1ea8m S\u00e2u Klairs Rich Moist Soothing Serum 80ml"},"content":{"rendered":"<div class=\"product-section-title\">\n<h2>Chi ti\u1ebft s\u1ea3n ph\u1ea9m<\/h2>\n<\/div>\n<div class=\"page-product-description-detail-wrap expanded\">\n<div class=\"page-product-description-detail\">\n<ul>\n<li><strong>T\u00ean s\u1ea3n ph\u1ea9m:\u00a0<\/strong>Serum Klairs Tinh Ch\u1ea5t D\u01b0\u1ee1ng \u1ea8m S\u00e2u Klairs Rich Moist Soothing Serum<\/li>\n<li><strong>K\u1ebft c\u1ea5u:<\/strong>\u00a0D\u1ea1ng gel, s\u00e1nh m\u1ecbn<\/li>\n<li><strong>Dung t\u00edch:\u00a0<\/strong>80ml<\/li>\n<li><strong>Th\u01b0\u01a1ng hi\u1ec7u:\u00a0<\/strong>Klairs (H\u00e0n Qu\u1ed1c)<\/li>\n<li><strong>H\u1ea1n s\u1eed d\u1ee5ng:<\/strong>\u00a03 n\u0103m k\u1ec3 t\u1eeb ng\u00e0y s\u1ea3n xu\u1ea5t in tr\u00ean bao b\u00ec &#8211; 12 th\u00e1ng k\u1ec3 t\u1eeb khi m\u1edf n\u1eafp<\/li>\n<\/ul>\n<h2><strong>1. Th\u00f4ng tin s\u1ea3n ph\u1ea9m<\/strong><\/h2>\n<p>Serum Klairs D\u01b0\u1ee1ng \u1ea8m S\u00e2u<strong>\u00a0Klairs Rich Moist Soothing Serum\u00a0<\/strong>l\u00e0<strong>\u00a0tinh ch\u1ea5t<\/strong>\u00a0v\u1edbi c\u00f4ng th\u1ee9c ch\u0103m s\u00f3c chuy\u00ean s\u00e2u ch\u1ee9a c\u00e1c th\u00e0nh ph\u1ea7n t\u1ef1 nhi\u00ean c\u00f3 t\u00e1c d\u1ee5ng hi\u1ec7u qu\u1ea3 trong vi\u1ec7c l\u00e0m d\u1ecbu v\u00e0 c\u1ea5p \u1ea9m cho da, gi\u00fap t\u0103ng c\u01b0\u1eddng hydrat h\u00f3a cho da, da \u0111\u01b0\u1ee3c ng\u1eadm n\u01b0\u1edbc s\u00e2u h\u01a1n \u0111\u1ec3\u00a0l\u00e0m gi\u1ea3m nhi\u1ec7t \u0111\u1ed9 b\u1ec1 m\u1eb7t da hi\u1ec7u qu\u1ea3\u00a0\u00a0thu\u1ed9c th\u01b0\u01a1ng hi\u1ec7u\u00a0<strong>Klairs<\/strong><strong>\u00a0<\/strong>\u0111\u1ebfn t\u1eeb H\u00e0n Qu\u1ed1c.<\/p>\n<p><img decoding=\"async\" src=\"https:\/\/file.hstatic.net\/1000006063\/file\/2_abe3521e74fd4f32a556b37c4b3e1417_master.jpg\" alt=\"Serum Klairs D\u01b0\u1ee1ng \u1ea8m S\u00e2u Klairs Rich Moist Soothing Serum 80ml\" \/><\/p>\n<h2><strong>2. \u01afu \u0111i\u1ec3m c\u1ee7a Klairs Rich Moist Soothing Serum<\/strong><\/h2>\n<p><strong>Serum Klairs D\u01b0\u1ee1ng \u1ea8m S\u00e2u Klairs Rich Moist Soothing Serum hi\u1ec7n nay \u0111\u00e3 c\u00f3 m\u1eb7t t\u1ea1i\u00a0<a href=\"https:\/\/myphamphake.azdigi.shop\/\">MyPhamPhake<\/a><\/strong>\u00a0v\u1edbi\u00a0nh\u1eefng \u0111\u1eb7c tr\u01b0ng n\u1ed5i b\u1eadt nh\u01b0 sau:<\/p>\n<ul>\n<li><strong>B\u1ea3o v\u1ec7 da chuy\u00ean s\u00e2u:<\/strong>\u00a0V\u1edbi c\u00f4ng th\u1ee9c ch\u1ee9a gi\u00e0u th\u00e0nh ph\u1ea7n d\u01b0\u1ee1ng \u1ea9m v\u00e0 l\u00e0m d\u1ecbu da t\u1eeb t\u1ef1 nhi\u00ean nh\u01b0 chi\u1ebft xu\u1ea5t rau m\u00e1 c\u00f3 \u0111\u1eb7c t\u00ednh ng\u0103n ng\u1eeba c\u00e1c g\u1ed1c t\u1ef1 do g\u00e2y h\u1ea1i cho da, h\u1ed7 tr\u1ee3 kh\u00e1ng khu\u1ea9n, hydrat h\u00f3a l\u1edbp s\u1eebng v\u00e0 h\u00e0ng r\u00e0o bi\u1ec3u b\u00ec tr\u00ean b\u1ec1 m\u1eb7t da, \u0111\u1ed3ng th\u1eddi gi\u00fap gi\u1ea3m m\u1ea5t n\u01b0\u1edbc qua bi\u1ec3u b\u00ec gi\u00fap duy tr\u00ec l\u00e0n da \u1ea9m m\u1ecbn v\u00e0 m\u1ec1m m\u1ea1i<\/li>\n<li><strong>L\u00e0m d\u1ecbu da:\u00a0<\/strong>C\u00f4ng th\u1ee9c ch\u1ee9a chi\u1ebft xu\u1ea5t hoa C\u1ea9m Qu\u1ef3 c\u00f3 ho\u1ea1t \u0111\u1ed9ng nh\u01b0 ch\u1ea5t l\u00e0m d\u1ecbu da cho da kh\u00f4 v\u00e0 b\u1ecb k\u00edch \u1ee9ng, t\u0103ng c\u01b0\u1eddng gi\u1eef \u0111\u1ed9 \u1ea9m v\u00ec c\u00f3 kh\u1ea3 n\u0103ng h\u1ea5p th\u1ee5 n\u01b0\u1edbc r\u1ea5t t\u1ed1t.<\/li>\n<li><strong>Ng\u0103n ng\u1eeba m\u1ee5n:\u00a0<\/strong>Ho\u1ea1t ch\u1ea5t ch\u00ednh c\u00f3 trong r\u1ec5 c\u00e2y Ho\u00e0ng C\u1ea7m l\u00e0 Baicalein v\u00e0 Baicalin c\u00f3 t\u00e1c d\u1ee5ng h\u1ed7 tr\u1ee3 kh\u00e1ng khu\u1ea9n cho da, ng\u0103n ng\u1eeba oxy h\u00f3a, \u0111\u1ed3ng th\u1eddi c\u0169ng c\u00f3 th\u1ec3 ng\u0103n ng\u1eeba v\u00e0 h\u1ed7 tr\u1ee3 c\u1ea3i thi\u1ec7n m\u1ee5n tr\u1ee9ng c\u00e1 cho da. Chi\u1ebft xu\u1ea5t rau sam ch\u1ee9a gi\u00e0u c\u00e1c ch\u1ea5t dinh d\u01b0\u1ee1ng v\u00e0 h\u1ee3p ch\u1ea5t ng\u0103n ng\u1eeba l\u00e3o h\u00f3a, h\u1ed7 tr\u1ee3 ph\u1ee5c h\u1ed3i da.<\/li>\n<li><strong>L\u00e0m d\u1ecbu da:\u00a0<\/strong>Chi\u1ebft xu\u1ea5t l\u00f4 h\u1ed9i c\u00f3 \u0111\u1eb7c t\u00ednh l\u00e0m d\u1ecbu da, c\u1ea5p \u1ea9m, t\u0103ng kh\u1ea3 n\u0103ng gi\u1eef n\u01b0\u1edbc trong da.<\/li>\n<li><strong>Ph\u1ee5c h\u1ed3i da hi\u1ec7u qu\u1ea3:\u00a0<\/strong>Ngo\u00e0i ra c\u00f4ng th\u1ee9c c\u00f2n b\u1ed5 sung th\u00e0nh ph\u1ea7n Sodium Hyaluronate c\u00f3 kh\u1ea3 n\u0103ng x\u00e2m nh\u1eadp v\u00e0o da d\u1ec5 d\u00e0ng h\u01a1n so v\u1edbi Hyaluronic Acid. V\u1edbi\u00a0d\u1ea1ng c\u00f3 tr\u1ecdng l\u01b0\u1ee3ng ph\u00e2n t\u1eed th\u1ea5p v\u00e0 tan trong n\u01b0\u1edbc n\u00e0y s\u1ebd hydrat h\u00f3a ngay c\u1ea3 c\u00e1c l\u1edbp s\u00e2u h\u01a1n c\u1ee7a da, gi\u00fap c\u1ea3i thi\u1ec7n n\u1ebfp nh\u0103n gi\u00fap l\u00e0n da m\u1ecbn m\u00e0ng h\u01a1n, ph\u1ee5c h\u1ed3i hi\u1ec7u qu\u1ea3 \u0111\u1ed9 \u1ea9m c\u1ee7a da v\u1edbi qu\u00e1 tr\u00ecnh hydrat h\u00f3a t\u1ef1 nhi\u00ean gi\u00fap l\u00e0n da \u1ea9m m\u1ecbn t\u1ef1 nhi\u00ean<\/li>\n<li><strong>K\u1ebft c\u1ea5u:\u00a0<\/strong>K\u1ebft c\u1ea5u tinh ch\u1ea5t kh\u00e1 \u0111\u1eb7c, m\u1ecfng m\u1ecbn v\u00e0 trong su\u1ed1t, c\u00f3 kh\u1ea3 n\u0103ng th\u1ea5m nhanh tr\u00ean da v\u00e0 ho\u00e0n to\u00e0n kh\u00f4ng \u0111\u1ec3 l\u1ea1i c\u1ea3m gi\u00e1c nh\u1eddn d\u00ednh.<\/li>\n<\/ul>\n<p><img decoding=\"async\" src=\"https:\/\/file.hstatic.net\/1000006063\/file\/366359658_643223097903816_2501368454705819691_n_ece3e815f6b742deb1f34b031991965d.jpg\" alt=\"Serum Klairs D\u01b0\u1ee1ng \u1ea8m S\u00e2u Klairs Rich Moist Soothing Serum 80ml\" \/><\/p>\n<p><img decoding=\"async\" src=\"https:\/\/file.hstatic.net\/1000006063\/file\/wishcompany_letter_on_dear__klairs_volume_mark_changing__1_-1_7b66dcbba24b42538af8c50fb093abe4.jpg\" alt=\"Serum Klairs D\u01b0\u1ee1ng \u1ea8m S\u00e2u Klairs Rich Moist Soothing Serum 80ml\" \/><\/p>\n<p><img decoding=\"async\" src=\"https:\/\/file.hstatic.net\/1000006063\/file\/z2921548229326_9472edaa941ad8dd5b7ae2a3829652c5_3799fdb96fd34af7b48d4c3a83912bda_master.jpg\" alt=\"Serum Klairs D\u01b0\u1ee1ng \u1ea8m S\u00e2u Klairs Rich Moist Soothing Serum 80ml\" \/><\/p>\n<p><img decoding=\"async\" src=\"https:\/\/file.hstatic.net\/1000006063\/file\/e1fa99c31cbbbf4582c95b8b00ea2348_99a4e01abb5641518abc98cea6d02a9d_master.jpg\" alt=\"Serum Klairs D\u01b0\u1ee1ng \u1ea8m S\u00e2u Klairs Rich Moist Soothing Serum 80ml\" \/><\/p>\n<p><img decoding=\"async\" src=\"https:\/\/wishcompany.wisacdn.com\/_data\/attach\/201906\/25\/d885c5d2e1e97b325c2053f2abb10f80.gif\" alt=\"Serum Klairs D\u01b0\u1ee1ng \u1ea8m S\u00e2u Klairs Rich Moist Soothing Serum 80ml\" \/><img decoding=\"async\" src=\"https:\/\/file.hstatic.net\/1000006063\/file\/7ee11a414df5c0a0b95dd4f2b1e30c75_85ce7d38df624ab883a207574b55a46a_master.jpg\" alt=\"Serum Klairs D\u01b0\u1ee1ng \u1ea8m S\u00e2u Klairs Rich Moist Soothing Serum 80ml\" \/><\/p>\n<p><img decoding=\"async\" src=\"https:\/\/wishcompany.wisacdn.com\/_data\/attach\/201906\/25\/d58287609395022758f0f0b06eb2c5ef.gif\" alt=\"Serum Klairs D\u01b0\u1ee1ng \u1ea8m S\u00e2u Klairs Rich Moist Soothing Serum 80ml\" \/><\/p>\n<p><img decoding=\"async\" src=\"https:\/\/file.hstatic.net\/1000006063\/file\/dhc_4a8c171c55444e1bbc2f66e6185bd71d_master.jpg\" alt=\"Serum Klairs D\u01b0\u1ee1ng \u1ea8m S\u00e2u Klairs Rich Moist Soothing Serum 80ml\" \/><\/p>\n<p><strong>Review th\u1ef1c t\u1ebf<\/strong><\/p>\n<p><img decoding=\"async\" src=\"https:\/\/file.hstatic.net\/1000006063\/file\/se-c4c3c7f3-7169-4f64-b51d-69abb6421c6c_c10f46f5c0674d74a803944d4610edb1_master.jpg\" alt=\"Serum Klairs D\u01b0\u1ee1ng \u1ea8m S\u00e2u Klairs Rich Moist Soothing Serum 80ml\" \/><\/p>\n<p><img decoding=\"async\" src=\"https:\/\/file.hstatic.net\/1000006063\/file\/__________5_7c595b4aea8c4e7f9d1601689676cbf1_master.jpg\" alt=\"Serum Klairs D\u01b0\u1ee1ng \u1ea8m S\u00e2u Klairs Rich Moist Soothing Serum 80ml\" \/><\/p>\n<p><img decoding=\"async\" src=\"https:\/\/file.hstatic.net\/1000006063\/file\/__________6_1e52c6436a214e27a5b9d6bd421cfe67_master.jpg\" alt=\"Serum Klairs D\u01b0\u1ee1ng \u1ea8m S\u00e2u Klairs Rich Moist Soothing Serum 80ml\" \/><\/p>\n<p><img decoding=\"async\" src=\"https:\/\/file.hstatic.net\/1000006063\/file\/__________7_52f099c7931c433faa7bd9268f406183_master.jpg\" alt=\"Serum Klairs D\u01b0\u1ee1ng \u1ea8m S\u00e2u Klairs Rich Moist Soothing Serum 80ml\" \/><\/p>\n<p><img decoding=\"async\" src=\"https:\/\/file.hstatic.net\/1000006063\/file\/491593360_1048182824074506_3296232876559791777_n.jpg\" alt=\"Serum Klairs D\u01b0\u1ee1ng \u1ea8m S\u00e2u Klairs Rich Moist Soothing Serum 80ml\" \/><\/p>\n<p><img decoding=\"async\" src=\"https:\/\/file.hstatic.net\/1000006063\/file\/491271950_1048181627407959_5721137062854234638_n.jpg\" alt=\"Serum Klairs D\u01b0\u1ee1ng \u1ea8m S\u00e2u Klairs Rich Moist Soothing Serum 80ml\" \/><\/p>\n<p><img decoding=\"async\" src=\"https:\/\/file.hstatic.net\/1000006063\/file\/490443355_1048182124074576_5274599963557280183_n.jpg\" alt=\"Serum Klairs D\u01b0\u1ee1ng \u1ea8m S\u00e2u Klairs Rich Moist Soothing Serum 80ml\" \/><\/p>\n<h2><strong>3. \u0110\u1ed1i t\u01b0\u1ee3ng khuy\u00ean d\u00f9ng<\/strong><\/h2>\n<ul>\n<li>D\u00e0nh cho m\u1ecdi lo\u1ea1i da<\/li>\n<li>D\u00e0nh cho l\u00e0n da kh\u00f4, thi\u1ebfu \u1ea9m, da c\u1ea7n \u0111\u01b0\u1ee3c c\u00e2n b\u1eb1ng nhi\u1ec7t v\u00e0 l\u00e0m d\u1ecbu, da m\u1ec7t m\u1ecfi, m\u1ea5t s\u1ee9c s\u1ed1ng<\/li>\n<\/ul>\n<h2><strong>4. C\u00e1ch b\u1ea3o qu\u1ea3n<\/strong><\/h2>\n<ul>\n<li>Tr\u00e1nh \u00e1nh n\u1eafng tr\u1ef1c ti\u1ebfp<\/li>\n<li>\u0110\u1ec3 n\u01a1i kh\u00f4 r\u00e1o, tho\u00e1ng m\u00e1t<\/li>\n<li>\u0110\u1eady n\u1eafp k\u00edn sau khi s\u1eed d\u1ee5ng<\/li>\n<\/ul>\n<h2><strong>5. H\u01b0\u1edbng d\u1eabn s\u1eed d\u1ee5ng<\/strong><\/h2>\n<ul>\n<li>S\u1eed d\u1ee5ng \u1edf b\u01b0\u1edbc cu\u1ed1i c\u00f9ng trong chu tr\u00ecnh ch\u0103m s\u00f3c da, l\u1ea5y m\u1ed9t l\u01b0\u1ee3ng kem v\u1eeba \u0111\u1ee7 thoa \u0111\u1ec1u l\u00ean da v\u00e0 v\u1ed7 nh\u1eb9 \u0111\u1ec3 c\u00e1c d\u01b0\u1ee1ng ch\u1ea5t \u0111\u01b0\u1ee3c h\u1ea5p th\u1ee5 t\u1ed1i \u0111a.<\/li>\n<\/ul>\n<h2><strong>6. Nh\u1eefng l\u01b0u \u00fd khi s\u1eed d\u1ee5ng<\/strong><\/h2>\n<ul>\n<li>T\u00e1c d\u1ee5ng c\u1ee7a s\u1ea3n ph\u1ea9m s\u1ebd kh\u00e1c nhau t\u00f9y v\u00e0o c\u01a1 \u0111\u1ecba c\u1ee7a m\u1ed7i ng\u01b0\u1eddi. V\u1edbi l\u00e0n da nh\u1ea1y c\u1ea3m b\u1ea1n n\u00ean th\u1eed s\u1ea3n ph\u1ea9m \u1edf m\u1ed9t v\u00f9ng nh\u1ecf tr\u01b0\u1edbc khi s\u1eed d\u1ee5ng cho to\u00e0n m\u1eb7t.<\/li>\n<\/ul>\n<p><strong>7. Nh\u1eefng l\u01b0u \u00fd khi mua h\u00e0ng<\/strong><\/p>\n<ul>\n<li>Bao b\u00ec thay \u0111\u1ed5i t\u00f9y t\u1eebng \u0111\u1ee3t nh\u1eadp h\u00e0ng.<\/li>\n<\/ul>\n<p><img decoding=\"async\" src=\"https:\/\/file.hstatic.net\/1000006063\/file\/han_su_dung_4b02a0220d574dcb914d9ac39548a034.jpg\" alt=\"Serum Klairs D\u01b0\u1ee1ng \u1ea8m S\u00e2u Klairs Rich Moist Soothing Serum 80ml\" \/><\/p>\n<\/div>\n<\/div>\n","protected":false},"excerpt":{"rendered":"<p>Chi ti\u1ebft s\u1ea3n ph\u1ea9m T\u00ean s\u1ea3n ph\u1ea9m:\u00a0Serum Klairs Tinh Ch\u1ea5t D\u01b0\u1ee1ng \u1ea8m S\u00e2u Klairs Rich Moist Soothing Serum K\u1ebft c\u1ea5u:\u00a0D\u1ea1ng gel, s\u00e1nh m\u1ecbn Dung t\u00edch:\u00a080ml Th\u01b0\u01a1ng hi\u1ec7u:\u00a0Klairs (H\u00e0n Qu\u1ed1c) H\u1ea1n s\u1eed d\u1ee5ng:\u00a03 n\u0103m k\u1ec3 t\u1eeb ng\u00e0y s\u1ea3n xu\u1ea5t in tr\u00ean bao b\u00ec &#8211; 12 th\u00e1ng k\u1ec3 t\u1eeb khi m\u1edf n\u1eafp 1. Th\u00f4ng tin s\u1ea3n ph\u1ea9m [&#8230;]\n","protected":false},"featured_media":546,"comment_status":"open","ping_status":"closed","template":"","meta":[],"product_brand":[43],"product_cat":[35,40,53],"product_tag":[],"class_list":{"0":"post-543","1":"product","2":"type-product","3":"status-publish","4":"has-post-thumbnail","6":"product_brand-klairs","7":"product_cat-cham-soc-da-mat","8":"product_cat-duong-da","9":"product_cat-tinh-chat-duong","11":"first","12":"instock","13":"sale","14":"shipping-taxable","15":"purchasable","16":"product-type-variable"},"yoast_head":"<!-- This site is optimized with the Yoast SEO plugin v27.1.1 - https:\/\/yoast.com\/product\/yoast-seo-wordpress\/ -->\n<title>Serum Klairs D\u01b0\u1ee1ng \u1ea8m S\u00e2u Klairs Rich Moist Soothing Serum 80ml - myphamphake<\/title>\n<meta name=\"robots\" content=\"index, follow, max-snippet:-1, max-image-preview:large, max-video-preview:-1\" \/>\n<link rel=\"canonical\" href=\"https:\/\/myphamphake.azdigi.shop\/index.php\/product\/serum-klairs-duong-am-sau-klairs-rich-moist-soothing-serum-80ml\/\" \/>\n<meta property=\"og:locale\" content=\"vi_VN\" \/>\n<meta property=\"og:type\" content=\"article\" \/>\n<meta property=\"og:title\" content=\"Serum Klairs D\u01b0\u1ee1ng \u1ea8m S\u00e2u Klairs Rich Moist Soothing Serum 80ml - myphamphake\" \/>\n<meta property=\"og:description\" content=\"Chi ti\u1ebft s\u1ea3n ph\u1ea9m T\u00ean s\u1ea3n ph\u1ea9m:\u00a0Serum Klairs Tinh Ch\u1ea5t D\u01b0\u1ee1ng \u1ea8m S\u00e2u Klairs Rich Moist Soothing Serum K\u1ebft c\u1ea5u:\u00a0D\u1ea1ng gel, s\u00e1nh m\u1ecbn Dung t\u00edch:\u00a080ml Th\u01b0\u01a1ng hi\u1ec7u:\u00a0Klairs (H\u00e0n Qu\u1ed1c) H\u1ea1n s\u1eed d\u1ee5ng:\u00a03 n\u0103m k\u1ec3 t\u1eeb ng\u00e0y s\u1ea3n xu\u1ea5t in tr\u00ean bao b\u00ec &#8211; 12 th\u00e1ng k\u1ec3 t\u1eeb khi m\u1edf n\u1eafp 1. Th\u00f4ng tin s\u1ea3n ph\u1ea9m [...]\" \/>\n<meta property=\"og:url\" content=\"https:\/\/myphamphake.azdigi.shop\/index.php\/product\/serum-klairs-duong-am-sau-klairs-rich-moist-soothing-serum-80ml\/\" \/>\n<meta property=\"og:site_name\" content=\"myphamphake\" \/>\n<meta property=\"article:modified_time\" content=\"2026-04-09T10:08:59+00:00\" \/>\n<meta property=\"og:image\" content=\"https:\/\/myphamphake.azdigi.shop\/wp-content\/uploads\/2026\/04\/klaserum.jpg\" \/>\n\t<meta property=\"og:image:width\" content=\"800\" \/>\n\t<meta property=\"og:image:height\" content=\"800\" \/>\n\t<meta property=\"og:image:type\" content=\"image\/jpeg\" \/>\n<meta name=\"twitter:card\" content=\"summary_large_image\" \/>\n<meta name=\"twitter:label1\" content=\"\u01af\u1edbc t\u00ednh th\u1eddi gian \u0111\u1ecdc\" \/>\n\t<meta name=\"twitter:data1\" content=\"8 ph\u00fat\" \/>\n<script type=\"application\/ld+json\" class=\"yoast-schema-graph\">{\"@context\":\"https:\/\/schema.org\",\"@graph\":[{\"@type\":\"WebPage\",\"@id\":\"https:\/\/myphamphake.azdigi.shop\/index.php\/product\/serum-klairs-duong-am-sau-klairs-rich-moist-soothing-serum-80ml\/\",\"url\":\"https:\/\/myphamphake.azdigi.shop\/index.php\/product\/serum-klairs-duong-am-sau-klairs-rich-moist-soothing-serum-80ml\/\",\"name\":\"Serum Klairs D\u01b0\u1ee1ng \u1ea8m S\u00e2u Klairs Rich Moist Soothing Serum 80ml - myphamphake\",\"isPartOf\":{\"@id\":\"https:\/\/myphamphake.azdigi.shop\/#website\"},\"primaryImageOfPage\":{\"@id\":\"https:\/\/myphamphake.azdigi.shop\/index.php\/product\/serum-klairs-duong-am-sau-klairs-rich-moist-soothing-serum-80ml\/#primaryimage\"},\"image\":{\"@id\":\"https:\/\/myphamphake.azdigi.shop\/index.php\/product\/serum-klairs-duong-am-sau-klairs-rich-moist-soothing-serum-80ml\/#primaryimage\"},\"thumbnailUrl\":\"https:\/\/myphamphake.azdigi.shop\/wp-content\/uploads\/2026\/04\/klaserum.jpg\",\"datePublished\":\"2026-04-09T10:05:43+00:00\",\"dateModified\":\"2026-04-09T10:08:59+00:00\",\"breadcrumb\":{\"@id\":\"https:\/\/myphamphake.azdigi.shop\/index.php\/product\/serum-klairs-duong-am-sau-klairs-rich-moist-soothing-serum-80ml\/#breadcrumb\"},\"inLanguage\":\"vi\",\"potentialAction\":[{\"@type\":\"ReadAction\",\"target\":[\"https:\/\/myphamphake.azdigi.shop\/index.php\/product\/serum-klairs-duong-am-sau-klairs-rich-moist-soothing-serum-80ml\/\"]}]},{\"@type\":\"ImageObject\",\"inLanguage\":\"vi\",\"@id\":\"https:\/\/myphamphake.azdigi.shop\/index.php\/product\/serum-klairs-duong-am-sau-klairs-rich-moist-soothing-serum-80ml\/#primaryimage\",\"url\":\"https:\/\/myphamphake.azdigi.shop\/wp-content\/uploads\/2026\/04\/klaserum.jpg\",\"contentUrl\":\"https:\/\/myphamphake.azdigi.shop\/wp-content\/uploads\/2026\/04\/klaserum.jpg\",\"width\":800,\"height\":800},{\"@type\":\"BreadcrumbList\",\"@id\":\"https:\/\/myphamphake.azdigi.shop\/index.php\/product\/serum-klairs-duong-am-sau-klairs-rich-moist-soothing-serum-80ml\/#breadcrumb\",\"itemListElement\":[{\"@type\":\"ListItem\",\"position\":1,\"name\":\"Home\",\"item\":\"https:\/\/myphamphake.azdigi.shop\/\"},{\"@type\":\"ListItem\",\"position\":2,\"name\":\"Shop\",\"item\":\"https:\/\/myphamphake.azdigi.shop\/index.php\/shop\/\"},{\"@type\":\"ListItem\",\"position\":3,\"name\":\"Serum Klairs D\u01b0\u1ee1ng \u1ea8m S\u00e2u Klairs Rich Moist Soothing Serum 80ml\"}]},{\"@type\":\"WebSite\",\"@id\":\"https:\/\/myphamphake.azdigi.shop\/#website\",\"url\":\"https:\/\/myphamphake.azdigi.shop\/\",\"name\":\"myphamphake\",\"description\":\"\",\"potentialAction\":[{\"@type\":\"SearchAction\",\"target\":{\"@type\":\"EntryPoint\",\"urlTemplate\":\"https:\/\/myphamphake.azdigi.shop\/?s={search_term_string}\"},\"query-input\":{\"@type\":\"PropertyValueSpecification\",\"valueRequired\":true,\"valueName\":\"search_term_string\"}}],\"inLanguage\":\"vi\"}]}<\/script>\n<!-- \/ Yoast SEO plugin. -->","yoast_head_json":{"title":"Serum Klairs D\u01b0\u1ee1ng \u1ea8m S\u00e2u Klairs Rich Moist Soothing Serum 80ml - myphamphake","robots":{"index":"index","follow":"follow","max-snippet":"max-snippet:-1","max-image-preview":"max-image-preview:large","max-video-preview":"max-video-preview:-1"},"canonical":"https:\/\/myphamphake.azdigi.shop\/index.php\/product\/serum-klairs-duong-am-sau-klairs-rich-moist-soothing-serum-80ml\/","og_locale":"vi_VN","og_type":"article","og_title":"Serum Klairs D\u01b0\u1ee1ng \u1ea8m S\u00e2u Klairs Rich Moist Soothing Serum 80ml - myphamphake","og_description":"Chi ti\u1ebft s\u1ea3n ph\u1ea9m T\u00ean s\u1ea3n ph\u1ea9m:\u00a0Serum Klairs Tinh Ch\u1ea5t D\u01b0\u1ee1ng \u1ea8m S\u00e2u Klairs Rich Moist Soothing Serum K\u1ebft c\u1ea5u:\u00a0D\u1ea1ng gel, s\u00e1nh m\u1ecbn Dung t\u00edch:\u00a080ml Th\u01b0\u01a1ng hi\u1ec7u:\u00a0Klairs (H\u00e0n Qu\u1ed1c) H\u1ea1n s\u1eed d\u1ee5ng:\u00a03 n\u0103m k\u1ec3 t\u1eeb ng\u00e0y s\u1ea3n xu\u1ea5t in tr\u00ean bao b\u00ec &#8211; 12 th\u00e1ng k\u1ec3 t\u1eeb khi m\u1edf n\u1eafp 1. Th\u00f4ng tin s\u1ea3n ph\u1ea9m [...]","og_url":"https:\/\/myphamphake.azdigi.shop\/index.php\/product\/serum-klairs-duong-am-sau-klairs-rich-moist-soothing-serum-80ml\/","og_site_name":"myphamphake","article_modified_time":"2026-04-09T10:08:59+00:00","og_image":[{"width":800,"height":800,"url":"https:\/\/myphamphake.azdigi.shop\/wp-content\/uploads\/2026\/04\/klaserum.jpg","type":"image\/jpeg"}],"twitter_card":"summary_large_image","twitter_misc":{"\u01af\u1edbc t\u00ednh th\u1eddi gian \u0111\u1ecdc":"8 ph\u00fat"},"schema":{"@context":"https:\/\/schema.org","@graph":[{"@type":"WebPage","@id":"https:\/\/myphamphake.azdigi.shop\/index.php\/product\/serum-klairs-duong-am-sau-klairs-rich-moist-soothing-serum-80ml\/","url":"https:\/\/myphamphake.azdigi.shop\/index.php\/product\/serum-klairs-duong-am-sau-klairs-rich-moist-soothing-serum-80ml\/","name":"Serum Klairs D\u01b0\u1ee1ng \u1ea8m S\u00e2u Klairs Rich Moist Soothing Serum 80ml - myphamphake","isPartOf":{"@id":"https:\/\/myphamphake.azdigi.shop\/#website"},"primaryImageOfPage":{"@id":"https:\/\/myphamphake.azdigi.shop\/index.php\/product\/serum-klairs-duong-am-sau-klairs-rich-moist-soothing-serum-80ml\/#primaryimage"},"image":{"@id":"https:\/\/myphamphake.azdigi.shop\/index.php\/product\/serum-klairs-duong-am-sau-klairs-rich-moist-soothing-serum-80ml\/#primaryimage"},"thumbnailUrl":"https:\/\/myphamphake.azdigi.shop\/wp-content\/uploads\/2026\/04\/klaserum.jpg","datePublished":"2026-04-09T10:05:43+00:00","dateModified":"2026-04-09T10:08:59+00:00","breadcrumb":{"@id":"https:\/\/myphamphake.azdigi.shop\/index.php\/product\/serum-klairs-duong-am-sau-klairs-rich-moist-soothing-serum-80ml\/#breadcrumb"},"inLanguage":"vi","potentialAction":[{"@type":"ReadAction","target":["https:\/\/myphamphake.azdigi.shop\/index.php\/product\/serum-klairs-duong-am-sau-klairs-rich-moist-soothing-serum-80ml\/"]}]},{"@type":"ImageObject","inLanguage":"vi","@id":"https:\/\/myphamphake.azdigi.shop\/index.php\/product\/serum-klairs-duong-am-sau-klairs-rich-moist-soothing-serum-80ml\/#primaryimage","url":"https:\/\/myphamphake.azdigi.shop\/wp-content\/uploads\/2026\/04\/klaserum.jpg","contentUrl":"https:\/\/myphamphake.azdigi.shop\/wp-content\/uploads\/2026\/04\/klaserum.jpg","width":800,"height":800},{"@type":"BreadcrumbList","@id":"https:\/\/myphamphake.azdigi.shop\/index.php\/product\/serum-klairs-duong-am-sau-klairs-rich-moist-soothing-serum-80ml\/#breadcrumb","itemListElement":[{"@type":"ListItem","position":1,"name":"Home","item":"https:\/\/myphamphake.azdigi.shop\/"},{"@type":"ListItem","position":2,"name":"Shop","item":"https:\/\/myphamphake.azdigi.shop\/index.php\/shop\/"},{"@type":"ListItem","position":3,"name":"Serum Klairs D\u01b0\u1ee1ng \u1ea8m S\u00e2u Klairs Rich Moist Soothing Serum 80ml"}]},{"@type":"WebSite","@id":"https:\/\/myphamphake.azdigi.shop\/#website","url":"https:\/\/myphamphake.azdigi.shop\/","name":"myphamphake","description":"","potentialAction":[{"@type":"SearchAction","target":{"@type":"EntryPoint","urlTemplate":"https:\/\/myphamphake.azdigi.shop\/?s={search_term_string}"},"query-input":{"@type":"PropertyValueSpecification","valueRequired":true,"valueName":"search_term_string"}}],"inLanguage":"vi"}]}},"_links":{"self":[{"href":"https:\/\/myphamphake.azdigi.shop\/index.php\/wp-json\/wp\/v2\/product\/543","targetHints":{"allow":["GET"]}}],"collection":[{"href":"https:\/\/myphamphake.azdigi.shop\/index.php\/wp-json\/wp\/v2\/product"}],"about":[{"href":"https:\/\/myphamphake.azdigi.shop\/index.php\/wp-json\/wp\/v2\/types\/product"}],"replies":[{"embeddable":true,"href":"https:\/\/myphamphake.azdigi.shop\/index.php\/wp-json\/wp\/v2\/comments?post=543"}],"wp:featuredmedia":[{"embeddable":true,"href":"https:\/\/myphamphake.azdigi.shop\/index.php\/wp-json\/wp\/v2\/media\/546"}],"wp:attachment":[{"href":"https:\/\/myphamphake.azdigi.shop\/index.php\/wp-json\/wp\/v2\/media?parent=543"}],"wp:term":[{"taxonomy":"product_brand","embeddable":true,"href":"https:\/\/myphamphake.azdigi.shop\/index.php\/wp-json\/wp\/v2\/product_brand?post=543"},{"taxonomy":"product_cat","embeddable":true,"href":"https:\/\/myphamphake.azdigi.shop\/index.php\/wp-json\/wp\/v2\/product_cat?post=543"},{"taxonomy":"product_tag","embeddable":true,"href":"https:\/\/myphamphake.azdigi.shop\/index.php\/wp-json\/wp\/v2\/product_tag?post=543"}],"curies":[{"name":"wp","href":"https:\/\/api.w.org\/{rel}","templated":true}]}}