{"id":584,"date":"2026-04-11T06:28:28","date_gmt":"2026-04-11T06:28:28","guid":{"rendered":"https:\/\/myphamphake.azdigi.shop\/?post_type=product&#038;p=584"},"modified":"2026-04-11T10:50:08","modified_gmt":"2026-04-11T10:50:08","slug":"dau-duong-toc-loreal-elseve-extraordinary-oil-serum-100ml","status":"publish","type":"product","link":"https:\/\/myphamphake.azdigi.shop\/index.php\/product\/dau-duong-toc-loreal-elseve-extraordinary-oil-serum-100ml\/","title":{"rendered":"D\u1ea7u D\u01b0\u1ee1ng T\u00f3c L&#8217;Oreal Elseve Extraordinary Oil Serum 100ml"},"content":{"rendered":"<div class=\"product-section-title\">\n<h2>Chi ti\u1ebft s\u1ea3n ph\u1ea9m<\/h2>\n<\/div>\n<div class=\"page-product-description-detail-wrap expanded\">\n<div class=\"page-product-description-detail\">\n<ul>\n<li><strong>T\u00ean s\u1ea3n ph\u1ea9m:\u00a0<\/strong>L&#8217;Oreal Elseve Extraordinary Oil Serum<\/li>\n<li><strong>C\u00f4ng d\u1ee5ng:\u00a0<\/strong>D\u01b0\u1ee1ng t\u00f3c<\/li>\n<li><strong>Dung t\u00edch:\u00a0<\/strong>100ml<\/li>\n<li><strong>Th\u01b0\u01a1ng hi\u1ec7u:\u00a0<\/strong>L&#8217;Oreal (Ph\u00e1p)<\/li>\n<\/ul>\n<p>*<strong>L\u2019Or\u00e9al<\/strong>\u00a0Paris l\u00e0 nh\u00e3n hi\u1ec7u m\u1ef9 ph\u1ea9m t\u1ea1i Ch\u00e2u \u00c2u \u0111\u01b0\u1ee3c s\u1ea3n xu\u1ea5t t\u1ea1i nhi\u1ec1u nh\u00e0 m\u00e1y tr\u00ean to\u00e0n th\u1ebf gi\u1edbi nh\u01b0 Trung Qu\u1ed1c, M\u1ef9, Indonesia\u2026 D\u00f9 \u0111\u01b0\u1ee3c s\u1ea3n xu\u1ea5t \u1edf \u0111\u00e2u, c\u00e1c s\u1ea3n ph\u1ea9m \u0111\u1ec1u tu\u00e2n theo quy tr\u00ecnh ki\u1ec3m so\u00e1t ch\u1ea5t l\u01b0\u1ee3ng nghi\u00eam ng\u1eb7t v\u00e0 \u0111\u1ed3ng \u0111\u1ec1u c\u1ee7a L\u2019Or\u00e9al To\u00e0n C\u1ea7u. C\u00e1c s\u1ea3n ph\u1ea9m ch\u00ednh h\u00e3ng \u0111\u1ec1u c\u00f3 tem nh\u00e3n ti\u1ebfng Vi\u1ec7t ph\u00eda sau v\u00e0 nh\u1eadp kh\u1ea9u tr\u1ef1c ti\u1ebfp t\u1eeb c\u00f4ng ty TNHH L\u2019Oreal Vi\u1ec7t Nam n\u00ean c\u00e1c b\u1ea1n ho\u00e0n to\u00e0n y\u00ean t\u00e2m v\u1ec1 ch\u1ea5t l\u01b0\u1ee3ng s\u1ea3n ph\u1ea9m.<\/p>\n<ul>\n<li><strong>H\u1ea1n s\u1eed d\u1ee5ng:<\/strong>\u00a03 n\u0103m k\u1ec3 t\u1eeb ng\u00e0y s\u1ea3n xu\u1ea5t xem tr\u00ean bao b\u00ec s\u1ea3n ph\u1ea9m.<\/li>\n<\/ul>\n<h2><strong>1. Th\u00f4ng tin s\u1ea3n ph\u1ea9m<\/strong><\/h2>\n<p>D\u1ea7u D\u01b0\u1ee1ng T\u00f3c\u00a0<strong>L&#8217;Oreal Elseve Extraordinary Oil Serum<\/strong>\u00a0l\u00e0\u00a0<strong>d\u1ea7u d\u01b0\u1ee1ng t\u00f3c<\/strong>\u00a0thu\u1ed9c th\u01b0\u01a1ng hi\u1ec7u\u00a0<strong>L&#8217;Oreal<\/strong>\u00a0 \u0111\u1ebfn t\u1eeb Ph\u00e1p ch\u1ee9a chi\u1ebft xu\u1ea5t t\u1eeb tinh d\u1ea7u thi\u00ean nhi\u00ean gi\u00fap nu\u00f4i d\u01b0\u1ee1ng m\u00e1i t\u00f3c m\u1ec1m m\u1ea1i, su\u00f4n m\u01b0\u1ee3t. Th\u00e0nh ph\u1ea7n d\u01b0\u1ee1ng \u1ea9m t\u1ed1t cho t\u00f3c kh\u00f4, xo\u0103n v\u00e0 h\u01b0 t\u1ed5n. Nu\u00f4i d\u01b0\u1ee1ng t\u00f3c ch\u1eafc kh\u1ecfe, b\u1ed3ng b\u1ec1nh, gi\u1ea3m thi\u1ebfu t\u00ecnh tr\u1ea1ng r\u1ee5ng t\u00f3c. S\u1ea3n ph\u1ea9m c\u00f3 h\u01b0\u01a1ng th\u01a1m d\u1ecbu nh\u1eb9 t\u1ea1o c\u1ea3m gi\u00e1c th\u01b0 gi\u00e3n, th\u00e0nh ph\u1ea7n an to\u00e0n, kh\u00f4ng g\u00e2y k\u00edch \u1ee9ng da \u0111\u1ea7u.<\/p>\n<p><img decoding=\"async\" src=\"https:\/\/file.hstatic.net\/1000006063\/file\/2_d303c6b46882429a90df7312cb449876.jpg\" alt=\"D\u1ea7u D\u01b0\u1ee1ng T\u00f3c LOreal Elseve Extraordinary Oil Serum 100ml\" \/><\/p>\n<h2><strong>2. C\u00e1c phi\u00ean b\u1ea3n<\/strong><\/h2>\n<p><strong>D\u1ea7u D\u01b0\u1ee1ng T\u00f3c L&#8217;Oreal Elseve Extraordinary Oil Serum\u00a0<\/strong>hi\u1ec7n nay \u0111\u00e3 c\u00f3 m\u1eb7t t\u1ea1i <a href=\"https:\/\/myphamphake.azdigi.shop\/\"><b>MyPhamPhake<\/b><\/a><\/p>\n<ul>\n<li>D\u1ea7u D\u01b0\u1ee1ng T\u00f3c L&#8217;Oreal Tinh D\u1ea7u Hoa T\u1ef1 Nhi\u00ean 100ml\u00a0&#8211;\u00a0Elseve Extraordinary Oil Serum With 6 Precious Floral Oil<\/li>\n<li>D\u1ea7u D\u01b0\u1ee1ng T\u00f3c L\u2019Or\u00e9al Chi\u1ebft Xu\u1ea5t Hoa H\u1ed3ng 100ml &#8211;\u00a0Elseve Extraordinary Oil Serum With French Rose Oil<\/li>\n<\/ul>\n<h2><strong>3. \u0110\u1eb7c tr\u01b0ng c\u1ee7a t\u1eebng phi\u00ean b\u1ea3n<\/strong><\/h2>\n<h3><strong>3.1 D\u1ea7u D\u01b0\u1ee1ng T\u00f3c L&#8217;Oreal Tinh D\u1ea7u Hoa T\u1ef1 Nhi\u00ean 100ml &#8211; Elseve Extraordinary Oil Serum With 6 Precious Floral Oil<\/strong><\/h3>\n<ul>\n<li><strong>Ch\u1ee9a tinh d\u1ea7u h\u1ea1t b\u00f4ng:<\/strong>\u00a0H\u00e0m l\u01b0\u1ee3ng l\u1edbn tinh d\u1ea7u h\u1ea1t b\u00f4ng c\u00f9ng nhi\u1ec1u d\u01b0\u1ee1ng ch\u1ea5t gi\u00fap nu\u00f4i d\u01b0\u1ee1ng m\u00e1i t\u00f3c t\u1eeb s\u00e2u b\u00ean trong, cho t\u00f3c su\u00f4n m\u01b0\u1ee3t, m\u1ec1m m\u1ea1i, ch\u1eafc kh\u1ecfe.<\/li>\n<li><strong>Ch\u1ee9a chi\u1ebft xu\u1ea5t t\u1eeb 6 lo\u1ea1i hoa:<\/strong>\u00a0Gi\u00fap nu\u00f4i d\u01b0\u1ee1ng m\u00e1i t\u00f3c m\u1ec1m m\u1ea1i, su\u00f4n m\u01b0\u1ee3t.<\/li>\n<li><strong>L\u00e0nh t\u00ednh:<\/strong>\u00a0Th\u00e0nh ph\u1ea7n an to\u00e0n, kh\u00f4ng g\u00e2y k\u00edch \u1ee9ng da \u0111\u1ea7u. D\u1ea7u d\u01b0\u1ee1ng ph\u00f9 h\u1ee3p cho cho m\u1ecdi lo\u1ea1i t\u00f3c, \u0111\u1eb7c bi\u1ec7t hi\u1ec7u qu\u1ea3 v\u1edbi m\u00e1i t\u00f3c kh\u00f4, x\u01a1 r\u1ed1i v\u00e0 h\u01b0 t\u1ed5n.<\/li>\n<li><strong>M\u00f9i h\u01b0\u01a1ng:<\/strong>\u00a0S\u1ea3n ph\u1ea9m c\u00f3 h\u01b0\u01a1ng th\u01a1m d\u1ecbu nh\u1eb9 c\u1ee7a c\u00e1c lo\u00e0i hoa thi\u00ean nhi\u00ean s\u1ebd t\u1ea1o cho b\u1ea1n c\u1ea3m gi\u00e1c th\u01b0 gi\u00e3n.<\/li>\n<li><strong>\u0110\u1ed1i t\u01b0\u1ee3ng khuy\u00ean d\u00f9ng:<\/strong>\n<ul>\n<li>D\u00e0nh cho t\u00f3c<\/li>\n<li>D\u00e0nh cho nh\u1eefng m\u00e1i t\u00f3c b\u1ecb h\u01b0 t\u1ed5n trong t\u00ecnh tr\u1ea1ng kh\u00f4 x\u01a1, g\u00e3y, r\u1ee5ng v\u00e0 ch\u1ebb ng\u1ecdn<\/li>\n<li>D\u00e0nh cho nh\u1eefng m\u00e1i t\u00f3c y\u1ebfu \u1edbt, kh\u00f4 r\u00e1p kh\u00f4ng c\u00f3 s\u1ef1 \u0111\u00e0n h\u1ed3i.<\/li>\n<\/ul>\n<\/li>\n<\/ul>\n<p><img decoding=\"async\" src=\"https:\/\/file.hstatic.net\/1000006063\/file\/l_c9d3ae5ac9004666a963f16734d181d7.jpg\" alt=\"D\u1ea7u D\u01b0\u1ee1ng T\u00f3c LOreal Elseve Extraordinary Oil Serum 100ml\" \/><\/p>\n<p><img decoding=\"async\" src=\"https:\/\/file.hstatic.net\/1000006063\/file\/vn-11134207-7qukw-ley5ppsqb3iia0_b570b88552db41f3aeff0cfbbe609a2f.jpg\" alt=\"D\u1ea7u D\u01b0\u1ee1ng T\u00f3c LOreal Elseve Extraordinary Oil Serum 100ml\" \/><\/p>\n<p><img decoding=\"async\" src=\"https:\/\/file.hstatic.net\/1000006063\/file\/download__23__df578749241d465aa7e8d9b2bf23c7f6.jpeg\" alt=\"D\u1ea7u D\u01b0\u1ee1ng T\u00f3c LOreal Elseve Extraordinary Oil Serum 100ml\" \/><\/p>\n<h3><strong>3.2 D\u1ea7u D\u01b0\u1ee1ng T\u00f3c L\u2019Or\u00e9al Chi\u1ebft Xu\u1ea5t Hoa H\u1ed3ng 100ml &#8211; Elseve Extraordinary Oil Serum With French Rose Oil<\/strong><\/h3>\n<ul>\n<li><strong>Chi\u1ebft xu\u1ea5t hoa h\u1ed3ng:<\/strong>\u00a0D\u1ea7u d\u01b0\u1ee1ng t\u00f3c v\u1edbi chi\u1ebft xu\u1ea5t t\u1eeb hoa h\u1ed3ng Ph\u00e1p c\u00f9ng c\u00f4ng th\u1ee9c m\u1edbi gi\u00fap cung c\u1ea5p d\u01b0\u1ee1ng ch\u1ea5t s\u00e2u, l\u00e0m t\u00f3c b\u00f3ng m\u01b0\u1ee3t, c\u1ea3i thi\u1ec7n t\u00ecnh tr\u1ea1ng kh\u00f4, x\u01a1 r\u1ed1i.<\/li>\n<li><strong>\u0110\u1ed9 b\u00f3ng m\u01b0\u1ee3t:<\/strong>\u00a0Gi\u00fap t\u0103ng \u0111\u1ed9 b\u00f3ng m\u01b0\u1ee3t 200% v\u00e0 gi\u1ea3m x\u01a1 r\u1ed1i 59%<\/li>\n<li><strong>\u0110\u1ed9 l\u01b0u h\u01b0\u01a1ng:<\/strong>\u00a0L\u01b0u h\u01b0\u01a1ng su\u1ed1t 24h mang l\u1ea1i c\u1ea3m gi\u00e1c<\/li>\n<li><strong>C\u00f4ng th\u1ee9c:\u00a0<\/strong>D\u1ea7u l\u1ecfng nh\u1eb9, th\u1ea9m th\u1ea5u ngay t\u1ee9c th\u00ec sau khi thoa, mang l\u1ea1i c\u1ea3m gi\u00e1c m\u1ec1m m\u01b0\u1ee3t nh\u01b0ng kh\u00f4ng h\u1ec1 b\u1ebft d\u00ednh.<\/li>\n<li><strong>\u0110\u1ed1i t\u01b0\u1ee3ng khuy\u00ean d\u00f9ng:<\/strong>\n<ul>\n<li>D\u00e0nh cho t\u00f3c<\/li>\n<li>D\u00e0nh cho t\u00f3c kh\u00f4, x\u01a1 r\u1ed1i, x\u1ec9n m\u00e0u.<\/li>\n<\/ul>\n<\/li>\n<\/ul>\n<p><img decoding=\"async\" src=\"https:\/\/file.hstatic.net\/1000006063\/file\/vn-11134207-7qukw-ley5ppspltaiae_ef4268e5d1eb4f0aa2c945221e6ee013.jpg\" alt=\"D\u1ea7u D\u01b0\u1ee1ng T\u00f3c LOreal Elseve Extraordinary Oil Serum 100ml\" \/><\/p>\n<p><img decoding=\"async\" src=\"https:\/\/file.hstatic.net\/1000006063\/file\/download__24__73fee6694fac40f3804469c692c6c56c.jpeg\" alt=\"D\u1ea7u D\u01b0\u1ee1ng T\u00f3c LOreal Elseve Extraordinary Oil Serum 100ml\" \/><\/p>\n<p><img decoding=\"async\" src=\"https:\/\/file.hstatic.net\/1000006063\/file\/vn-11134207-7qukw-ley5ppspomfe16_146fca1349284e74bdb14435385d9802.jpg\" alt=\"D\u1ea7u D\u01b0\u1ee1ng T\u00f3c LOreal Elseve Extraordinary Oil Serum 100ml\" \/><\/p>\n<p>&nbsp;<\/p>\n<h2><strong>4. C\u00e1ch b\u1ea3o qu\u1ea3n<\/strong><\/h2>\n<ul>\n<li>Tr\u00e1nh \u00e1nh n\u1eafng tr\u1ef1c ti\u1ebfp.<\/li>\n<li>\u0110\u1ec3 n\u01a1i kh\u00f4 r\u00e1o, tho\u00e1ng m\u00e1t.<\/li>\n<li>\u0110\u1eady n\u1eafp k\u00edn sau khi s\u1eed d\u1ee5ng.<\/li>\n<\/ul>\n<h2><strong>5. H\u01b0\u1edbng d\u1eabn s\u1eed d\u1ee5ng<\/strong><\/h2>\n<ul>\n<li>Sau khi g\u1ed9i, x\u1ea3, th\u1ea5m kh\u00f4 t\u00f3c b\u1eb1ng kh\u0103n r\u1ed3i l\u1ea5y m\u1ed9t l\u01b0\u1ee3ng tinh d\u1ea7u v\u1eeba \u0111\u1ee7 ra l\u00f2ng b\u00e0n tay.<\/li>\n<li>Xoa \u0111\u1ec1u l\u00f2ng b\u00e0n tay v\u00e0 vu\u1ed1t nh\u1eb9 l\u00ean t\u00f3c.<\/li>\n<li>D\u00f9ng l\u01b0\u1ee3c ch\u1ea3i t\u1eeb \u0111\u1ec9nh \u0111\u1ea7u xu\u1ed1ng ng\u1ecdn \u0111\u1ec3 d\u01b0\u1ee1ng ch\u1ea5t th\u1ea5m s\u00e2u h\u01a1n.<\/li>\n<li>\u0110\u1ec3 kh\u00f4 t\u1ef1 nhi\u00ean ho\u1eb7c d\u00f9ng m\u00e1y s\u1ea5y.<\/li>\n<li>Ngo\u00e0i ra, khi t\u00f3c kh\u00f4, th\u00eam 1 -2 gi\u1ecdt t\u00f9y v\u00e0o \u0111\u1ed9 d\u00e0y \u0111\u1ec3 t\u1ea1o \u0111\u1ed9 b\u00f3ng, d\u01b0\u1ee1ng \u1ea9m ph\u1ea7n \u0111u\u00f4i t\u00f3c v\u00e0 t\u1ea1o ki\u1ec3u t\u00f3c theo \u00fd mu\u1ed1n.<\/li>\n<\/ul>\n<p><em><strong>*TIP:<\/strong><\/em>\u00a0B\u1ea1n c\u0169ng c\u00f3 th\u1ec3 s\u1eed d\u1ee5ng theo 7 c\u00e1ch sau:<\/p>\n<ul>\n<li>Tr\u01b0\u1edbc khi g\u1ed9i \u0111\u1ea7u<\/li>\n<li>Khi t\u00f3c \u1ea9m \u0111\u1ec3 gi\u1eef n\u1ebfp<\/li>\n<li>Tr\u01b0\u1edbc khi s\u1ea5y t\u00f3c<\/li>\n<li>S\u1eed d\u1ee5ng cho ng\u1ecdn t\u00f3c \u0111\u1ec3 tr\u00e1nh ch\u1ebb ng\u1ecdn<\/li>\n<li>S\u1eed d\u1ee5ng cho t\u00f3c kh\u00f4, h\u01b0 t\u1ed5n<\/li>\n<li>Tr\u1ed9n v\u1edbi kem nhu\u1ed9m t\u00f3c<\/li>\n<li>Tr\u1ed9n v\u1edbi d\u1ea7u g\u1ed9i, d\u1ea7u x\u1ea3, kem \u1ee7.<\/li>\n<\/ul>\n<p><img decoding=\"async\" src=\"https:\/\/file.hstatic.net\/1000006063\/file\/vn-11134207-7qukw-ley5ppu3e63bb3_efb521ff6b854a3797ae4a2e192f50e1.jpg\" alt=\"D\u1ea7u D\u01b0\u1ee1ng T\u00f3c LOreal Elseve Extraordinary Oil Serum 100ml\" \/><\/p>\n<p><img decoding=\"async\" src=\"https:\/\/file.hstatic.net\/1000006063\/file\/vn-11134208-7qukw-ley5q9uoditm02_74cd21220f634090992b4abbaf47d042.jpg\" alt=\"D\u1ea7u D\u01b0\u1ee1ng T\u00f3c LOreal Elseve Extraordinary Oil Serum 100ml\" \/><\/p>\n<p><img decoding=\"async\" src=\"https:\/\/file.hstatic.net\/1000006063\/file\/4_e2ddefad74e54eec980315c76747c764.jpg\" alt=\"D\u1ea7u D\u01b0\u1ee1ng T\u00f3c LOreal Elseve Extraordinary Oil Serum 100ml\" \/><\/p>\n<p><img decoding=\"async\" src=\"https:\/\/file.hstatic.net\/1000006063\/file\/7_0c048c1a33fb484bb4cb5a6f18ef9ab7.jpg\" alt=\"D\u1ea7u D\u01b0\u1ee1ng T\u00f3c LOreal Elseve Extraordinary Oil Serum 100ml\" \/><\/p>\n<p><img decoding=\"async\" src=\"https:\/\/file.hstatic.net\/1000006063\/file\/8_5bc51f1ba47340f48cc0febe6c94c8d8.jpg\" alt=\"D\u1ea7u D\u01b0\u1ee1ng T\u00f3c LOreal Elseve Extraordinary Oil Serum 100ml\" \/><\/p>\n<p><img decoding=\"async\" src=\"https:\/\/file.hstatic.net\/1000006063\/file\/11_8cafe02c41c448b0b5e152f75120929a.jpg\" alt=\"D\u1ea7u D\u01b0\u1ee1ng T\u00f3c LOreal Elseve Extraordinary Oil Serum 100ml\" \/><\/p>\n<h2><strong>6. L\u01b0u \u00fd khi s\u1eed d\u1ee5ng<\/strong><\/h2>\n<ul>\n<li>T\u00e1c d\u1ee5ng c\u1ee7a s\u1ea3n ph\u1ea9m s\u1ebd kh\u00e1c nhau t\u00f9y v\u00e0o da \u0111\u1ea7u c\u1ee7a m\u1ed7i ng\u01b0\u1eddi. V\u1edbi da \u0111\u1ea7u nh\u1ea1y c\u1ea3m b\u1ea1n n\u00ean th\u1eed s\u1ea3n ph\u1ea9m \u1edf m\u1ed9t v\u00f9ng nh\u1ecf tr\u01b0\u1edbc khi s\u1eed d\u1ee5ng.<\/li>\n<li>Bao b\u00ec s\u1ea3n ph\u1ea9m thay \u0111\u1ed5i theo t\u1eebng \u0111\u1ee3t nh\u1eadp h\u00e0ng<\/li>\n<\/ul>\n<p><img decoding=\"async\" src=\"https:\/\/file.hstatic.net\/1000006063\/file\/han_su_dung_5c3b241168304467befcbe8631bc9d25.jpg\" alt=\"D\u1ea7u D\u01b0\u1ee1ng T\u00f3c LOreal Elseve Extraordinary Oil Serum 100ml\" \/><\/p>\n<\/div>\n<\/div>\n","protected":false},"excerpt":{"rendered":"<p>Chi ti\u1ebft s\u1ea3n ph\u1ea9m T\u00ean s\u1ea3n ph\u1ea9m:\u00a0L&#8217;Oreal Elseve Extraordinary Oil Serum C\u00f4ng d\u1ee5ng:\u00a0D\u01b0\u1ee1ng t\u00f3c Dung t\u00edch:\u00a0100ml Th\u01b0\u01a1ng hi\u1ec7u:\u00a0L&#8217;Oreal (Ph\u00e1p) *L\u2019Or\u00e9al\u00a0Paris l\u00e0 nh\u00e3n hi\u1ec7u m\u1ef9 ph\u1ea9m t\u1ea1i Ch\u00e2u \u00c2u \u0111\u01b0\u1ee3c s\u1ea3n xu\u1ea5t t\u1ea1i nhi\u1ec1u nh\u00e0 m\u00e1y tr\u00ean to\u00e0n th\u1ebf gi\u1edbi nh\u01b0 Trung Qu\u1ed1c, M\u1ef9, Indonesia\u2026 D\u00f9 \u0111\u01b0\u1ee3c s\u1ea3n xu\u1ea5t \u1edf \u0111\u00e2u, c\u00e1c s\u1ea3n ph\u1ea9m \u0111\u1ec1u tu\u00e2n [&#8230;]\n","protected":false},"featured_media":587,"comment_status":"open","ping_status":"closed","template":"","meta":[],"product_brand":[60],"product_cat":[56,58],"product_tag":[],"class_list":{"0":"post-584","1":"product","2":"type-product","3":"status-publish","4":"has-post-thumbnail","6":"product_brand-loreal","7":"product_cat-cham-soc-toc-da-dau","8":"product_cat-duong-toc","10":"first","11":"instock","12":"sale","13":"shipping-taxable","14":"purchasable","15":"product-type-variable"},"yoast_head":"<!-- This site is optimized with the Yoast SEO plugin v27.1.1 - https:\/\/yoast.com\/product\/yoast-seo-wordpress\/ -->\n<title>D\u1ea7u D\u01b0\u1ee1ng T\u00f3c L&#039;Oreal Elseve Extraordinary Oil Serum 100ml - myphamphake<\/title>\n<meta name=\"robots\" content=\"index, follow, max-snippet:-1, max-image-preview:large, max-video-preview:-1\" \/>\n<link rel=\"canonical\" href=\"https:\/\/myphamphake.azdigi.shop\/index.php\/product\/dau-duong-toc-loreal-elseve-extraordinary-oil-serum-100ml\/\" \/>\n<meta property=\"og:locale\" content=\"vi_VN\" \/>\n<meta property=\"og:type\" content=\"article\" \/>\n<meta property=\"og:title\" content=\"D\u1ea7u D\u01b0\u1ee1ng T\u00f3c L&#039;Oreal Elseve Extraordinary Oil Serum 100ml - myphamphake\" \/>\n<meta property=\"og:description\" content=\"Chi ti\u1ebft s\u1ea3n ph\u1ea9m T\u00ean s\u1ea3n ph\u1ea9m:\u00a0L&#8217;Oreal Elseve Extraordinary Oil Serum C\u00f4ng d\u1ee5ng:\u00a0D\u01b0\u1ee1ng t\u00f3c Dung t\u00edch:\u00a0100ml Th\u01b0\u01a1ng hi\u1ec7u:\u00a0L&#8217;Oreal (Ph\u00e1p) *L\u2019Or\u00e9al\u00a0Paris l\u00e0 nh\u00e3n hi\u1ec7u m\u1ef9 ph\u1ea9m t\u1ea1i Ch\u00e2u \u00c2u \u0111\u01b0\u1ee3c s\u1ea3n xu\u1ea5t t\u1ea1i nhi\u1ec1u nh\u00e0 m\u00e1y tr\u00ean to\u00e0n th\u1ebf gi\u1edbi nh\u01b0 Trung Qu\u1ed1c, M\u1ef9, Indonesia\u2026 D\u00f9 \u0111\u01b0\u1ee3c s\u1ea3n xu\u1ea5t \u1edf \u0111\u00e2u, c\u00e1c s\u1ea3n ph\u1ea9m \u0111\u1ec1u tu\u00e2n [...]\" \/>\n<meta property=\"og:url\" content=\"https:\/\/myphamphake.azdigi.shop\/index.php\/product\/dau-duong-toc-loreal-elseve-extraordinary-oil-serum-100ml\/\" \/>\n<meta property=\"og:site_name\" content=\"myphamphake\" \/>\n<meta property=\"article:modified_time\" content=\"2026-04-11T10:50:08+00:00\" \/>\n<meta property=\"og:image\" content=\"https:\/\/myphamphake.azdigi.shop\/wp-content\/uploads\/2026\/04\/l_oreal_elseve_extraordinary_oil_serum_100ml_007ce77196394a61be72d344439c24d9_1024x1024.jpg\" \/>\n\t<meta property=\"og:image:width\" content=\"600\" \/>\n\t<meta property=\"og:image:height\" content=\"600\" \/>\n\t<meta property=\"og:image:type\" content=\"image\/jpeg\" \/>\n<meta name=\"twitter:card\" content=\"summary_large_image\" \/>\n<meta name=\"twitter:label1\" content=\"\u01af\u1edbc t\u00ednh th\u1eddi gian \u0111\u1ecdc\" \/>\n\t<meta name=\"twitter:data1\" content=\"8 ph\u00fat\" \/>\n<script type=\"application\/ld+json\" class=\"yoast-schema-graph\">{\"@context\":\"https:\/\/schema.org\",\"@graph\":[{\"@type\":\"WebPage\",\"@id\":\"https:\/\/myphamphake.azdigi.shop\/index.php\/product\/dau-duong-toc-loreal-elseve-extraordinary-oil-serum-100ml\/\",\"url\":\"https:\/\/myphamphake.azdigi.shop\/index.php\/product\/dau-duong-toc-loreal-elseve-extraordinary-oil-serum-100ml\/\",\"name\":\"D\u1ea7u D\u01b0\u1ee1ng T\u00f3c L'Oreal Elseve Extraordinary Oil Serum 100ml - myphamphake\",\"isPartOf\":{\"@id\":\"https:\/\/myphamphake.azdigi.shop\/#website\"},\"primaryImageOfPage\":{\"@id\":\"https:\/\/myphamphake.azdigi.shop\/index.php\/product\/dau-duong-toc-loreal-elseve-extraordinary-oil-serum-100ml\/#primaryimage\"},\"image\":{\"@id\":\"https:\/\/myphamphake.azdigi.shop\/index.php\/product\/dau-duong-toc-loreal-elseve-extraordinary-oil-serum-100ml\/#primaryimage\"},\"thumbnailUrl\":\"https:\/\/myphamphake.azdigi.shop\/wp-content\/uploads\/2026\/04\/l_oreal_elseve_extraordinary_oil_serum_100ml_007ce77196394a61be72d344439c24d9_1024x1024.jpg\",\"datePublished\":\"2026-04-11T06:28:28+00:00\",\"dateModified\":\"2026-04-11T10:50:08+00:00\",\"breadcrumb\":{\"@id\":\"https:\/\/myphamphake.azdigi.shop\/index.php\/product\/dau-duong-toc-loreal-elseve-extraordinary-oil-serum-100ml\/#breadcrumb\"},\"inLanguage\":\"vi\",\"potentialAction\":[{\"@type\":\"ReadAction\",\"target\":[\"https:\/\/myphamphake.azdigi.shop\/index.php\/product\/dau-duong-toc-loreal-elseve-extraordinary-oil-serum-100ml\/\"]}]},{\"@type\":\"ImageObject\",\"inLanguage\":\"vi\",\"@id\":\"https:\/\/myphamphake.azdigi.shop\/index.php\/product\/dau-duong-toc-loreal-elseve-extraordinary-oil-serum-100ml\/#primaryimage\",\"url\":\"https:\/\/myphamphake.azdigi.shop\/wp-content\/uploads\/2026\/04\/l_oreal_elseve_extraordinary_oil_serum_100ml_007ce77196394a61be72d344439c24d9_1024x1024.jpg\",\"contentUrl\":\"https:\/\/myphamphake.azdigi.shop\/wp-content\/uploads\/2026\/04\/l_oreal_elseve_extraordinary_oil_serum_100ml_007ce77196394a61be72d344439c24d9_1024x1024.jpg\",\"width\":600,\"height\":600},{\"@type\":\"BreadcrumbList\",\"@id\":\"https:\/\/myphamphake.azdigi.shop\/index.php\/product\/dau-duong-toc-loreal-elseve-extraordinary-oil-serum-100ml\/#breadcrumb\",\"itemListElement\":[{\"@type\":\"ListItem\",\"position\":1,\"name\":\"Home\",\"item\":\"https:\/\/myphamphake.azdigi.shop\/\"},{\"@type\":\"ListItem\",\"position\":2,\"name\":\"Shop\",\"item\":\"https:\/\/myphamphake.azdigi.shop\/index.php\/shop\/\"},{\"@type\":\"ListItem\",\"position\":3,\"name\":\"D\u1ea7u D\u01b0\u1ee1ng T\u00f3c L&#8217;Oreal Elseve Extraordinary Oil Serum 100ml\"}]},{\"@type\":\"WebSite\",\"@id\":\"https:\/\/myphamphake.azdigi.shop\/#website\",\"url\":\"https:\/\/myphamphake.azdigi.shop\/\",\"name\":\"myphamphake\",\"description\":\"\",\"potentialAction\":[{\"@type\":\"SearchAction\",\"target\":{\"@type\":\"EntryPoint\",\"urlTemplate\":\"https:\/\/myphamphake.azdigi.shop\/?s={search_term_string}\"},\"query-input\":{\"@type\":\"PropertyValueSpecification\",\"valueRequired\":true,\"valueName\":\"search_term_string\"}}],\"inLanguage\":\"vi\"}]}<\/script>\n<!-- \/ Yoast SEO plugin. -->","yoast_head_json":{"title":"D\u1ea7u D\u01b0\u1ee1ng T\u00f3c L'Oreal Elseve Extraordinary Oil Serum 100ml - myphamphake","robots":{"index":"index","follow":"follow","max-snippet":"max-snippet:-1","max-image-preview":"max-image-preview:large","max-video-preview":"max-video-preview:-1"},"canonical":"https:\/\/myphamphake.azdigi.shop\/index.php\/product\/dau-duong-toc-loreal-elseve-extraordinary-oil-serum-100ml\/","og_locale":"vi_VN","og_type":"article","og_title":"D\u1ea7u D\u01b0\u1ee1ng T\u00f3c L'Oreal Elseve Extraordinary Oil Serum 100ml - myphamphake","og_description":"Chi ti\u1ebft s\u1ea3n ph\u1ea9m T\u00ean s\u1ea3n ph\u1ea9m:\u00a0L&#8217;Oreal Elseve Extraordinary Oil Serum C\u00f4ng d\u1ee5ng:\u00a0D\u01b0\u1ee1ng t\u00f3c Dung t\u00edch:\u00a0100ml Th\u01b0\u01a1ng hi\u1ec7u:\u00a0L&#8217;Oreal (Ph\u00e1p) *L\u2019Or\u00e9al\u00a0Paris l\u00e0 nh\u00e3n hi\u1ec7u m\u1ef9 ph\u1ea9m t\u1ea1i Ch\u00e2u \u00c2u \u0111\u01b0\u1ee3c s\u1ea3n xu\u1ea5t t\u1ea1i nhi\u1ec1u nh\u00e0 m\u00e1y tr\u00ean to\u00e0n th\u1ebf gi\u1edbi nh\u01b0 Trung Qu\u1ed1c, M\u1ef9, Indonesia\u2026 D\u00f9 \u0111\u01b0\u1ee3c s\u1ea3n xu\u1ea5t \u1edf \u0111\u00e2u, c\u00e1c s\u1ea3n ph\u1ea9m \u0111\u1ec1u tu\u00e2n [...]","og_url":"https:\/\/myphamphake.azdigi.shop\/index.php\/product\/dau-duong-toc-loreal-elseve-extraordinary-oil-serum-100ml\/","og_site_name":"myphamphake","article_modified_time":"2026-04-11T10:50:08+00:00","og_image":[{"width":600,"height":600,"url":"https:\/\/myphamphake.azdigi.shop\/wp-content\/uploads\/2026\/04\/l_oreal_elseve_extraordinary_oil_serum_100ml_007ce77196394a61be72d344439c24d9_1024x1024.jpg","type":"image\/jpeg"}],"twitter_card":"summary_large_image","twitter_misc":{"\u01af\u1edbc t\u00ednh th\u1eddi gian \u0111\u1ecdc":"8 ph\u00fat"},"schema":{"@context":"https:\/\/schema.org","@graph":[{"@type":"WebPage","@id":"https:\/\/myphamphake.azdigi.shop\/index.php\/product\/dau-duong-toc-loreal-elseve-extraordinary-oil-serum-100ml\/","url":"https:\/\/myphamphake.azdigi.shop\/index.php\/product\/dau-duong-toc-loreal-elseve-extraordinary-oil-serum-100ml\/","name":"D\u1ea7u D\u01b0\u1ee1ng T\u00f3c L'Oreal Elseve Extraordinary Oil Serum 100ml - myphamphake","isPartOf":{"@id":"https:\/\/myphamphake.azdigi.shop\/#website"},"primaryImageOfPage":{"@id":"https:\/\/myphamphake.azdigi.shop\/index.php\/product\/dau-duong-toc-loreal-elseve-extraordinary-oil-serum-100ml\/#primaryimage"},"image":{"@id":"https:\/\/myphamphake.azdigi.shop\/index.php\/product\/dau-duong-toc-loreal-elseve-extraordinary-oil-serum-100ml\/#primaryimage"},"thumbnailUrl":"https:\/\/myphamphake.azdigi.shop\/wp-content\/uploads\/2026\/04\/l_oreal_elseve_extraordinary_oil_serum_100ml_007ce77196394a61be72d344439c24d9_1024x1024.jpg","datePublished":"2026-04-11T06:28:28+00:00","dateModified":"2026-04-11T10:50:08+00:00","breadcrumb":{"@id":"https:\/\/myphamphake.azdigi.shop\/index.php\/product\/dau-duong-toc-loreal-elseve-extraordinary-oil-serum-100ml\/#breadcrumb"},"inLanguage":"vi","potentialAction":[{"@type":"ReadAction","target":["https:\/\/myphamphake.azdigi.shop\/index.php\/product\/dau-duong-toc-loreal-elseve-extraordinary-oil-serum-100ml\/"]}]},{"@type":"ImageObject","inLanguage":"vi","@id":"https:\/\/myphamphake.azdigi.shop\/index.php\/product\/dau-duong-toc-loreal-elseve-extraordinary-oil-serum-100ml\/#primaryimage","url":"https:\/\/myphamphake.azdigi.shop\/wp-content\/uploads\/2026\/04\/l_oreal_elseve_extraordinary_oil_serum_100ml_007ce77196394a61be72d344439c24d9_1024x1024.jpg","contentUrl":"https:\/\/myphamphake.azdigi.shop\/wp-content\/uploads\/2026\/04\/l_oreal_elseve_extraordinary_oil_serum_100ml_007ce77196394a61be72d344439c24d9_1024x1024.jpg","width":600,"height":600},{"@type":"BreadcrumbList","@id":"https:\/\/myphamphake.azdigi.shop\/index.php\/product\/dau-duong-toc-loreal-elseve-extraordinary-oil-serum-100ml\/#breadcrumb","itemListElement":[{"@type":"ListItem","position":1,"name":"Home","item":"https:\/\/myphamphake.azdigi.shop\/"},{"@type":"ListItem","position":2,"name":"Shop","item":"https:\/\/myphamphake.azdigi.shop\/index.php\/shop\/"},{"@type":"ListItem","position":3,"name":"D\u1ea7u D\u01b0\u1ee1ng T\u00f3c L&#8217;Oreal Elseve Extraordinary Oil Serum 100ml"}]},{"@type":"WebSite","@id":"https:\/\/myphamphake.azdigi.shop\/#website","url":"https:\/\/myphamphake.azdigi.shop\/","name":"myphamphake","description":"","potentialAction":[{"@type":"SearchAction","target":{"@type":"EntryPoint","urlTemplate":"https:\/\/myphamphake.azdigi.shop\/?s={search_term_string}"},"query-input":{"@type":"PropertyValueSpecification","valueRequired":true,"valueName":"search_term_string"}}],"inLanguage":"vi"}]}},"_links":{"self":[{"href":"https:\/\/myphamphake.azdigi.shop\/index.php\/wp-json\/wp\/v2\/product\/584","targetHints":{"allow":["GET"]}}],"collection":[{"href":"https:\/\/myphamphake.azdigi.shop\/index.php\/wp-json\/wp\/v2\/product"}],"about":[{"href":"https:\/\/myphamphake.azdigi.shop\/index.php\/wp-json\/wp\/v2\/types\/product"}],"replies":[{"embeddable":true,"href":"https:\/\/myphamphake.azdigi.shop\/index.php\/wp-json\/wp\/v2\/comments?post=584"}],"wp:featuredmedia":[{"embeddable":true,"href":"https:\/\/myphamphake.azdigi.shop\/index.php\/wp-json\/wp\/v2\/media\/587"}],"wp:attachment":[{"href":"https:\/\/myphamphake.azdigi.shop\/index.php\/wp-json\/wp\/v2\/media?parent=584"}],"wp:term":[{"taxonomy":"product_brand","embeddable":true,"href":"https:\/\/myphamphake.azdigi.shop\/index.php\/wp-json\/wp\/v2\/product_brand?post=584"},{"taxonomy":"product_cat","embeddable":true,"href":"https:\/\/myphamphake.azdigi.shop\/index.php\/wp-json\/wp\/v2\/product_cat?post=584"},{"taxonomy":"product_tag","embeddable":true,"href":"https:\/\/myphamphake.azdigi.shop\/index.php\/wp-json\/wp\/v2\/product_tag?post=584"}],"curies":[{"name":"wp","href":"https:\/\/api.w.org\/{rel}","templated":true}]}}