{"id":613,"date":"2026-04-11T10:47:33","date_gmt":"2026-04-11T10:47:33","guid":{"rendered":"https:\/\/myphamphake.azdigi.shop\/?post_type=product&#038;p=613"},"modified":"2026-04-11T10:47:33","modified_gmt":"2026-04-11T10:47:33","slug":"xit-duong-toc-grace-and-glow-black-opium-silky-hair-mist-spray-soft-and-silk-hair-with-golden-marula-and-olive-oil-100ml","status":"publish","type":"product","link":"https:\/\/myphamphake.azdigi.shop\/index.php\/product\/xit-duong-toc-grace-and-glow-black-opium-silky-hair-mist-spray-soft-and-silk-hair-with-golden-marula-and-olive-oil-100ml\/","title":{"rendered":"X\u1ecbt D\u01b0\u1ee1ng T\u00f3c Grace And Glow Black Opium Silky Hair Mist Spray Soft And Silk Hair With Golden Marula And Olive Oil 100ml"},"content":{"rendered":"<div class=\"product-section-title\">\n<h2>Chi ti\u1ebft s\u1ea3n ph\u1ea9m<\/h2>\n<\/div>\n<div class=\"page-product-description-detail-wrap expanded\">\n<div class=\"page-product-description-detail\">\n<p><strong>X\u1ecbt D\u01b0\u1ee1ng T\u00f3c Grace And Glow Black Opium Silky Hair Mist Spray Soft And Silk Hair With Golden Marula And Olive Oil\u00a0<\/strong>l\u00e0 d\u00f2ng<strong>\u00a0x\u1ecbt d\u01b0\u1ee1ng t\u00f3c<\/strong>\u00a0\u0111\u1ebfn\u00a0t\u1eeb th\u01b0\u01a1ng hi\u1ec7u<strong>\u00a0Grace And Glow. V\u1edbi th\u00e0nh ph\u1ea7n ch\u1ee9a\u00a0<\/strong>Golden Marula v\u00e0 d\u1ea7u Olive gi\u00fap ch\u0103m s\u00f3c t\u00f3c su\u00f4n m\u01b0\u1ee3t, gi\u00fap t\u00f3c d\u1ec5 d\u00e0ng v\u00e0o n\u1ebfp, c\u1ea3i thi\u1ec7n t\u00f3c kh\u00f4 x\u01a1, ch\u1ebb ng\u1ecdn v\u00e0 nu\u00f4i d\u01b0\u1ee1ng nang t\u00f3c. \u0110\u1ed3ng th\u1eddi, s\u1ea3n ph\u1ea9m v\u1edbi h\u01b0\u01a1ng n\u01b0\u1edbc hoa cao c\u1ea5p mang l\u1ea1i m\u00e1i t\u00f3c m\u1ec1m m\u01b0\u1ee3t c\u00f9ng m\u00f9i th\u01a1m d\u1ec5 ch\u1ecbu.<\/p>\n<p><img decoding=\"async\" src=\"https:\/\/file.hstatic.net\/1000006063\/file\/3_6e2543bc44fa4e9889d9231e8e51d198.jpg\" alt=\"X\u1ecbt D\u01b0\u1ee1ng T\u00f3c Grace And Glow Black Opium Silky Hair Mist Spray Soft And Silk Hair With Golden Marula And Olive Oil 100ml\" \/><\/p>\n<\/div>\n<\/div>\n<p><strong>\u2022 \u0110\u1eb7c tr\u01b0ng:<\/strong><\/p>\n<p>&#8211;\u00a0<strong>X\u1ecbt D\u01b0\u1ee1ng T\u00f3c Grace And Glow Black Opium Silky Hair Mist Spray Soft And Silk Hair With Golden Marula And Olive Oil<\/strong>\u00a0hi\u1ec7n \u0111\u00e3 c\u00f3 m\u1eb7t t\u1ea1i\u00a0<a href=\"https:\/\/myphamphake.azdigi.shop\/\"><strong>MyPhamPhake<\/strong><\/a>\u00a0v\u1edbi nh\u1eefng \u0111\u1eb7c tr\u01b0ng n\u1ed5i b\u1eadt sau:<\/p>\n<p>&#8211; X\u1ecbt d\u01b0\u1ee1ng t\u00f3c gi\u00fap nu\u00f4i d\u01b0\u1ee1ng t\u00f3c, c\u1ea3i thi\u1ec7n t\u00f3c kh\u00f4 x\u01a1, ch\u1ebb ng\u1ecdn, ch\u0103m s\u00f3c m\u00e1i t\u00f3c m\u1ec1m m\u01b0\u1ee3t.<\/p>\n<p>&#8211;\u00a0V\u1edbi th\u00e0nh ph\u1ea7n ch\u00ednh l\u00e0 Golden Marula c\u00f3 ch\u1ee9c n\u0103ng nu\u00f4i d\u01b0\u1ee1ng t\u00f3c t\u1eeb g\u1ed1c \u0111\u1ebfn ng\u1ecdn, gi\u00fap t\u00f3c d\u1ec5 d\u00e0ng v\u00e0o n\u1ebfp m\u00e0 kh\u00f4ng \u0111\u1ec3 l\u1ea1i c\u1ea3m gi\u00e1c nh\u1eddn r\u00edt kh\u00f3 ch\u1ecbu tr\u00ean t\u00f3c.<\/p>\n<p>&#8211; Th\u00e0nh ph\u1ea7n d\u1ea7u \u00f4 liu c\u00f3 t\u00e1c d\u1ee5ng ng\u0103n ng\u1eeba t\u00f3c kh\u00f4 x\u01a1, h\u1ed7 tr\u1ee3 ph\u1ee5c h\u1ed3i t\u00f3c ch\u1ebb ng\u1ecdn v\u00e0 nu\u00f4i d\u01b0\u1ee1ng nang t\u00f3c. Ngo\u00e0i ra c\u00f2n b\u1ea3o v\u1ec7 khi t\u00f3c th\u01b0\u1eddng xuy\u00ean ph\u1ea3i t\u1ea1o ki\u1ec3u.<\/p>\n<p>&#8211;\u00a0X\u1ecbt d\u01b0\u1ee1ng t\u00f3c m\u1ec1m m\u01b0\u1ee3t c\u00f3 m\u00f9i h\u01b0\u01a1ng n\u01b0\u1edbc hoa \u0111\u1ebfn t\u1eeb th\u01b0\u01a1ng hi\u1ec7u cao c\u1ea5p Black Opium.<\/p>\n<p><strong>\u2022 \u0110\u1ed1i t\u01b0\u1ee3ng khuy\u00ean d\u00f9ng:<\/strong><\/p>\n<p>&#8211; D\u00e0nh cho m\u1ecdi lo\u1ea1i t\u00f3c<\/p>\n<p>&#8211; D\u00e0nh cho t\u00f3c b\u1ecb kh\u00f4 x\u01a1, kh\u00f3 v\u00e0o n\u1ebfp, t\u00f3c h\u01b0 t\u1ed5n.<\/p>\n<p>&#8211; D\u00e0nh cho t\u00f3c th\u01b0\u1eddng xuy\u00ean t\u1ea1o ki\u1ec3u.<\/p>\n<p><strong>\u2022 H\u01b0\u1edbng d\u1eabn s\u1eed d\u1ee5ng:\u00a0<\/strong>L\u1eafc \u0111\u1ec1u s\u1ea3n ph\u1ea9m tr\u01b0\u1edbc khi s\u1eed d\u1ee5ng \u0111\u1ec3 t\u1ea1o m\u00f9i th\u01a1m v\u00e0 \u0111\u00e1nh th\u1ee9c c\u00e1c th\u00e0nh ph\u1ea7n. X\u1ecbt \u0111\u1ec1u l\u00ean t\u00f3c, d\u00f9ng ng\u00f3n tay ch\u1ea3i t\u00f3c \u0111\u1ec3 t\u00f3c h\u1ea5p th\u1ee5 c\u00e1c th\u00e0nh ph\u1ea7n t\u1ed1t h\u01a1n. C\u00f3 th\u1ec3 s\u1eed d\u1ee5ng sau khi g\u1ed9i \u0111\u1ea7u v\u00e0 tr\u00ean t\u00f3c kh\u00f4.<\/p>\n<p><img decoding=\"async\" src=\"https:\/\/file.hstatic.net\/1000006063\/file\/1_6b27921f8aa54c448fbd7ee33bea2fac.jpg\" alt=\"X\u1ecbt D\u01b0\u1ee1ng T\u00f3c Grace And Glow Black Opium Silky Hair Mist Spray Soft And Silk Hair With Golden Marula And Olive Oil 100ml\" \/><\/p>\n<p><img decoding=\"async\" src=\"https:\/\/file.hstatic.net\/1000006063\/file\/2_59ce4b544d3a46a59a694487439386a7.jpg\" alt=\"X\u1ecbt D\u01b0\u1ee1ng T\u00f3c Grace And Glow Black Opium Silky Hair Mist Spray Soft And Silk Hair With Golden Marula And Olive Oil 100ml\" \/><\/p>\n<p><img decoding=\"async\" src=\"https:\/\/cdn.hstatic.net\/files\/1000006063\/file\/thay_d_i_grace.jpg\" alt=\"X\u1ecbt D\u01b0\u1ee1ng T\u00f3c Grace And Glow Black Opium Silky Hair Mist Spray Soft And Silk Hair With Golden Marula And Olive Oil 100ml\" \/><\/p>\n<p><img decoding=\"async\" src=\"https:\/\/file.hstatic.net\/1000006063\/file\/luu_y_hsd_san_pham.jpg\" alt=\"X\u1ecbt D\u01b0\u1ee1ng T\u00f3c Grace And Glow Black Opium Silky Hair Mist Spray Soft And Silk Hair With Golden Marula And Olive Oil 100ml\" \/><\/p>\n<p><strong>\u2022 Th\u01b0\u01a1ng hi\u1ec7u:\u00a0<\/strong>Grace And Glow<\/p>\n<p><strong>\u2022 Xu\u1ea5t x\u1ee9 th\u01b0\u01a1ng hi\u1ec7u:<\/strong>\u00a0Trung Qu\u1ed1c<\/p>\n<p><strong>\u2022 S\u1ea3n xu\u1ea5t:\u00a0<\/strong>Trung Qu\u1ed1c<\/p>\n<p><strong>\u2022 Dung t\u00edch:<\/strong>\u00a0100ml<\/p>\n<p><strong>\u2022 H\u1ea1n s\u1eed d\u1ee5ng:<\/strong>\u00a03 n\u0103m k\u1ec3 t\u1eeb ng\u00e0y s\u1ea3n xu\u1ea5t\/NSX xem tr\u00ean bao b\u00ec (6 th\u00e1ng k\u1ec3 t\u1eeb ng\u00e0y m\u1edf n\u1eafp).<\/p>\n<p>***T\u00e1c d\u1ee5ng c\u1ee7a s\u1ea3n ph\u1ea9m s\u1ebd kh\u00e1c nhau t\u00f9y v\u00e0o c\u01a1 \u0111\u1ecba c\u1ee7a m\u1ed7i ng\u01b0\u1eddi. V\u1edbi l\u00e0n da nh\u1ea1y c\u1ea3m b\u1ea1n n\u00ean th\u1eed s\u1ea3n ph\u1ea9m \u1edf m\u1ed9t v\u00f9ng nh\u1ecf tr\u01b0\u1edbc khi s\u1eed d\u1ee5ng cho to\u00e0n khu\u00f4n m\u1eb7t.<\/p>\n","protected":false},"excerpt":{"rendered":"<p>Chi ti\u1ebft s\u1ea3n ph\u1ea9m X\u1ecbt D\u01b0\u1ee1ng T\u00f3c Grace And Glow Black Opium Silky Hair Mist Spray Soft And Silk Hair With Golden Marula And Olive Oil\u00a0l\u00e0 d\u00f2ng\u00a0x\u1ecbt d\u01b0\u1ee1ng t\u00f3c\u00a0\u0111\u1ebfn\u00a0t\u1eeb th\u01b0\u01a1ng hi\u1ec7u\u00a0Grace And Glow. V\u1edbi th\u00e0nh ph\u1ea7n ch\u1ee9a\u00a0Golden Marula v\u00e0 d\u1ea7u Olive gi\u00fap ch\u0103m s\u00f3c t\u00f3c su\u00f4n m\u01b0\u1ee3t, gi\u00fap t\u00f3c d\u1ec5 d\u00e0ng v\u00e0o n\u1ebfp, c\u1ea3i thi\u1ec7n [&#8230;]\n","protected":false},"featured_media":614,"comment_status":"open","ping_status":"closed","template":"","meta":[],"product_brand":[59],"product_cat":[56,58],"product_tag":[],"class_list":{"0":"post-613","1":"product","2":"type-product","3":"status-publish","4":"has-post-thumbnail","6":"product_brand-grace-and-glow","7":"product_cat-cham-soc-toc-da-dau","8":"product_cat-duong-toc","10":"first","11":"instock","12":"sale","13":"shipping-taxable","14":"purchasable","15":"product-type-variable"},"yoast_head":"<!-- This site is optimized with the Yoast SEO plugin v27.1.1 - https:\/\/yoast.com\/product\/yoast-seo-wordpress\/ -->\n<title>X\u1ecbt D\u01b0\u1ee1ng T\u00f3c Grace And Glow Black Opium Silky Hair Mist Spray Soft And Silk Hair With Golden Marula And Olive Oil 100ml - myphamphake<\/title>\n<meta name=\"robots\" content=\"index, follow, max-snippet:-1, max-image-preview:large, max-video-preview:-1\" \/>\n<link rel=\"canonical\" href=\"https:\/\/myphamphake.azdigi.shop\/index.php\/product\/xit-duong-toc-grace-and-glow-black-opium-silky-hair-mist-spray-soft-and-silk-hair-with-golden-marula-and-olive-oil-100ml\/\" \/>\n<meta property=\"og:locale\" content=\"vi_VN\" \/>\n<meta property=\"og:type\" content=\"article\" \/>\n<meta property=\"og:title\" content=\"X\u1ecbt D\u01b0\u1ee1ng T\u00f3c Grace And Glow Black Opium Silky Hair Mist Spray Soft And Silk Hair With Golden Marula And Olive Oil 100ml - myphamphake\" \/>\n<meta property=\"og:description\" content=\"Chi ti\u1ebft s\u1ea3n ph\u1ea9m X\u1ecbt D\u01b0\u1ee1ng T\u00f3c Grace And Glow Black Opium Silky Hair Mist Spray Soft And Silk Hair With Golden Marula And Olive Oil\u00a0l\u00e0 d\u00f2ng\u00a0x\u1ecbt d\u01b0\u1ee1ng t\u00f3c\u00a0\u0111\u1ebfn\u00a0t\u1eeb th\u01b0\u01a1ng hi\u1ec7u\u00a0Grace And Glow. V\u1edbi th\u00e0nh ph\u1ea7n ch\u1ee9a\u00a0Golden Marula v\u00e0 d\u1ea7u Olive gi\u00fap ch\u0103m s\u00f3c t\u00f3c su\u00f4n m\u01b0\u1ee3t, gi\u00fap t\u00f3c d\u1ec5 d\u00e0ng v\u00e0o n\u1ebfp, c\u1ea3i thi\u1ec7n [...]\" \/>\n<meta property=\"og:url\" content=\"https:\/\/myphamphake.azdigi.shop\/index.php\/product\/xit-duong-toc-grace-and-glow-black-opium-silky-hair-mist-spray-soft-and-silk-hair-with-golden-marula-and-olive-oil-100ml\/\" \/>\n<meta property=\"og:site_name\" content=\"myphamphake\" \/>\n<meta property=\"og:image\" content=\"https:\/\/myphamphake.azdigi.shop\/wp-content\/uploads\/2026\/04\/gag.jpg\" \/>\n\t<meta property=\"og:image:width\" content=\"800\" \/>\n\t<meta property=\"og:image:height\" content=\"800\" \/>\n\t<meta property=\"og:image:type\" content=\"image\/jpeg\" \/>\n<meta name=\"twitter:card\" content=\"summary_large_image\" \/>\n<meta name=\"twitter:label1\" content=\"\u01af\u1edbc t\u00ednh th\u1eddi gian \u0111\u1ecdc\" \/>\n\t<meta name=\"twitter:data1\" content=\"4 ph\u00fat\" \/>\n<script type=\"application\/ld+json\" class=\"yoast-schema-graph\">{\"@context\":\"https:\/\/schema.org\",\"@graph\":[{\"@type\":\"WebPage\",\"@id\":\"https:\/\/myphamphake.azdigi.shop\/index.php\/product\/xit-duong-toc-grace-and-glow-black-opium-silky-hair-mist-spray-soft-and-silk-hair-with-golden-marula-and-olive-oil-100ml\/\",\"url\":\"https:\/\/myphamphake.azdigi.shop\/index.php\/product\/xit-duong-toc-grace-and-glow-black-opium-silky-hair-mist-spray-soft-and-silk-hair-with-golden-marula-and-olive-oil-100ml\/\",\"name\":\"X\u1ecbt D\u01b0\u1ee1ng T\u00f3c Grace And Glow Black Opium Silky Hair Mist Spray Soft And Silk Hair With Golden Marula And Olive Oil 100ml - myphamphake\",\"isPartOf\":{\"@id\":\"https:\/\/myphamphake.azdigi.shop\/#website\"},\"primaryImageOfPage\":{\"@id\":\"https:\/\/myphamphake.azdigi.shop\/index.php\/product\/xit-duong-toc-grace-and-glow-black-opium-silky-hair-mist-spray-soft-and-silk-hair-with-golden-marula-and-olive-oil-100ml\/#primaryimage\"},\"image\":{\"@id\":\"https:\/\/myphamphake.azdigi.shop\/index.php\/product\/xit-duong-toc-grace-and-glow-black-opium-silky-hair-mist-spray-soft-and-silk-hair-with-golden-marula-and-olive-oil-100ml\/#primaryimage\"},\"thumbnailUrl\":\"https:\/\/myphamphake.azdigi.shop\/wp-content\/uploads\/2026\/04\/gag.jpg\",\"datePublished\":\"2026-04-11T10:47:33+00:00\",\"breadcrumb\":{\"@id\":\"https:\/\/myphamphake.azdigi.shop\/index.php\/product\/xit-duong-toc-grace-and-glow-black-opium-silky-hair-mist-spray-soft-and-silk-hair-with-golden-marula-and-olive-oil-100ml\/#breadcrumb\"},\"inLanguage\":\"vi\",\"potentialAction\":[{\"@type\":\"ReadAction\",\"target\":[\"https:\/\/myphamphake.azdigi.shop\/index.php\/product\/xit-duong-toc-grace-and-glow-black-opium-silky-hair-mist-spray-soft-and-silk-hair-with-golden-marula-and-olive-oil-100ml\/\"]}]},{\"@type\":\"ImageObject\",\"inLanguage\":\"vi\",\"@id\":\"https:\/\/myphamphake.azdigi.shop\/index.php\/product\/xit-duong-toc-grace-and-glow-black-opium-silky-hair-mist-spray-soft-and-silk-hair-with-golden-marula-and-olive-oil-100ml\/#primaryimage\",\"url\":\"https:\/\/myphamphake.azdigi.shop\/wp-content\/uploads\/2026\/04\/gag.jpg\",\"contentUrl\":\"https:\/\/myphamphake.azdigi.shop\/wp-content\/uploads\/2026\/04\/gag.jpg\",\"width\":800,\"height\":800},{\"@type\":\"BreadcrumbList\",\"@id\":\"https:\/\/myphamphake.azdigi.shop\/index.php\/product\/xit-duong-toc-grace-and-glow-black-opium-silky-hair-mist-spray-soft-and-silk-hair-with-golden-marula-and-olive-oil-100ml\/#breadcrumb\",\"itemListElement\":[{\"@type\":\"ListItem\",\"position\":1,\"name\":\"Home\",\"item\":\"https:\/\/myphamphake.azdigi.shop\/\"},{\"@type\":\"ListItem\",\"position\":2,\"name\":\"Shop\",\"item\":\"https:\/\/myphamphake.azdigi.shop\/index.php\/shop\/\"},{\"@type\":\"ListItem\",\"position\":3,\"name\":\"X\u1ecbt D\u01b0\u1ee1ng T\u00f3c Grace And Glow Black Opium Silky Hair Mist Spray Soft And Silk Hair With Golden Marula And Olive Oil 100ml\"}]},{\"@type\":\"WebSite\",\"@id\":\"https:\/\/myphamphake.azdigi.shop\/#website\",\"url\":\"https:\/\/myphamphake.azdigi.shop\/\",\"name\":\"myphamphake\",\"description\":\"\",\"potentialAction\":[{\"@type\":\"SearchAction\",\"target\":{\"@type\":\"EntryPoint\",\"urlTemplate\":\"https:\/\/myphamphake.azdigi.shop\/?s={search_term_string}\"},\"query-input\":{\"@type\":\"PropertyValueSpecification\",\"valueRequired\":true,\"valueName\":\"search_term_string\"}}],\"inLanguage\":\"vi\"}]}<\/script>\n<!-- \/ Yoast SEO plugin. -->","yoast_head_json":{"title":"X\u1ecbt D\u01b0\u1ee1ng T\u00f3c Grace And Glow Black Opium Silky Hair Mist Spray Soft And Silk Hair With Golden Marula And Olive Oil 100ml - myphamphake","robots":{"index":"index","follow":"follow","max-snippet":"max-snippet:-1","max-image-preview":"max-image-preview:large","max-video-preview":"max-video-preview:-1"},"canonical":"https:\/\/myphamphake.azdigi.shop\/index.php\/product\/xit-duong-toc-grace-and-glow-black-opium-silky-hair-mist-spray-soft-and-silk-hair-with-golden-marula-and-olive-oil-100ml\/","og_locale":"vi_VN","og_type":"article","og_title":"X\u1ecbt D\u01b0\u1ee1ng T\u00f3c Grace And Glow Black Opium Silky Hair Mist Spray Soft And Silk Hair With Golden Marula And Olive Oil 100ml - myphamphake","og_description":"Chi ti\u1ebft s\u1ea3n ph\u1ea9m X\u1ecbt D\u01b0\u1ee1ng T\u00f3c Grace And Glow Black Opium Silky Hair Mist Spray Soft And Silk Hair With Golden Marula And Olive Oil\u00a0l\u00e0 d\u00f2ng\u00a0x\u1ecbt d\u01b0\u1ee1ng t\u00f3c\u00a0\u0111\u1ebfn\u00a0t\u1eeb th\u01b0\u01a1ng hi\u1ec7u\u00a0Grace And Glow. V\u1edbi th\u00e0nh ph\u1ea7n ch\u1ee9a\u00a0Golden Marula v\u00e0 d\u1ea7u Olive gi\u00fap ch\u0103m s\u00f3c t\u00f3c su\u00f4n m\u01b0\u1ee3t, gi\u00fap t\u00f3c d\u1ec5 d\u00e0ng v\u00e0o n\u1ebfp, c\u1ea3i thi\u1ec7n [...]","og_url":"https:\/\/myphamphake.azdigi.shop\/index.php\/product\/xit-duong-toc-grace-and-glow-black-opium-silky-hair-mist-spray-soft-and-silk-hair-with-golden-marula-and-olive-oil-100ml\/","og_site_name":"myphamphake","og_image":[{"width":800,"height":800,"url":"https:\/\/myphamphake.azdigi.shop\/wp-content\/uploads\/2026\/04\/gag.jpg","type":"image\/jpeg"}],"twitter_card":"summary_large_image","twitter_misc":{"\u01af\u1edbc t\u00ednh th\u1eddi gian \u0111\u1ecdc":"4 ph\u00fat"},"schema":{"@context":"https:\/\/schema.org","@graph":[{"@type":"WebPage","@id":"https:\/\/myphamphake.azdigi.shop\/index.php\/product\/xit-duong-toc-grace-and-glow-black-opium-silky-hair-mist-spray-soft-and-silk-hair-with-golden-marula-and-olive-oil-100ml\/","url":"https:\/\/myphamphake.azdigi.shop\/index.php\/product\/xit-duong-toc-grace-and-glow-black-opium-silky-hair-mist-spray-soft-and-silk-hair-with-golden-marula-and-olive-oil-100ml\/","name":"X\u1ecbt D\u01b0\u1ee1ng T\u00f3c Grace And Glow Black Opium Silky Hair Mist Spray Soft And Silk Hair With Golden Marula And Olive Oil 100ml - myphamphake","isPartOf":{"@id":"https:\/\/myphamphake.azdigi.shop\/#website"},"primaryImageOfPage":{"@id":"https:\/\/myphamphake.azdigi.shop\/index.php\/product\/xit-duong-toc-grace-and-glow-black-opium-silky-hair-mist-spray-soft-and-silk-hair-with-golden-marula-and-olive-oil-100ml\/#primaryimage"},"image":{"@id":"https:\/\/myphamphake.azdigi.shop\/index.php\/product\/xit-duong-toc-grace-and-glow-black-opium-silky-hair-mist-spray-soft-and-silk-hair-with-golden-marula-and-olive-oil-100ml\/#primaryimage"},"thumbnailUrl":"https:\/\/myphamphake.azdigi.shop\/wp-content\/uploads\/2026\/04\/gag.jpg","datePublished":"2026-04-11T10:47:33+00:00","breadcrumb":{"@id":"https:\/\/myphamphake.azdigi.shop\/index.php\/product\/xit-duong-toc-grace-and-glow-black-opium-silky-hair-mist-spray-soft-and-silk-hair-with-golden-marula-and-olive-oil-100ml\/#breadcrumb"},"inLanguage":"vi","potentialAction":[{"@type":"ReadAction","target":["https:\/\/myphamphake.azdigi.shop\/index.php\/product\/xit-duong-toc-grace-and-glow-black-opium-silky-hair-mist-spray-soft-and-silk-hair-with-golden-marula-and-olive-oil-100ml\/"]}]},{"@type":"ImageObject","inLanguage":"vi","@id":"https:\/\/myphamphake.azdigi.shop\/index.php\/product\/xit-duong-toc-grace-and-glow-black-opium-silky-hair-mist-spray-soft-and-silk-hair-with-golden-marula-and-olive-oil-100ml\/#primaryimage","url":"https:\/\/myphamphake.azdigi.shop\/wp-content\/uploads\/2026\/04\/gag.jpg","contentUrl":"https:\/\/myphamphake.azdigi.shop\/wp-content\/uploads\/2026\/04\/gag.jpg","width":800,"height":800},{"@type":"BreadcrumbList","@id":"https:\/\/myphamphake.azdigi.shop\/index.php\/product\/xit-duong-toc-grace-and-glow-black-opium-silky-hair-mist-spray-soft-and-silk-hair-with-golden-marula-and-olive-oil-100ml\/#breadcrumb","itemListElement":[{"@type":"ListItem","position":1,"name":"Home","item":"https:\/\/myphamphake.azdigi.shop\/"},{"@type":"ListItem","position":2,"name":"Shop","item":"https:\/\/myphamphake.azdigi.shop\/index.php\/shop\/"},{"@type":"ListItem","position":3,"name":"X\u1ecbt D\u01b0\u1ee1ng T\u00f3c Grace And Glow Black Opium Silky Hair Mist Spray Soft And Silk Hair With Golden Marula And Olive Oil 100ml"}]},{"@type":"WebSite","@id":"https:\/\/myphamphake.azdigi.shop\/#website","url":"https:\/\/myphamphake.azdigi.shop\/","name":"myphamphake","description":"","potentialAction":[{"@type":"SearchAction","target":{"@type":"EntryPoint","urlTemplate":"https:\/\/myphamphake.azdigi.shop\/?s={search_term_string}"},"query-input":{"@type":"PropertyValueSpecification","valueRequired":true,"valueName":"search_term_string"}}],"inLanguage":"vi"}]}},"_links":{"self":[{"href":"https:\/\/myphamphake.azdigi.shop\/index.php\/wp-json\/wp\/v2\/product\/613","targetHints":{"allow":["GET"]}}],"collection":[{"href":"https:\/\/myphamphake.azdigi.shop\/index.php\/wp-json\/wp\/v2\/product"}],"about":[{"href":"https:\/\/myphamphake.azdigi.shop\/index.php\/wp-json\/wp\/v2\/types\/product"}],"replies":[{"embeddable":true,"href":"https:\/\/myphamphake.azdigi.shop\/index.php\/wp-json\/wp\/v2\/comments?post=613"}],"wp:featuredmedia":[{"embeddable":true,"href":"https:\/\/myphamphake.azdigi.shop\/index.php\/wp-json\/wp\/v2\/media\/614"}],"wp:attachment":[{"href":"https:\/\/myphamphake.azdigi.shop\/index.php\/wp-json\/wp\/v2\/media?parent=613"}],"wp:term":[{"taxonomy":"product_brand","embeddable":true,"href":"https:\/\/myphamphake.azdigi.shop\/index.php\/wp-json\/wp\/v2\/product_brand?post=613"},{"taxonomy":"product_cat","embeddable":true,"href":"https:\/\/myphamphake.azdigi.shop\/index.php\/wp-json\/wp\/v2\/product_cat?post=613"},{"taxonomy":"product_tag","embeddable":true,"href":"https:\/\/myphamphake.azdigi.shop\/index.php\/wp-json\/wp\/v2\/product_tag?post=613"}],"curies":[{"name":"wp","href":"https:\/\/api.w.org\/{rel}","templated":true}]}}