{"id":621,"date":"2026-04-11T14:42:01","date_gmt":"2026-04-11T14:42:01","guid":{"rendered":"https:\/\/myphamphake.azdigi.shop\/?post_type=product&#038;p=621"},"modified":"2026-04-11T14:42:01","modified_gmt":"2026-04-11T14:42:01","slug":"dau-goi-cocoon-tinh-chat-dau-buoi-giup-giam-gay-rung-ho-tro-moc-toc-pomelo-shampoo","status":"publish","type":"product","link":"https:\/\/myphamphake.azdigi.shop\/index.php\/product\/dau-goi-cocoon-tinh-chat-dau-buoi-giup-giam-gay-rung-ho-tro-moc-toc-pomelo-shampoo\/","title":{"rendered":"D\u1ea7u G\u1ed9i Cocoon Tinh Ch\u1ea5t D\u1ea7u B\u01b0\u1edfi Gi\u00fap Gi\u1ea3m G\u00e3y R\u1ee5ng &#038; H\u1ed7 Tr\u1ee3 M\u1ecdc T\u00f3c Pomelo Shampoo"},"content":{"rendered":"<div class=\"product-section-title\">\n<h2>Chi ti\u1ebft s\u1ea3n ph\u1ea9m<\/h2>\n<\/div>\n<div class=\"page-product-description-detail-wrap expanded\">\n<div class=\"page-product-description-detail\">\n<ul>\n<li><strong>T\u00ean s\u1ea3n ph\u1ea9m:<\/strong>\u00a0D\u1ea7u G\u1ed9i Tinh Ch\u1ea5t D\u1ea7u B\u01b0\u1edfi Gi\u00fap Gi\u1ea3m G\u00e3y R\u1ee5ng &amp; H\u1ed7 Tr\u1ee3 M\u1ecdc T\u00f3c Cocoon Pomelo Shampoo<\/li>\n<li><strong>K\u1ebft c\u1ea5u:<\/strong>\u00a0D\u1ea1ng gel<\/li>\n<li><strong>Dung t\u00edch:<\/strong>\u00a0310ml, 500ml<\/li>\n<li><strong>Th\u01b0\u01a1ng hi\u1ec7u:<\/strong>\u00a0Cocoon (Vi\u1ec7t Nam)<\/li>\n<li><strong>S\u1ea3n xu\u1ea5t:<\/strong>\u00a0Vi\u1ec7t Nam<\/li>\n<li><strong>H\u1ea1n s\u1eed d\u1ee5ng:<\/strong>\u00a03 n\u0103m k\u1ec3 t\u1eeb ng\u00e0y s\u1ea3n xu\u1ea5t in tr\u00ean bao b\u00ec<\/li>\n<\/ul>\n<h2><strong>1. Th\u00f4ng tin s\u1ea3n ph\u1ea9m<\/strong><\/h2>\n<p><strong>D\u1ea7u G\u1ed9i Tinh Ch\u1ea5t D\u1ea7u B\u01b0\u1edfi Gi\u00fap Gi\u1ea3m G\u00e3y R\u1ee5ng &amp; H\u1ed7 Tr\u1ee3\u00a0M\u1ecdc T\u00f3c Cocoon Pomelo Shampoo<\/strong>\u00a0l\u00e0 s\u1ea3n\u00a0ph\u1ea9m\u00a0<strong>d\u1ea7u g\u1ed9i<\/strong>\u00a0\u0111\u1ebfn t\u1eeb th\u01b0\u01a1ng hi\u1ec7u\u00a0<strong>Cocoon<\/strong>\u00a0v\u1edbi th\u00e0nh ph\u1ea7n \u0111\u01b0\u1ee3c chi\u1ebft xu\u1ea5t t\u1eeb tinh d\u1ea7u v\u1ecf\u00a0b\u01b0\u1edfi c\u00f3 t\u00e1c d\u1ee5ng l\u00e0m s\u1ea1ch da \u0111\u1ea7u v\u00e0\u00a0cung c\u1ea5p d\u01b0\u1ee1ng ch\u1ea5t gi\u00fap nu\u00f4i d\u01b0\u1ee1ng\u00a0t\u00f3c ch\u1eafc kh\u1ecfe, gi\u1ea3m g\u00e3y r\u1ee5ng v\u00e0 h\u1ed7 tr\u1ee3 th\u00fac \u0111\u1ea9y\u00a0s\u1ef1 ph\u00e1t tri\u1ec3n c\u1ee7a t\u00f3c.<\/p>\n<p><strong><img decoding=\"async\" src=\"https:\/\/file.hstatic.net\/1000006063\/file\/screenshot_2023-01-13_175952_c7467d12a76b4728b181423fc34d2022.jpg\" alt=\"D\u1ea7u G\u1ed9i Cocoon Tinh Ch\u1ea5t D\u1ea7u B\u01b0\u1edfi Gi\u00fap Gi\u1ea3m G\u00e3y R\u1ee5ng &amp; H\u1ed7 Tr\u1ee3 M\u1ecdc T\u00f3c Pomelo Shampoo\" \/><\/strong><\/p>\n<h2><strong>2. \u01afu \u0111i\u1ec3m c\u1ee7a D\u1ea7u G\u1ed9i Cocoon Pomelo Shampoo<\/strong><\/h2>\n<p><strong>D\u1ea7u G\u1ed9i Tinh Ch\u1ea5t D\u1ea7u B\u01b0\u1edfi Gi\u00fap Gi\u1ea3m G\u00e3y R\u1ee5ng &amp; H\u1ed7 Tr\u1ee3 M\u1ecdc T\u00f3c Cocoon Pomelo Shampoo\u00a0<\/strong>hi\u1ec7n \u0111\u00e3 c\u00f3 t\u1ea1i <a href=\"https:\/\/myphamphake.azdigi.shop\/\"><b>MyPhamPhake <\/b><\/a>c\u00f3 nh\u1eefng \u0111\u1eb7c tr\u01b0ng n\u1ed5i b\u1eadt nh\u01b0 sau:<\/p>\n<ul>\n<li><strong>Th\u00e0nh ph\u1ea7n chi\u1ebft xu\u1ea5t t\u1eeb thi\u00ean nhi\u00ean l\u00e0nh t\u00ednh:\u00a0<\/strong>T\u1eeb tinh ch\u1ea5t v\u1ecf b\u01b0\u1edfi truy\u1ec1n th\u1ed1ng k\u1ebft h\u1ee3p v\u1edbi Vitamin B5 v\u00e0 ho\u1ea1t ch\u1ea5t d\u01b0\u1ee1ng \u1ea9m Xylishine\u2122, gi\u00fap l\u00e0m s\u1ea1ch t\u00f3c, gi\u1ea3m g\u00e3y r\u1ee5ng hi\u1ec7u qu\u1ea3 mang l\u1ea1i m\u00e1i t\u00f3c ch\u1eafc kh\u1ecfe v\u00e0 m\u01b0\u1ee3t m\u00e0.<\/li>\n<li><strong>Chi\u1ebft xu\u1ea5t tinh d\u1ea7u b\u01b0\u1edfi:\u00a0<\/strong>C\u00f3 t\u00e1c d\u1ee5ng l\u00e0m s\u1ea1ch da d\u1ea7u, l\u00e0m s\u1ea1ch g\u00e0u, h\u1ed7 tr\u1ee3 m\u1ecdc t\u00f3c, mang l\u1ea1i m\u00e1i t\u00f3c m\u1ec1m m\u1ea1i, su\u00f4n m\u01b0\u1ee3t v\u00e0 b\u1ea3o v\u1ec7 s\u1ee3i t\u00f3c tr\u01b0\u1edbc tia c\u1ef1c t\u00edm g\u00e2y h\u1ea1i.<\/li>\n<li><strong>\u00a0Vitamin B5:<\/strong>\u00a0Gi\u00fap c\u1ea3i thi\u1ec7n t\u00ecnh tr\u1ea1ng t\u00f3c x\u01a1 r\u1ed1i, h\u01b0 t\u1ed5n do t\u1ea1o ki\u1ec3u ho\u1eb7c thu\u1ed1c nhu\u1ed9m, v\u00e0 t\u0103ng \u0111\u1ed9 d\u00e0y cho t\u00f3c mang l\u1ea1i m\u00e1i t\u00f3c \u00f3ng m\u01b0\u1ee3t.<\/li>\n<li><strong>Xylishine\u2122:\u00a0<\/strong>C\u00f3 t\u00e1c d\u1ee5ng cung c\u1ea5p \u0111\u1ed9 \u1ea9m, ph\u1ee5c h\u1ed3i v\u00e0 t\u0103ng c\u01b0\u1eddng \u0111\u1ed9 b\u00f3ng cho t\u00f3c, ngo\u00e0i ra c\u00f2n gi\u00fap h\u1ea1n ch\u1ebf h\u01b0 t\u1ed5n, l\u00e0m d\u00e0y v\u00e0 c\u1ea3i thi\u1ec7n \u0111\u1ed9 b\u00f3ng kh\u1ecfe cho m\u00e1i t\u00f3c.<\/li>\n<\/ul>\n<p><img decoding=\"async\" src=\"https:\/\/file.hstatic.net\/1000006063\/file\/b3f56e38-64e1-4762-8a59-e22047933626_copy_9c70b7fe34b54fc984a15383630de89b.jpg\" alt=\"D\u1ea7u G\u1ed9i Cocoon Tinh Ch\u1ea5t D\u1ea7u B\u01b0\u1edfi Gi\u00fap Gi\u1ea3m G\u00e3y R\u1ee5ng &amp; H\u1ed7 Tr\u1ee3 M\u1ecdc T\u00f3c Pomelo Shampoo\" \/><\/p>\n<h2><strong>3. \u0110\u1ed1i t\u01b0\u1ee3ng khuy\u00ean d\u00f9ng<\/strong><\/h2>\n<ul>\n<li>D\u00e0nh cho t\u00f3c.<\/li>\n<li>D\u00e0nh cho m\u00e1i t\u00f3c y\u1ebfu d\u1ec5 g\u00e3y, r\u1ee5ng.<\/li>\n<li>D\u00e0nh cho t\u00f3c th\u01b0\u1eddng xuy\u00ean s\u1eed d\u1ee5ng nhi\u1ec7t v\u00e0 t\u1ea1o ki\u1ec3u.<\/li>\n<\/ul>\n<h2><strong>4. C\u00e1ch b\u1ea3o qu\u1ea3n<\/strong><\/h2>\n<ul>\n<li>Tr\u00e1nh \u00e1nh n\u1eafng tr\u1ef1c ti\u1ebfp<\/li>\n<li>\u0110\u1ec3 n\u01a1i kh\u00f4 r\u00e1o, tho\u00e1ng m\u00e1t<\/li>\n<li>\u0110\u1eady n\u1eafp k\u00edn sau khi s\u1eed d\u1ee5ng<\/li>\n<\/ul>\n<h2><strong>5. H\u01b0\u1edbng d\u1eabn s\u1eed d\u1ee5ng<\/strong><\/h2>\n<ul>\n<li>Thoa \u0111\u1ec1u d\u1ea7u g\u1ed9i l\u00ean t\u00f3c \u01b0\u1edbt, xoa b\u00f3p nh\u1eb9 nh\u00e0ng \u0111\u1ec3 t\u1ea1o b\u1ecdt, th\u01b0 gi\u00e3n v\u00e0 g\u1ed9i s\u1ea1ch v\u1edbi n\u01b0\u1edbc.<\/li>\n<\/ul>\n<h2><strong>6. Nh\u1eefng l\u01b0u \u00fd khi s\u1eed d\u1ee5ng<\/strong><\/h2>\n<ul>\n<li>V\u1edbi da \u0111\u1ea7u nh\u1ea1y c\u1ea3m b\u1ea1n n\u00ean s\u1eed d\u1ee5ng m\u1ed9t ph\u1ea7n nh\u1ecf tr\u00ean da tr\u01b0\u1edbc khi s\u1eed d\u1ee5ng.<\/li>\n<\/ul>\n<h2><strong>7. Nh\u1eefng l\u01b0u \u00fd khi mua h\u00e0ng<\/strong><\/h2>\n<ul>\n<li>Hi\u1ec7n t\u1ea1i TGSF b\u00e1n m\u1eabu m\u1edbi v\u00e0 m\u1eabu th\u01b0\u1eddng, s\u1ea3n ph\u1ea9m s\u1ebd \u0111\u01b0\u1ee3c giao ng\u1eabu nhi\u00ean.<\/li>\n<li>Bao b\u00ec s\u1ea3n ph\u1ea9m thay \u0111\u1ed5i theo t\u1eebng \u0111\u1ee3t nh\u1eadp h\u00e0ng<\/li>\n<\/ul>\n<\/div>\n<\/div>\n","protected":false},"excerpt":{"rendered":"<p>Chi ti\u1ebft s\u1ea3n ph\u1ea9m T\u00ean s\u1ea3n ph\u1ea9m:\u00a0D\u1ea7u G\u1ed9i Tinh Ch\u1ea5t D\u1ea7u B\u01b0\u1edfi Gi\u00fap Gi\u1ea3m G\u00e3y R\u1ee5ng &amp; H\u1ed7 Tr\u1ee3 M\u1ecdc T\u00f3c Cocoon Pomelo Shampoo K\u1ebft c\u1ea5u:\u00a0D\u1ea1ng gel Dung t\u00edch:\u00a0310ml, 500ml Th\u01b0\u01a1ng hi\u1ec7u:\u00a0Cocoon (Vi\u1ec7t Nam) S\u1ea3n xu\u1ea5t:\u00a0Vi\u1ec7t Nam H\u1ea1n s\u1eed d\u1ee5ng:\u00a03 n\u0103m k\u1ec3 t\u1eeb ng\u00e0y s\u1ea3n xu\u1ea5t in tr\u00ean bao b\u00ec 1. Th\u00f4ng tin s\u1ea3n ph\u1ea9m [&#8230;]\n","protected":false},"featured_media":623,"comment_status":"open","ping_status":"closed","template":"","meta":[],"product_brand":[29],"product_cat":[56,57],"product_tag":[],"class_list":{"0":"post-621","1":"product","2":"type-product","3":"status-publish","4":"has-post-thumbnail","6":"product_brand-cocoon","7":"product_cat-cham-soc-toc-da-dau","8":"product_cat-dau-goi-xa","10":"first","11":"instock","12":"sale","13":"shipping-taxable","14":"purchasable","15":"product-type-variable"},"yoast_head":"<!-- This site is optimized with the Yoast SEO plugin v27.1.1 - https:\/\/yoast.com\/product\/yoast-seo-wordpress\/ -->\n<title>D\u1ea7u G\u1ed9i Cocoon Tinh Ch\u1ea5t D\u1ea7u B\u01b0\u1edfi Gi\u00fap Gi\u1ea3m G\u00e3y R\u1ee5ng &amp; H\u1ed7 Tr\u1ee3 M\u1ecdc T\u00f3c Pomelo Shampoo - myphamphake<\/title>\n<meta name=\"robots\" content=\"index, follow, max-snippet:-1, max-image-preview:large, max-video-preview:-1\" \/>\n<link rel=\"canonical\" href=\"https:\/\/myphamphake.azdigi.shop\/index.php\/product\/dau-goi-cocoon-tinh-chat-dau-buoi-giup-giam-gay-rung-ho-tro-moc-toc-pomelo-shampoo\/\" \/>\n<meta property=\"og:locale\" content=\"vi_VN\" \/>\n<meta property=\"og:type\" content=\"article\" \/>\n<meta property=\"og:title\" content=\"D\u1ea7u G\u1ed9i Cocoon Tinh Ch\u1ea5t D\u1ea7u B\u01b0\u1edfi Gi\u00fap Gi\u1ea3m G\u00e3y R\u1ee5ng &amp; H\u1ed7 Tr\u1ee3 M\u1ecdc T\u00f3c Pomelo Shampoo - myphamphake\" \/>\n<meta property=\"og:description\" content=\"Chi ti\u1ebft s\u1ea3n ph\u1ea9m T\u00ean s\u1ea3n ph\u1ea9m:\u00a0D\u1ea7u G\u1ed9i Tinh Ch\u1ea5t D\u1ea7u B\u01b0\u1edfi Gi\u00fap Gi\u1ea3m G\u00e3y R\u1ee5ng &amp; H\u1ed7 Tr\u1ee3 M\u1ecdc T\u00f3c Cocoon Pomelo Shampoo K\u1ebft c\u1ea5u:\u00a0D\u1ea1ng gel Dung t\u00edch:\u00a0310ml, 500ml Th\u01b0\u01a1ng hi\u1ec7u:\u00a0Cocoon (Vi\u1ec7t Nam) S\u1ea3n xu\u1ea5t:\u00a0Vi\u1ec7t Nam H\u1ea1n s\u1eed d\u1ee5ng:\u00a03 n\u0103m k\u1ec3 t\u1eeb ng\u00e0y s\u1ea3n xu\u1ea5t in tr\u00ean bao b\u00ec 1. Th\u00f4ng tin s\u1ea3n ph\u1ea9m [...]\" \/>\n<meta property=\"og:url\" content=\"https:\/\/myphamphake.azdigi.shop\/index.php\/product\/dau-goi-cocoon-tinh-chat-dau-buoi-giup-giam-gay-rung-ho-tro-moc-toc-pomelo-shampoo\/\" \/>\n<meta property=\"og:site_name\" content=\"myphamphake\" \/>\n<meta property=\"og:image\" content=\"https:\/\/myphamphake.azdigi.shop\/wp-content\/uploads\/2026\/04\/8_6a66db8a8abd465b8ea7bce41cb8ea_c7bb6c941e034f36b5d48c44721bbcda_1024x1024.jpg\" \/>\n\t<meta property=\"og:image:width\" content=\"800\" \/>\n\t<meta property=\"og:image:height\" content=\"800\" \/>\n\t<meta property=\"og:image:type\" content=\"image\/jpeg\" \/>\n<meta name=\"twitter:card\" content=\"summary_large_image\" \/>\n<meta name=\"twitter:label1\" content=\"\u01af\u1edbc t\u00ednh th\u1eddi gian \u0111\u1ecdc\" \/>\n\t<meta name=\"twitter:data1\" content=\"4 ph\u00fat\" \/>\n<script type=\"application\/ld+json\" class=\"yoast-schema-graph\">{\"@context\":\"https:\/\/schema.org\",\"@graph\":[{\"@type\":\"WebPage\",\"@id\":\"https:\/\/myphamphake.azdigi.shop\/index.php\/product\/dau-goi-cocoon-tinh-chat-dau-buoi-giup-giam-gay-rung-ho-tro-moc-toc-pomelo-shampoo\/\",\"url\":\"https:\/\/myphamphake.azdigi.shop\/index.php\/product\/dau-goi-cocoon-tinh-chat-dau-buoi-giup-giam-gay-rung-ho-tro-moc-toc-pomelo-shampoo\/\",\"name\":\"D\u1ea7u G\u1ed9i Cocoon Tinh Ch\u1ea5t D\u1ea7u B\u01b0\u1edfi Gi\u00fap Gi\u1ea3m G\u00e3y R\u1ee5ng & H\u1ed7 Tr\u1ee3 M\u1ecdc T\u00f3c Pomelo Shampoo - myphamphake\",\"isPartOf\":{\"@id\":\"https:\/\/myphamphake.azdigi.shop\/#website\"},\"primaryImageOfPage\":{\"@id\":\"https:\/\/myphamphake.azdigi.shop\/index.php\/product\/dau-goi-cocoon-tinh-chat-dau-buoi-giup-giam-gay-rung-ho-tro-moc-toc-pomelo-shampoo\/#primaryimage\"},\"image\":{\"@id\":\"https:\/\/myphamphake.azdigi.shop\/index.php\/product\/dau-goi-cocoon-tinh-chat-dau-buoi-giup-giam-gay-rung-ho-tro-moc-toc-pomelo-shampoo\/#primaryimage\"},\"thumbnailUrl\":\"https:\/\/myphamphake.azdigi.shop\/wp-content\/uploads\/2026\/04\/8_6a66db8a8abd465b8ea7bce41cb8ea_c7bb6c941e034f36b5d48c44721bbcda_1024x1024.jpg\",\"datePublished\":\"2026-04-11T14:42:01+00:00\",\"breadcrumb\":{\"@id\":\"https:\/\/myphamphake.azdigi.shop\/index.php\/product\/dau-goi-cocoon-tinh-chat-dau-buoi-giup-giam-gay-rung-ho-tro-moc-toc-pomelo-shampoo\/#breadcrumb\"},\"inLanguage\":\"vi\",\"potentialAction\":[{\"@type\":\"ReadAction\",\"target\":[\"https:\/\/myphamphake.azdigi.shop\/index.php\/product\/dau-goi-cocoon-tinh-chat-dau-buoi-giup-giam-gay-rung-ho-tro-moc-toc-pomelo-shampoo\/\"]}]},{\"@type\":\"ImageObject\",\"inLanguage\":\"vi\",\"@id\":\"https:\/\/myphamphake.azdigi.shop\/index.php\/product\/dau-goi-cocoon-tinh-chat-dau-buoi-giup-giam-gay-rung-ho-tro-moc-toc-pomelo-shampoo\/#primaryimage\",\"url\":\"https:\/\/myphamphake.azdigi.shop\/wp-content\/uploads\/2026\/04\/8_6a66db8a8abd465b8ea7bce41cb8ea_c7bb6c941e034f36b5d48c44721bbcda_1024x1024.jpg\",\"contentUrl\":\"https:\/\/myphamphake.azdigi.shop\/wp-content\/uploads\/2026\/04\/8_6a66db8a8abd465b8ea7bce41cb8ea_c7bb6c941e034f36b5d48c44721bbcda_1024x1024.jpg\",\"width\":800,\"height\":800},{\"@type\":\"BreadcrumbList\",\"@id\":\"https:\/\/myphamphake.azdigi.shop\/index.php\/product\/dau-goi-cocoon-tinh-chat-dau-buoi-giup-giam-gay-rung-ho-tro-moc-toc-pomelo-shampoo\/#breadcrumb\",\"itemListElement\":[{\"@type\":\"ListItem\",\"position\":1,\"name\":\"Home\",\"item\":\"https:\/\/myphamphake.azdigi.shop\/\"},{\"@type\":\"ListItem\",\"position\":2,\"name\":\"Shop\",\"item\":\"https:\/\/myphamphake.azdigi.shop\/index.php\/shop\/\"},{\"@type\":\"ListItem\",\"position\":3,\"name\":\"D\u1ea7u G\u1ed9i Cocoon Tinh Ch\u1ea5t D\u1ea7u B\u01b0\u1edfi Gi\u00fap Gi\u1ea3m G\u00e3y R\u1ee5ng &#038; H\u1ed7 Tr\u1ee3 M\u1ecdc T\u00f3c Pomelo Shampoo\"}]},{\"@type\":\"WebSite\",\"@id\":\"https:\/\/myphamphake.azdigi.shop\/#website\",\"url\":\"https:\/\/myphamphake.azdigi.shop\/\",\"name\":\"myphamphake\",\"description\":\"\",\"potentialAction\":[{\"@type\":\"SearchAction\",\"target\":{\"@type\":\"EntryPoint\",\"urlTemplate\":\"https:\/\/myphamphake.azdigi.shop\/?s={search_term_string}\"},\"query-input\":{\"@type\":\"PropertyValueSpecification\",\"valueRequired\":true,\"valueName\":\"search_term_string\"}}],\"inLanguage\":\"vi\"}]}<\/script>\n<!-- \/ Yoast SEO plugin. -->","yoast_head_json":{"title":"D\u1ea7u G\u1ed9i Cocoon Tinh Ch\u1ea5t D\u1ea7u B\u01b0\u1edfi Gi\u00fap Gi\u1ea3m G\u00e3y R\u1ee5ng & H\u1ed7 Tr\u1ee3 M\u1ecdc T\u00f3c Pomelo Shampoo - myphamphake","robots":{"index":"index","follow":"follow","max-snippet":"max-snippet:-1","max-image-preview":"max-image-preview:large","max-video-preview":"max-video-preview:-1"},"canonical":"https:\/\/myphamphake.azdigi.shop\/index.php\/product\/dau-goi-cocoon-tinh-chat-dau-buoi-giup-giam-gay-rung-ho-tro-moc-toc-pomelo-shampoo\/","og_locale":"vi_VN","og_type":"article","og_title":"D\u1ea7u G\u1ed9i Cocoon Tinh Ch\u1ea5t D\u1ea7u B\u01b0\u1edfi Gi\u00fap Gi\u1ea3m G\u00e3y R\u1ee5ng & H\u1ed7 Tr\u1ee3 M\u1ecdc T\u00f3c Pomelo Shampoo - myphamphake","og_description":"Chi ti\u1ebft s\u1ea3n ph\u1ea9m T\u00ean s\u1ea3n ph\u1ea9m:\u00a0D\u1ea7u G\u1ed9i Tinh Ch\u1ea5t D\u1ea7u B\u01b0\u1edfi Gi\u00fap Gi\u1ea3m G\u00e3y R\u1ee5ng &amp; H\u1ed7 Tr\u1ee3 M\u1ecdc T\u00f3c Cocoon Pomelo Shampoo K\u1ebft c\u1ea5u:\u00a0D\u1ea1ng gel Dung t\u00edch:\u00a0310ml, 500ml Th\u01b0\u01a1ng hi\u1ec7u:\u00a0Cocoon (Vi\u1ec7t Nam) S\u1ea3n xu\u1ea5t:\u00a0Vi\u1ec7t Nam H\u1ea1n s\u1eed d\u1ee5ng:\u00a03 n\u0103m k\u1ec3 t\u1eeb ng\u00e0y s\u1ea3n xu\u1ea5t in tr\u00ean bao b\u00ec 1. Th\u00f4ng tin s\u1ea3n ph\u1ea9m [...]","og_url":"https:\/\/myphamphake.azdigi.shop\/index.php\/product\/dau-goi-cocoon-tinh-chat-dau-buoi-giup-giam-gay-rung-ho-tro-moc-toc-pomelo-shampoo\/","og_site_name":"myphamphake","og_image":[{"width":800,"height":800,"url":"https:\/\/myphamphake.azdigi.shop\/wp-content\/uploads\/2026\/04\/8_6a66db8a8abd465b8ea7bce41cb8ea_c7bb6c941e034f36b5d48c44721bbcda_1024x1024.jpg","type":"image\/jpeg"}],"twitter_card":"summary_large_image","twitter_misc":{"\u01af\u1edbc t\u00ednh th\u1eddi gian \u0111\u1ecdc":"4 ph\u00fat"},"schema":{"@context":"https:\/\/schema.org","@graph":[{"@type":"WebPage","@id":"https:\/\/myphamphake.azdigi.shop\/index.php\/product\/dau-goi-cocoon-tinh-chat-dau-buoi-giup-giam-gay-rung-ho-tro-moc-toc-pomelo-shampoo\/","url":"https:\/\/myphamphake.azdigi.shop\/index.php\/product\/dau-goi-cocoon-tinh-chat-dau-buoi-giup-giam-gay-rung-ho-tro-moc-toc-pomelo-shampoo\/","name":"D\u1ea7u G\u1ed9i Cocoon Tinh Ch\u1ea5t D\u1ea7u B\u01b0\u1edfi Gi\u00fap Gi\u1ea3m G\u00e3y R\u1ee5ng & H\u1ed7 Tr\u1ee3 M\u1ecdc T\u00f3c Pomelo Shampoo - myphamphake","isPartOf":{"@id":"https:\/\/myphamphake.azdigi.shop\/#website"},"primaryImageOfPage":{"@id":"https:\/\/myphamphake.azdigi.shop\/index.php\/product\/dau-goi-cocoon-tinh-chat-dau-buoi-giup-giam-gay-rung-ho-tro-moc-toc-pomelo-shampoo\/#primaryimage"},"image":{"@id":"https:\/\/myphamphake.azdigi.shop\/index.php\/product\/dau-goi-cocoon-tinh-chat-dau-buoi-giup-giam-gay-rung-ho-tro-moc-toc-pomelo-shampoo\/#primaryimage"},"thumbnailUrl":"https:\/\/myphamphake.azdigi.shop\/wp-content\/uploads\/2026\/04\/8_6a66db8a8abd465b8ea7bce41cb8ea_c7bb6c941e034f36b5d48c44721bbcda_1024x1024.jpg","datePublished":"2026-04-11T14:42:01+00:00","breadcrumb":{"@id":"https:\/\/myphamphake.azdigi.shop\/index.php\/product\/dau-goi-cocoon-tinh-chat-dau-buoi-giup-giam-gay-rung-ho-tro-moc-toc-pomelo-shampoo\/#breadcrumb"},"inLanguage":"vi","potentialAction":[{"@type":"ReadAction","target":["https:\/\/myphamphake.azdigi.shop\/index.php\/product\/dau-goi-cocoon-tinh-chat-dau-buoi-giup-giam-gay-rung-ho-tro-moc-toc-pomelo-shampoo\/"]}]},{"@type":"ImageObject","inLanguage":"vi","@id":"https:\/\/myphamphake.azdigi.shop\/index.php\/product\/dau-goi-cocoon-tinh-chat-dau-buoi-giup-giam-gay-rung-ho-tro-moc-toc-pomelo-shampoo\/#primaryimage","url":"https:\/\/myphamphake.azdigi.shop\/wp-content\/uploads\/2026\/04\/8_6a66db8a8abd465b8ea7bce41cb8ea_c7bb6c941e034f36b5d48c44721bbcda_1024x1024.jpg","contentUrl":"https:\/\/myphamphake.azdigi.shop\/wp-content\/uploads\/2026\/04\/8_6a66db8a8abd465b8ea7bce41cb8ea_c7bb6c941e034f36b5d48c44721bbcda_1024x1024.jpg","width":800,"height":800},{"@type":"BreadcrumbList","@id":"https:\/\/myphamphake.azdigi.shop\/index.php\/product\/dau-goi-cocoon-tinh-chat-dau-buoi-giup-giam-gay-rung-ho-tro-moc-toc-pomelo-shampoo\/#breadcrumb","itemListElement":[{"@type":"ListItem","position":1,"name":"Home","item":"https:\/\/myphamphake.azdigi.shop\/"},{"@type":"ListItem","position":2,"name":"Shop","item":"https:\/\/myphamphake.azdigi.shop\/index.php\/shop\/"},{"@type":"ListItem","position":3,"name":"D\u1ea7u G\u1ed9i Cocoon Tinh Ch\u1ea5t D\u1ea7u B\u01b0\u1edfi Gi\u00fap Gi\u1ea3m G\u00e3y R\u1ee5ng &#038; H\u1ed7 Tr\u1ee3 M\u1ecdc T\u00f3c Pomelo Shampoo"}]},{"@type":"WebSite","@id":"https:\/\/myphamphake.azdigi.shop\/#website","url":"https:\/\/myphamphake.azdigi.shop\/","name":"myphamphake","description":"","potentialAction":[{"@type":"SearchAction","target":{"@type":"EntryPoint","urlTemplate":"https:\/\/myphamphake.azdigi.shop\/?s={search_term_string}"},"query-input":{"@type":"PropertyValueSpecification","valueRequired":true,"valueName":"search_term_string"}}],"inLanguage":"vi"}]}},"_links":{"self":[{"href":"https:\/\/myphamphake.azdigi.shop\/index.php\/wp-json\/wp\/v2\/product\/621","targetHints":{"allow":["GET"]}}],"collection":[{"href":"https:\/\/myphamphake.azdigi.shop\/index.php\/wp-json\/wp\/v2\/product"}],"about":[{"href":"https:\/\/myphamphake.azdigi.shop\/index.php\/wp-json\/wp\/v2\/types\/product"}],"replies":[{"embeddable":true,"href":"https:\/\/myphamphake.azdigi.shop\/index.php\/wp-json\/wp\/v2\/comments?post=621"}],"wp:featuredmedia":[{"embeddable":true,"href":"https:\/\/myphamphake.azdigi.shop\/index.php\/wp-json\/wp\/v2\/media\/623"}],"wp:attachment":[{"href":"https:\/\/myphamphake.azdigi.shop\/index.php\/wp-json\/wp\/v2\/media?parent=621"}],"wp:term":[{"taxonomy":"product_brand","embeddable":true,"href":"https:\/\/myphamphake.azdigi.shop\/index.php\/wp-json\/wp\/v2\/product_brand?post=621"},{"taxonomy":"product_cat","embeddable":true,"href":"https:\/\/myphamphake.azdigi.shop\/index.php\/wp-json\/wp\/v2\/product_cat?post=621"},{"taxonomy":"product_tag","embeddable":true,"href":"https:\/\/myphamphake.azdigi.shop\/index.php\/wp-json\/wp\/v2\/product_tag?post=621"}],"curies":[{"name":"wp","href":"https:\/\/api.w.org\/{rel}","templated":true}]}}