{"id":630,"date":"2026-04-11T14:48:01","date_gmt":"2026-04-11T14:48:01","guid":{"rendered":"https:\/\/myphamphake.azdigi.shop\/?post_type=product&#038;p=630"},"modified":"2026-04-11T14:48:01","modified_gmt":"2026-04-11T14:48:01","slug":"dau-xa-cocoon-tinh-chat-dau-buoi-giup-giam-gay-rung-ho-tro-moc-toc-pomelo-conditioner-310ml","status":"publish","type":"product","link":"https:\/\/myphamphake.azdigi.shop\/index.php\/product\/dau-xa-cocoon-tinh-chat-dau-buoi-giup-giam-gay-rung-ho-tro-moc-toc-pomelo-conditioner-310ml\/","title":{"rendered":"D\u1ea7u X\u1ea3 Cocoon Tinh Ch\u1ea5t D\u1ea7u B\u01b0\u1edfi Gi\u00fap Gi\u1ea3m G\u00e3y R\u1ee5ng &#038; H\u1ed7 Tr\u1ee3 M\u1ecdc T\u00f3c Pomelo Conditioner 310ml"},"content":{"rendered":"<div class=\"product-section-title\">\n<h2>Chi ti\u1ebft s\u1ea3n ph\u1ea9m<\/h2>\n<\/div>\n<div class=\"page-product-description-detail-wrap expanded\">\n<div class=\"page-product-description-detail\">\n<ul>\n<li><strong>T\u00ean s\u1ea3n ph\u1ea9m:<\/strong>\u00a0D\u1ea7u X\u1ea3 Tinh Ch\u1ea5t D\u1ea7u B\u01b0\u1edfi Gi\u00fap Gi\u1ea3m G\u00e3y R\u1ee5ng &amp; H\u1ed7 Tr\u1ee3 M\u1ecdc T\u00f3c Cocoon Pomelo Conditioner<\/li>\n<li><strong>K\u1ebft c\u1ea5u:<\/strong>\u00a0D\u1ea1ng kem \u0111\u1eadm \u0111\u1eb7c<\/li>\n<li><strong>Dung t\u00edch:\u00a0<\/strong>310ml<\/li>\n<li><strong>Th\u01b0\u01a1ng hi\u1ec7u:\u00a0<\/strong>Cocoon (Vi\u1ec7t Nam)<\/li>\n<li><strong>N\u01a1i s\u1ea3n xu\u1ea5t:\u00a0<\/strong>Vi\u1ec7t Nam<\/li>\n<li><strong>H\u1ea1n s\u1eed d\u1ee5ng:<\/strong>\u00a03 n\u0103m k\u1ec3 t\u1eeb ng\u00e0y s\u1ea3n xu\u1ea5t in tr\u00ean bao b\u00ec<\/li>\n<\/ul>\n<h2><strong>1. Th\u00f4ng tin s\u1ea3n ph\u1ea9m<\/strong><\/h2>\n<p><strong>D\u1ea7u X\u1ea3 Tinh Ch\u1ea5t D\u1ea7u B\u01b0\u1edfi Gi\u00fap Gi\u1ea3m G\u00e3y\u00a0R\u1ee5ng &amp; H\u1ed7 Tr\u1ee3\u00a0M\u1ecdc T\u00f3c Cocoon Pomelo Conditioner<\/strong>\u00a0l\u00e0 s\u1ea3n ph\u1ea9m\u00a0<strong>d\u1ea7u x\u1ea3<\/strong>\u00a0\u0111\u1ebfn t\u1eeb\u00a0th\u01b0\u01a1ng hi\u1ec7u\u00a0<strong>Cocoon<\/strong>\u00a0v\u1edbi th\u00e0nh ph\u1ea7n \u0111\u01b0\u1ee3c chi\u1ebft xu\u1ea5t t\u1eeb tinh d\u1ea7u v\u1ecf b\u01b0\u1edfi\u00a0cung c\u1ea5p d\u01b0\u1ee1ng ch\u1ea5t nu\u00f4i d\u01b0\u1ee1ng m\u00e1i t\u00f3c m\u1ec1m m\u01b0\u1ee3t, kh\u1ecfe m\u1ea1nh v\u00e0 c\u1ea3i thi\u1ec7n t\u00ecnh tr\u1ea1ng t\u00f3c g\u00e3y r\u1ee5ng.<\/p>\n<p><img decoding=\"async\" src=\"https:\/\/file.hstatic.net\/1000006063\/file\/fec225a7a2188533eed17f8a909cb47d_quot_2cf83494e1614e9395a68263b7069309_master.jpg\" alt=\"D\u1ea7u X\u1ea3 Cocoon Tinh Ch\u1ea5t D\u1ea7u B\u01b0\u1edfi Gi\u00fap Gi\u1ea3m G\u00e3y R\u1ee5ng &amp; H\u1ed7 Tr\u1ee3 M\u1ecdc T\u00f3c Pomelo Conditioner 310ml\" \/><\/p>\n<h2><strong>2. \u01afu \u0111i\u1ec3m c\u1ee7a Cocoon Pomelo Conditioner<\/strong><\/h2>\n<p><strong>D\u1ea7u X\u1ea3 Tinh Ch\u1ea5t D\u1ea7u B\u01b0\u1edfi Gi\u00fap Gi\u1ea3m G\u00e3y R\u1ee5ng &amp; H\u1ed7 Tr\u1ee3 M\u1ecdc T\u00f3c Cocoon Pomelo Conditioner\u00a0<\/strong>hi\u1ec7n t\u1ea1i \u0111\u00e3 c\u00f3 m\u1eb7t t\u1ea1i\u00a0<a href=\"https:\/\/myphamphake.azdigi.shop\/\"><strong>MyPhamPhake<\/strong><\/a>\u00a0v\u1edbi nh\u1eefng \u0111\u1eb7c tr\u01b0ng n\u1ed5i b\u1eadt nh\u01b0 sau:<\/p>\n<ul>\n<li><strong>Th\u00e0nh ph\u1ea7n thi\u00ean nhi\u00ean:<\/strong>\u00a0V\u1edbi th\u00e0nh ph\u1ea7n chi\u1ebft xu\u1ea5t t\u1eeb thi\u00ean nhi\u00ean l\u00e0nh t\u00ednh t\u1eeb tinh d\u1ea7u v\u1ecf b\u01b0\u1edfi mang l\u1ea1i m\u00e1i t\u00f3c m\u1ec1m m\u1ea1i, h\u1ea1n ch\u1ebf vi khu\u1ea9n c\u00f3 h\u1ea1i cho da \u0111\u1ea7u, gi\u00fap gi\u1ea3m t\u00ecnh tr\u1ea1ng t\u00f3c g\u00e3y r\u1ee5ng v\u00e0 h\u1ed7 tr\u1ee3 m\u1ecdc t\u00f3c.<\/li>\n<li><strong>L\u00e0m s\u1ea1ch da \u0111\u1ea7u:\u00a0<\/strong>Chi\u1ebft xu\u1ea5t tinh d\u1ea7u b\u01b0\u1edfi c\u00f3 t\u00e1c d\u1ee5ng l\u00e0m s\u1ea1ch da d\u1ea7u, h\u1ed7 tr\u1ee3 m\u1ecdc t\u00f3c, mang l\u1ea1i m\u00e1i t\u00f3c m\u1ec1m m\u1ea1i, su\u00f4n m\u01b0\u1ee3t v\u00e0 b\u1ea3o v\u1ec7 s\u1ee3i t\u00f3c tr\u00e1nh tia c\u1ef1c t\u00edm g\u00e2y h\u1ea1i.<\/li>\n<li><strong>C\u1ea3i thi\u1ec7n t\u00ecnh tr\u1ea1ng t\u00f3c x\u01a1 r\u1ed1i:\u00a0<\/strong>Vitamin B5 gi\u00fap c\u1ea3i thi\u1ec7n t\u00ecnh tr\u1ea1ng t\u00f3c x\u01a1 r\u1ed1i, h\u01b0 t\u1ed5n do t\u1ea1o ki\u1ec3u ho\u1eb7c thu\u1ed1c nhu\u1ed9m, ng\u0103n t\u00ecnh tr\u1ea1ng g\u00e3y r\u1ee5ng v\u00e0 t\u0103ng \u0111\u1ed9 d\u00e0y cho t\u00f3c mang l\u1ea1i m\u00e1i t\u00f3c \u00f3ng m\u01b0\u1ee3t.<\/li>\n<li><strong>C\u1ea5p \u1ea9m cho t\u00f3c:<\/strong>\u00a0Xylishine\u2122 c\u00f3 t\u00e1c d\u1ee5ng cung c\u1ea5p \u0111\u1ed9 \u1ea9m, h\u1ed7 tr\u1ee3 ph\u1ee5c h\u1ed3i v\u00e0 t\u0103ng c\u01b0\u1eddng \u0111\u1ed9 b\u00f3ng cho t\u00f3c, ngo\u00e0i ra c\u00f2n gi\u00fap h\u1ea1n ch\u1ebf h\u01b0 t\u1ed5n, l\u00e0m d\u00e0y v\u00e0 c\u1ea3i thi\u1ec7n \u0111\u1ed9 b\u00f3ng kh\u1ecfe cho m\u00e1i t\u00f3c.<\/li>\n<\/ul>\n<p><img decoding=\"async\" src=\"https:\/\/file.hstatic.net\/1000006063\/file\/z4737831215921_6bf8bd2a9120c5b2e8d5e5d57712ccd1_44d132176a564ad1914a52d22848ab40.jpg\" alt=\"D\u1ea7u X\u1ea3 Cocoon Tinh Ch\u1ea5t D\u1ea7u B\u01b0\u1edfi Gi\u00fap Gi\u1ea3m G\u00e3y R\u1ee5ng &amp; H\u1ed7 Tr\u1ee3 M\u1ecdc T\u00f3c Pomelo Conditioner 310ml\" \/><\/p>\n<p><img decoding=\"async\" src=\"https:\/\/file.hstatic.net\/1000006063\/file\/8936104223026-extra3_5893651b6f914b3985ec621e61b1e943_master.jpg\" alt=\"D\u1ea7u X\u1ea3 Cocoon Tinh Ch\u1ea5t D\u1ea7u B\u01b0\u1edfi Gi\u00fap Gi\u1ea3m G\u00e3y R\u1ee5ng &amp; H\u1ed7 Tr\u1ee3 M\u1ecdc T\u00f3c Pomelo Conditioner 310ml\" \/><\/p>\n<p><img decoding=\"async\" src=\"https:\/\/file.hstatic.net\/1000006063\/file\/345746c12e324f8a9b800bb4afe6ef09_quot_73d583e080da44918acabed08be72e76_master.jpg\" alt=\"D\u1ea7u X\u1ea3 Cocoon Tinh Ch\u1ea5t D\u1ea7u B\u01b0\u1edfi Gi\u00fap Gi\u1ea3m G\u00e3y R\u1ee5ng &amp; H\u1ed7 Tr\u1ee3 M\u1ecdc T\u00f3c Pomelo Conditioner 310ml\" \/><\/p>\n<h2><strong>3. \u0110\u1ed1i t\u01b0\u1ee3ng khuy\u00ean d\u00f9ng<\/strong><\/h2>\n<ul>\n<li>D\u00e0nh cho t\u00f3c<\/li>\n<li>D\u00e0nh cho m\u00e1i t\u00f3c y\u1ebfu d\u1ec5 g\u00e3y, r\u1ee5ng<\/li>\n<li>D\u00e0nh cho t\u00f3c th\u01b0\u1eddng xuy\u00ean s\u1eed d\u1ee5ng nhi\u1ec7t v\u00e0 t\u1ea1o ki\u1ec3u<\/li>\n<\/ul>\n<h2><strong>4. C\u00e1ch b\u1ea3o qu\u1ea3n\u00a0<\/strong><\/h2>\n<ul>\n<li>Tr\u00e1nh \u00e1nh n\u1eafng tr\u1ef1c ti\u1ebfp<\/li>\n<li>\u0110\u1ec3 n\u01a1i kh\u00f4 r\u00e1o, tho\u00e1ng m\u00e1t<\/li>\n<li>\u0110\u1eady k\u00edn sau khi s\u1eed d\u1ee5ng<\/li>\n<\/ul>\n<h2><strong>5. H\u01b0\u1edbng d\u1eabn s\u1eed d\u1ee5ng<\/strong><\/h2>\n<ul>\n<li>S\u1eed d\u1ee5ng sau b\u01b0\u1edbc g\u1ed9i \u0111\u1ea7u, thoa d\u1ea7u x\u1ea3 l\u00ean t\u00f3c, xoa b\u00f3p nh\u1eb9 nh\u00e0ng, vu\u1ed1t nh\u1eb9 t\u1eeb ch\u00e2n t\u00f3c \u0111\u1ebfn ng\u1ecdn t\u00f3c, \u0111\u1ed3ng th\u1eddi massage da \u0111\u1ea7u nhi\u1ec1u l\u1ea7n gi\u00fap c\u00e1c m\u1ea1ch m\u00e1u l\u01b0u th\u00f4ng, nu\u00f4i d\u01b0\u1ee1ng t\u00f3c t\u1ed1t h\u01a1n, sau \u0111\u00f3 x\u1ea3 s\u1ea1ch v\u1edbi n\u01b0\u1edbc.<\/li>\n<\/ul>\n<h2><strong>6. Nh\u1eefng l\u01b0u \u00fd khi s\u1eed d\u1ee5ng\u00a0<\/strong><\/h2>\n<ul>\n<li>V\u1edbi da \u0111\u1ea7u nh\u1ea1y c\u1ea3m b\u1ea1n n\u00ean s\u1eed d\u1ee5ng m\u1ed9t ph\u1ea7n nh\u1ecf tr\u00ean da tr\u01b0\u1edbc khi s\u1eed d\u1ee5ng.<\/li>\n<\/ul>\n<h2><strong>7. Nh\u1eefng l\u01b0u \u00fd khi mua h\u00e0ng<\/strong><\/h2>\n<ul>\n<li>Hi\u1ec7n t\u1ea1i MyPhamPhake b\u00e1n song song m\u1eabu th\u01b0\u1eddng v\u00e0 m\u1eabu m\u1edbi<\/li>\n<\/ul>\n<h2><\/h2>\n<\/div>\n<\/div>\n","protected":false},"excerpt":{"rendered":"<p>Chi ti\u1ebft s\u1ea3n ph\u1ea9m T\u00ean s\u1ea3n ph\u1ea9m:\u00a0D\u1ea7u X\u1ea3 Tinh Ch\u1ea5t D\u1ea7u B\u01b0\u1edfi Gi\u00fap Gi\u1ea3m G\u00e3y R\u1ee5ng &amp; H\u1ed7 Tr\u1ee3 M\u1ecdc T\u00f3c Cocoon Pomelo Conditioner K\u1ebft c\u1ea5u:\u00a0D\u1ea1ng kem \u0111\u1eadm \u0111\u1eb7c Dung t\u00edch:\u00a0310ml Th\u01b0\u01a1ng hi\u1ec7u:\u00a0Cocoon (Vi\u1ec7t Nam) N\u01a1i s\u1ea3n xu\u1ea5t:\u00a0Vi\u1ec7t Nam H\u1ea1n s\u1eed d\u1ee5ng:\u00a03 n\u0103m k\u1ec3 t\u1eeb ng\u00e0y s\u1ea3n xu\u1ea5t in tr\u00ean bao b\u00ec 1. Th\u00f4ng tin [&#8230;]\n","protected":false},"featured_media":631,"comment_status":"open","ping_status":"closed","template":"","meta":[],"product_brand":[29],"product_cat":[56,57],"product_tag":[],"class_list":{"0":"post-630","1":"product","2":"type-product","3":"status-publish","4":"has-post-thumbnail","6":"product_brand-cocoon","7":"product_cat-cham-soc-toc-da-dau","8":"product_cat-dau-goi-xa","10":"first","11":"instock","12":"sale","13":"shipping-taxable","14":"purchasable","15":"product-type-variable"},"yoast_head":"<!-- This site is optimized with the Yoast SEO plugin v27.1.1 - https:\/\/yoast.com\/product\/yoast-seo-wordpress\/ -->\n<title>D\u1ea7u X\u1ea3 Cocoon Tinh Ch\u1ea5t D\u1ea7u B\u01b0\u1edfi Gi\u00fap Gi\u1ea3m G\u00e3y R\u1ee5ng &amp; H\u1ed7 Tr\u1ee3 M\u1ecdc T\u00f3c Pomelo Conditioner 310ml - myphamphake<\/title>\n<meta name=\"robots\" content=\"index, follow, max-snippet:-1, max-image-preview:large, max-video-preview:-1\" \/>\n<link rel=\"canonical\" href=\"https:\/\/myphamphake.azdigi.shop\/index.php\/product\/dau-xa-cocoon-tinh-chat-dau-buoi-giup-giam-gay-rung-ho-tro-moc-toc-pomelo-conditioner-310ml\/\" \/>\n<meta property=\"og:locale\" content=\"vi_VN\" \/>\n<meta property=\"og:type\" content=\"article\" \/>\n<meta property=\"og:title\" content=\"D\u1ea7u X\u1ea3 Cocoon Tinh Ch\u1ea5t D\u1ea7u B\u01b0\u1edfi Gi\u00fap Gi\u1ea3m G\u00e3y R\u1ee5ng &amp; H\u1ed7 Tr\u1ee3 M\u1ecdc T\u00f3c Pomelo Conditioner 310ml - myphamphake\" \/>\n<meta property=\"og:description\" content=\"Chi ti\u1ebft s\u1ea3n ph\u1ea9m T\u00ean s\u1ea3n ph\u1ea9m:\u00a0D\u1ea7u X\u1ea3 Tinh Ch\u1ea5t D\u1ea7u B\u01b0\u1edfi Gi\u00fap Gi\u1ea3m G\u00e3y R\u1ee5ng &amp; H\u1ed7 Tr\u1ee3 M\u1ecdc T\u00f3c Cocoon Pomelo Conditioner K\u1ebft c\u1ea5u:\u00a0D\u1ea1ng kem \u0111\u1eadm \u0111\u1eb7c Dung t\u00edch:\u00a0310ml Th\u01b0\u01a1ng hi\u1ec7u:\u00a0Cocoon (Vi\u1ec7t Nam) N\u01a1i s\u1ea3n xu\u1ea5t:\u00a0Vi\u1ec7t Nam H\u1ea1n s\u1eed d\u1ee5ng:\u00a03 n\u0103m k\u1ec3 t\u1eeb ng\u00e0y s\u1ea3n xu\u1ea5t in tr\u00ean bao b\u00ec 1. Th\u00f4ng tin [...]\" \/>\n<meta property=\"og:url\" content=\"https:\/\/myphamphake.azdigi.shop\/index.php\/product\/dau-xa-cocoon-tinh-chat-dau-buoi-giup-giam-gay-rung-ho-tro-moc-toc-pomelo-conditioner-310ml\/\" \/>\n<meta property=\"og:site_name\" content=\"myphamphake\" \/>\n<meta property=\"og:image\" content=\"https:\/\/myphamphake.azdigi.shop\/wp-content\/uploads\/2026\/04\/cocoon_pomelo_conditioner_8d3df28a7c274d0b95c4309baa71e667_1024x1024.jpg\" \/>\n\t<meta property=\"og:image:width\" content=\"800\" \/>\n\t<meta property=\"og:image:height\" content=\"800\" \/>\n\t<meta property=\"og:image:type\" content=\"image\/jpeg\" \/>\n<meta name=\"twitter:card\" content=\"summary_large_image\" \/>\n<meta name=\"twitter:label1\" content=\"\u01af\u1edbc t\u00ednh th\u1eddi gian \u0111\u1ecdc\" \/>\n\t<meta name=\"twitter:data1\" content=\"4 ph\u00fat\" \/>\n<script type=\"application\/ld+json\" class=\"yoast-schema-graph\">{\"@context\":\"https:\/\/schema.org\",\"@graph\":[{\"@type\":\"WebPage\",\"@id\":\"https:\/\/myphamphake.azdigi.shop\/index.php\/product\/dau-xa-cocoon-tinh-chat-dau-buoi-giup-giam-gay-rung-ho-tro-moc-toc-pomelo-conditioner-310ml\/\",\"url\":\"https:\/\/myphamphake.azdigi.shop\/index.php\/product\/dau-xa-cocoon-tinh-chat-dau-buoi-giup-giam-gay-rung-ho-tro-moc-toc-pomelo-conditioner-310ml\/\",\"name\":\"D\u1ea7u X\u1ea3 Cocoon Tinh Ch\u1ea5t D\u1ea7u B\u01b0\u1edfi Gi\u00fap Gi\u1ea3m G\u00e3y R\u1ee5ng & H\u1ed7 Tr\u1ee3 M\u1ecdc T\u00f3c Pomelo Conditioner 310ml - myphamphake\",\"isPartOf\":{\"@id\":\"https:\/\/myphamphake.azdigi.shop\/#website\"},\"primaryImageOfPage\":{\"@id\":\"https:\/\/myphamphake.azdigi.shop\/index.php\/product\/dau-xa-cocoon-tinh-chat-dau-buoi-giup-giam-gay-rung-ho-tro-moc-toc-pomelo-conditioner-310ml\/#primaryimage\"},\"image\":{\"@id\":\"https:\/\/myphamphake.azdigi.shop\/index.php\/product\/dau-xa-cocoon-tinh-chat-dau-buoi-giup-giam-gay-rung-ho-tro-moc-toc-pomelo-conditioner-310ml\/#primaryimage\"},\"thumbnailUrl\":\"https:\/\/myphamphake.azdigi.shop\/wp-content\/uploads\/2026\/04\/cocoon_pomelo_conditioner_8d3df28a7c274d0b95c4309baa71e667_1024x1024.jpg\",\"datePublished\":\"2026-04-11T14:48:01+00:00\",\"breadcrumb\":{\"@id\":\"https:\/\/myphamphake.azdigi.shop\/index.php\/product\/dau-xa-cocoon-tinh-chat-dau-buoi-giup-giam-gay-rung-ho-tro-moc-toc-pomelo-conditioner-310ml\/#breadcrumb\"},\"inLanguage\":\"vi\",\"potentialAction\":[{\"@type\":\"ReadAction\",\"target\":[\"https:\/\/myphamphake.azdigi.shop\/index.php\/product\/dau-xa-cocoon-tinh-chat-dau-buoi-giup-giam-gay-rung-ho-tro-moc-toc-pomelo-conditioner-310ml\/\"]}]},{\"@type\":\"ImageObject\",\"inLanguage\":\"vi\",\"@id\":\"https:\/\/myphamphake.azdigi.shop\/index.php\/product\/dau-xa-cocoon-tinh-chat-dau-buoi-giup-giam-gay-rung-ho-tro-moc-toc-pomelo-conditioner-310ml\/#primaryimage\",\"url\":\"https:\/\/myphamphake.azdigi.shop\/wp-content\/uploads\/2026\/04\/cocoon_pomelo_conditioner_8d3df28a7c274d0b95c4309baa71e667_1024x1024.jpg\",\"contentUrl\":\"https:\/\/myphamphake.azdigi.shop\/wp-content\/uploads\/2026\/04\/cocoon_pomelo_conditioner_8d3df28a7c274d0b95c4309baa71e667_1024x1024.jpg\",\"width\":800,\"height\":800},{\"@type\":\"BreadcrumbList\",\"@id\":\"https:\/\/myphamphake.azdigi.shop\/index.php\/product\/dau-xa-cocoon-tinh-chat-dau-buoi-giup-giam-gay-rung-ho-tro-moc-toc-pomelo-conditioner-310ml\/#breadcrumb\",\"itemListElement\":[{\"@type\":\"ListItem\",\"position\":1,\"name\":\"Home\",\"item\":\"https:\/\/myphamphake.azdigi.shop\/\"},{\"@type\":\"ListItem\",\"position\":2,\"name\":\"Shop\",\"item\":\"https:\/\/myphamphake.azdigi.shop\/index.php\/shop\/\"},{\"@type\":\"ListItem\",\"position\":3,\"name\":\"D\u1ea7u X\u1ea3 Cocoon Tinh Ch\u1ea5t D\u1ea7u B\u01b0\u1edfi Gi\u00fap Gi\u1ea3m G\u00e3y R\u1ee5ng &#038; H\u1ed7 Tr\u1ee3 M\u1ecdc T\u00f3c Pomelo Conditioner 310ml\"}]},{\"@type\":\"WebSite\",\"@id\":\"https:\/\/myphamphake.azdigi.shop\/#website\",\"url\":\"https:\/\/myphamphake.azdigi.shop\/\",\"name\":\"myphamphake\",\"description\":\"\",\"potentialAction\":[{\"@type\":\"SearchAction\",\"target\":{\"@type\":\"EntryPoint\",\"urlTemplate\":\"https:\/\/myphamphake.azdigi.shop\/?s={search_term_string}\"},\"query-input\":{\"@type\":\"PropertyValueSpecification\",\"valueRequired\":true,\"valueName\":\"search_term_string\"}}],\"inLanguage\":\"vi\"}]}<\/script>\n<!-- \/ Yoast SEO plugin. -->","yoast_head_json":{"title":"D\u1ea7u X\u1ea3 Cocoon Tinh Ch\u1ea5t D\u1ea7u B\u01b0\u1edfi Gi\u00fap Gi\u1ea3m G\u00e3y R\u1ee5ng & H\u1ed7 Tr\u1ee3 M\u1ecdc T\u00f3c Pomelo Conditioner 310ml - myphamphake","robots":{"index":"index","follow":"follow","max-snippet":"max-snippet:-1","max-image-preview":"max-image-preview:large","max-video-preview":"max-video-preview:-1"},"canonical":"https:\/\/myphamphake.azdigi.shop\/index.php\/product\/dau-xa-cocoon-tinh-chat-dau-buoi-giup-giam-gay-rung-ho-tro-moc-toc-pomelo-conditioner-310ml\/","og_locale":"vi_VN","og_type":"article","og_title":"D\u1ea7u X\u1ea3 Cocoon Tinh Ch\u1ea5t D\u1ea7u B\u01b0\u1edfi Gi\u00fap Gi\u1ea3m G\u00e3y R\u1ee5ng & H\u1ed7 Tr\u1ee3 M\u1ecdc T\u00f3c Pomelo Conditioner 310ml - myphamphake","og_description":"Chi ti\u1ebft s\u1ea3n ph\u1ea9m T\u00ean s\u1ea3n ph\u1ea9m:\u00a0D\u1ea7u X\u1ea3 Tinh Ch\u1ea5t D\u1ea7u B\u01b0\u1edfi Gi\u00fap Gi\u1ea3m G\u00e3y R\u1ee5ng &amp; H\u1ed7 Tr\u1ee3 M\u1ecdc T\u00f3c Cocoon Pomelo Conditioner K\u1ebft c\u1ea5u:\u00a0D\u1ea1ng kem \u0111\u1eadm \u0111\u1eb7c Dung t\u00edch:\u00a0310ml Th\u01b0\u01a1ng hi\u1ec7u:\u00a0Cocoon (Vi\u1ec7t Nam) N\u01a1i s\u1ea3n xu\u1ea5t:\u00a0Vi\u1ec7t Nam H\u1ea1n s\u1eed d\u1ee5ng:\u00a03 n\u0103m k\u1ec3 t\u1eeb ng\u00e0y s\u1ea3n xu\u1ea5t in tr\u00ean bao b\u00ec 1. Th\u00f4ng tin [...]","og_url":"https:\/\/myphamphake.azdigi.shop\/index.php\/product\/dau-xa-cocoon-tinh-chat-dau-buoi-giup-giam-gay-rung-ho-tro-moc-toc-pomelo-conditioner-310ml\/","og_site_name":"myphamphake","og_image":[{"width":800,"height":800,"url":"https:\/\/myphamphake.azdigi.shop\/wp-content\/uploads\/2026\/04\/cocoon_pomelo_conditioner_8d3df28a7c274d0b95c4309baa71e667_1024x1024.jpg","type":"image\/jpeg"}],"twitter_card":"summary_large_image","twitter_misc":{"\u01af\u1edbc t\u00ednh th\u1eddi gian \u0111\u1ecdc":"4 ph\u00fat"},"schema":{"@context":"https:\/\/schema.org","@graph":[{"@type":"WebPage","@id":"https:\/\/myphamphake.azdigi.shop\/index.php\/product\/dau-xa-cocoon-tinh-chat-dau-buoi-giup-giam-gay-rung-ho-tro-moc-toc-pomelo-conditioner-310ml\/","url":"https:\/\/myphamphake.azdigi.shop\/index.php\/product\/dau-xa-cocoon-tinh-chat-dau-buoi-giup-giam-gay-rung-ho-tro-moc-toc-pomelo-conditioner-310ml\/","name":"D\u1ea7u X\u1ea3 Cocoon Tinh Ch\u1ea5t D\u1ea7u B\u01b0\u1edfi Gi\u00fap Gi\u1ea3m G\u00e3y R\u1ee5ng & H\u1ed7 Tr\u1ee3 M\u1ecdc T\u00f3c Pomelo Conditioner 310ml - myphamphake","isPartOf":{"@id":"https:\/\/myphamphake.azdigi.shop\/#website"},"primaryImageOfPage":{"@id":"https:\/\/myphamphake.azdigi.shop\/index.php\/product\/dau-xa-cocoon-tinh-chat-dau-buoi-giup-giam-gay-rung-ho-tro-moc-toc-pomelo-conditioner-310ml\/#primaryimage"},"image":{"@id":"https:\/\/myphamphake.azdigi.shop\/index.php\/product\/dau-xa-cocoon-tinh-chat-dau-buoi-giup-giam-gay-rung-ho-tro-moc-toc-pomelo-conditioner-310ml\/#primaryimage"},"thumbnailUrl":"https:\/\/myphamphake.azdigi.shop\/wp-content\/uploads\/2026\/04\/cocoon_pomelo_conditioner_8d3df28a7c274d0b95c4309baa71e667_1024x1024.jpg","datePublished":"2026-04-11T14:48:01+00:00","breadcrumb":{"@id":"https:\/\/myphamphake.azdigi.shop\/index.php\/product\/dau-xa-cocoon-tinh-chat-dau-buoi-giup-giam-gay-rung-ho-tro-moc-toc-pomelo-conditioner-310ml\/#breadcrumb"},"inLanguage":"vi","potentialAction":[{"@type":"ReadAction","target":["https:\/\/myphamphake.azdigi.shop\/index.php\/product\/dau-xa-cocoon-tinh-chat-dau-buoi-giup-giam-gay-rung-ho-tro-moc-toc-pomelo-conditioner-310ml\/"]}]},{"@type":"ImageObject","inLanguage":"vi","@id":"https:\/\/myphamphake.azdigi.shop\/index.php\/product\/dau-xa-cocoon-tinh-chat-dau-buoi-giup-giam-gay-rung-ho-tro-moc-toc-pomelo-conditioner-310ml\/#primaryimage","url":"https:\/\/myphamphake.azdigi.shop\/wp-content\/uploads\/2026\/04\/cocoon_pomelo_conditioner_8d3df28a7c274d0b95c4309baa71e667_1024x1024.jpg","contentUrl":"https:\/\/myphamphake.azdigi.shop\/wp-content\/uploads\/2026\/04\/cocoon_pomelo_conditioner_8d3df28a7c274d0b95c4309baa71e667_1024x1024.jpg","width":800,"height":800},{"@type":"BreadcrumbList","@id":"https:\/\/myphamphake.azdigi.shop\/index.php\/product\/dau-xa-cocoon-tinh-chat-dau-buoi-giup-giam-gay-rung-ho-tro-moc-toc-pomelo-conditioner-310ml\/#breadcrumb","itemListElement":[{"@type":"ListItem","position":1,"name":"Home","item":"https:\/\/myphamphake.azdigi.shop\/"},{"@type":"ListItem","position":2,"name":"Shop","item":"https:\/\/myphamphake.azdigi.shop\/index.php\/shop\/"},{"@type":"ListItem","position":3,"name":"D\u1ea7u X\u1ea3 Cocoon Tinh Ch\u1ea5t D\u1ea7u B\u01b0\u1edfi Gi\u00fap Gi\u1ea3m G\u00e3y R\u1ee5ng &#038; H\u1ed7 Tr\u1ee3 M\u1ecdc T\u00f3c Pomelo Conditioner 310ml"}]},{"@type":"WebSite","@id":"https:\/\/myphamphake.azdigi.shop\/#website","url":"https:\/\/myphamphake.azdigi.shop\/","name":"myphamphake","description":"","potentialAction":[{"@type":"SearchAction","target":{"@type":"EntryPoint","urlTemplate":"https:\/\/myphamphake.azdigi.shop\/?s={search_term_string}"},"query-input":{"@type":"PropertyValueSpecification","valueRequired":true,"valueName":"search_term_string"}}],"inLanguage":"vi"}]}},"_links":{"self":[{"href":"https:\/\/myphamphake.azdigi.shop\/index.php\/wp-json\/wp\/v2\/product\/630","targetHints":{"allow":["GET"]}}],"collection":[{"href":"https:\/\/myphamphake.azdigi.shop\/index.php\/wp-json\/wp\/v2\/product"}],"about":[{"href":"https:\/\/myphamphake.azdigi.shop\/index.php\/wp-json\/wp\/v2\/types\/product"}],"replies":[{"embeddable":true,"href":"https:\/\/myphamphake.azdigi.shop\/index.php\/wp-json\/wp\/v2\/comments?post=630"}],"wp:featuredmedia":[{"embeddable":true,"href":"https:\/\/myphamphake.azdigi.shop\/index.php\/wp-json\/wp\/v2\/media\/631"}],"wp:attachment":[{"href":"https:\/\/myphamphake.azdigi.shop\/index.php\/wp-json\/wp\/v2\/media?parent=630"}],"wp:term":[{"taxonomy":"product_brand","embeddable":true,"href":"https:\/\/myphamphake.azdigi.shop\/index.php\/wp-json\/wp\/v2\/product_brand?post=630"},{"taxonomy":"product_cat","embeddable":true,"href":"https:\/\/myphamphake.azdigi.shop\/index.php\/wp-json\/wp\/v2\/product_cat?post=630"},{"taxonomy":"product_tag","embeddable":true,"href":"https:\/\/myphamphake.azdigi.shop\/index.php\/wp-json\/wp\/v2\/product_tag?post=630"}],"curies":[{"name":"wp","href":"https:\/\/api.w.org\/{rel}","templated":true}]}}