{"id":820,"date":"2026-04-17T11:15:07","date_gmt":"2026-04-17T11:15:07","guid":{"rendered":"https:\/\/myphamphake.azdigi.shop\/?post_type=product&#038;p=820"},"modified":"2026-04-17T12:25:25","modified_gmt":"2026-04-17T12:25:25","slug":"son-tint-guong-bong-colorkey-ben-mau-cang-bong-airy-lip-mirror-series-2-5g","status":"publish","type":"product","link":"https:\/\/myphamphake.azdigi.shop\/index.php\/product\/son-tint-guong-bong-colorkey-ben-mau-cang-bong-airy-lip-mirror-series-2-5g\/","title":{"rendered":"Son Tint G\u01b0\u01a1ng B\u00f3ng Colorkey B\u1ec1n M\u00e0u, C\u0103ng B\u00f3ng Airy Lip Mirror Series 2.5g"},"content":{"rendered":"<div class=\"product-section-title\">\n<h2>Chi ti\u1ebft s\u1ea3n ph\u1ea9m<\/h2>\n<\/div>\n<div class=\"page-product-description-detail-wrap expanded\">\n<div class=\"page-product-description-detail\">\n<ul>\n<li><strong>T\u00ean s\u1ea3n ph\u1ea9m:<\/strong>\u00a0Son Tint G\u01b0\u01a1ng B\u00f3ng B\u1ec1n M\u00e0u, C\u0103ng B\u00f3ng Colorkey Airy Lip Mirror Series<\/li>\n<li><strong>Ch\u1ea5t son:\u00a0<\/strong>Son tint<\/li>\n<li><strong>Dung t\u00edch:\u00a0<\/strong>2.5g<\/li>\n<li><strong>Th\u01b0\u01a1ng hi\u1ec7u:\u00a0<\/strong>Colorkey (Trung Qu\u1ed1c)<\/li>\n<li><strong>N\u01a1i s\u1ea3n xu\u1ea5t:\u00a0<\/strong>Trung Qu\u1ed1c<\/li>\n<li><strong>H\u1ea1n s\u1eed d\u1ee5ng:\u00a0<\/strong>3 n\u0103m k\u1ec3 t\u1eeb ng\u00e0y s\u1ea3n xu\u1ea5t in tr\u00ean bao b\u00ec<\/li>\n<\/ul>\n<h2><strong>1. Th\u00f4ng tin s\u1ea3n ph\u1ea9m<\/strong><\/h2>\n<p><strong>Son Tint G\u01b0\u01a1ng B\u00f3ng Colorkey B\u1ec1n M\u00e0u, C\u0103ng B\u00f3ng Airy Lip Mirror Series\u00a0<\/strong>l\u00e0<strong>\u00a0son tint\u00a0<\/strong>\u0111\u1ebfn t\u1eeb th\u01b0\u01a1ng hi\u1ec7u<strong>\u00a0Colorkey<\/strong>. Son c\u00f3 k\u1ebft c\u1ea5u son b\u00f3ng g\u01b0\u01a1ng, t\u1ea1o hi\u1ec7u \u1ee9ng \u0111\u00f4i m\u00f4i c\u0103ng b\u00f3ng r\u1ea1ng r\u1ee1 nh\u1eefng v\u1eabn trong tr\u1ebbo c\u00f9ng \u0111\u1ed9 b\u00e1m m\u00e0u t\u1ed1t l\u00e0m c\u0103ng tr\u00e0n m\u1ecdng n\u01b0\u1edbc, k\u1ebft c\u1ea5u t\u01b0\u01a1i m\u00e1t kh\u00f4ng g\u00e2y c\u1ea3m gi\u00e1c b\u1ebft d\u00ednh hay l\u00e0m m\u00f4i kh\u00f3 ch\u1ecbu<\/p>\n<p><img decoding=\"async\" src=\"https:\/\/cdn.hstatic.net\/files\/1000006063\/file\/colorkey_94c11eb48e134f54bd7bed5b40eb26a5.jpg\" alt=\"Son Tint G\u01b0\u01a1ng B\u00f3ng Colorkey B\u1ec1n M\u00e0u, C\u0103ng B\u00f3ng Airy Lip Mirror Series 2.5g\" \/><\/p>\n<h2><strong>2. B\u1ea3ng m\u00e0u c\u1ee7a Son Tint G\u01b0\u01a1ng B\u00f3ng Colorkey B\u1ec1n M\u00e0u, C\u0103ng B\u00f3ng Airy Lip Mirror Series<\/strong><\/h2>\n<p><strong>Son Tint G\u01b0\u01a1ng B\u00f3ng Colorkey B\u1ec1n M\u00e0u, C\u0103ng B\u00f3ng Airy Lip Mirror Series\u00a0<\/strong>hi\u1ec7n \u0111\u00e3 c\u00f3 t\u1ea1i\u00a0<a href=\"https:\/\/myphamphake.azdigi.shop\/\"><strong>MyPhamPhake\u00a0<\/strong><\/a>c\u00f3 c\u00e1c m\u00e0u sau:<\/p>\n<ul>\n<li><strong>R715:\u00a0<\/strong>H\u1ed3ng N\u00e2u H\u1ea1t D\u1ebb<\/li>\n<li><strong>R702:\u00a0<\/strong>\u0110\u1ecf R\u01b0\u1ee3u T\u00e1o T\u00e0u.<\/li>\n<li><strong>R738:\u00a0<\/strong>Latte tr\u00e0 \u0111en.<\/li>\n<li><strong>R704:\u00a0<\/strong>\u0110\u1ecf L\u1ea1nh Pha L\u00ea.<\/li>\n<li><strong>B708:\u00a0<\/strong>Tr\u00e0 \u0111\u1ecf cam \u0111\u00e0o.<\/li>\n<li><strong>O784:<\/strong>\u00a0H\u1ed3ng nude anh \u0111\u00e0o<\/li>\n<li><strong>P783:<\/strong>\u00a0H\u1ed3ng ph\u1ea5n s\u01b0\u01a1ng<\/li>\n<li><strong>B705:<\/strong>\u00a0Th\u1ea1ch nho pha l\u00ea.<\/li>\n<\/ul>\n<h2><strong>3. \u01afu \u0111i\u1ec3m c\u1ee7a Son Tint G\u01b0\u01a1ng B\u00f3ng Colorkey B\u1ec1n M\u00e0u, C\u0103ng B\u00f3ng Airy Lip Mirror Series<\/strong><\/h2>\n<p><strong>Son Tint G\u01b0\u01a1ng B\u00f3ng Colorkey B\u1ec1n M\u00e0u, C\u0103ng B\u00f3ng Airy Lip Mirror Series\u00a0<\/strong>hi\u1ec7n \u0111\u00e3 c\u00f3 m\u1eb7t t\u1ea1i <b><a href=\"https:\/\/myphamphake.azdigi.shop\/\">MyPhamPhake<\/a> <\/b>c\u00f3 nh\u1eefng \u0111\u1eb7c tr\u01b0ng n\u1ed5i b\u1eadt nh\u01b0 sau:<\/p>\n<ul>\n<li><strong>Thi\u1ebft k\u1ebf:\u00a0<\/strong>C\u00f3 thi\u1ebft k\u1ebf b\u1eaft m\u1eaft, sang tr\u1ecdng, c\u1ea7m ch\u1eafc tay nh\u1edd v\u1edbi v\u1ecf son nh\u00e1m m\u00e0u \u0111en c\u00f3 in t\u00ean th\u01b0\u01a1ng hi\u1ec7u Colorkey m\u00e0u x\u00e1m.<\/li>\n<li><strong>D\u01b0\u1ee1ng \u1ea9m m\u00f4i:<\/strong>\u00a0Son c\u00f3 c\u00f4ng th\u1ee9c tint n\u01b0\u1edbc gi\u00fap b\u1ea1n d\u1ec5 d\u00e0ng \u0111i\u1ec1u ch\u1ec9nh m\u00e0u c\u0169ng nh\u01b0 l\u01b0\u1ee3ng son th\u00edch h\u1ee3p khi s\u1eed d\u1ee5ng. \u0110\u1ed3ng th\u1eddi, c\u00f3 ch\u1ea5t d\u01b0\u1ee1ng \u1ea9m gi\u00fap khi son l\u00ean m\u00f4i m\u00e0 v\u1eabn gi\u1eefa nguy\u00ean \u0111\u1ed9 c\u0103ng b\u00f3ng trong su\u1ed1t th\u1eddi gian d\u00e0i.<\/li>\n<li><strong>K\u1ebft c\u1ea5u:\u00a0<\/strong>K\u1ebft c\u1ea5u son b\u00f3ng g\u01b0\u01a1ng, c\u0103ng tr\u00e0n m\u1ecdng n\u01b0\u1edbc, k\u1ebft c\u1ea5u t\u01b0\u01a1i m\u00e1t kh\u00f4ng g\u00e2y c\u1ea3m gi\u00e1c b\u1ebft d\u00ednh hay l\u00e0m m\u00f4i kh\u00f3 ch\u1ecbu<\/li>\n<li><strong>Nh\u1eb9 m\u00f4i:\u00a0<\/strong>Khi apply l\u00ean m\u00f4i t\u1ea1o c\u1ea3m gi\u00e1c r\u1ea5t nh\u1eb9, kh\u00f4ng n\u1eb7ng m\u00f4i, m\u00e0u son l\u00ean chu\u1ea9n.<\/li>\n<li><strong>B\u00e1m m\u00e0u t\u1ed1t:<\/strong>\u00a0Son c\u00f3 \u0111\u1ed9 b\u00e1m m\u00e0u cao, b\u1ea1n c\u00f3 th\u1ec3 \u0103n u\u1ed1ng tho\u1ea3i m\u00e1i m\u00e0 kh\u00f4ng s\u1ee3 lem hay tr\u00f4i<\/li>\n<\/ul>\n<p><img decoding=\"async\" src=\"https:\/\/cdn.hstatic.net\/files\/1000006063\/file\/2_f1192d2c53244fabbc465689a30435ff.jpg\" alt=\"Son Tint G\u01b0\u01a1ng B\u00f3ng Colorkey B\u1ec1n M\u00e0u, C\u0103ng B\u00f3ng Airy Lip Mirror Series 2.5g\" \/><\/p>\n<p><img decoding=\"async\" src=\"https:\/\/cdn.hstatic.net\/files\/1000006063\/file\/3_168dcf938f3f45d4bac9f6dfd0a39749.jpg\" alt=\"Son Tint G\u01b0\u01a1ng B\u00f3ng Colorkey B\u1ec1n M\u00e0u, C\u0103ng B\u00f3ng Airy Lip Mirror Series 2.5g\" \/><\/p>\n<p><img decoding=\"async\" src=\"https:\/\/cdn.hstatic.net\/files\/1000006063\/file\/1_ad3cb2636e2144d49f5849b29602feaf.jpg\" alt=\"Son Tint G\u01b0\u01a1ng B\u00f3ng Colorkey B\u1ec1n M\u00e0u, C\u0103ng B\u00f3ng Airy Lip Mirror Series 2.5g\" \/><\/p>\n<p><img decoding=\"async\" src=\"https:\/\/cdn.hstatic.net\/files\/1000006063\/file\/vn-11134207-7r98o-lsmgai8agsyhd1.jpg\" alt=\"Son Tint G\u01b0\u01a1ng B\u00f3ng Colorkey B\u1ec1n M\u00e0u, C\u0103ng B\u00f3ng Airy Lip Mirror Series 2.5g\" \/><\/p>\n<h2><strong>4. C\u00e1ch b\u1ea3o qu\u1ea3n<\/strong><\/h2>\n<ul>\n<li>Tr\u00e1nh \u00e1nh n\u1eafng tr\u1ef1c ti\u1ebfp<\/li>\n<li>\u0110\u1ec3 n\u01a1i kh\u00f4 r\u00e1o, tho\u00e1ng m\u00e1t<\/li>\n<li>\u0110\u1eady n\u1eafp k\u00edn sau khi s\u1eed d\u1ee5ng<\/li>\n<\/ul>\n<h2><strong>5. H\u01b0\u1edbng d\u1eabn s\u1eed d\u1ee5ng<\/strong><\/h2>\n<ul>\n<li><strong>B\u01b0\u1edbc 1:\u00a0<\/strong>B\u1ea1n n\u00ean d\u01b0\u1ee1ng \u1ea9m v\u00e0 l\u00e0m m\u1ec1m m\u00f4i tr\u01b0\u1edbc khi thoa son.<\/li>\n<li><strong>B\u01b0\u1edbc 2:\u00a0<\/strong>S\u1eed d\u1ee5ng \u0111\u1ea7u c\u1ecd thoa son l\u00ean m\u00f4i theo h\u00ecnh d\u00e1ng v\u00e0 khu\u00f4n m\u00f4i c\u1ee7a b\u1ea1n. B\u1eaft \u0111\u1ea7u t\u1eeb gi\u1eefa m\u00f4i v\u00e0 thoa ra hai b\u00ean. N\u1ebfu mu\u1ed1n m\u00e0u s\u1eafc t\u01b0\u01a1i s\u00e1ng h\u01a1n, b\u1ea1n c\u00f3 th\u1ec3 d\u1eb7m th\u00eam m\u1ed9t l\u1edbp son n\u1eefa.<\/li>\n<li><strong>B\u01b0\u1edbc 3:\u00a0<\/strong>D\u00f9ng \u0111\u1ea7u ng\u00f3n tay ho\u1eb7c c\u1ecd nh\u1ecf nh\u1eb9 nh\u00e0ng t\u00e1n \u0111\u1ec1u son tr\u00ean m\u00f4i \u0111\u1ec3 t\u1ea1o hi\u1ec7u \u1ee9ng m\u1edd v\u00e0 \u0111\u1ec1u m\u00e0u.<\/li>\n<li><strong>B\u01b0\u1edbc 4:\u00a0<\/strong>N\u1ebfu c\u1ea3m th\u1ea5y m\u00f4i kh\u00f4 ho\u1eb7c c\u1ea7n th\u00eam \u0111\u1ed9 b\u00f3ng, b\u1ea1n c\u00f3 th\u1ec3 d\u1eb7m th\u00eam m\u1ed9t l\u1edbp son m\u1ecfng ph\u1ee7 l\u00ean tr\u00ean.<\/li>\n<\/ul>\n<p><img decoding=\"async\" src=\"https:\/\/cdn.hstatic.net\/files\/1000006063\/file\/4_9f859a6040cc423b82eb76bdd9f49b79.jpg\" alt=\"Son Tint G\u01b0\u01a1ng B\u00f3ng Colorkey B\u1ec1n M\u00e0u, C\u0103ng B\u00f3ng Airy Lip Mirror Series 2.5g\" \/><\/p>\n<p><img decoding=\"async\" src=\"https:\/\/cdn.hstatic.net\/files\/1000006063\/file\/5_b7b4b53bafe7402eb05fba503ed5bf37.jpg\" alt=\"Son Tint G\u01b0\u01a1ng B\u00f3ng Colorkey B\u1ec1n M\u00e0u, C\u0103ng B\u00f3ng Airy Lip Mirror Series 2.5g\" \/><\/p>\n<h2><\/h2>\n<h2><strong>6. Nh\u1eefng l\u01b0u \u00fd khi s\u1eed d\u1ee5ng<\/strong><\/h2>\n<ul>\n<li>Ch\u1ecdn m\u00e0u son h\u1ee3p v\u1edbi t\u00f4ng da<\/li>\n<li>Kh\u00f4ng s\u1eed d\u1ee5ng son gi\u1ea3, son \u0111\u00e3 h\u1ebft h\u1ea1n<\/li>\n<li>Th\u01b0\u1eddng xuy\u00ean t\u1ea9y t\u1ebf b\u00e0o ch\u1ebft cho m\u00f4i \u0111\u1ec3 m\u00e0u son l\u00ean chu\u1ea9n nh\u1ea5t<\/li>\n<li>\u0110\u1eady n\u1eafp k\u00edn sau khi s\u1eed d\u1ee5ng \u0111\u1ec3 gi\u1eef cho son lu\u00f4n t\u01b0\u01a1i m\u1edbi v\u00e0 tr\u00e1nh kh\u00f4 n\u1ee9t<\/li>\n<li>M\u00e0u s\u1eafc c\u00f3 th\u1ec3 kh\u00e1c nhau t\u00f9y thu\u1ed9c v\u00e0o \u00e1nh s\u00e1ng, \u0111\u1ed9 ph\u00e2n gi\u1ea3i m\u00e0n h\u00ecnh v\u00e0 s\u1eafc t\u1ed1 da<\/li>\n<\/ul>\n<h2><strong>7. L\u01b0u \u00fd khi mua h\u00e0ng<\/strong><\/h2>\n<ul>\n<li>Bao b\u00ec s\u1ea3n ph\u1ea9m thay \u0111\u1ed5i theo t\u1eebng \u0111\u1ee3t nh\u1eadp h\u00e0ng.<\/li>\n<\/ul>\n<\/div>\n<\/div>\n","protected":false},"excerpt":{"rendered":"<p>Chi ti\u1ebft s\u1ea3n ph\u1ea9m T\u00ean s\u1ea3n ph\u1ea9m:\u00a0Son Tint G\u01b0\u01a1ng B\u00f3ng B\u1ec1n M\u00e0u, C\u0103ng B\u00f3ng Colorkey Airy Lip Mirror Series Ch\u1ea5t son:\u00a0Son tint Dung t\u00edch:\u00a02.5g Th\u01b0\u01a1ng hi\u1ec7u:\u00a0Colorkey (Trung Qu\u1ed1c) N\u01a1i s\u1ea3n xu\u1ea5t:\u00a0Trung Qu\u1ed1c H\u1ea1n s\u1eed d\u1ee5ng:\u00a03 n\u0103m k\u1ec3 t\u1eeb ng\u00e0y s\u1ea3n xu\u1ea5t in tr\u00ean bao b\u00ec 1. Th\u00f4ng tin s\u1ea3n ph\u1ea9m Son Tint G\u01b0\u01a1ng B\u00f3ng Colorkey [&#8230;]\n","protected":false},"featured_media":821,"comment_status":"open","ping_status":"closed","template":"","meta":[],"product_brand":[32],"product_cat":[69],"product_tag":[],"class_list":{"0":"post-820","1":"product","2":"type-product","3":"status-publish","4":"has-post-thumbnail","6":"product_brand-colorkey","7":"product_cat-trang-diem","9":"first","10":"instock","11":"sale","12":"shipping-taxable","13":"purchasable","14":"product-type-variable"},"yoast_head":"<!-- This site is optimized with the Yoast SEO plugin v27.1.1 - https:\/\/yoast.com\/product\/yoast-seo-wordpress\/ -->\n<title>Son Tint G\u01b0\u01a1ng B\u00f3ng Colorkey B\u1ec1n M\u00e0u, C\u0103ng B\u00f3ng Airy Lip Mirror Series 2.5g - myphamphake<\/title>\n<meta name=\"robots\" content=\"index, follow, max-snippet:-1, max-image-preview:large, max-video-preview:-1\" \/>\n<link rel=\"canonical\" href=\"https:\/\/myphamphake.azdigi.shop\/index.php\/product\/son-tint-guong-bong-colorkey-ben-mau-cang-bong-airy-lip-mirror-series-2-5g\/\" \/>\n<meta property=\"og:locale\" content=\"vi_VN\" \/>\n<meta property=\"og:type\" content=\"article\" \/>\n<meta property=\"og:title\" content=\"Son Tint G\u01b0\u01a1ng B\u00f3ng Colorkey B\u1ec1n M\u00e0u, C\u0103ng B\u00f3ng Airy Lip Mirror Series 2.5g - myphamphake\" \/>\n<meta property=\"og:description\" content=\"Chi ti\u1ebft s\u1ea3n ph\u1ea9m T\u00ean s\u1ea3n ph\u1ea9m:\u00a0Son Tint G\u01b0\u01a1ng B\u00f3ng B\u1ec1n M\u00e0u, C\u0103ng B\u00f3ng Colorkey Airy Lip Mirror Series Ch\u1ea5t son:\u00a0Son tint Dung t\u00edch:\u00a02.5g Th\u01b0\u01a1ng hi\u1ec7u:\u00a0Colorkey (Trung Qu\u1ed1c) N\u01a1i s\u1ea3n xu\u1ea5t:\u00a0Trung Qu\u1ed1c H\u1ea1n s\u1eed d\u1ee5ng:\u00a03 n\u0103m k\u1ec3 t\u1eeb ng\u00e0y s\u1ea3n xu\u1ea5t in tr\u00ean bao b\u00ec 1. Th\u00f4ng tin s\u1ea3n ph\u1ea9m Son Tint G\u01b0\u01a1ng B\u00f3ng Colorkey [...]\" \/>\n<meta property=\"og:url\" content=\"https:\/\/myphamphake.azdigi.shop\/index.php\/product\/son-tint-guong-bong-colorkey-ben-mau-cang-bong-airy-lip-mirror-series-2-5g\/\" \/>\n<meta property=\"og:site_name\" content=\"myphamphake\" \/>\n<meta property=\"article:modified_time\" content=\"2026-04-17T12:25:25+00:00\" \/>\n<meta property=\"og:image\" content=\"https:\/\/myphamphake.azdigi.shop\/wp-content\/uploads\/2026\/04\/colorkey_78ec67e8ef2d4ddebde815145977f9e3_1024x1024.jpg\" \/>\n\t<meta property=\"og:image:width\" content=\"800\" \/>\n\t<meta property=\"og:image:height\" content=\"800\" \/>\n\t<meta property=\"og:image:type\" content=\"image\/jpeg\" \/>\n<meta name=\"twitter:card\" content=\"summary_large_image\" \/>\n<meta name=\"twitter:label1\" content=\"\u01af\u1edbc t\u00ednh th\u1eddi gian \u0111\u1ecdc\" \/>\n\t<meta name=\"twitter:data1\" content=\"5 ph\u00fat\" \/>\n<script type=\"application\/ld+json\" class=\"yoast-schema-graph\">{\"@context\":\"https:\/\/schema.org\",\"@graph\":[{\"@type\":\"WebPage\",\"@id\":\"https:\/\/myphamphake.azdigi.shop\/index.php\/product\/son-tint-guong-bong-colorkey-ben-mau-cang-bong-airy-lip-mirror-series-2-5g\/\",\"url\":\"https:\/\/myphamphake.azdigi.shop\/index.php\/product\/son-tint-guong-bong-colorkey-ben-mau-cang-bong-airy-lip-mirror-series-2-5g\/\",\"name\":\"Son Tint G\u01b0\u01a1ng B\u00f3ng Colorkey B\u1ec1n M\u00e0u, C\u0103ng B\u00f3ng Airy Lip Mirror Series 2.5g - myphamphake\",\"isPartOf\":{\"@id\":\"https:\/\/myphamphake.azdigi.shop\/#website\"},\"primaryImageOfPage\":{\"@id\":\"https:\/\/myphamphake.azdigi.shop\/index.php\/product\/son-tint-guong-bong-colorkey-ben-mau-cang-bong-airy-lip-mirror-series-2-5g\/#primaryimage\"},\"image\":{\"@id\":\"https:\/\/myphamphake.azdigi.shop\/index.php\/product\/son-tint-guong-bong-colorkey-ben-mau-cang-bong-airy-lip-mirror-series-2-5g\/#primaryimage\"},\"thumbnailUrl\":\"https:\/\/myphamphake.azdigi.shop\/wp-content\/uploads\/2026\/04\/colorkey_78ec67e8ef2d4ddebde815145977f9e3_1024x1024.jpg\",\"datePublished\":\"2026-04-17T11:15:07+00:00\",\"dateModified\":\"2026-04-17T12:25:25+00:00\",\"breadcrumb\":{\"@id\":\"https:\/\/myphamphake.azdigi.shop\/index.php\/product\/son-tint-guong-bong-colorkey-ben-mau-cang-bong-airy-lip-mirror-series-2-5g\/#breadcrumb\"},\"inLanguage\":\"vi\",\"potentialAction\":[{\"@type\":\"ReadAction\",\"target\":[\"https:\/\/myphamphake.azdigi.shop\/index.php\/product\/son-tint-guong-bong-colorkey-ben-mau-cang-bong-airy-lip-mirror-series-2-5g\/\"]}]},{\"@type\":\"ImageObject\",\"inLanguage\":\"vi\",\"@id\":\"https:\/\/myphamphake.azdigi.shop\/index.php\/product\/son-tint-guong-bong-colorkey-ben-mau-cang-bong-airy-lip-mirror-series-2-5g\/#primaryimage\",\"url\":\"https:\/\/myphamphake.azdigi.shop\/wp-content\/uploads\/2026\/04\/colorkey_78ec67e8ef2d4ddebde815145977f9e3_1024x1024.jpg\",\"contentUrl\":\"https:\/\/myphamphake.azdigi.shop\/wp-content\/uploads\/2026\/04\/colorkey_78ec67e8ef2d4ddebde815145977f9e3_1024x1024.jpg\",\"width\":800,\"height\":800},{\"@type\":\"BreadcrumbList\",\"@id\":\"https:\/\/myphamphake.azdigi.shop\/index.php\/product\/son-tint-guong-bong-colorkey-ben-mau-cang-bong-airy-lip-mirror-series-2-5g\/#breadcrumb\",\"itemListElement\":[{\"@type\":\"ListItem\",\"position\":1,\"name\":\"Home\",\"item\":\"https:\/\/myphamphake.azdigi.shop\/\"},{\"@type\":\"ListItem\",\"position\":2,\"name\":\"Shop\",\"item\":\"https:\/\/myphamphake.azdigi.shop\/index.php\/shop\/\"},{\"@type\":\"ListItem\",\"position\":3,\"name\":\"Son Tint G\u01b0\u01a1ng B\u00f3ng Colorkey B\u1ec1n M\u00e0u, C\u0103ng B\u00f3ng Airy Lip Mirror Series 2.5g\"}]},{\"@type\":\"WebSite\",\"@id\":\"https:\/\/myphamphake.azdigi.shop\/#website\",\"url\":\"https:\/\/myphamphake.azdigi.shop\/\",\"name\":\"myphamphake\",\"description\":\"\",\"potentialAction\":[{\"@type\":\"SearchAction\",\"target\":{\"@type\":\"EntryPoint\",\"urlTemplate\":\"https:\/\/myphamphake.azdigi.shop\/?s={search_term_string}\"},\"query-input\":{\"@type\":\"PropertyValueSpecification\",\"valueRequired\":true,\"valueName\":\"search_term_string\"}}],\"inLanguage\":\"vi\"}]}<\/script>\n<!-- \/ Yoast SEO plugin. -->","yoast_head_json":{"title":"Son Tint G\u01b0\u01a1ng B\u00f3ng Colorkey B\u1ec1n M\u00e0u, C\u0103ng B\u00f3ng Airy Lip Mirror Series 2.5g - myphamphake","robots":{"index":"index","follow":"follow","max-snippet":"max-snippet:-1","max-image-preview":"max-image-preview:large","max-video-preview":"max-video-preview:-1"},"canonical":"https:\/\/myphamphake.azdigi.shop\/index.php\/product\/son-tint-guong-bong-colorkey-ben-mau-cang-bong-airy-lip-mirror-series-2-5g\/","og_locale":"vi_VN","og_type":"article","og_title":"Son Tint G\u01b0\u01a1ng B\u00f3ng Colorkey B\u1ec1n M\u00e0u, C\u0103ng B\u00f3ng Airy Lip Mirror Series 2.5g - myphamphake","og_description":"Chi ti\u1ebft s\u1ea3n ph\u1ea9m T\u00ean s\u1ea3n ph\u1ea9m:\u00a0Son Tint G\u01b0\u01a1ng B\u00f3ng B\u1ec1n M\u00e0u, C\u0103ng B\u00f3ng Colorkey Airy Lip Mirror Series Ch\u1ea5t son:\u00a0Son tint Dung t\u00edch:\u00a02.5g Th\u01b0\u01a1ng hi\u1ec7u:\u00a0Colorkey (Trung Qu\u1ed1c) N\u01a1i s\u1ea3n xu\u1ea5t:\u00a0Trung Qu\u1ed1c H\u1ea1n s\u1eed d\u1ee5ng:\u00a03 n\u0103m k\u1ec3 t\u1eeb ng\u00e0y s\u1ea3n xu\u1ea5t in tr\u00ean bao b\u00ec 1. Th\u00f4ng tin s\u1ea3n ph\u1ea9m Son Tint G\u01b0\u01a1ng B\u00f3ng Colorkey [...]","og_url":"https:\/\/myphamphake.azdigi.shop\/index.php\/product\/son-tint-guong-bong-colorkey-ben-mau-cang-bong-airy-lip-mirror-series-2-5g\/","og_site_name":"myphamphake","article_modified_time":"2026-04-17T12:25:25+00:00","og_image":[{"width":800,"height":800,"url":"https:\/\/myphamphake.azdigi.shop\/wp-content\/uploads\/2026\/04\/colorkey_78ec67e8ef2d4ddebde815145977f9e3_1024x1024.jpg","type":"image\/jpeg"}],"twitter_card":"summary_large_image","twitter_misc":{"\u01af\u1edbc t\u00ednh th\u1eddi gian \u0111\u1ecdc":"5 ph\u00fat"},"schema":{"@context":"https:\/\/schema.org","@graph":[{"@type":"WebPage","@id":"https:\/\/myphamphake.azdigi.shop\/index.php\/product\/son-tint-guong-bong-colorkey-ben-mau-cang-bong-airy-lip-mirror-series-2-5g\/","url":"https:\/\/myphamphake.azdigi.shop\/index.php\/product\/son-tint-guong-bong-colorkey-ben-mau-cang-bong-airy-lip-mirror-series-2-5g\/","name":"Son Tint G\u01b0\u01a1ng B\u00f3ng Colorkey B\u1ec1n M\u00e0u, C\u0103ng B\u00f3ng Airy Lip Mirror Series 2.5g - myphamphake","isPartOf":{"@id":"https:\/\/myphamphake.azdigi.shop\/#website"},"primaryImageOfPage":{"@id":"https:\/\/myphamphake.azdigi.shop\/index.php\/product\/son-tint-guong-bong-colorkey-ben-mau-cang-bong-airy-lip-mirror-series-2-5g\/#primaryimage"},"image":{"@id":"https:\/\/myphamphake.azdigi.shop\/index.php\/product\/son-tint-guong-bong-colorkey-ben-mau-cang-bong-airy-lip-mirror-series-2-5g\/#primaryimage"},"thumbnailUrl":"https:\/\/myphamphake.azdigi.shop\/wp-content\/uploads\/2026\/04\/colorkey_78ec67e8ef2d4ddebde815145977f9e3_1024x1024.jpg","datePublished":"2026-04-17T11:15:07+00:00","dateModified":"2026-04-17T12:25:25+00:00","breadcrumb":{"@id":"https:\/\/myphamphake.azdigi.shop\/index.php\/product\/son-tint-guong-bong-colorkey-ben-mau-cang-bong-airy-lip-mirror-series-2-5g\/#breadcrumb"},"inLanguage":"vi","potentialAction":[{"@type":"ReadAction","target":["https:\/\/myphamphake.azdigi.shop\/index.php\/product\/son-tint-guong-bong-colorkey-ben-mau-cang-bong-airy-lip-mirror-series-2-5g\/"]}]},{"@type":"ImageObject","inLanguage":"vi","@id":"https:\/\/myphamphake.azdigi.shop\/index.php\/product\/son-tint-guong-bong-colorkey-ben-mau-cang-bong-airy-lip-mirror-series-2-5g\/#primaryimage","url":"https:\/\/myphamphake.azdigi.shop\/wp-content\/uploads\/2026\/04\/colorkey_78ec67e8ef2d4ddebde815145977f9e3_1024x1024.jpg","contentUrl":"https:\/\/myphamphake.azdigi.shop\/wp-content\/uploads\/2026\/04\/colorkey_78ec67e8ef2d4ddebde815145977f9e3_1024x1024.jpg","width":800,"height":800},{"@type":"BreadcrumbList","@id":"https:\/\/myphamphake.azdigi.shop\/index.php\/product\/son-tint-guong-bong-colorkey-ben-mau-cang-bong-airy-lip-mirror-series-2-5g\/#breadcrumb","itemListElement":[{"@type":"ListItem","position":1,"name":"Home","item":"https:\/\/myphamphake.azdigi.shop\/"},{"@type":"ListItem","position":2,"name":"Shop","item":"https:\/\/myphamphake.azdigi.shop\/index.php\/shop\/"},{"@type":"ListItem","position":3,"name":"Son Tint G\u01b0\u01a1ng B\u00f3ng Colorkey B\u1ec1n M\u00e0u, C\u0103ng B\u00f3ng Airy Lip Mirror Series 2.5g"}]},{"@type":"WebSite","@id":"https:\/\/myphamphake.azdigi.shop\/#website","url":"https:\/\/myphamphake.azdigi.shop\/","name":"myphamphake","description":"","potentialAction":[{"@type":"SearchAction","target":{"@type":"EntryPoint","urlTemplate":"https:\/\/myphamphake.azdigi.shop\/?s={search_term_string}"},"query-input":{"@type":"PropertyValueSpecification","valueRequired":true,"valueName":"search_term_string"}}],"inLanguage":"vi"}]}},"_links":{"self":[{"href":"https:\/\/myphamphake.azdigi.shop\/index.php\/wp-json\/wp\/v2\/product\/820","targetHints":{"allow":["GET"]}}],"collection":[{"href":"https:\/\/myphamphake.azdigi.shop\/index.php\/wp-json\/wp\/v2\/product"}],"about":[{"href":"https:\/\/myphamphake.azdigi.shop\/index.php\/wp-json\/wp\/v2\/types\/product"}],"replies":[{"embeddable":true,"href":"https:\/\/myphamphake.azdigi.shop\/index.php\/wp-json\/wp\/v2\/comments?post=820"}],"wp:featuredmedia":[{"embeddable":true,"href":"https:\/\/myphamphake.azdigi.shop\/index.php\/wp-json\/wp\/v2\/media\/821"}],"wp:attachment":[{"href":"https:\/\/myphamphake.azdigi.shop\/index.php\/wp-json\/wp\/v2\/media?parent=820"}],"wp:term":[{"taxonomy":"product_brand","embeddable":true,"href":"https:\/\/myphamphake.azdigi.shop\/index.php\/wp-json\/wp\/v2\/product_brand?post=820"},{"taxonomy":"product_cat","embeddable":true,"href":"https:\/\/myphamphake.azdigi.shop\/index.php\/wp-json\/wp\/v2\/product_cat?post=820"},{"taxonomy":"product_tag","embeddable":true,"href":"https:\/\/myphamphake.azdigi.shop\/index.php\/wp-json\/wp\/v2\/product_tag?post=820"}],"curies":[{"name":"wp","href":"https:\/\/api.w.org\/{rel}","templated":true}]}}