{"id":873,"date":"2026-04-17T14:00:25","date_gmt":"2026-04-17T14:00:25","guid":{"rendered":"https:\/\/myphamphake.azdigi.shop\/?post_type=product&#038;p=873"},"modified":"2026-04-17T14:08:59","modified_gmt":"2026-04-17T14:08:59","slug":"bang-phan-mat-colorkey-7-o-mau-da-nang-embrace-nature-seven-shade-makeup-palette","status":"publish","type":"product","link":"https:\/\/myphamphake.azdigi.shop\/index.php\/product\/bang-phan-mat-colorkey-7-o-mau-da-nang-embrace-nature-seven-shade-makeup-palette\/","title":{"rendered":"B\u1ea3ng Ph\u1ea5n M\u1eaft Colorkey 7 \u00d4 M\u00e0u \u0110a N\u0103ng Embrace Nature Seven-Shade Makeup Palette"},"content":{"rendered":"<div class=\"product-section-title\">\n<h2>Chi ti\u1ebft s\u1ea3n ph\u1ea9m<\/h2>\n<\/div>\n<div class=\"page-product-description-detail-wrap expanded\">\n<div class=\"page-product-description-detail\">\n<ul>\n<li><strong>T\u00ean s\u1ea3n ph\u1ea9m:<\/strong>\u00a0B\u1ea3ng Ph\u1ea5n M\u1eaft\u00a07 \u00d4 M\u00e0u Colorkey Embrace Nature Seven-Shade Makeup Palette<\/li>\n<li><strong>Dung t\u00edch:<\/strong>\u00a0M\u00e0u 01: 15g; m\u00e0u 02: 14.6g<\/li>\n<li><strong>Th\u01b0\u01a1ng hi\u1ec7u:<\/strong>\u00a0Colorkey\u00a0(Trung Qu\u1ed1c)<\/li>\n<li><strong>H\u1ea1n s\u1eed d\u1ee5ng:<\/strong>\u00a03 n\u0103m k\u1ec3 t\u1eeb ng\u00e0y s\u1ea3n xu\u1ea5t\/NSX xem tr\u00ean bao b\u00ec.<\/li>\n<\/ul>\n<h2><strong>1. Th\u00f4ng tin s\u1ea3n ph\u1ea9m<\/strong><\/h2>\n<p><strong>B\u1ea3ng Ph\u1ea5n Trang \u0110i\u1ec3m \u0110a N\u0103ng 7 \u00d4 M\u00e0u Colorkey Embrace Nature Seven-Shade Makeup Palette<\/strong>\u00a0l\u00e0\u00a0<strong>b\u1ea3ng ph\u1ea5n m\u1eaft<\/strong>\u00a0c\u1ee7a th\u01b0\u01a1ng hi\u1ec7u\u00a0<strong>Colorkey<\/strong>.\u00a0S\u1edf h\u1eefu 7 \u00f4 m\u00e0u \u0111a n\u0103ng t\u00edch h\u1ee3p ph\u1ea5n m\u1eaft, m\u00e1 h\u1ed3ng, highlight v\u00e0 t\u1ea1o kh\u1ed1i trong m\u1ed9t thi\u1ebft k\u1ebf nh\u1ecf g\u1ecdn, ph\u00f9 h\u1ee3p cho nhi\u1ec1u phong c\u00e1ch trang \u0111i\u1ec3m kh\u00e1c nhau. Ch\u1ea5t ph\u1ea5n si\u00eau m\u1ecbn, b\u00e1m m\u00e0u l\u00e2u tr\u00f4i, c\u00e1c gam m\u00e0u nh\u0169 l\u1ea5p l\u00e1nh b\u1eaft s\u00e1ng t\u1ef1 nhi\u00ean, t\u00edch h\u1ee3p g\u01b0\u01a1ng ti\u1ec7n l\u1ee3i gi\u00fap t\u1ea1o l\u1edbp trang \u0111i\u1ec3m r\u1ea1ng r\u1ee1, cu\u1ed1n h\u00fat su\u1ed1t ng\u00e0y d\u00e0i.<\/p>\n<p><img decoding=\"async\" src=\"https:\/\/cdn.hstatic.net\/files\/1000006063\/file\/1_39c72d3df6c94cb79d3b5d7a37539cda.jpg\" alt=\"B\u1ea3ng Ph\u1ea5n M\u1eaft Colorkey 7 \u00d4 M\u00e0u \u0110a N\u0103ng Embrace Nature Seven-Shade Makeup Palette\" \/><\/p>\n<h2><strong>2 B\u1ea3ng m\u00e0u c\u1ee7a Colorkey Embrace Nature Seven-Shade Makeup Palette<\/strong><\/h2>\n<div><strong>B\u1ea3ng Ph\u1ea5n Trang \u0110i\u1ec3m \u0110a N\u0103ng 7 \u00d4 M\u00e0u Colorkey Embrace Nature Seven-Shade Makeup Palette\u00a0<\/strong>hi\u1ec7n nay \u0111\u00e3 c\u00f3 m\u1eb7t t\u1ea1i <strong><a href=\"https:\/\/myphamphake.azdigi.shop\/\">MyPhamPhake<\/a>\u00a0<\/strong>v\u1edbi 2 m\u00e0u sau:<\/div>\n<ul>\n<li><strong>01: M\u00e0u n\u00e2u t\u00e2y\u00a0<\/strong>&#8211;\u00a0phong c\u00e1ch trang \u0111i\u1ec3m nh\u1eb9 nh\u00e0ng h\u1eb1ng ng\u00e0y<\/li>\n<li><strong>02: M\u00e0u h\u1ed3ng ph\u1ea5n<\/strong>\u00a0&#8211;\u00a0phong c\u00e1ch trang \u0111i\u1ec3m trong tr\u1ebbo n\u1eef t\u00ednh<\/li>\n<\/ul>\n<h2><strong>3. \u0110\u1eb7c tr\u01b0ng c\u1ee7a B\u1ea3ng Ph\u1ea5n Trang \u0110i\u1ec3m \u0110a N\u0103ng 7 \u00d4 M\u00e0u Colorkey Embrace Nature Seven-Shade Makeup Palette<\/strong><\/h2>\n<p><strong>B\u1ea3ng Ph\u1ea5n Trang \u0110i\u1ec3m \u0110a N\u0103ng 7 \u00d4 M\u00e0u Colorkey Embrace Nature Seven-Shade Makeup Palette\u00a0<\/strong>hi\u1ec7n nay \u0111\u00e3 c\u00f3 m\u1eb7t t\u1ea1i<strong> <a href=\"https:\/\/myphamphake.azdigi.shop\/\">MyPhamPhake<\/a>\u00a0<\/strong>v\u1edbi nh\u1eefng \u0111\u1eb7c tr\u01b0ng n\u1ed5i b\u1eadt sau:<\/p>\n<ul>\n<li>G\u1ed3m 7 \u00f4 m\u00e0u \u0111a d\u1ea1ng, k\u1ebft h\u1ee3p gi\u1eefa ph\u1ea5n m\u1eaft, m\u00e1 h\u1ed3ng, hightlight v\u00e0 t\u1ea1o kh\u1ed1i, ph\u00f9 h\u1ee3p cho nhi\u1ec1u phong c\u00e1ch trang \u0111i\u1ec3m kh\u00e1c nhau<\/li>\n<li>Ch\u1ea5t ph\u1ea5n m\u1ecbn, b\u00e1m ch\u1eb7t da: Ch\u1ea5t ph\u1ea5n m\u1ec1m m\u1ecbn, d\u1ec5 t\u00e1n, l\u00ean m\u00e0u chu\u1ea9n, kh\u00f4ng d\u1ec5 bay ph\u1ea5n<\/li>\n<li>Hi\u1ec7u \u1ee9ng che ph\u1ee7 t\u1ed1t gi\u1eef l\u1edbp trang \u0111i\u1ec3m ho\u00e0n h\u1ea3o, gi\u00fap v\u00f9ng m\u1eaft, c\u00e1c khuy\u1ebft \u0111i\u1ec3m tr\u1edf n\u00ean m\u1ecbn m\u1edd, \u0111\u1ec1u m\u00e0u t\u1ef1 nhi\u00ean<\/li>\n<li>B\u1ea3ng m\u00e0u v\u1edbi nhi\u1ec1u k\u1ebft c\u1ea5u kh\u00e1c nhau nh\u01b0 m\u1ecbn l\u00ec, nh\u0169 l\u1ea5p l\u00e1nh gi\u00fap gi\u00fap b\u1ea1n d\u1ec5 d\u00e0ng t\u1ea1o l\u1edbp trang \u0111i\u1ec3m lung linh, tinh t\u1ebf.<\/li>\n<\/ul>\n<p><img decoding=\"async\" src=\"https:\/\/cdn.hstatic.net\/files\/1000006063\/file\/2_1b46fe71a2cc469fbef9ffb5ff6b7889.jpg\" alt=\"B\u1ea3ng Ph\u1ea5n M\u1eaft Colorkey 7 \u00d4 M\u00e0u \u0110a N\u0103ng Embrace Nature Seven-Shade Makeup Palette\" \/><\/p>\n<p><img decoding=\"async\" src=\"https:\/\/cdn.hstatic.net\/files\/1000006063\/file\/3_f4e9cd6fdb4e4d8fb769ca545655be52.jpg\" alt=\"B\u1ea3ng Ph\u1ea5n M\u1eaft Colorkey 7 \u00d4 M\u00e0u \u0110a N\u0103ng Embrace Nature Seven-Shade Makeup Palette\" \/><\/p>\n<p><img decoding=\"async\" src=\"https:\/\/cdn.hstatic.net\/files\/1000006063\/file\/4_1075cedbf4e14e898ea45f3a94c8491c.jpg\" alt=\"B\u1ea3ng Ph\u1ea5n M\u1eaft Colorkey 7 \u00d4 M\u00e0u \u0110a N\u0103ng Embrace Nature Seven-Shade Makeup Palette\" \/><\/p>\n<p><img decoding=\"async\" src=\"https:\/\/cdn.hstatic.net\/files\/1000006063\/file\/5_398ec12cb1b94fba8a84fd55dfb130f5.jpg\" alt=\"B\u1ea3ng Ph\u1ea5n M\u1eaft Colorkey 7 \u00d4 M\u00e0u \u0110a N\u0103ng Embrace Nature Seven-Shade Makeup Palette\" \/><\/p>\n<p><img decoding=\"async\" src=\"https:\/\/cdn.hstatic.net\/files\/1000006063\/file\/6_3a8013b53e6e490e9ca73e5f61fa0c84.jpg\" alt=\"B\u1ea3ng Ph\u1ea5n M\u1eaft Colorkey 7 \u00d4 M\u00e0u \u0110a N\u0103ng Embrace Nature Seven-Shade Makeup Palette\" \/><\/p>\n<p><img decoding=\"async\" src=\"https:\/\/cdn.hstatic.net\/files\/1000006063\/file\/7_a7d0ad48ff9d473bb8e0fba14e8f4d63.jpg\" alt=\"B\u1ea3ng Ph\u1ea5n M\u1eaft Colorkey 7 \u00d4 M\u00e0u \u0110a N\u0103ng Embrace Nature Seven-Shade Makeup Palette\" \/><\/p>\n<p><img decoding=\"async\" src=\"https:\/\/cdn.hstatic.net\/files\/1000006063\/file\/8_01cdbeb5fc754414938dac1885b460ab.jpg\" alt=\"B\u1ea3ng Ph\u1ea5n M\u1eaft Colorkey 7 \u00d4 M\u00e0u \u0110a N\u0103ng Embrace Nature Seven-Shade Makeup Palette\" \/><\/p>\n<p><img decoding=\"async\" src=\"https:\/\/cdn.hstatic.net\/files\/1000006063\/file\/9_53c03cd0efda450595ce2943d1c44b71.jpg\" alt=\"B\u1ea3ng Ph\u1ea5n M\u1eaft Colorkey 7 \u00d4 M\u00e0u \u0110a N\u0103ng Embrace Nature Seven-Shade Makeup Palette\" \/><\/p>\n<p><strong>4. C\u00e1ch b\u1ea3o qu\u1ea3n<\/strong><\/p>\n<ul>\n<li>Tr\u00e1nh \u00e1nh n\u1eafng tr\u1ef1c ti\u1ebfp.<\/li>\n<li>\u0110\u1ec3 n\u01a1i kh\u00f4 r\u00e1o, tho\u00e1ng m\u00e1t.<\/li>\n<li>\u0110\u1eady n\u1eafp k\u00edn sau khi s\u1eed d\u1ee5ng.<\/li>\n<\/ul>\n<h2><strong>5. L\u01b0u \u00fd khi s\u1eed d\u1ee5ng<\/strong><\/h2>\n<p>***M\u00e0u s\u1eafc c\u00f3 th\u1ec3 kh\u00e1c nhau t\u00f9y thu\u1ed9c v\u00e0o \u00e1nh s\u00e1ng, \u0111\u1ed9 ph\u00e2n gi\u1ea3i m\u00e0n h\u00ecnh v\u00e0 s\u1eafc t\u1ed1 da.<\/p>\n<p><img decoding=\"async\" src=\"https:\/\/cdn.hstatic.net\/files\/1000006063\/file\/h_n_s__d_ng_56b007b0380e4ac3878c5f7120f1a998.jpg\" alt=\"B\u1ea3ng Ph\u1ea5n M\u1eaft Colorkey 7 \u00d4 M\u00e0u \u0110a N\u0103ng Embrace Nature Seven-Shade Makeup Palette\" \/><\/p>\n<\/div>\n<\/div>\n","protected":false},"excerpt":{"rendered":"<p>Chi ti\u1ebft s\u1ea3n ph\u1ea9m T\u00ean s\u1ea3n ph\u1ea9m:\u00a0B\u1ea3ng Ph\u1ea5n M\u1eaft\u00a07 \u00d4 M\u00e0u Colorkey Embrace Nature Seven-Shade Makeup Palette Dung t\u00edch:\u00a0M\u00e0u 01: 15g; m\u00e0u 02: 14.6g Th\u01b0\u01a1ng hi\u1ec7u:\u00a0Colorkey\u00a0(Trung Qu\u1ed1c) H\u1ea1n s\u1eed d\u1ee5ng:\u00a03 n\u0103m k\u1ec3 t\u1eeb ng\u00e0y s\u1ea3n xu\u1ea5t\/NSX xem tr\u00ean bao b\u00ec. 1. Th\u00f4ng tin s\u1ea3n ph\u1ea9m B\u1ea3ng Ph\u1ea5n Trang \u0110i\u1ec3m \u0110a N\u0103ng 7 \u00d4 M\u00e0u Colorkey [&#8230;]\n","protected":false},"featured_media":877,"comment_status":"open","ping_status":"closed","template":"","meta":[],"product_brand":[32],"product_cat":[69],"product_tag":[],"class_list":{"0":"post-873","1":"product","2":"type-product","3":"status-publish","4":"has-post-thumbnail","6":"product_brand-colorkey","7":"product_cat-trang-diem","9":"first","10":"instock","11":"sale","12":"shipping-taxable","13":"purchasable","14":"product-type-variable"},"yoast_head":"<!-- This site is optimized with the Yoast SEO plugin v27.1.1 - https:\/\/yoast.com\/product\/yoast-seo-wordpress\/ -->\n<title>B\u1ea3ng Ph\u1ea5n M\u1eaft Colorkey 7 \u00d4 M\u00e0u \u0110a N\u0103ng Embrace Nature Seven-Shade Makeup Palette - myphamphake<\/title>\n<meta name=\"robots\" content=\"index, follow, max-snippet:-1, max-image-preview:large, max-video-preview:-1\" \/>\n<link rel=\"canonical\" href=\"https:\/\/myphamphake.azdigi.shop\/index.php\/product\/bang-phan-mat-colorkey-7-o-mau-da-nang-embrace-nature-seven-shade-makeup-palette\/\" \/>\n<meta property=\"og:locale\" content=\"vi_VN\" \/>\n<meta property=\"og:type\" content=\"article\" \/>\n<meta property=\"og:title\" content=\"B\u1ea3ng Ph\u1ea5n M\u1eaft Colorkey 7 \u00d4 M\u00e0u \u0110a N\u0103ng Embrace Nature Seven-Shade Makeup Palette - myphamphake\" \/>\n<meta property=\"og:description\" content=\"Chi ti\u1ebft s\u1ea3n ph\u1ea9m T\u00ean s\u1ea3n ph\u1ea9m:\u00a0B\u1ea3ng Ph\u1ea5n M\u1eaft\u00a07 \u00d4 M\u00e0u Colorkey Embrace Nature Seven-Shade Makeup Palette Dung t\u00edch:\u00a0M\u00e0u 01: 15g; m\u00e0u 02: 14.6g Th\u01b0\u01a1ng hi\u1ec7u:\u00a0Colorkey\u00a0(Trung Qu\u1ed1c) H\u1ea1n s\u1eed d\u1ee5ng:\u00a03 n\u0103m k\u1ec3 t\u1eeb ng\u00e0y s\u1ea3n xu\u1ea5t\/NSX xem tr\u00ean bao b\u00ec. 1. Th\u00f4ng tin s\u1ea3n ph\u1ea9m B\u1ea3ng Ph\u1ea5n Trang \u0110i\u1ec3m \u0110a N\u0103ng 7 \u00d4 M\u00e0u Colorkey [...]\" \/>\n<meta property=\"og:url\" content=\"https:\/\/myphamphake.azdigi.shop\/index.php\/product\/bang-phan-mat-colorkey-7-o-mau-da-nang-embrace-nature-seven-shade-makeup-palette\/\" \/>\n<meta property=\"og:site_name\" content=\"myphamphake\" \/>\n<meta property=\"article:modified_time\" content=\"2026-04-17T14:08:59+00:00\" \/>\n<meta property=\"og:image\" content=\"https:\/\/myphamphake.azdigi.shop\/wp-content\/uploads\/2026\/04\/colobangmat.jpg\" \/>\n\t<meta property=\"og:image:width\" content=\"800\" \/>\n\t<meta property=\"og:image:height\" content=\"800\" \/>\n\t<meta property=\"og:image:type\" content=\"image\/jpeg\" \/>\n<meta name=\"twitter:card\" content=\"summary_large_image\" \/>\n<meta name=\"twitter:label1\" content=\"\u01af\u1edbc t\u00ednh th\u1eddi gian \u0111\u1ecdc\" \/>\n\t<meta name=\"twitter:data1\" content=\"5 ph\u00fat\" \/>\n<script type=\"application\/ld+json\" class=\"yoast-schema-graph\">{\"@context\":\"https:\/\/schema.org\",\"@graph\":[{\"@type\":\"WebPage\",\"@id\":\"https:\/\/myphamphake.azdigi.shop\/index.php\/product\/bang-phan-mat-colorkey-7-o-mau-da-nang-embrace-nature-seven-shade-makeup-palette\/\",\"url\":\"https:\/\/myphamphake.azdigi.shop\/index.php\/product\/bang-phan-mat-colorkey-7-o-mau-da-nang-embrace-nature-seven-shade-makeup-palette\/\",\"name\":\"B\u1ea3ng Ph\u1ea5n M\u1eaft Colorkey 7 \u00d4 M\u00e0u \u0110a N\u0103ng Embrace Nature Seven-Shade Makeup Palette - myphamphake\",\"isPartOf\":{\"@id\":\"https:\/\/myphamphake.azdigi.shop\/#website\"},\"primaryImageOfPage\":{\"@id\":\"https:\/\/myphamphake.azdigi.shop\/index.php\/product\/bang-phan-mat-colorkey-7-o-mau-da-nang-embrace-nature-seven-shade-makeup-palette\/#primaryimage\"},\"image\":{\"@id\":\"https:\/\/myphamphake.azdigi.shop\/index.php\/product\/bang-phan-mat-colorkey-7-o-mau-da-nang-embrace-nature-seven-shade-makeup-palette\/#primaryimage\"},\"thumbnailUrl\":\"https:\/\/myphamphake.azdigi.shop\/wp-content\/uploads\/2026\/04\/colobangmat.jpg\",\"datePublished\":\"2026-04-17T14:00:25+00:00\",\"dateModified\":\"2026-04-17T14:08:59+00:00\",\"breadcrumb\":{\"@id\":\"https:\/\/myphamphake.azdigi.shop\/index.php\/product\/bang-phan-mat-colorkey-7-o-mau-da-nang-embrace-nature-seven-shade-makeup-palette\/#breadcrumb\"},\"inLanguage\":\"vi\",\"potentialAction\":[{\"@type\":\"ReadAction\",\"target\":[\"https:\/\/myphamphake.azdigi.shop\/index.php\/product\/bang-phan-mat-colorkey-7-o-mau-da-nang-embrace-nature-seven-shade-makeup-palette\/\"]}]},{\"@type\":\"ImageObject\",\"inLanguage\":\"vi\",\"@id\":\"https:\/\/myphamphake.azdigi.shop\/index.php\/product\/bang-phan-mat-colorkey-7-o-mau-da-nang-embrace-nature-seven-shade-makeup-palette\/#primaryimage\",\"url\":\"https:\/\/myphamphake.azdigi.shop\/wp-content\/uploads\/2026\/04\/colobangmat.jpg\",\"contentUrl\":\"https:\/\/myphamphake.azdigi.shop\/wp-content\/uploads\/2026\/04\/colobangmat.jpg\",\"width\":800,\"height\":800},{\"@type\":\"BreadcrumbList\",\"@id\":\"https:\/\/myphamphake.azdigi.shop\/index.php\/product\/bang-phan-mat-colorkey-7-o-mau-da-nang-embrace-nature-seven-shade-makeup-palette\/#breadcrumb\",\"itemListElement\":[{\"@type\":\"ListItem\",\"position\":1,\"name\":\"Home\",\"item\":\"https:\/\/myphamphake.azdigi.shop\/\"},{\"@type\":\"ListItem\",\"position\":2,\"name\":\"Shop\",\"item\":\"https:\/\/myphamphake.azdigi.shop\/index.php\/shop\/\"},{\"@type\":\"ListItem\",\"position\":3,\"name\":\"B\u1ea3ng Ph\u1ea5n M\u1eaft Colorkey 7 \u00d4 M\u00e0u \u0110a N\u0103ng Embrace Nature Seven-Shade Makeup Palette\"}]},{\"@type\":\"WebSite\",\"@id\":\"https:\/\/myphamphake.azdigi.shop\/#website\",\"url\":\"https:\/\/myphamphake.azdigi.shop\/\",\"name\":\"myphamphake\",\"description\":\"\",\"potentialAction\":[{\"@type\":\"SearchAction\",\"target\":{\"@type\":\"EntryPoint\",\"urlTemplate\":\"https:\/\/myphamphake.azdigi.shop\/?s={search_term_string}\"},\"query-input\":{\"@type\":\"PropertyValueSpecification\",\"valueRequired\":true,\"valueName\":\"search_term_string\"}}],\"inLanguage\":\"vi\"}]}<\/script>\n<!-- \/ Yoast SEO plugin. -->","yoast_head_json":{"title":"B\u1ea3ng Ph\u1ea5n M\u1eaft Colorkey 7 \u00d4 M\u00e0u \u0110a N\u0103ng Embrace Nature Seven-Shade Makeup Palette - myphamphake","robots":{"index":"index","follow":"follow","max-snippet":"max-snippet:-1","max-image-preview":"max-image-preview:large","max-video-preview":"max-video-preview:-1"},"canonical":"https:\/\/myphamphake.azdigi.shop\/index.php\/product\/bang-phan-mat-colorkey-7-o-mau-da-nang-embrace-nature-seven-shade-makeup-palette\/","og_locale":"vi_VN","og_type":"article","og_title":"B\u1ea3ng Ph\u1ea5n M\u1eaft Colorkey 7 \u00d4 M\u00e0u \u0110a N\u0103ng Embrace Nature Seven-Shade Makeup Palette - myphamphake","og_description":"Chi ti\u1ebft s\u1ea3n ph\u1ea9m T\u00ean s\u1ea3n ph\u1ea9m:\u00a0B\u1ea3ng Ph\u1ea5n M\u1eaft\u00a07 \u00d4 M\u00e0u Colorkey Embrace Nature Seven-Shade Makeup Palette Dung t\u00edch:\u00a0M\u00e0u 01: 15g; m\u00e0u 02: 14.6g Th\u01b0\u01a1ng hi\u1ec7u:\u00a0Colorkey\u00a0(Trung Qu\u1ed1c) H\u1ea1n s\u1eed d\u1ee5ng:\u00a03 n\u0103m k\u1ec3 t\u1eeb ng\u00e0y s\u1ea3n xu\u1ea5t\/NSX xem tr\u00ean bao b\u00ec. 1. Th\u00f4ng tin s\u1ea3n ph\u1ea9m B\u1ea3ng Ph\u1ea5n Trang \u0110i\u1ec3m \u0110a N\u0103ng 7 \u00d4 M\u00e0u Colorkey [...]","og_url":"https:\/\/myphamphake.azdigi.shop\/index.php\/product\/bang-phan-mat-colorkey-7-o-mau-da-nang-embrace-nature-seven-shade-makeup-palette\/","og_site_name":"myphamphake","article_modified_time":"2026-04-17T14:08:59+00:00","og_image":[{"width":800,"height":800,"url":"https:\/\/myphamphake.azdigi.shop\/wp-content\/uploads\/2026\/04\/colobangmat.jpg","type":"image\/jpeg"}],"twitter_card":"summary_large_image","twitter_misc":{"\u01af\u1edbc t\u00ednh th\u1eddi gian \u0111\u1ecdc":"5 ph\u00fat"},"schema":{"@context":"https:\/\/schema.org","@graph":[{"@type":"WebPage","@id":"https:\/\/myphamphake.azdigi.shop\/index.php\/product\/bang-phan-mat-colorkey-7-o-mau-da-nang-embrace-nature-seven-shade-makeup-palette\/","url":"https:\/\/myphamphake.azdigi.shop\/index.php\/product\/bang-phan-mat-colorkey-7-o-mau-da-nang-embrace-nature-seven-shade-makeup-palette\/","name":"B\u1ea3ng Ph\u1ea5n M\u1eaft Colorkey 7 \u00d4 M\u00e0u \u0110a N\u0103ng Embrace Nature Seven-Shade Makeup Palette - myphamphake","isPartOf":{"@id":"https:\/\/myphamphake.azdigi.shop\/#website"},"primaryImageOfPage":{"@id":"https:\/\/myphamphake.azdigi.shop\/index.php\/product\/bang-phan-mat-colorkey-7-o-mau-da-nang-embrace-nature-seven-shade-makeup-palette\/#primaryimage"},"image":{"@id":"https:\/\/myphamphake.azdigi.shop\/index.php\/product\/bang-phan-mat-colorkey-7-o-mau-da-nang-embrace-nature-seven-shade-makeup-palette\/#primaryimage"},"thumbnailUrl":"https:\/\/myphamphake.azdigi.shop\/wp-content\/uploads\/2026\/04\/colobangmat.jpg","datePublished":"2026-04-17T14:00:25+00:00","dateModified":"2026-04-17T14:08:59+00:00","breadcrumb":{"@id":"https:\/\/myphamphake.azdigi.shop\/index.php\/product\/bang-phan-mat-colorkey-7-o-mau-da-nang-embrace-nature-seven-shade-makeup-palette\/#breadcrumb"},"inLanguage":"vi","potentialAction":[{"@type":"ReadAction","target":["https:\/\/myphamphake.azdigi.shop\/index.php\/product\/bang-phan-mat-colorkey-7-o-mau-da-nang-embrace-nature-seven-shade-makeup-palette\/"]}]},{"@type":"ImageObject","inLanguage":"vi","@id":"https:\/\/myphamphake.azdigi.shop\/index.php\/product\/bang-phan-mat-colorkey-7-o-mau-da-nang-embrace-nature-seven-shade-makeup-palette\/#primaryimage","url":"https:\/\/myphamphake.azdigi.shop\/wp-content\/uploads\/2026\/04\/colobangmat.jpg","contentUrl":"https:\/\/myphamphake.azdigi.shop\/wp-content\/uploads\/2026\/04\/colobangmat.jpg","width":800,"height":800},{"@type":"BreadcrumbList","@id":"https:\/\/myphamphake.azdigi.shop\/index.php\/product\/bang-phan-mat-colorkey-7-o-mau-da-nang-embrace-nature-seven-shade-makeup-palette\/#breadcrumb","itemListElement":[{"@type":"ListItem","position":1,"name":"Home","item":"https:\/\/myphamphake.azdigi.shop\/"},{"@type":"ListItem","position":2,"name":"Shop","item":"https:\/\/myphamphake.azdigi.shop\/index.php\/shop\/"},{"@type":"ListItem","position":3,"name":"B\u1ea3ng Ph\u1ea5n M\u1eaft Colorkey 7 \u00d4 M\u00e0u \u0110a N\u0103ng Embrace Nature Seven-Shade Makeup Palette"}]},{"@type":"WebSite","@id":"https:\/\/myphamphake.azdigi.shop\/#website","url":"https:\/\/myphamphake.azdigi.shop\/","name":"myphamphake","description":"","potentialAction":[{"@type":"SearchAction","target":{"@type":"EntryPoint","urlTemplate":"https:\/\/myphamphake.azdigi.shop\/?s={search_term_string}"},"query-input":{"@type":"PropertyValueSpecification","valueRequired":true,"valueName":"search_term_string"}}],"inLanguage":"vi"}]}},"_links":{"self":[{"href":"https:\/\/myphamphake.azdigi.shop\/index.php\/wp-json\/wp\/v2\/product\/873","targetHints":{"allow":["GET"]}}],"collection":[{"href":"https:\/\/myphamphake.azdigi.shop\/index.php\/wp-json\/wp\/v2\/product"}],"about":[{"href":"https:\/\/myphamphake.azdigi.shop\/index.php\/wp-json\/wp\/v2\/types\/product"}],"replies":[{"embeddable":true,"href":"https:\/\/myphamphake.azdigi.shop\/index.php\/wp-json\/wp\/v2\/comments?post=873"}],"wp:featuredmedia":[{"embeddable":true,"href":"https:\/\/myphamphake.azdigi.shop\/index.php\/wp-json\/wp\/v2\/media\/877"}],"wp:attachment":[{"href":"https:\/\/myphamphake.azdigi.shop\/index.php\/wp-json\/wp\/v2\/media?parent=873"}],"wp:term":[{"taxonomy":"product_brand","embeddable":true,"href":"https:\/\/myphamphake.azdigi.shop\/index.php\/wp-json\/wp\/v2\/product_brand?post=873"},{"taxonomy":"product_cat","embeddable":true,"href":"https:\/\/myphamphake.azdigi.shop\/index.php\/wp-json\/wp\/v2\/product_cat?post=873"},{"taxonomy":"product_tag","embeddable":true,"href":"https:\/\/myphamphake.azdigi.shop\/index.php\/wp-json\/wp\/v2\/product_tag?post=873"}],"curies":[{"name":"wp","href":"https:\/\/api.w.org\/{rel}","templated":true}]}}